{"id":6128,"date":"2021-09-16T20:00:05","date_gmt":"2021-09-17T00:00:05","guid":{"rendered":"https:\/\/shaolinwuji.com\/tai-chi-chi-kung-meditation-cuba-2023-magog-sherbrooke-orford\/"},"modified":"2026-02-16T12:06:21","modified_gmt":"2026-02-16T17:06:21","slug":"e5-a4-aa-e6-9e-81-e6-b0-94-e5-8a-9f-e5-8f-a4-e5-b7-b4","status":"publish","type":"page","link":"https:\/\/shaolinwuji.com\/zh-hans\/e5-a4-aa-e6-9e-81-e6-b0-94-e5-8a-9f-e5-8f-a4-e5-b7-b4\/","title":{"rendered":"\u592a\u6781\u6c14\u529f\u53e4\u5df4\u6d77\u6ee9\u57f9\u8bad\u73ed"},"content":{"rendered":"<div class=\"wpb-content-wrapper\"><p>[vc_row][vc_column][vc_column_text css=&#8221;&#8221;]<\/p>\n<h1 style=\"text-align: center;\"><span style=\"color: #00ccff;\">\u592a\u6781\u6c14\u529f\u53e4\u5df4\u6d77\u6ee9\u57f9\u8bad\u73ed<\/span><\/h1>\n<h1 style=\"text-align: center;\"><span style=\"color: #00ccff;\">2026 \u5e74 04 \u6708<\/span><\/h1>\n<h1 style=\"text-align: center;\"><span style=\"color: #00ccff;\">6 \u5230 13\u53f7 <\/span><\/h1>\n<blockquote>\n<div dir=\"ltr\">\n<div dir=\"ltr\">\n<div class=\"gmail_quote\">\n<div>\n<div>\n<table width=\"100%\">\n<tbody>\n<tr>\n<td align=\"center\">\n<div>\n<table width=\"100%\" align=\"center\">\n<tbody>\n<tr>\n<td>\n<table width=\"100%\">\n<tbody>\n<tr>\n<td width=\"67%\">\n<h1 style=\"text-align: center;\">Royal Decameron Salinitas<\/h1>\n<h3 style=\"text-align: center;\"><img decoding=\"async\" class=\"CToWUd\" src=\"https:\/\/ci3.googleusercontent.com\/meips\/ADKq_NZjJJrOM-2rl7Kb5UY_Zq8FnqdPjCDiseAo05WTMU-N-4hY6k4kyBoCKg23vSts8zHHuVyCZf-1GEVpL4rpSfRs2Srr2pqFf7kCvX51UyREVf13PMf9sI-dq-0MRQzE0sK3tQPxPoyOH6xL0XJF=s0-d-e1-ft#https:\/\/staticcontent.transat.com\/wcm\/media\/TSCA\/skin\/img\/quoteEmail\/icons\/stars-4.0.png\" alt=\"4 \u00e9toiles\" height=\"15\" data-bit=\"iit\"><\/h3>\n<h3 style=\"text-align: center;\">L\u2019h\u00f4tel tout inclus Royal Decameron Salinitas est situ\u00e9 sur la <strong>c\u00f4te Pacifique du Salvador, dans la r\u00e9gion de Sonsonate.<\/strong> Nich\u00e9 dans de spectaculaires jardins tropicaux, ce magnifique complexe inspir\u00e9 par l\u2019architecture maya.<\/h3>\n<\/td>\n<\/tr>\n<\/tbody>\n<\/table>\n<\/td>\n<\/tr>\n<\/tbody>\n<\/table>\n<\/div>\n<\/td>\n<\/tr>\n<\/tbody>\n<\/table>\n<p><img loading=\"lazy\" decoding=\"async\" class=\"aligncenter size-large wp-image-8000\" src=\"https:\/\/shaolinwuji.com\/wp-content\/uploads\/2026\/02\/ANGLAIS-1-SAN-SALVADOR-884x1024.jpg\" alt=\"\" width=\"884\" height=\"1024\" srcset=\"https:\/\/shaolinwuji.com\/wp-content\/uploads\/2026\/02\/ANGLAIS-1-SAN-SALVADOR-884x1024.jpg 884w, https:\/\/shaolinwuji.com\/wp-content\/uploads\/2026\/02\/ANGLAIS-1-SAN-SALVADOR-259x300.jpg 259w, https:\/\/shaolinwuji.com\/wp-content\/uploads\/2026\/02\/ANGLAIS-1-SAN-SALVADOR-768x890.jpg 768w, https:\/\/shaolinwuji.com\/wp-content\/uploads\/2026\/02\/ANGLAIS-1-SAN-SALVADOR-1325x1536.jpg 1325w, https:\/\/shaolinwuji.com\/wp-content\/uploads\/2026\/02\/ANGLAIS-1-SAN-SALVADOR.jpg 1467w\" sizes=\"auto, (max-width: 884px) 100vw, 884px\" \/><\/p>\n<p><img loading=\"lazy\" decoding=\"async\" class=\"aligncenter size-large wp-image-8005\" src=\"https:\/\/shaolinwuji.com\/wp-content\/uploads\/2026\/02\/ANGLAIS-2-SANS-SALVADOR-884x1024.jpg\" alt=\"\" width=\"884\" height=\"1024\" srcset=\"https:\/\/shaolinwuji.com\/wp-content\/uploads\/2026\/02\/ANGLAIS-2-SANS-SALVADOR-884x1024.jpg 884w, https:\/\/shaolinwuji.com\/wp-content\/uploads\/2026\/02\/ANGLAIS-2-SANS-SALVADOR-259x300.jpg 259w, https:\/\/shaolinwuji.com\/wp-content\/uploads\/2026\/02\/ANGLAIS-2-SANS-SALVADOR-768x890.jpg 768w, https:\/\/shaolinwuji.com\/wp-content\/uploads\/2026\/02\/ANGLAIS-2-SANS-SALVADOR-1325x1536.jpg 1325w, https:\/\/shaolinwuji.com\/wp-content\/uploads\/2026\/02\/ANGLAIS-2-SANS-SALVADOR.jpg 1467w\" sizes=\"auto, (max-width: 884px) 100vw, 884px\" \/><\/p>\n<\/div>\n<\/div>\n<\/div>\n<\/div>\n<\/div>\n<\/blockquote>\n<p>[\/vc_column_text][vc_message css=&#8221;.vc_custom_1688480345080{background-color: #ffffff !important;background-position: center !important;background-repeat: no-repeat !important;background-size: contain !important;}&#8221;]<\/p>\n<h3 style=\"text-align: center;\">\u54b8\u7a7a\u6c14\u3001\u6d77\u6d0b\u3001\u9633\u5149\u7684\u795e\u5723\u6cbb\u6108\u529f\u6548\u3002<\/h3>\n<h3 style=\"text-align: center;\">\u5728\u53cd\u7701\u3001\u514b\u670d\u548c\u4e0e\u81ea\u5df1\u76f8\u9047\u7684\u80cc\u666f\u4e0b\u3002<\/h3>\n<h3 style=\"text-align: center;\">\u8d85\u8d8a\u5e38\u89c4\u8303\u5f0f\uff0c\u624d\u80fd\u8d85\u8d8a<\/h3>\n<h3 style=\"text-align: center;\">\u6211\u4eec\u7684\u6a21\u5f0f\u3001\u5c40\u9650\u6027\u3002<\/h3>\n<h3 style=\"text-align: center;\">\u901a\u8fc7\u4f20\u7edf\u5185\u5bb6\u529f\u7684\u7ec3\u4e60\uff0c\u8f6c\u53d8\u4e3a\u66f4\u65b0\u7684\u3001\u6700\u597d\u7684\u81ea\u5df1\u3002<\/h3>\n<h3 style=\"text-align: center;\">\u4f20\u7edf\u5185\u5bb6\u529f\u4f3c\u4e4e\u4e0e\u6539\u5584\u5fc3\u7406\u5065\u5eb7\u6709\u5173\uff0c\u5305\u62ec\u51cf\u5c11\u538b\u529b\u3001\u7126\u8651\u3001\u6291\u90c1\u548c\u60c5\u7eea\u969c\u788d\uff0c\u4ee5\u53ca\u589e\u5f3a\u81ea\u5c0a\u3002<\/h3>\n<h3 style=\"text-align: center;\"><\/h3>\n<h3 style=\"text-align: center;\">\u6559\u5b66\u57fa\u4e8e\u5e76\u9002\u5e94\u4ece\u4e1a\u8005\u7684\u5065\u5eb7\u6c34\u5e73\u3002<\/h3>\n<p>[\/vc_message][\/vc_column][\/vc_row]<\/p>\n<\/div>","protected":false},"excerpt":{"rendered":"<p>[vc_row][vc_column][vc_column_text css=&#8221;&#8221;] &hellip;<\/p>\n","protected":false},"author":3,"featured_media":0,"parent":0,"menu_order":400,"comment_status":"closed","ping_status":"closed","template":"","meta":{"footnotes":""},"class_list":["post-6128","page","type-page","status-publish","hentry","description-off"],"yoast_head":"<!-- This site is optimized with the Yoast SEO plugin v27.4 - https:\/\/yoast.com\/product\/yoast-seo-wordpress\/ -->\n<title>\u592a\u6781\u6c14\u529f\u53e4\u5df4\u6d77\u6ee9\u57f9\u8bad\u73ed - Shaolin Wuji<\/title>\n<meta name=\"description\" content=\"\u592a\u6781\u6c14\u529f\u53e4\u5df4\" \/>\n<meta name=\"robots\" content=\"index, follow, max-snippet:-1, max-image-preview:large, max-video-preview:-1\" \/>\n<link rel=\"canonical\" href=\"https:\/\/shaolinwuji.com\/zh-hans\/e5-a4-aa-e6-9e-81-e6-b0-94-e5-8a-9f-e5-8f-a4-e5-b7-b4\/\" \/>\n<meta property=\"og:locale\" content=\"zh_CN\" \/>\n<meta property=\"og:type\" content=\"article\" \/>\n<meta property=\"og:title\" content=\"\u592a\u6781\u6c14\u529f\u53e4\u5df4\u6d77\u6ee9\u57f9\u8bad\u73ed - Shaolin Wuji\" \/>\n<meta property=\"og:description\" content=\"\u592a\u6781\u6c14\u529f\u53e4\u5df4\" \/>\n<meta property=\"og:url\" content=\"https:\/\/shaolinwuji.com\/zh-hans\/e5-a4-aa-e6-9e-81-e6-b0-94-e5-8a-9f-e5-8f-a4-e5-b7-b4\/\" \/>\n<meta property=\"og:site_name\" content=\"Shaolin Wuji\" \/>\n<meta property=\"article:modified_time\" content=\"2026-02-16T17:06:21+00:00\" \/>\n<meta property=\"og:image\" content=\"https:\/\/ci3.googleusercontent.com\/meips\/ADKq_NZjJJrOM-2rl7Kb5UY_Zq8FnqdPjCDiseAo05WTMU-N-4hY6k4kyBoCKg23vSts8zHHuVyCZf-1GEVpL4rpSfRs2Srr2pqFf7kCvX51UyREVf13PMf9sI-dq-0MRQzE0sK3tQPxPoyOH6xL0XJF=s0-d-e1-ft#https:\/\/staticcontent.transat.com\/wcm\/media\/TSCA\/skin\/img\/quoteEmail\/icons\/stars-4.0.png\" \/>\n<meta name=\"twitter:card\" content=\"summary_large_image\" \/>\n<meta name=\"twitter:label1\" content=\"\u9884\u8ba1\u9605\u8bfb\u65f6\u95f4\" \/>\n\t<meta name=\"twitter:data1\" content=\"4 \u5206\" \/>\n<script type=\"application\/ld+json\" class=\"yoast-schema-graph\">{\"@context\":\"https:\\\/\\\/schema.org\",\"@graph\":[{\"@type\":\"WebPage\",\"@id\":\"https:\\\/\\\/shaolinwuji.com\\\/zh-hans\\\/e5-a4-aa-e6-9e-81-e6-b0-94-e5-8a-9f-e5-8f-a4-e5-b7-b4\\\/\",\"url\":\"https:\\\/\\\/shaolinwuji.com\\\/zh-hans\\\/e5-a4-aa-e6-9e-81-e6-b0-94-e5-8a-9f-e5-8f-a4-e5-b7-b4\\\/\",\"name\":\"\u592a\u6781\u6c14\u529f\u53e4\u5df4\u6d77\u6ee9\u57f9\u8bad\u73ed - Shaolin Wuji\",\"isPartOf\":{\"@id\":\"https:\\\/\\\/shaolinwuji.com\\\/zh-hans\\\/#website\"},\"primaryImageOfPage\":{\"@id\":\"https:\\\/\\\/shaolinwuji.com\\\/zh-hans\\\/e5-a4-aa-e6-9e-81-e6-b0-94-e5-8a-9f-e5-8f-a4-e5-b7-b4\\\/#primaryimage\"},\"image\":{\"@id\":\"https:\\\/\\\/shaolinwuji.com\\\/zh-hans\\\/e5-a4-aa-e6-9e-81-e6-b0-94-e5-8a-9f-e5-8f-a4-e5-b7-b4\\\/#primaryimage\"},\"thumbnailUrl\":\"https:\\\/\\\/ci3.googleusercontent.com\\\/meips\\\/ADKq_NZjJJrOM-2rl7Kb5UY_Zq8FnqdPjCDiseAo05WTMU-N-4hY6k4kyBoCKg23vSts8zHHuVyCZf-1GEVpL4rpSfRs2Srr2pqFf7kCvX51UyREVf13PMf9sI-dq-0MRQzE0sK3tQPxPoyOH6xL0XJF=s0-d-e1-ft#https:\\\/\\\/staticcontent.transat.com\\\/wcm\\\/media\\\/TSCA\\\/skin\\\/img\\\/quoteEmail\\\/icons\\\/stars-4.0.png\",\"datePublished\":\"2021-09-17T00:00:05+00:00\",\"dateModified\":\"2026-02-16T17:06:21+00:00\",\"description\":\"\u592a\u6781\u6c14\u529f\u53e4\u5df4\",\"breadcrumb\":{\"@id\":\"https:\\\/\\\/shaolinwuji.com\\\/zh-hans\\\/e5-a4-aa-e6-9e-81-e6-b0-94-e5-8a-9f-e5-8f-a4-e5-b7-b4\\\/#breadcrumb\"},\"inLanguage\":\"zh-Hans\",\"potentialAction\":[{\"@type\":\"ReadAction\",\"target\":[\"https:\\\/\\\/shaolinwuji.com\\\/zh-hans\\\/e5-a4-aa-e6-9e-81-e6-b0-94-e5-8a-9f-e5-8f-a4-e5-b7-b4\\\/\"]}]},{\"@type\":\"ImageObject\",\"inLanguage\":\"zh-Hans\",\"@id\":\"https:\\\/\\\/shaolinwuji.com\\\/zh-hans\\\/e5-a4-aa-e6-9e-81-e6-b0-94-e5-8a-9f-e5-8f-a4-e5-b7-b4\\\/#primaryimage\",\"url\":\"https:\\\/\\\/ci3.googleusercontent.com\\\/meips\\\/ADKq_NZjJJrOM-2rl7Kb5UY_Zq8FnqdPjCDiseAo05WTMU-N-4hY6k4kyBoCKg23vSts8zHHuVyCZf-1GEVpL4rpSfRs2Srr2pqFf7kCvX51UyREVf13PMf9sI-dq-0MRQzE0sK3tQPxPoyOH6xL0XJF=s0-d-e1-ft#https:\\\/\\\/staticcontent.transat.com\\\/wcm\\\/media\\\/TSCA\\\/skin\\\/img\\\/quoteEmail\\\/icons\\\/stars-4.0.png\",\"contentUrl\":\"https:\\\/\\\/ci3.googleusercontent.com\\\/meips\\\/ADKq_NZjJJrOM-2rl7Kb5UY_Zq8FnqdPjCDiseAo05WTMU-N-4hY6k4kyBoCKg23vSts8zHHuVyCZf-1GEVpL4rpSfRs2Srr2pqFf7kCvX51UyREVf13PMf9sI-dq-0MRQzE0sK3tQPxPoyOH6xL0XJF=s0-d-e1-ft#https:\\\/\\\/staticcontent.transat.com\\\/wcm\\\/media\\\/TSCA\\\/skin\\\/img\\\/quoteEmail\\\/icons\\\/stars-4.0.png\"},{\"@type\":\"BreadcrumbList\",\"@id\":\"https:\\\/\\\/shaolinwuji.com\\\/zh-hans\\\/e5-a4-aa-e6-9e-81-e6-b0-94-e5-8a-9f-e5-8f-a4-e5-b7-b4\\\/#breadcrumb\",\"itemListElement\":[{\"@type\":\"ListItem\",\"position\":1,\"name\":\"Meditation\",\"item\":\"https:\\\/\\\/shaolinwuji.com\\\/zh-hans\\\/\"},{\"@type\":\"ListItem\",\"position\":2,\"name\":\"\u592a\u6781\u6c14\u529f\u53e4\u5df4\u6d77\u6ee9\u57f9\u8bad\u73ed\"}]},{\"@type\":\"WebSite\",\"@id\":\"https:\\\/\\\/shaolinwuji.com\\\/zh-hans\\\/#website\",\"url\":\"https:\\\/\\\/shaolinwuji.com\\\/zh-hans\\\/\",\"name\":\"Shaolin Wuji\",\"description\":\"Staging Site\",\"publisher\":{\"@id\":\"https:\\\/\\\/shaolinwuji.com\\\/zh-hans\\\/#organization\"},\"potentialAction\":[{\"@type\":\"SearchAction\",\"target\":{\"@type\":\"EntryPoint\",\"urlTemplate\":\"https:\\\/\\\/shaolinwuji.com\\\/zh-hans\\\/?s={search_term_string}\"},\"query-input\":{\"@type\":\"PropertyValueSpecification\",\"valueRequired\":true,\"valueName\":\"search_term_string\"}}],\"inLanguage\":\"zh-Hans\"},{\"@type\":\"Organization\",\"@id\":\"https:\\\/\\\/shaolinwuji.com\\\/zh-hans\\\/#organization\",\"name\":\"Shaolin Wuji Center\",\"url\":\"https:\\\/\\\/shaolinwuji.com\\\/zh-hans\\\/\",\"logo\":{\"@type\":\"ImageObject\",\"inLanguage\":\"zh-Hans\",\"@id\":\"https:\\\/\\\/shaolinwuji.com\\\/zh-hans\\\/#\\\/schema\\\/logo\\\/image\\\/\",\"url\":\"https:\\\/\\\/shaolinwuji.com\\\/wp-content\\\/uploads\\\/2021\\\/12\\\/C253A8BF-EF93-43C6-BC96-F59A4A8CA2D6-2.jpeg\",\"contentUrl\":\"https:\\\/\\\/shaolinwuji.com\\\/wp-content\\\/uploads\\\/2021\\\/12\\\/C253A8BF-EF93-43C6-BC96-F59A4A8CA2D6-2.jpeg\",\"width\":355,\"height\":210,\"caption\":\"Shaolin Wuji Center\"},\"image\":{\"@id\":\"https:\\\/\\\/shaolinwuji.com\\\/zh-hans\\\/#\\\/schema\\\/logo\\\/image\\\/\"}}]}<\/script>\n<!-- \/ Yoast SEO plugin. -->","yoast_head_json":{"title":"\u592a\u6781\u6c14\u529f\u53e4\u5df4\u6d77\u6ee9\u57f9\u8bad\u73ed - Shaolin Wuji","description":"\u592a\u6781\u6c14\u529f\u53e4\u5df4","robots":{"index":"index","follow":"follow","max-snippet":"max-snippet:-1","max-image-preview":"max-image-preview:large","max-video-preview":"max-video-preview:-1"},"canonical":"https:\/\/shaolinwuji.com\/zh-hans\/e5-a4-aa-e6-9e-81-e6-b0-94-e5-8a-9f-e5-8f-a4-e5-b7-b4\/","og_locale":"zh_CN","og_type":"article","og_title":"\u592a\u6781\u6c14\u529f\u53e4\u5df4\u6d77\u6ee9\u57f9\u8bad\u73ed - Shaolin Wuji","og_description":"\u592a\u6781\u6c14\u529f\u53e4\u5df4","og_url":"https:\/\/shaolinwuji.com\/zh-hans\/e5-a4-aa-e6-9e-81-e6-b0-94-e5-8a-9f-e5-8f-a4-e5-b7-b4\/","og_site_name":"Shaolin Wuji","article_modified_time":"2026-02-16T17:06:21+00:00","og_image":[{"url":"https:\/\/ci3.googleusercontent.com\/meips\/ADKq_NZjJJrOM-2rl7Kb5UY_Zq8FnqdPjCDiseAo05WTMU-N-4hY6k4kyBoCKg23vSts8zHHuVyCZf-1GEVpL4rpSfRs2Srr2pqFf7kCvX51UyREVf13PMf9sI-dq-0MRQzE0sK3tQPxPoyOH6xL0XJF=s0-d-e1-ft#https:\/\/staticcontent.transat.com\/wcm\/media\/TSCA\/skin\/img\/quoteEmail\/icons\/stars-4.0.png","type":"","width":"","height":""}],"twitter_card":"summary_large_image","twitter_misc":{"\u9884\u8ba1\u9605\u8bfb\u65f6\u95f4":"4 \u5206"},"schema":{"@context":"https:\/\/schema.org","@graph":[{"@type":"WebPage","@id":"https:\/\/shaolinwuji.com\/zh-hans\/e5-a4-aa-e6-9e-81-e6-b0-94-e5-8a-9f-e5-8f-a4-e5-b7-b4\/","url":"https:\/\/shaolinwuji.com\/zh-hans\/e5-a4-aa-e6-9e-81-e6-b0-94-e5-8a-9f-e5-8f-a4-e5-b7-b4\/","name":"\u592a\u6781\u6c14\u529f\u53e4\u5df4\u6d77\u6ee9\u57f9\u8bad\u73ed - Shaolin Wuji","isPartOf":{"@id":"https:\/\/shaolinwuji.com\/zh-hans\/#website"},"primaryImageOfPage":{"@id":"https:\/\/shaolinwuji.com\/zh-hans\/e5-a4-aa-e6-9e-81-e6-b0-94-e5-8a-9f-e5-8f-a4-e5-b7-b4\/#primaryimage"},"image":{"@id":"https:\/\/shaolinwuji.com\/zh-hans\/e5-a4-aa-e6-9e-81-e6-b0-94-e5-8a-9f-e5-8f-a4-e5-b7-b4\/#primaryimage"},"thumbnailUrl":"https:\/\/ci3.googleusercontent.com\/meips\/ADKq_NZjJJrOM-2rl7Kb5UY_Zq8FnqdPjCDiseAo05WTMU-N-4hY6k4kyBoCKg23vSts8zHHuVyCZf-1GEVpL4rpSfRs2Srr2pqFf7kCvX51UyREVf13PMf9sI-dq-0MRQzE0sK3tQPxPoyOH6xL0XJF=s0-d-e1-ft#https:\/\/staticcontent.transat.com\/wcm\/media\/TSCA\/skin\/img\/quoteEmail\/icons\/stars-4.0.png","datePublished":"2021-09-17T00:00:05+00:00","dateModified":"2026-02-16T17:06:21+00:00","description":"\u592a\u6781\u6c14\u529f\u53e4\u5df4","breadcrumb":{"@id":"https:\/\/shaolinwuji.com\/zh-hans\/e5-a4-aa-e6-9e-81-e6-b0-94-e5-8a-9f-e5-8f-a4-e5-b7-b4\/#breadcrumb"},"inLanguage":"zh-Hans","potentialAction":[{"@type":"ReadAction","target":["https:\/\/shaolinwuji.com\/zh-hans\/e5-a4-aa-e6-9e-81-e6-b0-94-e5-8a-9f-e5-8f-a4-e5-b7-b4\/"]}]},{"@type":"ImageObject","inLanguage":"zh-Hans","@id":"https:\/\/shaolinwuji.com\/zh-hans\/e5-a4-aa-e6-9e-81-e6-b0-94-e5-8a-9f-e5-8f-a4-e5-b7-b4\/#primaryimage","url":"https:\/\/ci3.googleusercontent.com\/meips\/ADKq_NZjJJrOM-2rl7Kb5UY_Zq8FnqdPjCDiseAo05WTMU-N-4hY6k4kyBoCKg23vSts8zHHuVyCZf-1GEVpL4rpSfRs2Srr2pqFf7kCvX51UyREVf13PMf9sI-dq-0MRQzE0sK3tQPxPoyOH6xL0XJF=s0-d-e1-ft#https:\/\/staticcontent.transat.com\/wcm\/media\/TSCA\/skin\/img\/quoteEmail\/icons\/stars-4.0.png","contentUrl":"https:\/\/ci3.googleusercontent.com\/meips\/ADKq_NZjJJrOM-2rl7Kb5UY_Zq8FnqdPjCDiseAo05WTMU-N-4hY6k4kyBoCKg23vSts8zHHuVyCZf-1GEVpL4rpSfRs2Srr2pqFf7kCvX51UyREVf13PMf9sI-dq-0MRQzE0sK3tQPxPoyOH6xL0XJF=s0-d-e1-ft#https:\/\/staticcontent.transat.com\/wcm\/media\/TSCA\/skin\/img\/quoteEmail\/icons\/stars-4.0.png"},{"@type":"BreadcrumbList","@id":"https:\/\/shaolinwuji.com\/zh-hans\/e5-a4-aa-e6-9e-81-e6-b0-94-e5-8a-9f-e5-8f-a4-e5-b7-b4\/#breadcrumb","itemListElement":[{"@type":"ListItem","position":1,"name":"Meditation","item":"https:\/\/shaolinwuji.com\/zh-hans\/"},{"@type":"ListItem","position":2,"name":"\u592a\u6781\u6c14\u529f\u53e4\u5df4\u6d77\u6ee9\u57f9\u8bad\u73ed"}]},{"@type":"WebSite","@id":"https:\/\/shaolinwuji.com\/zh-hans\/#website","url":"https:\/\/shaolinwuji.com\/zh-hans\/","name":"Shaolin Wuji","description":"Staging Site","publisher":{"@id":"https:\/\/shaolinwuji.com\/zh-hans\/#organization"},"potentialAction":[{"@type":"SearchAction","target":{"@type":"EntryPoint","urlTemplate":"https:\/\/shaolinwuji.com\/zh-hans\/?s={search_term_string}"},"query-input":{"@type":"PropertyValueSpecification","valueRequired":true,"valueName":"search_term_string"}}],"inLanguage":"zh-Hans"},{"@type":"Organization","@id":"https:\/\/shaolinwuji.com\/zh-hans\/#organization","name":"Shaolin Wuji Center","url":"https:\/\/shaolinwuji.com\/zh-hans\/","logo":{"@type":"ImageObject","inLanguage":"zh-Hans","@id":"https:\/\/shaolinwuji.com\/zh-hans\/#\/schema\/logo\/image\/","url":"https:\/\/shaolinwuji.com\/wp-content\/uploads\/2021\/12\/C253A8BF-EF93-43C6-BC96-F59A4A8CA2D6-2.jpeg","contentUrl":"https:\/\/shaolinwuji.com\/wp-content\/uploads\/2021\/12\/C253A8BF-EF93-43C6-BC96-F59A4A8CA2D6-2.jpeg","width":355,"height":210,"caption":"Shaolin Wuji Center"},"image":{"@id":"https:\/\/shaolinwuji.com\/zh-hans\/#\/schema\/logo\/image\/"}}]}},"_links":{"self":[{"href":"https:\/\/shaolinwuji.com\/zh-hans\/wp-json\/wp\/v2\/pages\/6128","targetHints":{"allow":["GET"]}}],"collection":[{"href":"https:\/\/shaolinwuji.com\/zh-hans\/wp-json\/wp\/v2\/pages"}],"about":[{"href":"https:\/\/shaolinwuji.com\/zh-hans\/wp-json\/wp\/v2\/types\/page"}],"author":[{"embeddable":true,"href":"https:\/\/shaolinwuji.com\/zh-hans\/wp-json\/wp\/v2\/users\/3"}],"replies":[{"embeddable":true,"href":"https:\/\/shaolinwuji.com\/zh-hans\/wp-json\/wp\/v2\/comments?post=6128"}],"version-history":[{"count":39,"href":"https:\/\/shaolinwuji.com\/zh-hans\/wp-json\/wp\/v2\/pages\/6128\/revisions"}],"predecessor-version":[{"id":8012,"href":"https:\/\/shaolinwuji.com\/zh-hans\/wp-json\/wp\/v2\/pages\/6128\/revisions\/8012"}],"wp:attachment":[{"href":"https:\/\/shaolinwuji.com\/zh-hans\/wp-json\/wp\/v2\/media?parent=6128"}],"curies":[{"name":"wp","href":"https:\/\/api.w.org\/{rel}","templated":true}]}}