{"id":4995,"date":"2023-01-19T22:47:00","date_gmt":"2023-01-20T03:47:00","guid":{"rendered":"https:\/\/shaolinwuji.com\/?page_id=4995"},"modified":"2026-02-16T12:11:45","modified_gmt":"2026-02-16T17:11:45","slug":"seminaire-ocean-special-tai-chi-chi-kung-tai-ji-qi-gong","status":"publish","type":"page","link":"https:\/\/shaolinwuji.com\/fr\/seminaire-ocean-special-tai-chi-chi-kung-tai-ji-qi-gong\/","title":{"rendered":"S\u00e9minaire Oc\u00e9an Sp\u00e9cial"},"content":{"rendered":"<div class=\"wpb-content-wrapper\"><p>[vc_row][vc_column][vc_custom_heading text=\u00a0\u00bbPRIV\u00c9 \/ SEMI-PRIV\u00c9 \/ GROUPE PRIV\u00c9\u00a0\u00bb font_container=\u00a0\u00bbtag:h2|font_size:27|text_align:center|color:%23FFFFFF\u00a0\u00bb google_fonts=\u00a0\u00bbfont_family:Architects%20Daughter%3Aregular|font_style:400%20regular%3A400%3Anormal\u00a0\u00bb css=\u00a0\u00bb.vc_custom_1746376184302{background-color: #000000 !important;border-radius: 10px !important;}\u00a0\u00bb][vc_custom_heading text=\u00a0\u00bbOn individual reservation \/ 2026&Prime; font_container=\u00a0\u00bbtag:h2|font_size:36|text_align:center|color:%23FFFFFF\u00a0\u00bb css=\u00a0\u00bb.vc_custom_1771261855915{background-color: #000000 !important;border-radius: 10px !important;}\u00a0\u00bb][vc_column_text css=\u00a0\u00bb.vc_custom_1746374394864{background-color: #000000 !important;background-position: center !important;background-repeat: no-repeat !important;background-size: cover !important;border-radius: 30px !important;border-color: #7A7777 !important;}\u00a0\u00bb]<\/p>\n<h4><\/h4>\n<h4><\/h4>\n<p>&nbsp;<\/p>\n<h4 style=\"text-align: center;\"><span style=\"color: #ffffff;\"><strong>Vous explorez, vous \u00eates d\u00e9butant, interm\u00e9diaire ou avanc\u00e9s.<\/strong><\/span><\/h4>\n<h4 style=\"text-align: center;\"><span style=\"color: #ffffff;\">&#8212;<\/span><\/h4>\n<h4 style=\"text-align: center;\"><span style=\"color: #ffffff;\"><strong>Un s\u00e9minaire avec un groupe vous convient moins.<\/strong><\/span><\/h4>\n<h4 style=\"text-align: center;\"><span style=\"color: #ffffff;\">&#8212;<\/span><\/h4>\n<h4 style=\"text-align: center;\"><span style=\"color: #ffffff;\"><strong>Vous d\u00e9sirez perfectionner avec une plus grande attention.<\/strong><\/span><\/h4>\n<h4 style=\"text-align: center;\"><span style=\"color: #ffffff;\">&#8212;<\/span><\/h4>\n<h4 style=\"text-align: center;\"><span style=\"color: #ffffff;\"><strong>Vous d\u00e9sirez un support plus soutenu.<\/strong><\/span><\/h4>\n<p style=\"text-align: center;\"><span style=\"color: #ffffff;\">&#8212;<\/span><\/p>\n<h4 style=\"text-align: center;\"><span style=\"color: #ffffff;\"><strong>Vous d\u00e9sirez aller \u00e0 votre rythme et ne pas sentir la pression de suivre le groupe.<\/strong><\/span><\/h4>\n<h4 style=\"text-align: center;\"><span style=\"color: #ffffff;\">&#8212;<\/span><\/h4>\n<h4 style=\"text-align: center;\"><span style=\"color: #ffffff;\"><strong>Vous d\u00e9sirez \u00e9tudier en profondeur ou encore progresser avec une plus grande intensit\u00e9.<\/strong><\/span><\/h4>\n<h4 style=\"text-align: center;\"><\/h4>\n<h4 style=\"text-align: center;\"><\/h4>\n<p>&nbsp;<\/p>\n<h2 style=\"text-align: center;\"><span style=\"color: #ffffff;\"><strong>Ce s\u00e9minaire s\u2019adresse \u00e0 vous !<\/strong><\/span><\/h2>\n<p>&nbsp;<\/p>\n<h2 style=\"text-align: center;\"><\/h2>\n<p>[\/vc_column_text][\/vc_column][\/vc_row][vc_row full_width=\u00a0\u00bbstretch_row_content_no_spaces\u00a0\u00bb equal_height=\u00a0\u00bbyes\u00a0\u00bb content_placement=\u00a0\u00bbtop\u00a0\u00bb][vc_column css=\u00a0\u00bb.vc_custom_1571482000254{padding-top: 70px !important;padding-right: 50px !important;padding-bottom: 70px !important;padding-left: 50px !important;background-color: #2e2b36 !important;}\u00a0\u00bb offset=\u00a0\u00bbvc_col-lg-6 vc_col-md-6 vc_col-xs-12&Prime;]<div id=\"ultimate-heading-528969f242eb6b011\" class=\"uvc-heading ult-adjust-bottom-margin ultimate-heading-528969f242eb6b011 uvc-3596  uvc-heading-default-font-sizes\" data-hspacer=\"no_spacer\"  data-halign=\"left\" style=\"text-align:left\"><div class=\"uvc-heading-spacer no_spacer\" style=\"top\"><\/div><div class=\"uvc-sub-heading ult-responsive\"  data-ultimate-target='.uvc-heading.ultimate-heading-528969f242eb6b011 .uvc-sub-heading '  data-responsive-json-new='{\"font-size\":\"\",\"line-height\":\"\"}'  style=\"font-weight:normal;color:#ffffff;margin-bottom:30px;\"><\/p>\n<div id=\"ultimate-heading-872965142a44db713\" class=\"uvc-heading ult-adjust-bottom-margin ultimate-heading-872965142a44db713 uvc-8280 \" data-hspacer=\"no_spacer\" data-halign=\"left\">\n<h2 style=\"text-align: center;\"><span style=\"color: #ffffff;\">Centre Shaolin Wuji <\/span><\/h2>\n<h2 style=\"text-align: center;\"><span style=\"color: #ffffff;\">\u5c11\u6797\u65e0\u6781\u4e2d\u5fc3<\/span><\/h2>\n<div class=\"uvc-sub-heading ult-responsive\" style=\"text-align: center;\" data-ultimate-target=\".uvc-heading.ultimate-heading-872965142a44db713 .uvc-sub-heading \" data-responsive-json-new=\"{&quot;font-size&quot;:&quot;&quot;,&quot;line-height&quot;:&quot;&quot;}\">Le centre Shaolin Wuji est une organisation \u00e0 but non lucratif dont la mission est de transmettre les enseignements et les valeurs des arts martiaux traditionnels chinois en guidant les pratiquants \u00e0 \u00e9tablir leurs fondements de sant\u00e9, de bien-\u00eatre et de paix afin qu\u2019ils puissent jouer le r\u00f4le de catalyseur pour \u00e9lever leur facult\u00e9s physiques, \u00e9nerg\u00e9tiques et spirituelles.<\/div>\n<\/div>\n<div class=\"vc_row wpb_row vc_inner vc_row-fluid\">\n<div class=\"wpb_column vc_column_container vc_col-sm-6 vc_col-lg-6 vc_col-md-12 vc_col-xs-12\" style=\"text-align: left;\">\n<div class=\"vc_column-inner\">\n<div class=\"wpb_wrapper\">\n<p>&nbsp;<\/p><\/div>\n<\/div>\n<\/div>\n<div class=\"wpb_column vc_column_container vc_col-sm-6 vc_col-lg-6 vc_col-md-12 vc_col-xs-12\">\n<div class=\"vc_column-inner\">\n<div class=\"wpb_wrapper\">\n<div class=\"standard-arrow bullet-top\">\n<div class=\"wpb_column vc_column_container vc_col-sm-6 vc_col-lg-6 vc_col-md-12 vc_col-xs-12\" style=\"text-align: left;\">\n<div class=\"vc_column-inner\">\n<div class=\"wpb_wrapper\">\n<div class=\"standard-arrow bullet-top\">\n<p>&nbsp;<\/p><\/div>\n<\/div>\n<\/div>\n<\/div>\n<div class=\"wpb_column vc_column_container vc_col-sm-6 vc_col-lg-6 vc_col-md-12 vc_col-xs-12\">\n<div class=\"vc_column-inner\">\n<div class=\"wpb_wrapper\">\n<div class=\"standard-arrow bullet-top\" style=\"text-align: left;\"><\/div>\n<\/div>\n<\/div>\n<\/div>\n<\/div>\n<\/div>\n<\/div>\n<\/div>\n<\/div>\n<p><\/div><\/div>[\/vc_column][vc_column css=\u00a0\u00bb.vc_custom_1571482011322{padding-top: 70px !important;padding-right: 50px !important;padding-bottom: 70px !important;padding-left: 50px !important;background-color: #ececec !important;}\u00a0\u00bb offset=\u00a0\u00bbvc_col-lg-6 vc_col-md-6 vc_col-xs-12&Prime;]<div id=\"ultimate-heading-490269f242eb6b05d\" class=\"uvc-heading ult-adjust-bottom-margin ultimate-heading-490269f242eb6b05d uvc-552  uvc-heading-default-font-sizes\" data-hspacer=\"no_spacer\"  data-halign=\"left\" style=\"text-align:left\"><div class=\"uvc-heading-spacer no_spacer\" style=\"top\"><\/div><div class=\"uvc-sub-heading ult-responsive\"  data-ultimate-target='.uvc-heading.ultimate-heading-490269f242eb6b05d .uvc-sub-heading '  data-responsive-json-new='{\"font-size\":\"\",\"line-height\":\"\"}'  style=\"font-weight:normal;\"><\/p>\n<h2 style=\"text-align: center;\"><strong><span style=\"color: #c2b21f;\"> 7 JOURS<\/span><\/strong><\/h2>\n<h2><\/h2>\n<h2><\/h2>\n<h2 style=\"text-align: center;\"><\/h2>\n<h2><\/h2>\n<h2><\/h2>\n<p>&nbsp;<\/p>\n<h2 style=\"text-align: center;\">\n<div class=\"hr-thick\"><\/div>\n<\/h2>\n<h2><\/h2>\n<h2 style=\"text-align: center;\"><strong>CHOIX DE PROGRAMME<\/strong><\/h2>\n<p>&nbsp;<\/p>\n<ul>\n<li style=\"text-align: center;\"><strong><span style=\"color: #c2b725;\">PRIV\u00c9<\/span><\/strong><\/li>\n<li style=\"text-align: center;\"><strong><span style=\"color: #c2b725;\">SEMI-PRIV\u00c9 <\/span><\/strong><\/li>\n<li style=\"text-align: center;\"><strong><span style=\"color: #c2b725;\">GROUPE PRIV\u00c9<\/span><\/strong><\/li>\n<\/ul>\n<h3 style=\"text-align: center;\"><\/h3>\n<p>&nbsp;<\/p>\n<h2 style=\"text-align: center;\">\n<div class=\"hr-thick\"><\/div>\n<\/h2>\n<h2 style=\"text-align: center;\"><strong>Paix<\/strong><\/h2>\n<h2 style=\"text-align: center;\"><strong>Puissance<\/strong><\/h2>\n<h2 style=\"text-align: center;\"><strong>Enracinement<\/strong><\/h2>\n<h2 style=\"text-align: center;\">\n<div class=\"hr-thick\"><\/div>\n<\/h2>\n<p>&nbsp;<\/p>\n<h3 style=\"text-align: center;\">Organisme Formateur en Sant\u00e9 &#8211; Accr\u00e9dit\u00e9 par Emploi Qu\u00e9bec<\/h3>\n<p><\/div><\/div>[\/vc_column][\/vc_row][vc_row][vc_column][vc_single_image image=\u00a0\u00bb6864&Prime; img_size=\u00a0\u00bbfull\u00a0\u00bb alignment=\u00a0\u00bbcenter\u00a0\u00bb style=\u00a0\u00bbvc_box_shadow_3d\u00a0\u00bb css=\u00a0\u00bb\u00a0\u00bb][\/vc_column][\/vc_row][vc_row][vc_column][vc_text_separator title=\u00a0\u00bbVOUS \u00caTES UN(E) LEADERS AU PR\u00c9SENT, AU FUTUR ?\u00a0\u00bb color=\u00a0\u00bbturquoise\u00a0\u00bb style=\u00a0\u00bbshadow\u00a0\u00bb border_width=\u00a0\u00bb9&Prime; css=\u00a0\u00bb\u00a0\u00bb][\/vc_column][\/vc_row][vc_row][vc_column][vc_single_image image=\u00a0\u00bb6325&Prime; img_size=\u00a0\u00bbfull\u00a0\u00bb alignment=\u00a0\u00bbcenter\u00a0\u00bb style=\u00a0\u00bbvc_box_shadow_3d\u00a0\u00bb css=\u00a0\u00bb\u00a0\u00bb][vc_empty_space height=\u00a0\u00bb54px\u00a0\u00bb][\/vc_column][\/vc_row][vc_row][vc_column][vc_text_separator title=\u00a0\u00bbLe Gong Fu se manifeste suite \u00e0 la recherche constante de d\u00e9passement, de raffinement vers une version meilleure de nous-m\u00eame. Comme cuisinier(\u00e8re), comme artiste, comme dirigeant(e) ou autre&#8230; Cette d\u00e9marche par les arts martiaux internes inspire et transforme tous les aspects de notre vie.\u00a0\u00bb color=\u00a0\u00bbturquoise\u00a0\u00bb style=\u00a0\u00bbshadow\u00a0\u00bb border_width=\u00a0\u00bb9&Prime; css=\u00a0\u00bb\u00a0\u00bb][\/vc_column][\/vc_row][vc_row][vc_column][vc_empty_space height=\u00a0\u00bb54px\u00a0\u00bb][vc_single_image image=\u00a0\u00bb6312&Prime; img_size=\u00a0\u00bbfull\u00a0\u00bb alignment=\u00a0\u00bbcenter\u00a0\u00bb style=\u00a0\u00bbvc_box_shadow_3d\u00a0\u00bb css=\u00a0\u00bb\u00a0\u00bb][\/vc_column][\/vc_row][vc_row][vc_column css=\u00a0\u00bb.vc_custom_1727699806296{background-image: url(https:\/\/shaolinwuji.com\/wp-content\/uploads\/2023\/02\/4E80D945-457A-4AA1-8A11-01E446C61643_1_105_c.jpeg?id=5129) !important;}\u00a0\u00bb][vc_single_image image=\u00a0\u00bb6525&Prime; img_size=\u00a0\u00bbfull\u00a0\u00bb alignment=\u00a0\u00bbright\u00a0\u00bb style=\u00a0\u00bbvc_box_shadow_3d\u00a0\u00bb css=\u00a0\u00bb\u00a0\u00bb][\/vc_column][\/vc_row][vc_row][vc_column][vc_empty_space][\/vc_column][\/vc_row][vc_row][vc_column][vc_text_separator title=\u00a0\u00bbSi vous d\u00e9sirez plus d&rsquo;information, compl\u00e9tez les informations ci-dessous.\u00a0\u00bb i_icon_fontawesome=\u00a0\u00bbfas fa-level-down-alt\u00a0\u00bb i_color=\u00a0\u00bbturquoise\u00a0\u00bb i_size=\u00a0\u00bblg\u00a0\u00bb color=\u00a0\u00bbturquoise\u00a0\u00bb style=\u00a0\u00bbshadow\u00a0\u00bb border_width=\u00a0\u00bb9&Prime; css=\u00a0\u00bb\u00a0\u00bb add_icon=\u00a0\u00bbtrue\u00a0\u00bb][\/vc_column][\/vc_row]<\/p>\n<\/div>","protected":false},"excerpt":{"rendered":"<p>[vc_row][vc_column][vc_custom_heading text=\u00a0\u00bbPRIV\u00c9 \/ SEMI-PRIV\u00c9 \/ GROUPE PRIV\u00c9\u00a0\u00bb font_container=\u00a0\u00bbtag:h2|font_size:27|text_align:center|color:%23FFFFFF\u00a0\u00bb google_fonts=\u00a0\u00bbfont_family:Architects%20Daughter%3Aregular|font_style:400%20regular%3A400%3Anormal\u00a0\u00bb css=\u00a0\u00bb.vc_custom_1746376184302{background-color: #000000 !important;border-radius: 10px !important;}\u00a0\u00bb][vc_custom_heading text=\u00a0\u00bbOn individual reservation \/ 2026&Prime; font_container=\u00a0\u00bbtag:h2|font_size:36|text_align:center|color:%23FFFFFF\u00a0\u00bb css=\u00a0\u00bb.vc_custom_1771261855915{background-color: #000000 !important;border-radius: 10px !important;}\u00a0\u00bb][vc_column_text css=\u00a0\u00bb.vc_custom_1746374394864{background-color: #000000 !important;background-position: center !important;background-repeat: no-repeat !important;background-size: cover !important;border-radius: 30px !important;border-color: #7A7777 !important;}\u00a0\u00bb] &nbsp; Vous explorez, vous \u00eates d\u00e9butant, interm\u00e9diaire ou avanc\u00e9s. &#8212; Un s\u00e9minaire avec un groupe vous convient&hellip;<\/p>\n","protected":false},"author":3,"featured_media":3638,"parent":0,"menu_order":0,"comment_status":"closed","ping_status":"closed","template":"","meta":{"footnotes":""},"class_list":["post-4995","page","type-page","status-publish","has-post-thumbnail","hentry","description-off"],"yoast_head":"<!-- This site is optimized with the Yoast SEO plugin v27.5 - https:\/\/yoast.com\/product\/yoast-seo-wordpress\/ -->\n<title>S\u00e9minaire Oc\u00e9an Sp\u00e9cial - Shaolin Wuji<\/title>\n<meta name=\"description\" content=\"S\u00e9minaire Oc\u00e9an Sp\u00e9cial tai chi chi kung Tai Ji Qi Gong\" \/>\n<meta name=\"robots\" content=\"index, follow, max-snippet:-1, max-image-preview:large, max-video-preview:-1\" \/>\n<link rel=\"canonical\" href=\"https:\/\/shaolinwuji.com\/fr\/seminaire-ocean-special-tai-chi-chi-kung-tai-ji-qi-gong\/\" \/>\n<meta property=\"og:locale\" content=\"fr_FR\" \/>\n<meta property=\"og:type\" content=\"article\" \/>\n<meta property=\"og:title\" content=\"S\u00e9minaire Oc\u00e9an Sp\u00e9cial - Shaolin Wuji\" \/>\n<meta property=\"og:description\" content=\"S\u00e9minaire Oc\u00e9an Sp\u00e9cial tai chi chi kung Tai Ji Qi Gong\" \/>\n<meta property=\"og:url\" content=\"https:\/\/shaolinwuji.com\/fr\/seminaire-ocean-special-tai-chi-chi-kung-tai-ji-qi-gong\/\" \/>\n<meta property=\"og:site_name\" content=\"Shaolin Wuji\" \/>\n<meta property=\"article:modified_time\" content=\"2026-02-16T17:11:45+00:00\" \/>\n<meta property=\"og:image\" content=\"https:\/\/shaolinwuji.com\/wp-content\/uploads\/2021\/03\/bg-fancy-Lion-OPT.jpg\" \/>\n\t<meta property=\"og:image:width\" content=\"1600\" \/>\n\t<meta property=\"og:image:height\" content=\"900\" \/>\n\t<meta property=\"og:image:type\" content=\"image\/jpeg\" \/>\n<meta name=\"twitter:card\" content=\"summary_large_image\" \/>\n<meta name=\"twitter:label1\" content=\"Dur\u00e9e de lecture estim\u00e9e\" \/>\n\t<meta name=\"twitter:data1\" content=\"2 minutes\" \/>\n<script type=\"application\/ld+json\" class=\"yoast-schema-graph\">{\"@context\":\"https:\\\/\\\/schema.org\",\"@graph\":[{\"@type\":\"WebPage\",\"@id\":\"https:\\\/\\\/shaolinwuji.com\\\/fr\\\/seminaire-ocean-special-tai-chi-chi-kung-tai-ji-qi-gong\\\/\",\"url\":\"https:\\\/\\\/shaolinwuji.com\\\/fr\\\/seminaire-ocean-special-tai-chi-chi-kung-tai-ji-qi-gong\\\/\",\"name\":\"S\u00e9minaire Oc\u00e9an Sp\u00e9cial - Shaolin Wuji\",\"isPartOf\":{\"@id\":\"https:\\\/\\\/shaolinwuji.com\\\/fr\\\/#website\"},\"primaryImageOfPage\":{\"@id\":\"https:\\\/\\\/shaolinwuji.com\\\/fr\\\/seminaire-ocean-special-tai-chi-chi-kung-tai-ji-qi-gong\\\/#primaryimage\"},\"image\":{\"@id\":\"https:\\\/\\\/shaolinwuji.com\\\/fr\\\/seminaire-ocean-special-tai-chi-chi-kung-tai-ji-qi-gong\\\/#primaryimage\"},\"thumbnailUrl\":\"https:\\\/\\\/shaolinwuji.com\\\/wp-content\\\/uploads\\\/2021\\\/03\\\/bg-fancy-Lion-OPT.jpg\",\"datePublished\":\"2023-01-20T03:47:00+00:00\",\"dateModified\":\"2026-02-16T17:11:45+00:00\",\"description\":\"S\u00e9minaire Oc\u00e9an Sp\u00e9cial tai chi chi kung Tai Ji Qi Gong\",\"breadcrumb\":{\"@id\":\"https:\\\/\\\/shaolinwuji.com\\\/fr\\\/seminaire-ocean-special-tai-chi-chi-kung-tai-ji-qi-gong\\\/#breadcrumb\"},\"inLanguage\":\"fr-FR\",\"potentialAction\":[{\"@type\":\"ReadAction\",\"target\":[\"https:\\\/\\\/shaolinwuji.com\\\/fr\\\/seminaire-ocean-special-tai-chi-chi-kung-tai-ji-qi-gong\\\/\"]}]},{\"@type\":\"ImageObject\",\"inLanguage\":\"fr-FR\",\"@id\":\"https:\\\/\\\/shaolinwuji.com\\\/fr\\\/seminaire-ocean-special-tai-chi-chi-kung-tai-ji-qi-gong\\\/#primaryimage\",\"url\":\"https:\\\/\\\/shaolinwuji.com\\\/wp-content\\\/uploads\\\/2021\\\/03\\\/bg-fancy-Lion-OPT.jpg\",\"contentUrl\":\"https:\\\/\\\/shaolinwuji.com\\\/wp-content\\\/uploads\\\/2021\\\/03\\\/bg-fancy-Lion-OPT.jpg\",\"width\":1600,\"height\":900},{\"@type\":\"BreadcrumbList\",\"@id\":\"https:\\\/\\\/shaolinwuji.com\\\/fr\\\/seminaire-ocean-special-tai-chi-chi-kung-tai-ji-qi-gong\\\/#breadcrumb\",\"itemListElement\":[{\"@type\":\"ListItem\",\"position\":1,\"name\":\"Meditation\",\"item\":\"https:\\\/\\\/shaolinwuji.com\\\/fr\\\/\"},{\"@type\":\"ListItem\",\"position\":2,\"name\":\"S\u00e9minaire Oc\u00e9an Sp\u00e9cial\"}]},{\"@type\":\"WebSite\",\"@id\":\"https:\\\/\\\/shaolinwuji.com\\\/fr\\\/#website\",\"url\":\"https:\\\/\\\/shaolinwuji.com\\\/fr\\\/\",\"name\":\"Shaolin Wuji\",\"description\":\"arts martiaux traditionnels - meditation - tai chi - chi kung \",\"publisher\":{\"@id\":\"https:\\\/\\\/shaolinwuji.com\\\/fr\\\/#organization\"},\"potentialAction\":[{\"@type\":\"SearchAction\",\"target\":{\"@type\":\"EntryPoint\",\"urlTemplate\":\"https:\\\/\\\/shaolinwuji.com\\\/fr\\\/?s={search_term_string}\"},\"query-input\":{\"@type\":\"PropertyValueSpecification\",\"valueRequired\":true,\"valueName\":\"search_term_string\"}}],\"inLanguage\":\"fr-FR\"},{\"@type\":\"Organization\",\"@id\":\"https:\\\/\\\/shaolinwuji.com\\\/fr\\\/#organization\",\"name\":\"Shaolin Wuji Center\",\"url\":\"https:\\\/\\\/shaolinwuji.com\\\/fr\\\/\",\"logo\":{\"@type\":\"ImageObject\",\"inLanguage\":\"fr-FR\",\"@id\":\"https:\\\/\\\/shaolinwuji.com\\\/fr\\\/#\\\/schema\\\/logo\\\/image\\\/\",\"url\":\"https:\\\/\\\/shaolinwuji.com\\\/wp-content\\\/uploads\\\/2021\\\/12\\\/C253A8BF-EF93-43C6-BC96-F59A4A8CA2D6-2.jpeg\",\"contentUrl\":\"https:\\\/\\\/shaolinwuji.com\\\/wp-content\\\/uploads\\\/2021\\\/12\\\/C253A8BF-EF93-43C6-BC96-F59A4A8CA2D6-2.jpeg\",\"width\":355,\"height\":210,\"caption\":\"Shaolin Wuji Center\"},\"image\":{\"@id\":\"https:\\\/\\\/shaolinwuji.com\\\/fr\\\/#\\\/schema\\\/logo\\\/image\\\/\"}}]}<\/script>\n<!-- \/ Yoast SEO plugin. -->","yoast_head_json":{"title":"S\u00e9minaire Oc\u00e9an Sp\u00e9cial - Shaolin Wuji","description":"S\u00e9minaire Oc\u00e9an Sp\u00e9cial tai chi chi kung Tai Ji Qi Gong","robots":{"index":"index","follow":"follow","max-snippet":"max-snippet:-1","max-image-preview":"max-image-preview:large","max-video-preview":"max-video-preview:-1"},"canonical":"https:\/\/shaolinwuji.com\/fr\/seminaire-ocean-special-tai-chi-chi-kung-tai-ji-qi-gong\/","og_locale":"fr_FR","og_type":"article","og_title":"S\u00e9minaire Oc\u00e9an Sp\u00e9cial - Shaolin Wuji","og_description":"S\u00e9minaire Oc\u00e9an Sp\u00e9cial tai chi chi kung Tai Ji Qi Gong","og_url":"https:\/\/shaolinwuji.com\/fr\/seminaire-ocean-special-tai-chi-chi-kung-tai-ji-qi-gong\/","og_site_name":"Shaolin Wuji","article_modified_time":"2026-02-16T17:11:45+00:00","og_image":[{"width":1600,"height":900,"url":"https:\/\/shaolinwuji.com\/wp-content\/uploads\/2021\/03\/bg-fancy-Lion-OPT.jpg","type":"image\/jpeg"}],"twitter_card":"summary_large_image","twitter_misc":{"Dur\u00e9e de lecture estim\u00e9e":"2 minutes"},"schema":{"@context":"https:\/\/schema.org","@graph":[{"@type":"WebPage","@id":"https:\/\/shaolinwuji.com\/fr\/seminaire-ocean-special-tai-chi-chi-kung-tai-ji-qi-gong\/","url":"https:\/\/shaolinwuji.com\/fr\/seminaire-ocean-special-tai-chi-chi-kung-tai-ji-qi-gong\/","name":"S\u00e9minaire Oc\u00e9an Sp\u00e9cial - Shaolin Wuji","isPartOf":{"@id":"https:\/\/shaolinwuji.com\/fr\/#website"},"primaryImageOfPage":{"@id":"https:\/\/shaolinwuji.com\/fr\/seminaire-ocean-special-tai-chi-chi-kung-tai-ji-qi-gong\/#primaryimage"},"image":{"@id":"https:\/\/shaolinwuji.com\/fr\/seminaire-ocean-special-tai-chi-chi-kung-tai-ji-qi-gong\/#primaryimage"},"thumbnailUrl":"https:\/\/shaolinwuji.com\/wp-content\/uploads\/2021\/03\/bg-fancy-Lion-OPT.jpg","datePublished":"2023-01-20T03:47:00+00:00","dateModified":"2026-02-16T17:11:45+00:00","description":"S\u00e9minaire Oc\u00e9an Sp\u00e9cial tai chi chi kung Tai Ji Qi Gong","breadcrumb":{"@id":"https:\/\/shaolinwuji.com\/fr\/seminaire-ocean-special-tai-chi-chi-kung-tai-ji-qi-gong\/#breadcrumb"},"inLanguage":"fr-FR","potentialAction":[{"@type":"ReadAction","target":["https:\/\/shaolinwuji.com\/fr\/seminaire-ocean-special-tai-chi-chi-kung-tai-ji-qi-gong\/"]}]},{"@type":"ImageObject","inLanguage":"fr-FR","@id":"https:\/\/shaolinwuji.com\/fr\/seminaire-ocean-special-tai-chi-chi-kung-tai-ji-qi-gong\/#primaryimage","url":"https:\/\/shaolinwuji.com\/wp-content\/uploads\/2021\/03\/bg-fancy-Lion-OPT.jpg","contentUrl":"https:\/\/shaolinwuji.com\/wp-content\/uploads\/2021\/03\/bg-fancy-Lion-OPT.jpg","width":1600,"height":900},{"@type":"BreadcrumbList","@id":"https:\/\/shaolinwuji.com\/fr\/seminaire-ocean-special-tai-chi-chi-kung-tai-ji-qi-gong\/#breadcrumb","itemListElement":[{"@type":"ListItem","position":1,"name":"Meditation","item":"https:\/\/shaolinwuji.com\/fr\/"},{"@type":"ListItem","position":2,"name":"S\u00e9minaire Oc\u00e9an Sp\u00e9cial"}]},{"@type":"WebSite","@id":"https:\/\/shaolinwuji.com\/fr\/#website","url":"https:\/\/shaolinwuji.com\/fr\/","name":"Shaolin Wuji","description":"arts martiaux traditionnels - meditation - tai chi - chi kung ","publisher":{"@id":"https:\/\/shaolinwuji.com\/fr\/#organization"},"potentialAction":[{"@type":"SearchAction","target":{"@type":"EntryPoint","urlTemplate":"https:\/\/shaolinwuji.com\/fr\/?s={search_term_string}"},"query-input":{"@type":"PropertyValueSpecification","valueRequired":true,"valueName":"search_term_string"}}],"inLanguage":"fr-FR"},{"@type":"Organization","@id":"https:\/\/shaolinwuji.com\/fr\/#organization","name":"Shaolin Wuji Center","url":"https:\/\/shaolinwuji.com\/fr\/","logo":{"@type":"ImageObject","inLanguage":"fr-FR","@id":"https:\/\/shaolinwuji.com\/fr\/#\/schema\/logo\/image\/","url":"https:\/\/shaolinwuji.com\/wp-content\/uploads\/2021\/12\/C253A8BF-EF93-43C6-BC96-F59A4A8CA2D6-2.jpeg","contentUrl":"https:\/\/shaolinwuji.com\/wp-content\/uploads\/2021\/12\/C253A8BF-EF93-43C6-BC96-F59A4A8CA2D6-2.jpeg","width":355,"height":210,"caption":"Shaolin Wuji Center"},"image":{"@id":"https:\/\/shaolinwuji.com\/fr\/#\/schema\/logo\/image\/"}}]}},"_links":{"self":[{"href":"https:\/\/shaolinwuji.com\/fr\/wp-json\/wp\/v2\/pages\/4995","targetHints":{"allow":["GET"]}}],"collection":[{"href":"https:\/\/shaolinwuji.com\/fr\/wp-json\/wp\/v2\/pages"}],"about":[{"href":"https:\/\/shaolinwuji.com\/fr\/wp-json\/wp\/v2\/types\/page"}],"author":[{"embeddable":true,"href":"https:\/\/shaolinwuji.com\/fr\/wp-json\/wp\/v2\/users\/3"}],"replies":[{"embeddable":true,"href":"https:\/\/shaolinwuji.com\/fr\/wp-json\/wp\/v2\/comments?post=4995"}],"version-history":[{"count":205,"href":"https:\/\/shaolinwuji.com\/fr\/wp-json\/wp\/v2\/pages\/4995\/revisions"}],"predecessor-version":[{"id":8018,"href":"https:\/\/shaolinwuji.com\/fr\/wp-json\/wp\/v2\/pages\/4995\/revisions\/8018"}],"wp:featuredmedia":[{"embeddable":true,"href":"https:\/\/shaolinwuji.com\/fr\/wp-json\/wp\/v2\/media\/3638"}],"wp:attachment":[{"href":"https:\/\/shaolinwuji.com\/fr\/wp-json\/wp\/v2\/media?parent=4995"}],"curies":[{"name":"wp","href":"https:\/\/api.w.org\/{rel}","templated":true}]}}