{"id":4470,"date":"2022-03-20T17:58:43","date_gmt":"2022-03-20T21:58:43","guid":{"rendered":"https:\/\/shaolinwuji.com\/?page_id=4470"},"modified":"2022-09-03T11:47:07","modified_gmt":"2022-09-03T15:47:07","slug":"bien-etre-developpement-energie","status":"publish","type":"page","link":"https:\/\/shaolinwuji.com\/fr\/bien-etre-developpement-energie\/","title":{"rendered":"S\u00e9minaire Oc\u00e9an"},"content":{"rendered":"<div class=\"wpb-content-wrapper\"><p>[vc_row][vc_column][vc_column_text]<\/p>\n<h2 style=\"text-align: center;\"><span style=\"color: #00ffff;\"><strong>R\u00c9SERVATIONS OUVERTES<\/strong><\/span><\/h2>\n<p>https:\/\/youtu.be\/cwjq9USDYWw[\/vc_column_text][vc_column_text][\/vc_column_text][vc_text_separator title=\u00a0\u00bb\u00a0\u00bb color=\u00a0\u00bbwhite\u00a0\u00bb style=\u00a0\u00bbshadow\u00a0\u00bb el_width=\u00a0\u00bb10&Prime;][vc_single_image image=\u00a0\u00bb4725&Prime; img_size=\u00a0\u00bbfull\u00a0\u00bb alignment=\u00a0\u00bbcenter\u00a0\u00bb style=\u00a0\u00bbvc_box_shadow_3d\u00a0\u00bb lazy_loading=\u00a0\u00bbtrue\u00a0\u00bb][vc_single_image image=\u00a0\u00bb4722&Prime; img_size=\u00a0\u00bbfull\u00a0\u00bb style=\u00a0\u00bbvc_box_shadow_3d\u00a0\u00bb][vc_single_image image=\u00a0\u00bb4719&Prime; img_size=\u00a0\u00bbfull\u00a0\u00bb][vc_single_image image=\u00a0\u00bb4716&Prime; img_size=\u00a0\u00bbfull\u00a0\u00bb style=\u00a0\u00bbvc_box_shadow_3d\u00a0\u00bb][\/vc_column][\/vc_row][vc_row][vc_column][vc_column_text]<\/p>\n<h3 style=\"text-align: center;\"><span style=\"color: #00ccff;\"><strong>INFORMATION \/ DEMANDE D&rsquo;INSCRIPTION<\/strong><\/span><\/h3>\n<h3 style=\"text-align: center;\"><span style=\"color: #00ccff;\"><strong>\u00c0 COMPL\u00c9TER<\/strong><\/span><\/h3>\n<h3 style=\"text-align: center;\"><span style=\"color: #00ccff;\"><strong>BAS DE PAGE \u00c0 DROITE<\/strong><\/span><\/h3>\n<p>[\/vc_column_text][\/vc_column][\/vc_row]<\/p>\n<\/div>","protected":false},"excerpt":{"rendered":"<p>[vc_row][vc_column][vc_column_text] R\u00c9SERVATIONS OUVERTES https:\/\/youtu.be\/cwjq9USDYWw[\/vc_column_text][vc_column_text][\/vc_column_text][vc_text_separator title=\u00a0\u00bb\u00a0\u00bb color=\u00a0\u00bbwhite\u00a0\u00bb style=\u00a0\u00bbshadow\u00a0\u00bb el_width=\u00a0\u00bb10&Prime;][vc_single_image image=\u00a0\u00bb4725&Prime; img_size=\u00a0\u00bbfull\u00a0\u00bb alignment=\u00a0\u00bbcenter\u00a0\u00bb style=\u00a0\u00bbvc_box_shadow_3d\u00a0\u00bb lazy_loading=\u00a0\u00bbtrue\u00a0\u00bb][vc_single_image image=\u00a0\u00bb4722&Prime; img_size=\u00a0\u00bbfull\u00a0\u00bb style=\u00a0\u00bbvc_box_shadow_3d\u00a0\u00bb][vc_single_image image=\u00a0\u00bb4719&Prime; img_size=\u00a0\u00bbfull\u00a0\u00bb][vc_single_image image=\u00a0\u00bb4716&Prime; img_size=\u00a0\u00bbfull\u00a0\u00bb style=\u00a0\u00bbvc_box_shadow_3d\u00a0\u00bb][\/vc_column][\/vc_row][vc_row][vc_column][vc_column_text] INFORMATION \/ DEMANDE D&rsquo;INSCRIPTION \u00c0 COMPL\u00c9TER BAS DE PAGE \u00c0 DROITE [\/vc_column_text][\/vc_column][\/vc_row]<\/p>\n","protected":false},"author":3,"featured_media":3638,"parent":0,"menu_order":0,"comment_status":"closed","ping_status":"closed","template":"","meta":{"footnotes":""},"class_list":["post-4470","page","type-page","status-publish","has-post-thumbnail","hentry","description-off"],"yoast_head":"<!-- This site is optimized with the Yoast SEO plugin v27.5 - https:\/\/yoast.com\/product\/yoast-seo-wordpress\/ -->\n<title>S\u00e9minaire Oc\u00e9an - Shaolin Wuji Shaolin Wuji<\/title>\n<meta name=\"description\" content=\"Shaolin Wuji bien \u00eatre d\u00e9veloppement \u00e9nergie\" \/>\n<meta name=\"robots\" content=\"index, follow, max-snippet:-1, max-image-preview:large, max-video-preview:-1\" \/>\n<link rel=\"canonical\" href=\"https:\/\/shaolinwuji.com\/fr\/bien-etre-developpement-energie\/\" \/>\n<meta property=\"og:locale\" content=\"fr_FR\" \/>\n<meta property=\"og:type\" content=\"article\" \/>\n<meta property=\"og:title\" content=\"S\u00e9minaire Oc\u00e9an - Shaolin Wuji Shaolin Wuji\" \/>\n<meta property=\"og:description\" content=\"Shaolin Wuji bien \u00eatre d\u00e9veloppement \u00e9nergie\" \/>\n<meta property=\"og:url\" content=\"https:\/\/shaolinwuji.com\/fr\/bien-etre-developpement-energie\/\" \/>\n<meta property=\"og:site_name\" content=\"Shaolin Wuji\" \/>\n<meta property=\"article:modified_time\" content=\"2022-09-03T15:47:07+00:00\" \/>\n<meta property=\"og:image\" content=\"https:\/\/shaolinwuji.com\/wp-content\/uploads\/2021\/03\/bg-fancy-Lion-OPT.jpg\" \/>\n\t<meta property=\"og:image:width\" content=\"1600\" \/>\n\t<meta property=\"og:image:height\" content=\"900\" \/>\n\t<meta property=\"og:image:type\" content=\"image\/jpeg\" \/>\n<meta name=\"twitter:card\" content=\"summary_large_image\" \/>\n<meta name=\"twitter:label1\" content=\"Dur\u00e9e de lecture estim\u00e9e\" \/>\n\t<meta name=\"twitter:data1\" content=\"1 minute\" \/>\n<script type=\"application\/ld+json\" class=\"yoast-schema-graph\">{\"@context\":\"https:\\\/\\\/schema.org\",\"@graph\":[{\"@type\":\"WebPage\",\"@id\":\"https:\\\/\\\/shaolinwuji.com\\\/fr\\\/bien-etre-developpement-energie\\\/\",\"url\":\"https:\\\/\\\/shaolinwuji.com\\\/fr\\\/bien-etre-developpement-energie\\\/\",\"name\":\"S\u00e9minaire Oc\u00e9an - Shaolin Wuji Shaolin Wuji\",\"isPartOf\":{\"@id\":\"https:\\\/\\\/shaolinwuji.com\\\/fr\\\/#website\"},\"primaryImageOfPage\":{\"@id\":\"https:\\\/\\\/shaolinwuji.com\\\/fr\\\/bien-etre-developpement-energie\\\/#primaryimage\"},\"image\":{\"@id\":\"https:\\\/\\\/shaolinwuji.com\\\/fr\\\/bien-etre-developpement-energie\\\/#primaryimage\"},\"thumbnailUrl\":\"https:\\\/\\\/shaolinwuji.com\\\/wp-content\\\/uploads\\\/2021\\\/03\\\/bg-fancy-Lion-OPT.jpg\",\"datePublished\":\"2022-03-20T21:58:43+00:00\",\"dateModified\":\"2022-09-03T15:47:07+00:00\",\"description\":\"Shaolin Wuji bien \u00eatre d\u00e9veloppement \u00e9nergie\",\"breadcrumb\":{\"@id\":\"https:\\\/\\\/shaolinwuji.com\\\/fr\\\/bien-etre-developpement-energie\\\/#breadcrumb\"},\"inLanguage\":\"fr-FR\",\"potentialAction\":[{\"@type\":\"ReadAction\",\"target\":[\"https:\\\/\\\/shaolinwuji.com\\\/fr\\\/bien-etre-developpement-energie\\\/\"]}]},{\"@type\":\"ImageObject\",\"inLanguage\":\"fr-FR\",\"@id\":\"https:\\\/\\\/shaolinwuji.com\\\/fr\\\/bien-etre-developpement-energie\\\/#primaryimage\",\"url\":\"https:\\\/\\\/shaolinwuji.com\\\/wp-content\\\/uploads\\\/2021\\\/03\\\/bg-fancy-Lion-OPT.jpg\",\"contentUrl\":\"https:\\\/\\\/shaolinwuji.com\\\/wp-content\\\/uploads\\\/2021\\\/03\\\/bg-fancy-Lion-OPT.jpg\",\"width\":1600,\"height\":900},{\"@type\":\"BreadcrumbList\",\"@id\":\"https:\\\/\\\/shaolinwuji.com\\\/fr\\\/bien-etre-developpement-energie\\\/#breadcrumb\",\"itemListElement\":[{\"@type\":\"ListItem\",\"position\":1,\"name\":\"Meditation\",\"item\":\"https:\\\/\\\/shaolinwuji.com\\\/fr\\\/\"},{\"@type\":\"ListItem\",\"position\":2,\"name\":\"S\u00e9minaire Oc\u00e9an\"}]},{\"@type\":\"WebSite\",\"@id\":\"https:\\\/\\\/shaolinwuji.com\\\/fr\\\/#website\",\"url\":\"https:\\\/\\\/shaolinwuji.com\\\/fr\\\/\",\"name\":\"Shaolin Wuji\",\"description\":\"arts martiaux traditionnels - meditation - tai chi - chi kung \",\"publisher\":{\"@id\":\"https:\\\/\\\/shaolinwuji.com\\\/fr\\\/#organization\"},\"potentialAction\":[{\"@type\":\"SearchAction\",\"target\":{\"@type\":\"EntryPoint\",\"urlTemplate\":\"https:\\\/\\\/shaolinwuji.com\\\/fr\\\/?s={search_term_string}\"},\"query-input\":{\"@type\":\"PropertyValueSpecification\",\"valueRequired\":true,\"valueName\":\"search_term_string\"}}],\"inLanguage\":\"fr-FR\"},{\"@type\":\"Organization\",\"@id\":\"https:\\\/\\\/shaolinwuji.com\\\/fr\\\/#organization\",\"name\":\"Shaolin Wuji Center\",\"url\":\"https:\\\/\\\/shaolinwuji.com\\\/fr\\\/\",\"logo\":{\"@type\":\"ImageObject\",\"inLanguage\":\"fr-FR\",\"@id\":\"https:\\\/\\\/shaolinwuji.com\\\/fr\\\/#\\\/schema\\\/logo\\\/image\\\/\",\"url\":\"https:\\\/\\\/shaolinwuji.com\\\/wp-content\\\/uploads\\\/2021\\\/12\\\/C253A8BF-EF93-43C6-BC96-F59A4A8CA2D6-2.jpeg\",\"contentUrl\":\"https:\\\/\\\/shaolinwuji.com\\\/wp-content\\\/uploads\\\/2021\\\/12\\\/C253A8BF-EF93-43C6-BC96-F59A4A8CA2D6-2.jpeg\",\"width\":355,\"height\":210,\"caption\":\"Shaolin Wuji Center\"},\"image\":{\"@id\":\"https:\\\/\\\/shaolinwuji.com\\\/fr\\\/#\\\/schema\\\/logo\\\/image\\\/\"}}]}<\/script>\n<!-- \/ Yoast SEO plugin. -->","yoast_head_json":{"title":"S\u00e9minaire Oc\u00e9an - Shaolin Wuji Shaolin Wuji","description":"Shaolin Wuji bien \u00eatre d\u00e9veloppement \u00e9nergie","robots":{"index":"index","follow":"follow","max-snippet":"max-snippet:-1","max-image-preview":"max-image-preview:large","max-video-preview":"max-video-preview:-1"},"canonical":"https:\/\/shaolinwuji.com\/fr\/bien-etre-developpement-energie\/","og_locale":"fr_FR","og_type":"article","og_title":"S\u00e9minaire Oc\u00e9an - Shaolin Wuji Shaolin Wuji","og_description":"Shaolin Wuji bien \u00eatre d\u00e9veloppement \u00e9nergie","og_url":"https:\/\/shaolinwuji.com\/fr\/bien-etre-developpement-energie\/","og_site_name":"Shaolin Wuji","article_modified_time":"2022-09-03T15:47:07+00:00","og_image":[{"width":1600,"height":900,"url":"https:\/\/shaolinwuji.com\/wp-content\/uploads\/2021\/03\/bg-fancy-Lion-OPT.jpg","type":"image\/jpeg"}],"twitter_card":"summary_large_image","twitter_misc":{"Dur\u00e9e de lecture estim\u00e9e":"1 minute"},"schema":{"@context":"https:\/\/schema.org","@graph":[{"@type":"WebPage","@id":"https:\/\/shaolinwuji.com\/fr\/bien-etre-developpement-energie\/","url":"https:\/\/shaolinwuji.com\/fr\/bien-etre-developpement-energie\/","name":"S\u00e9minaire Oc\u00e9an - Shaolin Wuji Shaolin Wuji","isPartOf":{"@id":"https:\/\/shaolinwuji.com\/fr\/#website"},"primaryImageOfPage":{"@id":"https:\/\/shaolinwuji.com\/fr\/bien-etre-developpement-energie\/#primaryimage"},"image":{"@id":"https:\/\/shaolinwuji.com\/fr\/bien-etre-developpement-energie\/#primaryimage"},"thumbnailUrl":"https:\/\/shaolinwuji.com\/wp-content\/uploads\/2021\/03\/bg-fancy-Lion-OPT.jpg","datePublished":"2022-03-20T21:58:43+00:00","dateModified":"2022-09-03T15:47:07+00:00","description":"Shaolin Wuji bien \u00eatre d\u00e9veloppement \u00e9nergie","breadcrumb":{"@id":"https:\/\/shaolinwuji.com\/fr\/bien-etre-developpement-energie\/#breadcrumb"},"inLanguage":"fr-FR","potentialAction":[{"@type":"ReadAction","target":["https:\/\/shaolinwuji.com\/fr\/bien-etre-developpement-energie\/"]}]},{"@type":"ImageObject","inLanguage":"fr-FR","@id":"https:\/\/shaolinwuji.com\/fr\/bien-etre-developpement-energie\/#primaryimage","url":"https:\/\/shaolinwuji.com\/wp-content\/uploads\/2021\/03\/bg-fancy-Lion-OPT.jpg","contentUrl":"https:\/\/shaolinwuji.com\/wp-content\/uploads\/2021\/03\/bg-fancy-Lion-OPT.jpg","width":1600,"height":900},{"@type":"BreadcrumbList","@id":"https:\/\/shaolinwuji.com\/fr\/bien-etre-developpement-energie\/#breadcrumb","itemListElement":[{"@type":"ListItem","position":1,"name":"Meditation","item":"https:\/\/shaolinwuji.com\/fr\/"},{"@type":"ListItem","position":2,"name":"S\u00e9minaire Oc\u00e9an"}]},{"@type":"WebSite","@id":"https:\/\/shaolinwuji.com\/fr\/#website","url":"https:\/\/shaolinwuji.com\/fr\/","name":"Shaolin Wuji","description":"arts martiaux traditionnels - meditation - tai chi - chi kung ","publisher":{"@id":"https:\/\/shaolinwuji.com\/fr\/#organization"},"potentialAction":[{"@type":"SearchAction","target":{"@type":"EntryPoint","urlTemplate":"https:\/\/shaolinwuji.com\/fr\/?s={search_term_string}"},"query-input":{"@type":"PropertyValueSpecification","valueRequired":true,"valueName":"search_term_string"}}],"inLanguage":"fr-FR"},{"@type":"Organization","@id":"https:\/\/shaolinwuji.com\/fr\/#organization","name":"Shaolin Wuji Center","url":"https:\/\/shaolinwuji.com\/fr\/","logo":{"@type":"ImageObject","inLanguage":"fr-FR","@id":"https:\/\/shaolinwuji.com\/fr\/#\/schema\/logo\/image\/","url":"https:\/\/shaolinwuji.com\/wp-content\/uploads\/2021\/12\/C253A8BF-EF93-43C6-BC96-F59A4A8CA2D6-2.jpeg","contentUrl":"https:\/\/shaolinwuji.com\/wp-content\/uploads\/2021\/12\/C253A8BF-EF93-43C6-BC96-F59A4A8CA2D6-2.jpeg","width":355,"height":210,"caption":"Shaolin Wuji Center"},"image":{"@id":"https:\/\/shaolinwuji.com\/fr\/#\/schema\/logo\/image\/"}}]}},"_links":{"self":[{"href":"https:\/\/shaolinwuji.com\/fr\/wp-json\/wp\/v2\/pages\/4470","targetHints":{"allow":["GET"]}}],"collection":[{"href":"https:\/\/shaolinwuji.com\/fr\/wp-json\/wp\/v2\/pages"}],"about":[{"href":"https:\/\/shaolinwuji.com\/fr\/wp-json\/wp\/v2\/types\/page"}],"author":[{"embeddable":true,"href":"https:\/\/shaolinwuji.com\/fr\/wp-json\/wp\/v2\/users\/3"}],"replies":[{"embeddable":true,"href":"https:\/\/shaolinwuji.com\/fr\/wp-json\/wp\/v2\/comments?post=4470"}],"version-history":[{"count":34,"href":"https:\/\/shaolinwuji.com\/fr\/wp-json\/wp\/v2\/pages\/4470\/revisions"}],"predecessor-version":[{"id":4741,"href":"https:\/\/shaolinwuji.com\/fr\/wp-json\/wp\/v2\/pages\/4470\/revisions\/4741"}],"wp:featuredmedia":[{"embeddable":true,"href":"https:\/\/shaolinwuji.com\/fr\/wp-json\/wp\/v2\/media\/3638"}],"wp:attachment":[{"href":"https:\/\/shaolinwuji.com\/fr\/wp-json\/wp\/v2\/media?parent=4470"}],"curies":[{"name":"wp","href":"https:\/\/api.w.org\/{rel}","templated":true}]}}