{"id":4219,"date":"2022-01-28T09:10:28","date_gmt":"2022-01-28T14:10:28","guid":{"rendered":"https:\/\/staging.shaolinwuji.com\/?page_id=4219"},"modified":"2024-01-15T10:17:50","modified_gmt":"2024-01-15T15:17:50","slug":"fondation-shaolin","status":"publish","type":"page","link":"https:\/\/shaolinwuji.com\/fr\/fondation-shaolin\/","title":{"rendered":"Fondation Shaolin"},"content":{"rendered":"<div class=\"wpb-content-wrapper\"><p>[vc_row full_width=\u00a0\u00bbstretch_row\u00a0\u00bb equal_height=\u00a0\u00bbyes\u00a0\u00bb content_placement=\u00a0\u00bbtop\u00a0\u00bb css=\u00a0\u00bb.vc_custom_1620728231581{padding-top: 70px !important;padding-bottom: 50px !important;background-color: #ffffff !important;}\u00a0\u00bb el_id=\u00a0\u00bbwelcome\u00a0\u00bb el_class=\u00a0\u00bbmission-section foundation_section_wrapper\u00a0\u00bb][vc_column width=\u00a0\u00bb1\/3&Prime; css=\u00a0\u00bb.vc_custom_1678644882883{padding-bottom: 30px !important;background-image: url(https:\/\/shaolinwuji.com\/wp-content\/uploads\/2022\/02\/IMG_5922.jpg?id=4375) !important;background-position: center !important;background-repeat: no-repeat !important;background-size: contain !important;}\u00a0\u00bb el_class=\u00a0\u00bbmission-heading-section\u00a0\u00bb]<div id=\"ultimate-heading-379769e18256cb21f\" class=\"uvc-heading ult-adjust-bottom-margin ultimate-heading-379769e18256cb21f uvc-506 \" data-hspacer=\"no_spacer\"  data-halign=\"left\" style=\"text-align:left\"><div class=\"uvc-heading-spacer no_spacer\" style=\"top\"><\/div><div class=\"uvc-sub-heading ult-responsive\"  data-ultimate-target='.uvc-heading.ultimate-heading-379769e18256cb21f .uvc-sub-heading '  data-responsive-json-new='{\"font-size\":\"\",\"line-height\":\"\"}'  style=\"font-weight:normal;\"><\/p>\n<h1>Notre Mission<\/h1>\n<p><\/div><\/div><div class=\"hr-thin style-double hr-left\" style=\"width: 70px;border-color: #2e2b36;border-top-width: 6px;\"><\/div>[\/vc_column][vc_column width=\u00a0\u00bb2\/3&Prime; css=\u00a0\u00bb.vc_custom_1620459180761{padding-bottom: 30px !important;}\u00a0\u00bb el_class=\u00a0\u00bbtetx-section\u00a0\u00bb][vc_column_text][\/vc_column_text][vc_column_text]<\/p>\n<h3><\/h3>\n<h3><\/h3>\n<h2 style=\"text-align: center;\">Accueillir, Stimuler &amp; Fortifier<\/h2>\n<h4 style=\"text-align: center;\"><span style=\"font-family: AvenirNext-Regular;\">Une d\u00e9marche de transformation int\u00e9grant la m\u00e9ditation, la m\u00e9decine chinoise \u00e0 travers le Qi Gong, le Chen Taiji Neigong et les arts martiaux internes traditionnels vers l\u2019atteinte du plein potentiel de bien-\u00eatre physique, mental et social par des enseignements adapt\u00e9s aux \u00eatres humains de tous les \u00e2ges, milieux, conditions et\u00a0handicaps\u00a0limitatifs.<\/span><\/h4>\n<p>[\/vc_column_text][\/vc_column][\/vc_row][vc_row full_width=\u00a0\u00bbstretch_row\u00a0\u00bb equal_height=\u00a0\u00bbyes\u00a0\u00bb content_placement=\u00a0\u00bbtop\u00a0\u00bb css=\u00a0\u00bb.vc_custom_1620728780053{padding-top: 70px !important;padding-bottom: 50px !important;background-color: #ececec !important;}\u00a0\u00bb el_class=\u00a0\u00bbfoundation-main-section foundation_section_wrapper\u00a0\u00bb][vc_column width=\u00a0\u00bb2\/3&Prime; css=\u00a0\u00bb.vc_custom_1678587289146{padding-bottom: 30px !important;background-position: center !important;background-repeat: no-repeat !important;background-size: contain !important;border-radius: 30px !important;}\u00a0\u00bb el_class=\u00a0\u00bbtext-left-section\u00a0\u00bb][vc_column_text el_class=\u00a0\u00bbtext-left-section\u00a0\u00bb][\/vc_column_text][\/vc_column][\/vc_row][vc_row full_width=\u00a0\u00bbstretch_row\u00a0\u00bb equal_height=\u00a0\u00bbyes\u00a0\u00bb content_placement=\u00a0\u00bbtop\u00a0\u00bb css=\u00a0\u00bb.vc_custom_1620728322501{padding-top: 70px !important;padding-bottom: 50px !important;background-color: #ffffff !important;}\u00a0\u00bb el_class=\u00a0\u00bbfoundation-main-section foundation_section_wrapper\u00a0\u00bb][vc_column width=\u00a0\u00bb2\/3&Prime; css=\u00a0\u00bb.vc_custom_1678586753870{padding-bottom: 30px !important;border-radius: 3px !important;}\u00a0\u00bb el_class=\u00a0\u00bbfoundation-main-text\u00a0\u00bb][vc_single_image image=\u00a0\u00bb3767&Prime; img_size=\u00a0\u00bblarge\u00a0\u00bb style=\u00a0\u00bbvc_box_shadow_3d\u00a0\u00bb]<div id=\"ultimate-heading-72269e18256cb2bd\" class=\"uvc-heading ult-adjust-bottom-margin ultimate-heading-72269e18256cb2bd uvc-928 foundation-section-text\" data-hspacer=\"no_spacer\"  data-halign=\"left\" style=\"text-align:left\"><div class=\"uvc-heading-spacer no_spacer\" style=\"top\"><\/div><div class=\"uvc-main-heading ult-responsive\"  data-ultimate-target='.uvc-heading.ultimate-heading-72269e18256cb2bd h1'  data-responsive-json-new='{\"font-size\":\"tablet_portrait:34px;\",\"line-height\":\"tablet_portrait:44px;\"}' ><h1 style=\"--font-weight:theme;margin-bottom:20px;\">Gu\u00e9rison &amp; Transformation<\/h1><\/div><div class=\"uvc-sub-heading ult-responsive\"  data-ultimate-target='.uvc-heading.ultimate-heading-72269e18256cb2bd .uvc-sub-heading '  data-responsive-json-new='{\"font-size\":\"\",\"line-height\":\"\"}'  style=\"font-weight:normal;\"><\/p>\n<div>\n<h5>Le Qi (l\u2019\u00e9nergie vitale) est le lien entre les \u00e9tats mentaux et physiques.<\/h5>\n<\/div>\n<div>\n<h5>Nous arrivons dans cette exp\u00e9rience de vie avec notre<span class=\"apple-converted-space\">\u00a0<\/span><strong>Qi<\/strong><span class=\"apple-converted-space\">\u00a0<\/span>ancestral; \u00ab\u00a0l\u2019\u00e9nergie vitale\u00a0\u00bb qui provient de nos parents et anc\u00eatres.<\/h5>\n<\/div>\n<div>\n<h5>Ce<span class=\"apple-converted-space\">\u00a0<\/span><strong>QI<\/strong><span class=\"apple-converted-space\">\u00a0<\/span>f\u00fbt influenc\u00e9 dans son \u00e9volution par les\u00a0\u00e9tats mentaux, physiques, \u00e9nerg\u00e9tiques et induits par les environnements climatiques, g\u00e9ographiques et sociaux de ceux-ci \/ celles-ci.<\/h5>\n<\/div>\n<div>\n<h5>Notre environnement interne, notre microcosme qui comprends; nos organes vitaux, leurs \u00e9nergies et leur \u00e9quilibre est influenc\u00e9 par nos habitudes de vie, nos sch\u00e9mas physiques, de pens\u00e9es et d\u2019\u00e9motions.<\/h5>\n<\/div>\n<div>\n<h5>Il est \u00e9galement influenc\u00e9 par l\u2019environnement externe dans lequel nous vivons et la consommation\u00a0par nos cinq sens, que cette dite consommation soit\u00a0consciente ou inconsciente.<\/h5>\n<\/div>\n<div>\n<h5>C\u2019est donc; l\u2019h\u00e9ritage avec lequel nous sommes li\u00e9s, nos sch\u00e9mas quotidiens et notre environnement qui dessinent notre exp\u00e9rience de vie.<\/h5>\n<\/div>\n<div>\n<p>&nbsp;<\/p><\/div>\n<div>\n<h5><strong>Mais une merveilleuse r\u00e9alit\u00e9 est \u00e0 notre port\u00e9e !<\/strong><\/h5>\n<\/div>\n<div>\n<p>&nbsp;<\/p><\/div>\n<div>\n<h5>Nous avons le pouvoir de transformer cette exp\u00e9rience de vie avec des m\u00e9thodes \u00ab\u00a0scientifiques\u00a0\u00bb donc; mesurables.<\/h5>\n<\/div>\n<div>\n<h5>Par la cultivation et le raffinement du Qi, du corps et de l\u2019esprit; un \u00e9tat de plus en plus conscient se manifeste, inf\u00e8re une profonde transformation d\u2019atmosph\u00e8re, \u00e9nerg\u00e9tique, mentale et physique extr\u00eamement satisfaisante, enrichissante, m\u00eame euphorisante !<\/h5>\n<\/div>\n<div>\n<h5>Selon la condition et l\u2019accord du m\u00e9decin; Il suffit de le d\u00e9sirer, de prendre la d\u00e9cision et \u00eatre bien guider afin de Cultiver, Raffiner &amp; Transformer notre corps, notre \u00e9nergie et notre esprit afin de r\u00e9aliser un \u00e9tat profond de bien \u00eatre qui aura un impact transcendant sur nous-m\u00eame et notre environnement.<\/h5>\n<\/div>\n<p><\/div><\/div><div class=\"hr-thin style-double hr-left\" style=\"width: 70px;border-color: #2e2b36;border-top-width: 6px;\"><\/div>[vc_column_text el_class=\u00a0\u00bbfoundation-section-dec\u00a0\u00bb][\/vc_column_text][\/vc_column][\/vc_row][vc_row full_width=\u00a0\u00bbstretch_row\u00a0\u00bb equal_height=\u00a0\u00bbyes\u00a0\u00bb content_placement=\u00a0\u00bbtop\u00a0\u00bb css=\u00a0\u00bb.vc_custom_1620728762936{padding-top: 70px !important;padding-bottom: 50px !important;background-color: #ececec !important;}\u00a0\u00bb el_class=\u00a0\u00bbfoundation-main-section foundation_section_wrapper\u00a0\u00bb][vc_column width=\u00a0\u00bb2\/3&Prime; css=\u00a0\u00bb.vc_custom_1620460356360{padding-bottom: 30px !important;}\u00a0\u00bb el_class=\u00a0\u00bbtext-left-section foundation-main-text\u00a0\u00bb][vc_column_text]<\/p>\n<h1>Quitter la d\u00e9pendance<\/h1>\n<hr \/>\n<hr \/>\n<p>[\/vc_column_text][vc_single_image image=\u00a0\u00bb3052&Prime; img_size=\u00a0\u00bblarge\u00a0\u00bb alignment=\u00a0\u00bbcenter\u00a0\u00bb style=\u00a0\u00bbvc_box_shadow_3d\u00a0\u00bb]<div id=\"ultimate-heading-423869e18256cb352\" class=\"uvc-heading ult-adjust-bottom-margin ultimate-heading-423869e18256cb352 uvc-7015 foundation-section-text\" data-hspacer=\"no_spacer\"  data-halign=\"left\" style=\"text-align:left\"><div class=\"uvc-heading-spacer no_spacer\" style=\"top\"><\/div><div class=\"uvc-sub-heading ult-responsive\"  data-ultimate-target='.uvc-heading.ultimate-heading-423869e18256cb352 .uvc-sub-heading '  data-responsive-json-new='{\"font-size\":\"\",\"line-height\":\"\"}'  style=\"font-weight:normal;\"><\/p>\n<h2><\/h2>\n<p><\/div><\/div><div class=\"hr-thin style-double hr-left\" style=\"width: 70px;border-color: #2e2b36;border-top-width: 6px;\"><\/div>[vc_column_text el_class=\u00a0\u00bbfoundation-section-dec\u00a0\u00bb]<\/p>\n<h5>La d\u00e9pendance semble \u00eatre un sch\u00e9ma r\u00e9p\u00e9titif destructeur inf\u00e9r\u00e9e par une carence physique, \u00e9nerg\u00e9tique, mentale, \u00e9motionnelle ou spirituelle.<\/h5>\n<h5>Elle appara\u00eet comme un substitut qui semble b\u00e9n\u00e9fique \u00e0 * court terme mais est destructeur \u00e0 * moyen &amp; long terme.<\/h5>\n<h5>M\u00eame une fois pleinement r\u00e9alis\u00e9e par la personne concern\u00e9e, Il peut \u00eatre tr\u00e8s difficile de s&rsquo;en d\u00e9faire dans le m\u00eame contexte de vie et habitudes, \u00e0 moins d&rsquo;avoir une guidance afin de <strong>renverser le tout.<\/strong><\/h5>\n<h5>Les arts martiaux internes traditionnels repr\u00e9sentent une <strong>voie de transformation<\/strong> extr\u00eamement efficace car elle contient l&rsquo;essence de la r\u00e9alisation, de la conqu\u00eate d&rsquo;une version m\u00e9diocre de nous m\u00eame qui f\u00fbt et qui n&rsquo;apparait plus que comme un souvenir avec le temps et la pratique.<\/h5>\n<h5>Si avec l&rsquo;accord d&rsquo;un m\u00e9decin professionnel une personne entame avec courage une d\u00e9marche de lib\u00e9ration, cette dite d\u00e9marche sera unique dans ses bases de d\u00e9part, ses d\u00e9fis, son \u00e9volution et sa r\u00e9alisation vers\u00a0<strong>la version transcend\u00e9e de nous m\u00eame !<\/strong><\/h5>\n<h5>Si aujourd\u2019hui, nous agissons comme hier, notre demain n\u2019apportera pas plus qu\u2019aujourd\u2019hui. Si nous faisons un gros effort avec du support pour penser, parler et agir mieux qu\u2019hier;<em> nos fruits de demain seront meilleurs qu\u2019aujourd\u2019hui.<\/em> \u201c\u00a0<strong>Les seules limites que nous avons sont celles que nous cr\u00e9ons nous-m\u00eame\u00a0\u00bb<\/strong><\/h5>\n<h5 style=\"text-align: left;\">Laotse disait:<\/h5>\n<h5 style=\"text-align: left;\"><strong>Un voyage de milles lieux commence par un pas !<\/strong><\/h5>\n<h5 style=\"text-align: left;\">Fon\u00e7ons vers un avenir meilleur aujourd&rsquo;hui !<\/h5>\n<h5><\/h5>\n<h5><\/h5>\n<p>[\/vc_column_text][\/vc_column][\/vc_row]<\/p>\n<\/div>","protected":false},"excerpt":{"rendered":"<p>[vc_row full_width=\u00a0\u00bbstretch_row\u00a0\u00bb equal_height=\u00a0\u00bbyes\u00a0\u00bb content_placement=\u00a0\u00bbtop\u00a0\u00bb css=\u00a0\u00bb.vc_custom_1620728231581{padding-top: 70px !important;padding-bottom: 50px !important;background-color: #ffffff !important;}\u00a0\u00bb el_id=\u00a0\u00bbwelcome\u00a0\u00bb el_class=\u00a0\u00bbmission-section foundation_section_wrapper\u00a0\u00bb][vc_column width=\u00a0\u00bb1\/3&Prime; css=\u00a0\u00bb.vc_custom_1678644882883{padding-bottom: 30px !important;background-image: url(https:\/\/shaolinwuji.com\/wp-content\/uploads\/2022\/02\/IMG_5922.jpg?id=4375) !important;background-position: center !important;background-repeat: no-repeat !important;background-size: contain !important;}\u00a0\u00bb el_class=\u00a0\u00bbmission-heading-section\u00a0\u00bb][\/vc_column][vc_column width=\u00a0\u00bb2\/3&Prime; css=\u00a0\u00bb.vc_custom_1620459180761{padding-bottom: 30px !important;}\u00a0\u00bb el_class=\u00a0\u00bbtetx-section\u00a0\u00bb][vc_column_text][\/vc_column_text][vc_column_text] Accueillir, Stimuler &amp; Fortifier Une d\u00e9marche de transformation int\u00e9grant la m\u00e9ditation, la m\u00e9decine chinoise \u00e0 travers le Qi Gong, le Chen Taiji Neigong&hellip;<\/p>\n","protected":false},"author":3,"featured_media":1644,"parent":0,"menu_order":1000,"comment_status":"closed","ping_status":"closed","template":"template-microsite.php","meta":{"footnotes":""},"class_list":["post-4219","page","type-page","status-publish","has-post-thumbnail","hentry","description-off"],"yoast_head":"<!-- This site is optimized with the Yoast SEO plugin v27.4 - https:\/\/yoast.com\/product\/yoast-seo-wordpress\/ -->\n<title>Fondation Shaolin - Shaolin Wuji<\/title>\n<meta name=\"robots\" content=\"index, follow, max-snippet:-1, max-image-preview:large, max-video-preview:-1\" \/>\n<link rel=\"canonical\" href=\"https:\/\/shaolinwuji.com\/fr\/fondation-shaolin\/\" \/>\n<meta property=\"og:locale\" content=\"fr_FR\" \/>\n<meta property=\"og:type\" content=\"article\" \/>\n<meta property=\"og:title\" content=\"Fondation Shaolin - Shaolin Wuji\" \/>\n<meta property=\"og:description\" content=\"[vc_row full_width=\u00a0\u00bbstretch_row\u00a0\u00bb equal_height=\u00a0\u00bbyes\u00a0\u00bb content_placement=\u00a0\u00bbtop\u00a0\u00bb css=\u00a0\u00bb.vc_custom_1620728231581{padding-top: 70px !important;padding-bottom: 50px !important;background-color: #ffffff !important;}\u00a0\u00bb el_id=\u00a0\u00bbwelcome\u00a0\u00bb el_class=\u00a0\u00bbmission-section foundation_section_wrapper\u00a0\u00bb][vc_column width=\u00a0\u00bb1\/3&Prime; css=\u00a0\u00bb.vc_custom_1678644882883{padding-bottom: 30px !important;background-image: url(https:\/\/shaolinwuji.com\/wp-content\/uploads\/2022\/02\/IMG_5922.jpg?id=4375) !important;background-position: center !important;background-repeat: no-repeat !important;background-size: contain !important;}\u00a0\u00bb el_class=\u00a0\u00bbmission-heading-section\u00a0\u00bb][\/vc_column][vc_column width=\u00a0\u00bb2\/3&Prime; css=\u00a0\u00bb.vc_custom_1620459180761{padding-bottom: 30px !important;}\u00a0\u00bb el_class=\u00a0\u00bbtetx-section\u00a0\u00bb][vc_column_text][\/vc_column_text][vc_column_text] Accueillir, Stimuler &amp; Fortifier Une d\u00e9marche de transformation int\u00e9grant la m\u00e9ditation, la m\u00e9decine chinoise \u00e0 travers le Qi Gong, le Chen Taiji Neigong&hellip;\" \/>\n<meta property=\"og:url\" content=\"https:\/\/shaolinwuji.com\/fr\/fondation-shaolin\/\" \/>\n<meta property=\"og:site_name\" content=\"Shaolin Wuji\" \/>\n<meta property=\"article:modified_time\" content=\"2024-01-15T15:17:50+00:00\" \/>\n<meta property=\"og:image\" content=\"https:\/\/shaolinwuji.com\/wp-content\/uploads\/2021\/02\/Mont-Shaoshi-scaled-e1678645029221.jpg\" \/>\n\t<meta property=\"og:image:width\" content=\"1200\" \/>\n\t<meta property=\"og:image:height\" content=\"1600\" \/>\n\t<meta property=\"og:image:type\" content=\"image\/jpeg\" \/>\n<meta name=\"twitter:card\" content=\"summary_large_image\" \/>\n<meta name=\"twitter:label1\" content=\"Dur\u00e9e de lecture estim\u00e9e\" \/>\n\t<meta name=\"twitter:data1\" content=\"4 minutes\" \/>\n<script type=\"application\/ld+json\" class=\"yoast-schema-graph\">{\"@context\":\"https:\\\/\\\/schema.org\",\"@graph\":[{\"@type\":\"WebPage\",\"@id\":\"https:\\\/\\\/shaolinwuji.com\\\/fr\\\/fondation-shaolin\\\/\",\"url\":\"https:\\\/\\\/shaolinwuji.com\\\/fr\\\/fondation-shaolin\\\/\",\"name\":\"Fondation Shaolin - Shaolin Wuji\",\"isPartOf\":{\"@id\":\"https:\\\/\\\/shaolinwuji.com\\\/fr\\\/#website\"},\"primaryImageOfPage\":{\"@id\":\"https:\\\/\\\/shaolinwuji.com\\\/fr\\\/fondation-shaolin\\\/#primaryimage\"},\"image\":{\"@id\":\"https:\\\/\\\/shaolinwuji.com\\\/fr\\\/fondation-shaolin\\\/#primaryimage\"},\"thumbnailUrl\":\"https:\\\/\\\/shaolinwuji.com\\\/wp-content\\\/uploads\\\/2021\\\/02\\\/Mont-Shaoshi-scaled-e1678645029221.jpg\",\"datePublished\":\"2022-01-28T14:10:28+00:00\",\"dateModified\":\"2024-01-15T15:17:50+00:00\",\"breadcrumb\":{\"@id\":\"https:\\\/\\\/shaolinwuji.com\\\/fr\\\/fondation-shaolin\\\/#breadcrumb\"},\"inLanguage\":\"fr-FR\",\"potentialAction\":[{\"@type\":\"ReadAction\",\"target\":[\"https:\\\/\\\/shaolinwuji.com\\\/fr\\\/fondation-shaolin\\\/\"]}]},{\"@type\":\"ImageObject\",\"inLanguage\":\"fr-FR\",\"@id\":\"https:\\\/\\\/shaolinwuji.com\\\/fr\\\/fondation-shaolin\\\/#primaryimage\",\"url\":\"https:\\\/\\\/shaolinwuji.com\\\/wp-content\\\/uploads\\\/2021\\\/02\\\/Mont-Shaoshi-scaled-e1678645029221.jpg\",\"contentUrl\":\"https:\\\/\\\/shaolinwuji.com\\\/wp-content\\\/uploads\\\/2021\\\/02\\\/Mont-Shaoshi-scaled-e1678645029221.jpg\",\"width\":1200,\"height\":1600,\"caption\":\"Exterior view from Bodhidharma's Cave\"},{\"@type\":\"BreadcrumbList\",\"@id\":\"https:\\\/\\\/shaolinwuji.com\\\/fr\\\/fondation-shaolin\\\/#breadcrumb\",\"itemListElement\":[{\"@type\":\"ListItem\",\"position\":1,\"name\":\"Meditation\",\"item\":\"https:\\\/\\\/shaolinwuji.com\\\/fr\\\/\"},{\"@type\":\"ListItem\",\"position\":2,\"name\":\"Fondation Shaolin\"}]},{\"@type\":\"WebSite\",\"@id\":\"https:\\\/\\\/shaolinwuji.com\\\/fr\\\/#website\",\"url\":\"https:\\\/\\\/shaolinwuji.com\\\/fr\\\/\",\"name\":\"Shaolin Wuji\",\"description\":\"arts martiaux traditionnels - meditation - tai chi - chi kung \",\"publisher\":{\"@id\":\"https:\\\/\\\/shaolinwuji.com\\\/fr\\\/#organization\"},\"potentialAction\":[{\"@type\":\"SearchAction\",\"target\":{\"@type\":\"EntryPoint\",\"urlTemplate\":\"https:\\\/\\\/shaolinwuji.com\\\/fr\\\/?s={search_term_string}\"},\"query-input\":{\"@type\":\"PropertyValueSpecification\",\"valueRequired\":true,\"valueName\":\"search_term_string\"}}],\"inLanguage\":\"fr-FR\"},{\"@type\":\"Organization\",\"@id\":\"https:\\\/\\\/shaolinwuji.com\\\/fr\\\/#organization\",\"name\":\"Shaolin Wuji Center\",\"url\":\"https:\\\/\\\/shaolinwuji.com\\\/fr\\\/\",\"logo\":{\"@type\":\"ImageObject\",\"inLanguage\":\"fr-FR\",\"@id\":\"https:\\\/\\\/shaolinwuji.com\\\/fr\\\/#\\\/schema\\\/logo\\\/image\\\/\",\"url\":\"https:\\\/\\\/shaolinwuji.com\\\/wp-content\\\/uploads\\\/2021\\\/12\\\/C253A8BF-EF93-43C6-BC96-F59A4A8CA2D6-2.jpeg\",\"contentUrl\":\"https:\\\/\\\/shaolinwuji.com\\\/wp-content\\\/uploads\\\/2021\\\/12\\\/C253A8BF-EF93-43C6-BC96-F59A4A8CA2D6-2.jpeg\",\"width\":355,\"height\":210,\"caption\":\"Shaolin Wuji Center\"},\"image\":{\"@id\":\"https:\\\/\\\/shaolinwuji.com\\\/fr\\\/#\\\/schema\\\/logo\\\/image\\\/\"}}]}<\/script>\n<!-- \/ Yoast SEO plugin. -->","yoast_head_json":{"title":"Fondation Shaolin - Shaolin Wuji","robots":{"index":"index","follow":"follow","max-snippet":"max-snippet:-1","max-image-preview":"max-image-preview:large","max-video-preview":"max-video-preview:-1"},"canonical":"https:\/\/shaolinwuji.com\/fr\/fondation-shaolin\/","og_locale":"fr_FR","og_type":"article","og_title":"Fondation Shaolin - Shaolin Wuji","og_description":"[vc_row full_width=\u00a0\u00bbstretch_row\u00a0\u00bb equal_height=\u00a0\u00bbyes\u00a0\u00bb content_placement=\u00a0\u00bbtop\u00a0\u00bb css=\u00a0\u00bb.vc_custom_1620728231581{padding-top: 70px !important;padding-bottom: 50px !important;background-color: #ffffff !important;}\u00a0\u00bb el_id=\u00a0\u00bbwelcome\u00a0\u00bb el_class=\u00a0\u00bbmission-section foundation_section_wrapper\u00a0\u00bb][vc_column width=\u00a0\u00bb1\/3&Prime; css=\u00a0\u00bb.vc_custom_1678644882883{padding-bottom: 30px !important;background-image: url(https:\/\/shaolinwuji.com\/wp-content\/uploads\/2022\/02\/IMG_5922.jpg?id=4375) !important;background-position: center !important;background-repeat: no-repeat !important;background-size: contain !important;}\u00a0\u00bb el_class=\u00a0\u00bbmission-heading-section\u00a0\u00bb][\/vc_column][vc_column width=\u00a0\u00bb2\/3&Prime; css=\u00a0\u00bb.vc_custom_1620459180761{padding-bottom: 30px !important;}\u00a0\u00bb el_class=\u00a0\u00bbtetx-section\u00a0\u00bb][vc_column_text][\/vc_column_text][vc_column_text] Accueillir, Stimuler &amp; Fortifier Une d\u00e9marche de transformation int\u00e9grant la m\u00e9ditation, la m\u00e9decine chinoise \u00e0 travers le Qi Gong, le Chen Taiji Neigong&hellip;","og_url":"https:\/\/shaolinwuji.com\/fr\/fondation-shaolin\/","og_site_name":"Shaolin Wuji","article_modified_time":"2024-01-15T15:17:50+00:00","og_image":[{"width":1200,"height":1600,"url":"https:\/\/shaolinwuji.com\/wp-content\/uploads\/2021\/02\/Mont-Shaoshi-scaled-e1678645029221.jpg","type":"image\/jpeg"}],"twitter_card":"summary_large_image","twitter_misc":{"Dur\u00e9e de lecture estim\u00e9e":"4 minutes"},"schema":{"@context":"https:\/\/schema.org","@graph":[{"@type":"WebPage","@id":"https:\/\/shaolinwuji.com\/fr\/fondation-shaolin\/","url":"https:\/\/shaolinwuji.com\/fr\/fondation-shaolin\/","name":"Fondation Shaolin - Shaolin Wuji","isPartOf":{"@id":"https:\/\/shaolinwuji.com\/fr\/#website"},"primaryImageOfPage":{"@id":"https:\/\/shaolinwuji.com\/fr\/fondation-shaolin\/#primaryimage"},"image":{"@id":"https:\/\/shaolinwuji.com\/fr\/fondation-shaolin\/#primaryimage"},"thumbnailUrl":"https:\/\/shaolinwuji.com\/wp-content\/uploads\/2021\/02\/Mont-Shaoshi-scaled-e1678645029221.jpg","datePublished":"2022-01-28T14:10:28+00:00","dateModified":"2024-01-15T15:17:50+00:00","breadcrumb":{"@id":"https:\/\/shaolinwuji.com\/fr\/fondation-shaolin\/#breadcrumb"},"inLanguage":"fr-FR","potentialAction":[{"@type":"ReadAction","target":["https:\/\/shaolinwuji.com\/fr\/fondation-shaolin\/"]}]},{"@type":"ImageObject","inLanguage":"fr-FR","@id":"https:\/\/shaolinwuji.com\/fr\/fondation-shaolin\/#primaryimage","url":"https:\/\/shaolinwuji.com\/wp-content\/uploads\/2021\/02\/Mont-Shaoshi-scaled-e1678645029221.jpg","contentUrl":"https:\/\/shaolinwuji.com\/wp-content\/uploads\/2021\/02\/Mont-Shaoshi-scaled-e1678645029221.jpg","width":1200,"height":1600,"caption":"Exterior view from Bodhidharma's Cave"},{"@type":"BreadcrumbList","@id":"https:\/\/shaolinwuji.com\/fr\/fondation-shaolin\/#breadcrumb","itemListElement":[{"@type":"ListItem","position":1,"name":"Meditation","item":"https:\/\/shaolinwuji.com\/fr\/"},{"@type":"ListItem","position":2,"name":"Fondation Shaolin"}]},{"@type":"WebSite","@id":"https:\/\/shaolinwuji.com\/fr\/#website","url":"https:\/\/shaolinwuji.com\/fr\/","name":"Shaolin Wuji","description":"arts martiaux traditionnels - meditation - tai chi - chi kung ","publisher":{"@id":"https:\/\/shaolinwuji.com\/fr\/#organization"},"potentialAction":[{"@type":"SearchAction","target":{"@type":"EntryPoint","urlTemplate":"https:\/\/shaolinwuji.com\/fr\/?s={search_term_string}"},"query-input":{"@type":"PropertyValueSpecification","valueRequired":true,"valueName":"search_term_string"}}],"inLanguage":"fr-FR"},{"@type":"Organization","@id":"https:\/\/shaolinwuji.com\/fr\/#organization","name":"Shaolin Wuji Center","url":"https:\/\/shaolinwuji.com\/fr\/","logo":{"@type":"ImageObject","inLanguage":"fr-FR","@id":"https:\/\/shaolinwuji.com\/fr\/#\/schema\/logo\/image\/","url":"https:\/\/shaolinwuji.com\/wp-content\/uploads\/2021\/12\/C253A8BF-EF93-43C6-BC96-F59A4A8CA2D6-2.jpeg","contentUrl":"https:\/\/shaolinwuji.com\/wp-content\/uploads\/2021\/12\/C253A8BF-EF93-43C6-BC96-F59A4A8CA2D6-2.jpeg","width":355,"height":210,"caption":"Shaolin Wuji Center"},"image":{"@id":"https:\/\/shaolinwuji.com\/fr\/#\/schema\/logo\/image\/"}}]}},"_links":{"self":[{"href":"https:\/\/shaolinwuji.com\/fr\/wp-json\/wp\/v2\/pages\/4219","targetHints":{"allow":["GET"]}}],"collection":[{"href":"https:\/\/shaolinwuji.com\/fr\/wp-json\/wp\/v2\/pages"}],"about":[{"href":"https:\/\/shaolinwuji.com\/fr\/wp-json\/wp\/v2\/types\/page"}],"author":[{"embeddable":true,"href":"https:\/\/shaolinwuji.com\/fr\/wp-json\/wp\/v2\/users\/3"}],"replies":[{"embeddable":true,"href":"https:\/\/shaolinwuji.com\/fr\/wp-json\/wp\/v2\/comments?post=4219"}],"version-history":[{"count":107,"href":"https:\/\/shaolinwuji.com\/fr\/wp-json\/wp\/v2\/pages\/4219\/revisions"}],"predecessor-version":[{"id":6571,"href":"https:\/\/shaolinwuji.com\/fr\/wp-json\/wp\/v2\/pages\/4219\/revisions\/6571"}],"wp:featuredmedia":[{"embeddable":true,"href":"https:\/\/shaolinwuji.com\/fr\/wp-json\/wp\/v2\/media\/1644"}],"wp:attachment":[{"href":"https:\/\/shaolinwuji.com\/fr\/wp-json\/wp\/v2\/media?parent=4219"}],"curies":[{"name":"wp","href":"https:\/\/api.w.org\/{rel}","templated":true}]}}