{"id":3697,"date":"2021-09-16T20:00:05","date_gmt":"2021-09-16T20:00:05","guid":{"rendered":"https:\/\/staging.shaolinwuji.com\/seminars\/"},"modified":"2026-04-26T10:37:26","modified_gmt":"2026-04-26T14:37:26","slug":"seminaire-ocean-2026","status":"publish","type":"page","link":"https:\/\/shaolinwuji.com\/fr\/seminaire-ocean-2026\/","title":{"rendered":"S\u00e9minaire Oc\u00e9an 2026"},"content":{"rendered":"<div class=\"wpb-content-wrapper\"><p>[vc_row equal_height=\u00a0\u00bbyes\u00a0\u00bb content_placement=\u00a0\u00bbtop\u00a0\u00bb css=\u00a0\u00bb.vc_custom_1571477891398{padding-top: 70px !important;padding-bottom: 50px !important;}\u00a0\u00bb][vc_column][vc_column_text css=\u00a0\u00bb.vc_custom_1763579976285{background-position: center !important;background-repeat: no-repeat !important;background-size: contain !important;border-radius: 3px !important;}\u00a0\u00bb]<\/p>\n<h3 style=\"text-align: center;\"><em><span style=\"color: #000000;\">Les b\u00e9n\u00e9fices divins de <strong>gu\u00e9rison <\/strong>de<strong> l\u2019air salin, de l\u2019oc\u00e9an, du soleil.<\/strong><\/span><\/em><\/h3>\n<h3 style=\"text-align: center;\"><em><span style=\"color: #000000;\">Dans un contexte d\u2019introspection, de d\u00e9passement et de r<strong>encontre avec soi-m\u00eame.<\/strong><\/span><\/em><\/h3>\n<h3 style=\"text-align: center;\"><em><span style=\"color: #000000;\">Hors des paradigmes r\u00e9guliers, afin de <strong>vaincre nos programmations<\/strong>, nos limitations.<\/span><\/em><\/h3>\n<h3 style=\"text-align: center;\"><em><span style=\"color: #000000;\">Se transformer <strong>vers une version meilleure et\u00a0renouvel\u00e9e de nous-m\u00eame <\/strong>\u00e0 travers la pratique d\u2019un art martial traditionnel.<\/span><\/em><\/h3>\n<h3 style=\"text-align: center;\"><em><span style=\"color: #000000;\">Les arts martiaux traditionnels semblent \u00eatre associ\u00e9 au <strong>bien-\u00eatre psychologique,<\/strong> notamment \u00e0 la <strong>r\u00e9duction du stress,<\/strong> de l&rsquo;anxi\u00e9t\u00e9, de la d\u00e9pression et des troubles de l&rsquo;humeur, ainsi qu&rsquo;une augmentation de l&rsquo;estime de soi.<\/span><\/em><\/h3>\n<ul>\n<li><em><span style=\"color: #000000;\">Enseignement bas\u00e9 et adapt\u00e9 au niveau de sant\u00e9 de l&rsquo;adepte.<\/span><\/em><\/li>\n<\/ul>\n<p>[\/vc_column_text][vc_column_text css=\u00a0\u00bb.vc_custom_1777214245313{background-color: #000000 !important;background-position: center !important;background-repeat: no-repeat !important;background-size: cover !important;border-radius: 5px !important;}\u00a0\u00bb]<\/p>\n<h2 style=\"font-weight: 400; text-align: center;\"><span style=\"color: #ffffff;\"><strong>SEMINAIRE OC\u00c9AN<\/strong><\/span><\/h2>\n<h3 style=\"font-weight: 400; text-align: center;\"><span style=\"color: #ffffff;\"><em><strong>T\u00e9moignages \/ Testimonials<\/strong><\/em><\/span><\/h3>\n<p>&nbsp;<\/p>\n<p>&nbsp;<\/p>\n<p style=\"font-weight: 400; text-align: center;\"><span style=\"color: #ffffff;\"><em>\u201cThe Shaolin Wuji Ocean Seminar was truly exceptional and transportive. Practicing along the Cuban sea shore made the experience integrate profoundly as we connected with the life force of nature. I arrived home feeling more grounded in myself with a deep sense of joyful peace. I move and stand with a new presence and feel empowered. Thank you for this powerful experience.\u201d<\/em><\/span><\/p>\n<p style=\"font-weight: 400; text-align: center;\"><span style=\"color: #ffffff;\"><em>HOLLY 40 SOME YEARS OLD \u2013 SCHOOL ADMINITRATIVE RESPONSABLE <\/em><\/span><\/p>\n<p style=\"font-weight: 400; text-align: center;\"><span style=\"color: #ffffff;\"><em>1 MONTH EXPERIENCE &#8211;&nbsp; SO 2023<\/em><\/span><\/p>\n<p>&nbsp;<\/p>\n<p style=\"font-weight: 400; text-align: center;\"><span style=\"color: #ffffff;\"><em>On the last 2 days when doing extended basic skills, I had the connection and understanding of the double spiral you are always talking about. I had some control of its actions, shoulders down, head high. It was a cool feeling. I also felt more deeply rooted, and that it was the beginning of something. Patience is something I need practice on as I want things more immediate, but I also realize that it\u2019s not the destination but the journey and that there a lot of interesting and wonderful things along the way.<\/em><\/span><\/p>\n<p style=\"font-weight: 400; text-align: center;\"><span style=\"color: #ffffff;\"><em>BRIAN 60 SOME YEARS OLD \u2013 BUSINESS OWNER<\/em><\/span><\/p>\n<p style=\"text-align: center;\"><span style=\"color: #ffffff;\">11 YEARS EXPERIENCE &#8211; SE 2015-2016-2023<\/span><\/p>\n<p>&nbsp;<\/p>\n<p style=\"font-weight: 400; text-align: center;\"><span style=\"color: #ffffff;\"><em>Je n\u2019ai jamais v\u00e9cu une semaine aussi intense<\/em><\/span><\/p>\n<p style=\"font-weight: 400; text-align: center;\"><span style=\"color: #ffffff;\"><em>Pour \u00eatre franche c\u2019\u00e9tait difficile, je devais me pousser presque \u00e0 chaque cours pour poursuivre. Je n\u2019avais jamais senti autant d\u2019\u00e9nergie dans mon corps.<\/em><\/span><\/p>\n<p style=\"font-weight: 400; text-align: center;\"><span style=\"color: #ffffff;\"><em>C\u2019\u00e9tait tellement intense dans mon corps qu\u2019il y avait un genre de balancement constant.<\/em><\/span><\/p>\n<p style=\"font-weight: 400; text-align: center;\"><span style=\"color: #ffffff;\"><em>CHANTAL 50 SOME YEARS OLD \u2013 MEDICAL SUPPORT<\/em><\/span><\/p>\n<p style=\"text-align: center;\"><span style=\"color: #ffffff;\">6 YEARS EXPERIENCE &#8211; S0 2021-2022-2024<\/span><\/p>\n<p>&nbsp;<\/p>\n<p style=\"text-align: center;\"><span style=\"color: #ffffff;\"><i style=\"font-weight: 400;\">Cette exp\u00e9rience f\u00fbt mon d\u00e9fi physique et mentale le plus intense \u00e0 ce jour, c\u2019est difficile \u00e0 expliquer ce qu\u2019on peut ressentir lors de cette exp\u00e9rience hors du commun, c\u2019est comme si tout ce qui \u00e9tait bloqu\u00e9 d\u00e9bloque autant au niveau physique que mentale, ma vie a chang\u00e9 et cela a pris une semaine pour partir la machine, \u00e7a fait maintenant 3 mois et tous les aspects de ma vie on chang\u00e9s, ma compagnie \u00e0&nbsp;<\/i><span style=\"caret-color: #003366;\"><i>fructifi\u00e9e et&nbsp;<\/i><\/span><i style=\"font-weight: 400;\">mes relations ce sont assainies.<\/i><\/span><\/p>\n<p style=\"font-weight: 400; text-align: center;\"><span style=\"color: #ffffff;\"><em>MARC 50 SOME YEARS OLD FINANCIAL BUSINESS OWNER<\/em><\/span><\/p>\n<p style=\"text-align: center;\"><span style=\"color: #ffffff;\">3 MONTH EXPERIENCE &#8211; S0 2023-2024<\/span><\/p>\n<p>&nbsp;<\/p>\n<p style=\"font-weight: 400; text-align: center;\"><span style=\"color: #ffffff;\"><em>Dans le S\u00e9minaire, la pratique \u00e0 cet endroit. Rend et apporte une toute-autre dimension.<\/em><\/span><\/p>\n<p style=\"font-weight: 400; text-align: center;\"><span style=\"color: #ffffff;\"><em>Ces&nbsp;beaux moments&nbsp;d&rsquo;enseignements enrichissants et adapt\u00e9s, la pratique peux changer le cours d&rsquo;une vie.<\/em><\/span><\/p>\n<p style=\"font-weight: 400; text-align: center;\"><span style=\"color: #ffffff;\"><em>CHRISTIAN 40 SOME YEARS OLD&nbsp; TOWN WORKER<\/em><\/span><\/p>\n<p style=\"text-align: center;\"><span style=\"color: #ffffff;\">2 YEARS EXPERIENCE &#8211; SO 2023-2024<\/span><\/p>\n<p>&nbsp;<\/p>\n<p style=\"text-align: center;\"><span style=\"color: #ffffff;\">Environnement f\u00e9erique, temp\u00e9rature id\u00e9ale, plage sublime&#8230; Pratique approfondie, apprentissage intense, int\u00e9gration profonde&#8230; G\u00e9n\u00e9rosit\u00e9 dans l&rsquo;enseignement, nouvelles connaissances et sensations, amplification du Qi&#8230; Voici l&rsquo;exp\u00e9rience que j&rsquo;ai re\u00e7ue, la joie que j&rsquo;ai v\u00e9cue, et le souvenir que je retiens pour la continuit\u00e9&#8230; Merci pour toujours Shifu ! <\/span><\/p>\n<p style=\"text-align: center;\"><span style=\"color: #ffffff;\"><strong>C. 62 ans Reiki Healer &#8211; Debutante et pratiquante de Kriya Yoga.&nbsp; S0 2024<\/strong><\/span><\/p>\n<p>&nbsp;<\/p>\n<p style=\"text-align: center;\"><span style=\"color: #ffffff;\">\u00ab\u00a0Le passage de ce s\u00e9minaire dans ma vie est arriv\u00e9 au bon moment. Cette connexion \u00e0 moi-m\u00eame (corps, \u00e2me, valeurs) fut d&rsquo;une profondeur innattendue. J&rsquo;ai l&rsquo;impression que la pratique intensive dans un environnement inspirant et ressour\u00e7ant m&rsquo;a permis de toucher \u00e0 un espace auquel je croyais, mais que je n&rsquo;avais pas encore pu toucher, sentir, ressentir. \u00c7a m&rsquo;a permis de d\u00e9poser une confirmation et une claret\u00e9 de qui je suis r\u00e9ellement. Ma force interne et externe s&rsquo;est d\u00e9ploy\u00e9e davantage et je me sens immens\u00e9ment reconnaissante et en gratitude. &nbsp;<\/span><\/p>\n<p style=\"text-align: center;\"><span style=\"color: #ffffff;\"><strong>Manon 48 ans, Ost\u00e9opathe, 2 mois d&rsquo;exp\u00e9rience, pratiquante de Yoga depuis 20 ans. SO 2024-2025<\/strong><\/span><\/p>\n<p>&nbsp;<\/p>\n<p style=\"text-align: center;\"><span style=\"color: #ffffff;\">J&rsquo;en suis \u00e0 mon 3e s\u00e9minaire Oc\u00e9an avec Shaolin Wuji \u00e0 Cuba. \u00c0 chaque fois, ce fut une exp\u00e9rience tr\u00e8s plaisante et enrichissante. Je recommande fortement les s\u00e9minaires Oc\u00e9an \u00e0 tous ceux qui veulent vivre une exp\u00e9rience de pratique de qigong et taiji traditionnels chinois intense et ainsi approfondir leur pratique dans une ambiance relaxe et amicale. <\/span><\/p>\n<p style=\"text-align: center;\"><span style=\"color: #ffffff;\"><strong>Christian 40 ans, Chef Infirmier, 10 ans d&rsquo;exp\u00e9rience. SO 2019-2021-2024<\/strong><\/span><\/p>\n<p>&nbsp;<\/p>\n<p style=\"text-align: center;\"><span style=\"color: #ffffff;\">Lors de mon voyage au s\u00e9minaire oc\u00e9an, la pratique de Qi Gong intensive m\u2019a permis de revenir dans mon corps. Je me suis senti rempli de moi, mieux dans ma peau et plus en confiance. Avec une meilleure solidit\u00e9 dans mes jambes et plus de force physique. J\u2019ai \u00e9tabli une routine quotidienne qui me maintient dans cet espace et une semaine apr\u00e8s mon retour \u00e0 la maison, la joie m\u2019accompagne encore.<\/span><\/p>\n<p style=\"text-align: center;\"><span style=\"color: #ffffff;\"><strong>Julie 56 ans (accompagnatrice) 6 mois d&rsquo;exp\u00e9rience SO 2025<\/strong><\/span><\/p>\n<p>&nbsp;<\/p>\n<div dir=\"ltr\" style=\"text-align: center;\"><\/div>\n<div dir=\"ltr\" style=\"text-align: center;\"><span style=\"color: #ffffff;\">Au d\u00e9but de la semaine il y a eu de la peur, surtout peur de me blesser le dos, alors j\u2019\u00e9tais sur mes gardes. Mon cerveau prenait de la place, comparaison, peur, appr\u00e9hension, r\u00e9sistance.&nbsp;<\/span><\/div>\n<div dir=\"ltr\" style=\"text-align: center;\">\n<div dir=\"ltr\" style=\"text-align: center;\"><span style=\"color: #ffffff;\">Jour 4: il y a eu beaucoup de joie et une expansion vers ce que j\u2019appelle la meilleure version de moi; Ouverture, s\u00e9curit\u00e9, joie d\u2019enfant, rire.<\/span><\/div>\n<div dir=\"ltr\" style=\"text-align: center;\"><span style=\"color: #ffffff;\">Jour 5 : Un espace de paix et d\u2019ouverture du c\u0153ur c\u2019est fait.<\/span><\/div>\n<\/div>\n<div dir=\"ltr\">\n<div dir=\"ltr\" style=\"text-align: center;\"><span style=\"color: #ffffff;\">Jours 7: Je connecte avec toute la puissance, je connecte avec toute l\u2019intensit\u00e9 de cette semaine.<\/span><\/div>\n<div dir=\"ltr\" style=\"text-align: center;\"><span style=\"color: #ffffff;\">La force et la solidit\u00e9 que \u00e7a m\u2019a apport\u00e9 au fil des jours.<\/span><\/div>\n<div dir=\"ltr\" style=\"text-align: center;\"><span style=\"color: #ffffff;\">Je suis surprise aussi de l\u2019effet rapide de descendre en nous avec une connection peu commune. Je termine ma semaine avec une profonde et grande gratitude , merci du fond du c\u0153ur pour l\u2019apprentissage.&nbsp;<\/span><\/div>\n<div dir=\"ltr\"><\/div>\n<\/div>\n<div dir=\"ltr\" style=\"text-align: center;\"><span style=\"color: #ffffff;\"><strong>Manon 60 ans &#8211; 10 ans d&rsquo;exp\u00e9rience &lsquo;autre \u00e9cole&rsquo; SO 2025<\/strong><\/span><\/div>\n<div dir=\"ltr\"><\/div>\n<div dir=\"ltr\" style=\"text-align: center;\"><\/div>\n<div dir=\"ltr\" style=\"text-align: center;\"><span style=\"color: #ffffff;\">&#8212;<\/span><\/div>\n<div dir=\"ltr\"><\/div>\n<div dir=\"ltr\"><\/div>\n<div dir=\"ltr\"><\/div>\n<div dir=\"ltr\"><\/div>\n<div dir=\"ltr\">\n<div dir=\"ltr\"><\/div>\n<div dir=\"ltr\"><\/div>\n<div dir=\"ltr\"><\/div>\n<div dir=\"ltr\" style=\"text-align: center;\">\n<div dir=\"ltr\">\n<div dir=\"ltr\" style=\"text-align: center;\"><span style=\"color: #ffffff;\">Ce f\u00fbt une rencontre entre mon corps, mon esprit ,ma conscience et les diff\u00e9rents \u00e9l\u00e9ments de la nature. Une connection avec l\u2019eau de l\u2019oc\u00e9an, le feu du soleil , la terre et le vent. &nbsp;Ces \u00e9l\u00e9ments qui circulaient dans mon corps physique, sous la bonne garde de notre ma\u00eetre tout au long des sessions et enseignements. Une semaine magnifique , o\u00f9 la force des \u00e9l\u00e9ments prends tout son sens.<\/span><\/div>\n<div dir=\"ltr\"><\/div>\n<\/div>\n<div dir=\"ltr\" style=\"text-align: center;\"><span style=\"color: #ffffff;\"><strong>Joseph 62 ans homme d&rsquo;affaire &#8211; 1 ans d&rsquo;exp\u00e9rience SO 2025<\/strong><\/span><\/div>\n<\/div>\n<div dir=\"ltr\">\n<p>&nbsp;<\/p>\n<p style=\"text-align: center;\"><span style=\"color: #ffffff;\">Le S\u00e9minaire Oc\u00e9an f\u00fbt pour moi&nbsp;<\/span><\/p>\n<p style=\"text-align: center;\"><span style=\"color: #ffffff;\">tout autant une mont\u00e9e sur la vague du conscient&nbsp;<\/span><\/p>\n<p style=\"text-align: center;\"><span style=\"color: #ffffff;\">qu\u2019une subtile aspiration par la rivi\u00e8re souterraine&nbsp;<\/span><\/p>\n<p style=\"text-align: center;\"><span style=\"color: #ffffff;\">jusqu\u2019au c\u0153ur m\u00eame de la plus douce des b\u00e9n\u00e9dictions.&nbsp;<\/span><\/p>\n<p style=\"text-align: center;\"><span style=\"color: #ffffff;\"><strong>LAURAINE &#8211; CONSULTANT INTERNATIONAL<\/strong><\/span><\/p>\n<p>&nbsp;<\/p>\n<p style=\"text-align: center;\"><span style=\"color: #ffffff;\">J\u2019ai bien aim\u00e9 la semaine du s\u00e9minaire Oc\u00e9an. C\u2019est une semaine qui permet introspection et entra\u00eenement avec rigueur. Malgr\u00e9 que la semaine se passe dans un Tout-inclus dans le sud\u2026 ce n\u2019est pas une semaine de vacances! Les deux entra\u00eenements par jour sont demandants mais apportent un enrichissement. Shifu&nbsp;&nbsp;\u00c9rik est g\u00e9n\u00e9reux de son temps et offrent des discussions en profondeur pour permettre de cheminer dans notre pratique. Il s\u2019agit d\u2019un moment de qualit\u00e9 \u00e0 s\u2019offrir pour explorer davantage le Qi Gong et le Taiji dans une formule condens\u00e9e. Merci pour la belle organisation.<\/span><\/p>\n<p style=\"text-align: center;\"><span style=\"color: #ffffff;\"><strong>PASCAL &#8211; INGENIEUR &#8211; 47 ANS<\/strong><\/span><\/p>\n<p>&nbsp;<\/p>\n<p style=\"text-align: center;\"><span style=\"color: #ffffff;\">Mon 5e s\u00e9minaire oc\u00e9an, j\u2019en reviens&nbsp;&nbsp;pleine de lumi\u00e8re , d&rsquo;espace libre \u00e0 l&rsquo;int\u00e9rieur de moi, connect\u00e9e.&nbsp; Merci \u00e0 Shifu, qui sait nous guider graduellement \u00e0 nous m\u00eame en d\u00e9passant &nbsp;nos limites, pour \u00eatre de plus en plus \u00e9quilibr\u00e9s dans toutes nos parties sans le mental en constance.<\/span><\/p>\n<p style=\"text-align: center;\"><span style=\"color: #ffffff;\"><strong>CHANTAL &#8211; CONSULTANTE MEDICAL &#8211; 58 ANS&nbsp;<\/strong><\/span><\/p>\n<\/div>\n<div dir=\"ltr\" style=\"text-align: center;\">\n<p>&nbsp;<\/p>\n<\/div>\n<div dir=\"ltr\"><\/div>\n<p>&nbsp;<\/p>\n<\/div>\n<div dir=\"ltr\"><\/div>\n<div dir=\"ltr\" style=\"text-align: center;\">\n<div dir=\"ltr\" style=\"text-align: center;\"><\/div>\n<div dir=\"ltr\"><\/div>\n<\/div>\n<p>[\/vc_column_text][\/vc_column][\/vc_row]<\/p>\n<\/div>","protected":false},"excerpt":{"rendered":"<p>[vc_row equal_height=\u00a0\u00bbyes\u00a0\u00bb content_placement=\u00a0\u00bbtop\u00a0\u00bb css=\u00a0\u00bb.vc_custom_1571477891398{padding-top: 70px !important;padding-bottom: 50px !important;}\u00a0\u00bb][vc_column][vc_column_text css=\u00a0\u00bb.vc_custom_1763579976285{background-position: center !important;background-repeat: no-repeat !important;background-size: contain !important;border-radius: 3px !important;}\u00a0\u00bb] Les b\u00e9n\u00e9fices divins de gu\u00e9rison de l\u2019air salin, de l\u2019oc\u00e9an, du soleil. Dans un contexte d\u2019introspection, de d\u00e9passement et de rencontre avec soi-m\u00eame. Hors des paradigmes r\u00e9guliers, afin de vaincre nos programmations, nos limitations. Se transformer vers une&hellip;<\/p>\n","protected":false},"author":3,"featured_media":0,"parent":0,"menu_order":400,"comment_status":"closed","ping_status":"closed","template":"","meta":{"footnotes":""},"class_list":["post-3697","page","type-page","status-publish","hentry","description-off"],"yoast_head":"<!-- This site is optimized with the Yoast SEO plugin v27.5 - https:\/\/yoast.com\/product\/yoast-seo-wordpress\/ -->\n<title>S\u00e9minaire Oc\u00e9an 2026 - Shaolin Wuji S\u00e9minaire Oc\u00e9an<\/title>\n<meta name=\"description\" content=\"S\u00e9minaire Oc\u00e9an 2026\" \/>\n<meta name=\"robots\" content=\"index, follow, max-snippet:-1, max-image-preview:large, max-video-preview:-1\" \/>\n<link rel=\"canonical\" href=\"https:\/\/shaolinwuji.com\/fr\/seminaire-ocean-2026\/\" \/>\n<meta property=\"og:locale\" content=\"fr_FR\" \/>\n<meta property=\"og:type\" content=\"article\" \/>\n<meta property=\"og:title\" content=\"S\u00e9minaire Oc\u00e9an 2026 - Shaolin Wuji S\u00e9minaire Oc\u00e9an\" \/>\n<meta property=\"og:description\" content=\"S\u00e9minaire Oc\u00e9an 2026\" \/>\n<meta property=\"og:url\" content=\"https:\/\/shaolinwuji.com\/fr\/seminaire-ocean-2026\/\" \/>\n<meta property=\"og:site_name\" content=\"Shaolin Wuji\" \/>\n<meta property=\"article:modified_time\" content=\"2026-04-26T14:37:26+00:00\" \/>\n<meta name=\"twitter:card\" content=\"summary_large_image\" \/>\n<meta name=\"twitter:label1\" content=\"Dur\u00e9e de lecture estim\u00e9e\" \/>\n\t<meta name=\"twitter:data1\" content=\"7 minutes\" \/>\n<script type=\"application\/ld+json\" class=\"yoast-schema-graph\">{\"@context\":\"https:\\\/\\\/schema.org\",\"@graph\":[{\"@type\":\"WebPage\",\"@id\":\"https:\\\/\\\/shaolinwuji.com\\\/fr\\\/seminaire-ocean-2026\\\/\",\"url\":\"https:\\\/\\\/shaolinwuji.com\\\/fr\\\/seminaire-ocean-2026\\\/\",\"name\":\"S\u00e9minaire Oc\u00e9an 2026 - Shaolin Wuji S\u00e9minaire Oc\u00e9an\",\"isPartOf\":{\"@id\":\"https:\\\/\\\/shaolinwuji.com\\\/fr\\\/#website\"},\"datePublished\":\"2021-09-16T20:00:05+00:00\",\"dateModified\":\"2026-04-26T14:37:26+00:00\",\"description\":\"S\u00e9minaire Oc\u00e9an 2026\",\"breadcrumb\":{\"@id\":\"https:\\\/\\\/shaolinwuji.com\\\/fr\\\/seminaire-ocean-2026\\\/#breadcrumb\"},\"inLanguage\":\"fr-FR\",\"potentialAction\":[{\"@type\":\"ReadAction\",\"target\":[\"https:\\\/\\\/shaolinwuji.com\\\/fr\\\/seminaire-ocean-2026\\\/\"]}]},{\"@type\":\"BreadcrumbList\",\"@id\":\"https:\\\/\\\/shaolinwuji.com\\\/fr\\\/seminaire-ocean-2026\\\/#breadcrumb\",\"itemListElement\":[{\"@type\":\"ListItem\",\"position\":1,\"name\":\"Meditation\",\"item\":\"https:\\\/\\\/shaolinwuji.com\\\/fr\\\/\"},{\"@type\":\"ListItem\",\"position\":2,\"name\":\"S\u00e9minaire Oc\u00e9an 2026\"}]},{\"@type\":\"WebSite\",\"@id\":\"https:\\\/\\\/shaolinwuji.com\\\/fr\\\/#website\",\"url\":\"https:\\\/\\\/shaolinwuji.com\\\/fr\\\/\",\"name\":\"Shaolin Wuji\",\"description\":\"arts martiaux traditionnels - meditation - tai chi - chi kung \",\"publisher\":{\"@id\":\"https:\\\/\\\/shaolinwuji.com\\\/fr\\\/#organization\"},\"potentialAction\":[{\"@type\":\"SearchAction\",\"target\":{\"@type\":\"EntryPoint\",\"urlTemplate\":\"https:\\\/\\\/shaolinwuji.com\\\/fr\\\/?s={search_term_string}\"},\"query-input\":{\"@type\":\"PropertyValueSpecification\",\"valueRequired\":true,\"valueName\":\"search_term_string\"}}],\"inLanguage\":\"fr-FR\"},{\"@type\":\"Organization\",\"@id\":\"https:\\\/\\\/shaolinwuji.com\\\/fr\\\/#organization\",\"name\":\"Shaolin Wuji Center\",\"url\":\"https:\\\/\\\/shaolinwuji.com\\\/fr\\\/\",\"logo\":{\"@type\":\"ImageObject\",\"inLanguage\":\"fr-FR\",\"@id\":\"https:\\\/\\\/shaolinwuji.com\\\/fr\\\/#\\\/schema\\\/logo\\\/image\\\/\",\"url\":\"https:\\\/\\\/shaolinwuji.com\\\/wp-content\\\/uploads\\\/2021\\\/12\\\/C253A8BF-EF93-43C6-BC96-F59A4A8CA2D6-2.jpeg\",\"contentUrl\":\"https:\\\/\\\/shaolinwuji.com\\\/wp-content\\\/uploads\\\/2021\\\/12\\\/C253A8BF-EF93-43C6-BC96-F59A4A8CA2D6-2.jpeg\",\"width\":355,\"height\":210,\"caption\":\"Shaolin Wuji Center\"},\"image\":{\"@id\":\"https:\\\/\\\/shaolinwuji.com\\\/fr\\\/#\\\/schema\\\/logo\\\/image\\\/\"}}]}<\/script>\n<!-- \/ Yoast SEO plugin. -->","yoast_head_json":{"title":"S\u00e9minaire Oc\u00e9an 2026 - Shaolin Wuji S\u00e9minaire Oc\u00e9an","description":"S\u00e9minaire Oc\u00e9an 2026","robots":{"index":"index","follow":"follow","max-snippet":"max-snippet:-1","max-image-preview":"max-image-preview:large","max-video-preview":"max-video-preview:-1"},"canonical":"https:\/\/shaolinwuji.com\/fr\/seminaire-ocean-2026\/","og_locale":"fr_FR","og_type":"article","og_title":"S\u00e9minaire Oc\u00e9an 2026 - Shaolin Wuji S\u00e9minaire Oc\u00e9an","og_description":"S\u00e9minaire Oc\u00e9an 2026","og_url":"https:\/\/shaolinwuji.com\/fr\/seminaire-ocean-2026\/","og_site_name":"Shaolin Wuji","article_modified_time":"2026-04-26T14:37:26+00:00","twitter_card":"summary_large_image","twitter_misc":{"Dur\u00e9e de lecture estim\u00e9e":"7 minutes"},"schema":{"@context":"https:\/\/schema.org","@graph":[{"@type":"WebPage","@id":"https:\/\/shaolinwuji.com\/fr\/seminaire-ocean-2026\/","url":"https:\/\/shaolinwuji.com\/fr\/seminaire-ocean-2026\/","name":"S\u00e9minaire Oc\u00e9an 2026 - Shaolin Wuji S\u00e9minaire Oc\u00e9an","isPartOf":{"@id":"https:\/\/shaolinwuji.com\/fr\/#website"},"datePublished":"2021-09-16T20:00:05+00:00","dateModified":"2026-04-26T14:37:26+00:00","description":"S\u00e9minaire Oc\u00e9an 2026","breadcrumb":{"@id":"https:\/\/shaolinwuji.com\/fr\/seminaire-ocean-2026\/#breadcrumb"},"inLanguage":"fr-FR","potentialAction":[{"@type":"ReadAction","target":["https:\/\/shaolinwuji.com\/fr\/seminaire-ocean-2026\/"]}]},{"@type":"BreadcrumbList","@id":"https:\/\/shaolinwuji.com\/fr\/seminaire-ocean-2026\/#breadcrumb","itemListElement":[{"@type":"ListItem","position":1,"name":"Meditation","item":"https:\/\/shaolinwuji.com\/fr\/"},{"@type":"ListItem","position":2,"name":"S\u00e9minaire Oc\u00e9an 2026"}]},{"@type":"WebSite","@id":"https:\/\/shaolinwuji.com\/fr\/#website","url":"https:\/\/shaolinwuji.com\/fr\/","name":"Shaolin Wuji","description":"arts martiaux traditionnels - meditation - tai chi - chi kung ","publisher":{"@id":"https:\/\/shaolinwuji.com\/fr\/#organization"},"potentialAction":[{"@type":"SearchAction","target":{"@type":"EntryPoint","urlTemplate":"https:\/\/shaolinwuji.com\/fr\/?s={search_term_string}"},"query-input":{"@type":"PropertyValueSpecification","valueRequired":true,"valueName":"search_term_string"}}],"inLanguage":"fr-FR"},{"@type":"Organization","@id":"https:\/\/shaolinwuji.com\/fr\/#organization","name":"Shaolin Wuji Center","url":"https:\/\/shaolinwuji.com\/fr\/","logo":{"@type":"ImageObject","inLanguage":"fr-FR","@id":"https:\/\/shaolinwuji.com\/fr\/#\/schema\/logo\/image\/","url":"https:\/\/shaolinwuji.com\/wp-content\/uploads\/2021\/12\/C253A8BF-EF93-43C6-BC96-F59A4A8CA2D6-2.jpeg","contentUrl":"https:\/\/shaolinwuji.com\/wp-content\/uploads\/2021\/12\/C253A8BF-EF93-43C6-BC96-F59A4A8CA2D6-2.jpeg","width":355,"height":210,"caption":"Shaolin Wuji Center"},"image":{"@id":"https:\/\/shaolinwuji.com\/fr\/#\/schema\/logo\/image\/"}}]}},"_links":{"self":[{"href":"https:\/\/shaolinwuji.com\/fr\/wp-json\/wp\/v2\/pages\/3697","targetHints":{"allow":["GET"]}}],"collection":[{"href":"https:\/\/shaolinwuji.com\/fr\/wp-json\/wp\/v2\/pages"}],"about":[{"href":"https:\/\/shaolinwuji.com\/fr\/wp-json\/wp\/v2\/types\/page"}],"author":[{"embeddable":true,"href":"https:\/\/shaolinwuji.com\/fr\/wp-json\/wp\/v2\/users\/3"}],"replies":[{"embeddable":true,"href":"https:\/\/shaolinwuji.com\/fr\/wp-json\/wp\/v2\/comments?post=3697"}],"version-history":[{"count":129,"href":"https:\/\/shaolinwuji.com\/fr\/wp-json\/wp\/v2\/pages\/3697\/revisions"}],"predecessor-version":[{"id":8277,"href":"https:\/\/shaolinwuji.com\/fr\/wp-json\/wp\/v2\/pages\/3697\/revisions\/8277"}],"wp:attachment":[{"href":"https:\/\/shaolinwuji.com\/fr\/wp-json\/wp\/v2\/media?parent=3697"}],"curies":[{"name":"wp","href":"https:\/\/api.w.org\/{rel}","templated":true}]}}