{"id":3181,"date":"2021-02-15T19:54:47","date_gmt":"2021-02-15T19:54:47","guid":{"rendered":"https:\/\/staging.shaolinwuji.com\/embleme-ecole-shaolin-sutton\/"},"modified":"2022-09-03T11:32:53","modified_gmt":"2022-09-03T15:32:53","slug":"embleme-ecole-shaolin-sutton","status":"publish","type":"page","link":"https:\/\/shaolinwuji.com\/fr\/our-school\/embleme-ecole-shaolin-sutton\/","title":{"rendered":"Trois enseignements ne font qu&rsquo;un"},"content":{"rendered":"<div class=\"wpb-content-wrapper\"><p>[vc_row equal_height=\u00a0\u00bbyes\u00a0\u00bb content_placement=\u00a0\u00bbtop\u00a0\u00bb css=\u00a0\u00bb.vc_custom_1571477891398{padding-top: 70px !important;padding-bottom: 50px !important;}\u00a0\u00bb][vc_column width=\u00a0\u00bb1\/3&Prime; css=\u00a0\u00bb.vc_custom_1571477821281{padding-bottom: 30px !important;}\u00a0\u00bb]<div id=\"ultimate-heading-3069df3e890469c\" class=\"uvc-heading ult-adjust-bottom-margin ultimate-heading-3069df3e890469c uvc-4257 \" data-hspacer=\"no_spacer\"  data-halign=\"left\" style=\"text-align:left\"><div class=\"uvc-heading-spacer no_spacer\" style=\"top\"><\/div><div class=\"uvc-sub-heading ult-responsive\"  data-ultimate-target='.uvc-heading.ultimate-heading-3069df3e890469c .uvc-sub-heading '  data-responsive-json-new='{\"font-size\":\"\",\"line-height\":\"\"}'  style=\"font-weight:normal;\"><span style=\"font-size: 40px;\">\u4e09\u6559\u5408\u4e00<\/span><\/p>\n<p><strong><em><span class=\"Apple-style-span\">LAOZI 576-478 BC<\/span><\/em><\/strong><\/p>\n<p><strong><em><span class=\"Apple-style-span\">BUDDHA 563-483 BC<\/span><\/em><\/strong><\/p>\n<p><strong><em><span class=\"Apple-style-span\">CONFUCIUS 551-479 BC<\/span><\/em><\/strong><\/div><\/div><div class=\"hr-thin style-double hr-left\" style=\"width: 70px;border-color: #2e2b36;border-top-width: 6px;\"><\/div>[vc_single_image image=\u00a0\u00bb1747&Prime; img_size=\u00a0\u00bblarge\u00a0\u00bb css=\u00a0\u00bb.vc_custom_1614191999339{padding-top: 30px !important;}\u00a0\u00bb][\/vc_column][vc_column width=\u00a0\u00bb2\/3&Prime; css=\u00a0\u00bb.vc_custom_1613593299975{padding-top: 60px !important;padding-bottom: 30px !important;}\u00a0\u00bb][vc_column_text]Pendant le 3e Empire chinois, plus pr\u00e9cis\u00e9ment pendant le 12e r\u00e8gne de la dynastie Ming qui marqua la fin du 16e si\u00e8cle (1567 \u2013 1572), une tablette de pierre fut grav\u00e9e et plac\u00e9e dans les murs du monast\u00e8re Shaolin du Henan, la plus ancienne Province.<\/p>\n<p>Cet ouvrage critique repr\u00e9sente l&rsquo;union des trois enseignements philosophiques transmis par les ma\u00eetres : Lao Tse (Laozi), Bouddha (FO) et Confucius (Kongzi), et incarne \u00e0 ce jour le c\u0153ur du monast\u00e8re Shaolin.[\/vc_column_text]<div id=\"ultimate-heading-99369df3e8904745\" class=\"uvc-heading ult-adjust-bottom-margin ultimate-heading-99369df3e8904745 uvc-2648  uvc-heading-default-font-sizes\" data-hspacer=\"no_spacer\"  data-halign=\"center\" style=\"text-align:center\"><div class=\"uvc-heading-spacer no_spacer\" style=\"top\"><\/div><div class=\"uvc-main-heading ult-responsive\"  data-ultimate-target='.uvc-heading.ultimate-heading-99369df3e8904745 h3'  data-responsive-json-new='{\"font-size\":\"\",\"line-height\":\"\"}' ><h3 style=\"--font-weight:theme;\">UNIR ENSEMBLE LES TROIS \u00c9COLES DE PENS\u00c9E<\/h3><\/div><\/div>[vc_column_text]Bien que Bodhidharma (527 apr\u00e8s JC) eut une influence plus profonde sur le d\u00e9veloppement du Zen en Asie, notamment en Chine et au Japon \u00e0 travers la pratique des Arts Martiaux, le premier Bouddha (Shakya-Mouni) v\u00e9cut \u00e0 l&rsquo;\u00e9poque de Laozi et Kongzi. Les principes fondateurs de la doctrine philosophique transmise par le premier bouddha affirment que le corps et l&rsquo;esprit sont des notions invisibles et que la v\u00e9rit\u00e9 ultime (L&rsquo;illumination soudaine apportant connaissance et paix du c\u0153ur au sage) ne peut \u00eatre trouv\u00e9e que par leur union (L&rsquo;harmonie du corps et l&rsquo;esprit, la pens\u00e9e et l&rsquo;action).<\/p>\n<p>Laozi a enseign\u00e9 le pouvoir de la non-action et de la vacuit\u00e9 sur la voie avanc\u00e9e (Le Tao ou la Grande Voie). Il a \u00e9galement introduit le principe de l&rsquo;int\u00e9gration individuelle dans l&rsquo;\u00e9nergie universelle compos\u00e9e d&rsquo;\u00e9nergies f\u00e9minines (Yin) et masculines (Yang) qui sous-tendent les pratiques d&rsquo;arts martiaux internes (Neijia) et externes (Waijia).<\/p>\n<p>Confucius (Kongzi), quant \u00e0 lui, fonda ses enseignements sur le comportement de l&rsquo;homme en soci\u00e9t\u00e9, en harmonie avec les lois de l&rsquo;univers. Ses pr\u00e9ceptes ont donn\u00e9 naissance au code de conduite dans les arts martiaux chinois et japonais : Wude (Vertus martiales).[\/vc_column_text][vc_single_image image=\u00a0\u00bb1750&Prime; img_size=\u00a0\u00bblarge\u00a0\u00bb css=\u00a0\u00bb.vc_custom_1614192013344{padding-top: 30px !important;}\u00a0\u00bb][\/vc_column][\/vc_row]<\/p>\n<\/div>","protected":false},"excerpt":{"rendered":"<p>[vc_row equal_height=\u00a0\u00bbyes\u00a0\u00bb content_placement=\u00a0\u00bbtop\u00a0\u00bb css=\u00a0\u00bb.vc_custom_1571477891398{padding-top: 70px !important;padding-bottom: 50px !important;}\u00a0\u00bb][vc_column width=\u00a0\u00bb1\/3&Prime; css=\u00a0\u00bb.vc_custom_1571477821281{padding-bottom: 30px !important;}\u00a0\u00bb][vc_single_image image=\u00a0\u00bb1747&Prime; img_size=\u00a0\u00bblarge\u00a0\u00bb css=\u00a0\u00bb.vc_custom_1614191999339{padding-top: 30px !important;}\u00a0\u00bb][\/vc_column][vc_column width=\u00a0\u00bb2\/3&Prime; css=\u00a0\u00bb.vc_custom_1613593299975{padding-top: 60px !important;padding-bottom: 30px !important;}\u00a0\u00bb][vc_column_text]Pendant le 3e Empire chinois, plus pr\u00e9cis\u00e9ment pendant le 12e r\u00e8gne de la dynastie Ming qui marqua la fin du 16e si\u00e8cle (1567 \u2013 1572), une tablette de pierre fut grav\u00e9e et plac\u00e9e&hellip;<\/p>\n","protected":false},"author":1,"featured_media":0,"parent":3107,"menu_order":140,"comment_status":"closed","ping_status":"closed","template":"","meta":{"footnotes":""},"class_list":["post-3181","page","type-page","status-publish","hentry","description-off"],"yoast_head":"<!-- This site is optimized with the Yoast SEO plugin v27.4 - https:\/\/yoast.com\/product\/yoast-seo-wordpress\/ -->\n<title>Trois enseignements ne font qu&#039;un - Shaolin Wuji<\/title>\n<meta name=\"robots\" content=\"index, follow, max-snippet:-1, max-image-preview:large, max-video-preview:-1\" \/>\n<link rel=\"canonical\" href=\"https:\/\/shaolinwuji.com\/fr\/our-school\/embleme-ecole-shaolin-sutton\/\" \/>\n<meta property=\"og:locale\" content=\"fr_FR\" \/>\n<meta property=\"og:type\" content=\"article\" \/>\n<meta property=\"og:title\" content=\"Trois enseignements ne font qu&#039;un - Shaolin Wuji\" \/>\n<meta property=\"og:description\" content=\"[vc_row equal_height=\u00a0\u00bbyes\u00a0\u00bb content_placement=\u00a0\u00bbtop\u00a0\u00bb css=\u00a0\u00bb.vc_custom_1571477891398{padding-top: 70px !important;padding-bottom: 50px !important;}\u00a0\u00bb][vc_column width=\u00a0\u00bb1\/3&Prime; css=\u00a0\u00bb.vc_custom_1571477821281{padding-bottom: 30px !important;}\u00a0\u00bb][vc_single_image image=\u00a0\u00bb1747&Prime; img_size=\u00a0\u00bblarge\u00a0\u00bb css=\u00a0\u00bb.vc_custom_1614191999339{padding-top: 30px !important;}\u00a0\u00bb][\/vc_column][vc_column width=\u00a0\u00bb2\/3&Prime; css=\u00a0\u00bb.vc_custom_1613593299975{padding-top: 60px !important;padding-bottom: 30px !important;}\u00a0\u00bb][vc_column_text]Pendant le 3e Empire chinois, plus pr\u00e9cis\u00e9ment pendant le 12e r\u00e8gne de la dynastie Ming qui marqua la fin du 16e si\u00e8cle (1567 \u2013 1572), une tablette de pierre fut grav\u00e9e et plac\u00e9e&hellip;\" \/>\n<meta property=\"og:url\" content=\"https:\/\/shaolinwuji.com\/fr\/our-school\/embleme-ecole-shaolin-sutton\/\" \/>\n<meta property=\"og:site_name\" content=\"Shaolin Wuji\" \/>\n<meta property=\"article:modified_time\" content=\"2022-09-03T15:32:53+00:00\" \/>\n<meta name=\"twitter:card\" content=\"summary_large_image\" \/>\n<meta name=\"twitter:label1\" content=\"Dur\u00e9e de lecture estim\u00e9e\" \/>\n\t<meta name=\"twitter:data1\" content=\"2 minutes\" \/>\n<script type=\"application\/ld+json\" class=\"yoast-schema-graph\">{\"@context\":\"https:\\\/\\\/schema.org\",\"@graph\":[{\"@type\":\"WebPage\",\"@id\":\"https:\\\/\\\/shaolinwuji.com\\\/fr\\\/our-school\\\/embleme-ecole-shaolin-sutton\\\/\",\"url\":\"https:\\\/\\\/shaolinwuji.com\\\/fr\\\/our-school\\\/embleme-ecole-shaolin-sutton\\\/\",\"name\":\"Trois enseignements ne font qu'un - Shaolin Wuji\",\"isPartOf\":{\"@id\":\"https:\\\/\\\/shaolinwuji.com\\\/fr\\\/#website\"},\"datePublished\":\"2021-02-15T19:54:47+00:00\",\"dateModified\":\"2022-09-03T15:32:53+00:00\",\"breadcrumb\":{\"@id\":\"https:\\\/\\\/shaolinwuji.com\\\/fr\\\/our-school\\\/embleme-ecole-shaolin-sutton\\\/#breadcrumb\"},\"inLanguage\":\"fr-FR\",\"potentialAction\":[{\"@type\":\"ReadAction\",\"target\":[\"https:\\\/\\\/shaolinwuji.com\\\/fr\\\/our-school\\\/embleme-ecole-shaolin-sutton\\\/\"]}]},{\"@type\":\"BreadcrumbList\",\"@id\":\"https:\\\/\\\/shaolinwuji.com\\\/fr\\\/our-school\\\/embleme-ecole-shaolin-sutton\\\/#breadcrumb\",\"itemListElement\":[{\"@type\":\"ListItem\",\"position\":1,\"name\":\"Meditation\",\"item\":\"https:\\\/\\\/shaolinwuji.com\\\/fr\\\/\"},{\"@type\":\"ListItem\",\"position\":2,\"name\":\"Notre \u00c9cole\",\"item\":\"https:\\\/\\\/shaolinwuji.com\\\/fr\\\/our-school\\\/\"},{\"@type\":\"ListItem\",\"position\":3,\"name\":\"Trois enseignements ne font qu&#8217;un\"}]},{\"@type\":\"WebSite\",\"@id\":\"https:\\\/\\\/shaolinwuji.com\\\/fr\\\/#website\",\"url\":\"https:\\\/\\\/shaolinwuji.com\\\/fr\\\/\",\"name\":\"Shaolin Wuji\",\"description\":\"arts martiaux traditionnels - meditation - tai chi - chi kung \",\"publisher\":{\"@id\":\"https:\\\/\\\/shaolinwuji.com\\\/fr\\\/#organization\"},\"potentialAction\":[{\"@type\":\"SearchAction\",\"target\":{\"@type\":\"EntryPoint\",\"urlTemplate\":\"https:\\\/\\\/shaolinwuji.com\\\/fr\\\/?s={search_term_string}\"},\"query-input\":{\"@type\":\"PropertyValueSpecification\",\"valueRequired\":true,\"valueName\":\"search_term_string\"}}],\"inLanguage\":\"fr-FR\"},{\"@type\":\"Organization\",\"@id\":\"https:\\\/\\\/shaolinwuji.com\\\/fr\\\/#organization\",\"name\":\"Shaolin Wuji Center\",\"url\":\"https:\\\/\\\/shaolinwuji.com\\\/fr\\\/\",\"logo\":{\"@type\":\"ImageObject\",\"inLanguage\":\"fr-FR\",\"@id\":\"https:\\\/\\\/shaolinwuji.com\\\/fr\\\/#\\\/schema\\\/logo\\\/image\\\/\",\"url\":\"https:\\\/\\\/shaolinwuji.com\\\/wp-content\\\/uploads\\\/2021\\\/12\\\/C253A8BF-EF93-43C6-BC96-F59A4A8CA2D6-2.jpeg\",\"contentUrl\":\"https:\\\/\\\/shaolinwuji.com\\\/wp-content\\\/uploads\\\/2021\\\/12\\\/C253A8BF-EF93-43C6-BC96-F59A4A8CA2D6-2.jpeg\",\"width\":355,\"height\":210,\"caption\":\"Shaolin Wuji Center\"},\"image\":{\"@id\":\"https:\\\/\\\/shaolinwuji.com\\\/fr\\\/#\\\/schema\\\/logo\\\/image\\\/\"}}]}<\/script>\n<!-- \/ Yoast SEO plugin. -->","yoast_head_json":{"title":"Trois enseignements ne font qu'un - Shaolin Wuji","robots":{"index":"index","follow":"follow","max-snippet":"max-snippet:-1","max-image-preview":"max-image-preview:large","max-video-preview":"max-video-preview:-1"},"canonical":"https:\/\/shaolinwuji.com\/fr\/our-school\/embleme-ecole-shaolin-sutton\/","og_locale":"fr_FR","og_type":"article","og_title":"Trois enseignements ne font qu'un - Shaolin Wuji","og_description":"[vc_row equal_height=\u00a0\u00bbyes\u00a0\u00bb content_placement=\u00a0\u00bbtop\u00a0\u00bb css=\u00a0\u00bb.vc_custom_1571477891398{padding-top: 70px !important;padding-bottom: 50px !important;}\u00a0\u00bb][vc_column width=\u00a0\u00bb1\/3&Prime; css=\u00a0\u00bb.vc_custom_1571477821281{padding-bottom: 30px !important;}\u00a0\u00bb][vc_single_image image=\u00a0\u00bb1747&Prime; img_size=\u00a0\u00bblarge\u00a0\u00bb css=\u00a0\u00bb.vc_custom_1614191999339{padding-top: 30px !important;}\u00a0\u00bb][\/vc_column][vc_column width=\u00a0\u00bb2\/3&Prime; css=\u00a0\u00bb.vc_custom_1613593299975{padding-top: 60px !important;padding-bottom: 30px !important;}\u00a0\u00bb][vc_column_text]Pendant le 3e Empire chinois, plus pr\u00e9cis\u00e9ment pendant le 12e r\u00e8gne de la dynastie Ming qui marqua la fin du 16e si\u00e8cle (1567 \u2013 1572), une tablette de pierre fut grav\u00e9e et plac\u00e9e&hellip;","og_url":"https:\/\/shaolinwuji.com\/fr\/our-school\/embleme-ecole-shaolin-sutton\/","og_site_name":"Shaolin Wuji","article_modified_time":"2022-09-03T15:32:53+00:00","twitter_card":"summary_large_image","twitter_misc":{"Dur\u00e9e de lecture estim\u00e9e":"2 minutes"},"schema":{"@context":"https:\/\/schema.org","@graph":[{"@type":"WebPage","@id":"https:\/\/shaolinwuji.com\/fr\/our-school\/embleme-ecole-shaolin-sutton\/","url":"https:\/\/shaolinwuji.com\/fr\/our-school\/embleme-ecole-shaolin-sutton\/","name":"Trois enseignements ne font qu'un - Shaolin Wuji","isPartOf":{"@id":"https:\/\/shaolinwuji.com\/fr\/#website"},"datePublished":"2021-02-15T19:54:47+00:00","dateModified":"2022-09-03T15:32:53+00:00","breadcrumb":{"@id":"https:\/\/shaolinwuji.com\/fr\/our-school\/embleme-ecole-shaolin-sutton\/#breadcrumb"},"inLanguage":"fr-FR","potentialAction":[{"@type":"ReadAction","target":["https:\/\/shaolinwuji.com\/fr\/our-school\/embleme-ecole-shaolin-sutton\/"]}]},{"@type":"BreadcrumbList","@id":"https:\/\/shaolinwuji.com\/fr\/our-school\/embleme-ecole-shaolin-sutton\/#breadcrumb","itemListElement":[{"@type":"ListItem","position":1,"name":"Meditation","item":"https:\/\/shaolinwuji.com\/fr\/"},{"@type":"ListItem","position":2,"name":"Notre \u00c9cole","item":"https:\/\/shaolinwuji.com\/fr\/our-school\/"},{"@type":"ListItem","position":3,"name":"Trois enseignements ne font qu&#8217;un"}]},{"@type":"WebSite","@id":"https:\/\/shaolinwuji.com\/fr\/#website","url":"https:\/\/shaolinwuji.com\/fr\/","name":"Shaolin Wuji","description":"arts martiaux traditionnels - meditation - tai chi - chi kung ","publisher":{"@id":"https:\/\/shaolinwuji.com\/fr\/#organization"},"potentialAction":[{"@type":"SearchAction","target":{"@type":"EntryPoint","urlTemplate":"https:\/\/shaolinwuji.com\/fr\/?s={search_term_string}"},"query-input":{"@type":"PropertyValueSpecification","valueRequired":true,"valueName":"search_term_string"}}],"inLanguage":"fr-FR"},{"@type":"Organization","@id":"https:\/\/shaolinwuji.com\/fr\/#organization","name":"Shaolin Wuji Center","url":"https:\/\/shaolinwuji.com\/fr\/","logo":{"@type":"ImageObject","inLanguage":"fr-FR","@id":"https:\/\/shaolinwuji.com\/fr\/#\/schema\/logo\/image\/","url":"https:\/\/shaolinwuji.com\/wp-content\/uploads\/2021\/12\/C253A8BF-EF93-43C6-BC96-F59A4A8CA2D6-2.jpeg","contentUrl":"https:\/\/shaolinwuji.com\/wp-content\/uploads\/2021\/12\/C253A8BF-EF93-43C6-BC96-F59A4A8CA2D6-2.jpeg","width":355,"height":210,"caption":"Shaolin Wuji Center"},"image":{"@id":"https:\/\/shaolinwuji.com\/fr\/#\/schema\/logo\/image\/"}}]}},"_links":{"self":[{"href":"https:\/\/shaolinwuji.com\/fr\/wp-json\/wp\/v2\/pages\/3181","targetHints":{"allow":["GET"]}}],"collection":[{"href":"https:\/\/shaolinwuji.com\/fr\/wp-json\/wp\/v2\/pages"}],"about":[{"href":"https:\/\/shaolinwuji.com\/fr\/wp-json\/wp\/v2\/types\/page"}],"author":[{"embeddable":true,"href":"https:\/\/shaolinwuji.com\/fr\/wp-json\/wp\/v2\/users\/1"}],"replies":[{"embeddable":true,"href":"https:\/\/shaolinwuji.com\/fr\/wp-json\/wp\/v2\/comments?post=3181"}],"version-history":[{"count":5,"href":"https:\/\/shaolinwuji.com\/fr\/wp-json\/wp\/v2\/pages\/3181\/revisions"}],"predecessor-version":[{"id":4209,"href":"https:\/\/shaolinwuji.com\/fr\/wp-json\/wp\/v2\/pages\/3181\/revisions\/4209"}],"up":[{"embeddable":true,"href":"https:\/\/shaolinwuji.com\/fr\/wp-json\/wp\/v2\/pages\/3107"}],"wp:attachment":[{"href":"https:\/\/shaolinwuji.com\/fr\/wp-json\/wp\/v2\/media?parent=3181"}],"curies":[{"name":"wp","href":"https:\/\/api.w.org\/{rel}","templated":true}]}}