{"id":3172,"date":"2021-02-16T14:23:55","date_gmt":"2021-02-16T14:23:55","guid":{"rendered":"https:\/\/staging.shaolinwuji.com\/gong-fu-shaolin\/"},"modified":"2025-06-16T12:38:27","modified_gmt":"2025-06-16T16:38:27","slug":"gong-fu-shaolin","status":"publish","type":"page","link":"https:\/\/shaolinwuji.com\/fr\/gong-fu-shaolin\/","title":{"rendered":"Shaolin Gong Fu \u5c11\u6797\u529f\u592b"},"content":{"rendered":"<div class=\"wpb-content-wrapper\"><p>[vc_row equal_height=\u00a0\u00bbyes\u00a0\u00bb content_placement=\u00a0\u00bbtop\u00a0\u00bb css=\u00a0\u00bb.vc_custom_1613586343568{padding-top: 70px !important;padding-bottom: 35px !important;}\u00a0\u00bb][vc_column width=\u00a0\u00bb1\/3&Prime; css=\u00a0\u00bb.vc_custom_1571477821281{padding-bottom: 30px !important;}\u00a0\u00bb][vc_single_image image=\u00a0\u00bb5148&Prime; img_size=\u00a0\u00bblarge\u00a0\u00bb css=\u00a0\u00bb.vc_custom_1750091901634{padding-top: 30px !important;}\u00a0\u00bb][vc_single_image image=\u00a0\u00bb4117&Prime; img_size=\u00a0\u00bblarge\u00a0\u00bb css=\u00a0\u00bb.vc_custom_1640453342655{padding-top: 30px !important;}\u00a0\u00bb][\/vc_column][vc_column width=\u00a0\u00bb2\/3&Prime; css=\u00a0\u00bb.vc_custom_1571477868281{padding-bottom: 30px !important;}\u00a0\u00bb][vc_column_text]Le Shaolin Gong Fu est originaire du monast\u00e8re de Shaolin, construit vers 495 apr\u00e8s JC, bien que les historiens chinois disent que les arts martiaux avaient d\u00e9j\u00e0 exist\u00e9 en Chine auparavant.<\/p>\n<p>Trois d\u00e9cennies apr\u00e8s la construction du monast\u00e8re, le moine \u00ab Bodhidharma \u00bb, 28e patriarche de \u00ab Shakyamuni \u00bb, est arriv\u00e9 d&rsquo;Inde. Il se retira ensuite pendant neuf ans dans une grotte du mont Shaoshi, \u00e0 l&rsquo;ouest derri\u00e8re le monast\u00e8re o\u00f9 il atteignit l&rsquo;illumination (Kaidao) \u5f00\u5bfc.<\/p>\n<p>\u00c0 son retour au monast\u00e8re, la doctrine \u7985\u00ab Chan \u00bb, mieux connue sous le nom de \u00ab Zen \u00bb, a \u00e9t\u00e9 int\u00e9gr\u00e9e \u00e0 la pratique des arts martiaux et s&rsquo;est ensuite rapidement r\u00e9pandue dans toute la Chine.[\/vc_column_text]<div id=\"ultimate-video-33969dc64749bc60\" class=\"ult-video  ult-adjust-bottom-margin ultimate-video-33969dc64749bc60 ultv-1267 \"><div class=\"ultv-video ultv-aspect-ratio-16_9 ultv-subscribe-responsive-none\" data-videotype=\"vimeo_video\">\n\t\t\t\t\t\t<div class=\"ultv-video__outer-wrap\" data-autoplay=\"0\" data-device=\"false\"  data-iconbg=\"#3A3A3A\" data-overcolor=\"\" data-defaultbg=\"#1f1f1e\" data-defaultplay=\"defaulticon\"><div class=\"ultv-vimeo-wrap\"><div class=\"ultv-vimeo-portrait\">\n\t\t\t\t\t<a href=\"https:\/\/vimeo.com\/user169946591\"><img decoding=\"async\" src=\"https:\/\/i.vimeocdn.com\/portrait\/71068165_300x300?sig=9260a24f566440e4c48890b12fd915e01f6868cd5912e8bf254f363b1c5e8acc&#038;v=1&#038;region=us\"><\/a><\/div><div class=\"ultv-vimeo-headers\"><div class=\"ultv-vimeo-title\">\n\t\t\t\t\t\t\t<a href=\"https:\/\/vimeo.com\/702028347\">\u5c11\u6797\u8fde\u73af\u62f3 - Shaolin Lian Huan Quan<\/a>\n\t\t\t\t\t\t<\/div><div class=\"ultv-vimeo-byline\">\n\t\t\t\t\t\tfrom <a href=\"https:\/\/vimeo.com\/702028347\"> \u5c11\u6797\u7334<\/a>\n\t\t\t\t\t<\/div><\/div><\/div><div class=\"ultv-video__play\" data-src=\"https:\/\/player.vimeo.com\/video\/702028347?loop=0&#038;title=1&#038;portrait=1&#038;byline=1&#038;color&#038;autopause=0&#038;autoplay=1\">\n\t\t\t\t\t\t\t\t<img decoding=\"async\" class=\"ultv-video__thumb\" src=\"https:\/\/i.vimeocdn.com\/video\/1418491701-759a7803e23b06f379d436f957ffe5af0100d5fa768b771c208aac4d66fc355a-d_840?region=us\"\/>\n\t\t\t\t\t\t\t\t<div class=\"ultv-video__play-icon  ultv-animation-none\" style=\"width:75px\"><svg version=\"1.1\" height=\"100%\" width=\"100%\"  viewBox=\"0 14.375 95 66.25\"><path class=\"ultv-vimeo-icon-bg\" d=\"M12.5,14.375c-6.903,0-12.5,5.597-12.5,12.5v41.25c0,6.902,5.597,12.5,12.5,12.5h70c6.903,0,12.5-5.598,12.5-12.5v-41.25c0-6.903-5.597-12.5-12.5-12.5H12.5z\"\/><polygon fill=\"#FFFFFF\" points=\"39.992,64.299 39.992,30.701 62.075,47.5 \"\/><\/svg><\/div> <\/div> <\/div><\/div><\/div>[vc_column_text]La base fondamentale des enseignements transmis par \u00ab Dhamo \u00bb est celle de la simplicit\u00e9 et de l&rsquo;absence de barri\u00e8res. Quoi que nous fassions et o\u00f9 que nous soyons, Chan s&rsquo;applique.<\/p>\n<p>Pendant la dynastie des Song du Sud, lorsque les trois enseignements (bouddhisme, confucianisme et tao\u00efsme) \u00e9taient pleinement pr\u00e9sents et accept\u00e9s en Chine, le moine \u623f\u5c55 Fuyu a invit\u00e9 les 18 ma\u00eetres les plus respect\u00e9s de Chine \u00e0 vivre au monast\u00e8re pendant trois ans. * Cela lui a permis d&rsquo;utiliser le meilleur des techniques d&rsquo;arts martiaux observ\u00e9es pour poser les bases de l&rsquo;art Shaolin.<\/p>\n<p>* SONG DU NORD (960-1126) \/ SONG DU SUD \u5357\u5b8b (1127-1279)<\/p>\n<p>Son contenu \u00e9norme rend impossible d&rsquo;apprendre tout le Shaolin Gong Fu en une seule vie humaine. Elle se transmet \u00e0 travers les enseignements des ma\u00eetres aux disciples et s&rsquo;approfondit et se d\u00e9veloppe dans la confiance et la loyaut\u00e9. Son plein potentiel est r\u00e9alis\u00e9 par l&rsquo;attention et la pratique, manifestant un caract\u00e8re unique dans chaque nouvelle g\u00e9n\u00e9ration de ma\u00eetres.<\/p>\n<p>Les artistes martiaux de tous styles s&rsquo;accordent \u00e0 dire que le monast\u00e8re de Shaolin a jou\u00e9 un r\u00f4le central dans le d\u00e9veloppement du Zen, de la m\u00e9decine traditionnelle et des arts martiaux (\u6b66\u672f) en Chine et dans le monde.[\/vc_column_text][\/vc_column][\/vc_row][vc_row equal_height=\u00a0\u00bbyes\u00a0\u00bb content_placement=\u00a0\u00bbtop\u00a0\u00bb disable_element=\u00a0\u00bbyes\u00a0\u00bb bg_type=\u00a0\u00bbbg_color\u00a0\u00bb bg_override=\u00a0\u00bbex-full\u00a0\u00bb ult_hide_row=\u00a0\u00bbult_hide_row_value\u00a0\u00bb ult_hide_row_mobile=\u00a0\u00bbmobile\u00a0\u00bb ult_hide_row_mobile_large=\u00a0\u00bbxl_mobile\u00a0\u00bb css=\u00a0\u00bb.vc_custom_1644335510994{padding-top: 35px !important;padding-bottom: 50px !important;}\u00a0\u00bb bg_color_value=\u00a0\u00bb#dddddd\u00a0\u00bb][vc_column width=\u00a0\u00bb1\/4&Prime; css=\u00a0\u00bb.vc_custom_1571477821281{padding-bottom: 30px !important;}\u00a0\u00bb][\/vc_column][vc_column width=\u00a0\u00bb1\/2&Prime;][vc_btn title=\u00a0\u00bbDemande d&rsquo;information\u00a0\u00bb shape=\u00a0\u00bbsquare\u00a0\u00bb color=\u00a0\u00bbinverse\u00a0\u00bb size=\u00a0\u00bblg\u00a0\u00bb align=\u00a0\u00bbcenter\u00a0\u00bb link=\u00a0\u00bburl:https%3A%2F%2Fstaging.shaolinwuji.com%2Fcontact%2F%3Flang%3Dfr\u00a0\u00bb][\/vc_column][vc_column width=\u00a0\u00bb1\/4&Prime;][\/vc_column][\/vc_row]<\/p>\n<\/div>","protected":false},"excerpt":{"rendered":"<p>[vc_row equal_height=\u00a0\u00bbyes\u00a0\u00bb content_placement=\u00a0\u00bbtop\u00a0\u00bb css=\u00a0\u00bb.vc_custom_1613586343568{padding-top: 70px !important;padding-bottom: 35px !important;}\u00a0\u00bb][vc_column width=\u00a0\u00bb1\/3&Prime; css=\u00a0\u00bb.vc_custom_1571477821281{padding-bottom: 30px !important;}\u00a0\u00bb][vc_single_image image=\u00a0\u00bb5148&Prime; img_size=\u00a0\u00bblarge\u00a0\u00bb css=\u00a0\u00bb.vc_custom_1750091901634{padding-top: 30px !important;}\u00a0\u00bb][vc_single_image image=\u00a0\u00bb4117&Prime; img_size=\u00a0\u00bblarge\u00a0\u00bb css=\u00a0\u00bb.vc_custom_1640453342655{padding-top: 30px !important;}\u00a0\u00bb][\/vc_column][vc_column width=\u00a0\u00bb2\/3&Prime; css=\u00a0\u00bb.vc_custom_1571477868281{padding-bottom: 30px !important;}\u00a0\u00bb][vc_column_text]Le Shaolin Gong Fu est originaire du monast\u00e8re de Shaolin, construit vers 495 apr\u00e8s JC, bien que les historiens chinois disent que les arts martiaux avaient d\u00e9j\u00e0 exist\u00e9 en Chine&hellip;<\/p>\n","protected":false},"author":1,"featured_media":0,"parent":0,"menu_order":230,"comment_status":"closed","ping_status":"closed","template":"","meta":{"footnotes":""},"class_list":["post-3172","page","type-page","status-publish","hentry","description-off"],"yoast_head":"<!-- This site is optimized with the Yoast SEO plugin v27.3 - https:\/\/yoast.com\/product\/yoast-seo-wordpress\/ -->\n<title>Shaolin Gong Fu \u5c11\u6797\u529f\u592b - Shaolin Wuji<\/title>\n<meta name=\"robots\" content=\"index, follow, max-snippet:-1, max-image-preview:large, max-video-preview:-1\" \/>\n<link rel=\"canonical\" href=\"https:\/\/shaolinwuji.com\/fr\/gong-fu-shaolin\/\" \/>\n<meta property=\"og:locale\" content=\"fr_FR\" \/>\n<meta property=\"og:type\" content=\"article\" \/>\n<meta property=\"og:title\" content=\"Shaolin Gong Fu \u5c11\u6797\u529f\u592b - Shaolin Wuji\" \/>\n<meta property=\"og:description\" content=\"[vc_row equal_height=\u00a0\u00bbyes\u00a0\u00bb content_placement=\u00a0\u00bbtop\u00a0\u00bb css=\u00a0\u00bb.vc_custom_1613586343568{padding-top: 70px !important;padding-bottom: 35px !important;}\u00a0\u00bb][vc_column width=\u00a0\u00bb1\/3&Prime; css=\u00a0\u00bb.vc_custom_1571477821281{padding-bottom: 30px !important;}\u00a0\u00bb][vc_single_image image=\u00a0\u00bb5148&Prime; img_size=\u00a0\u00bblarge\u00a0\u00bb css=\u00a0\u00bb.vc_custom_1750091901634{padding-top: 30px !important;}\u00a0\u00bb][vc_single_image image=\u00a0\u00bb4117&Prime; img_size=\u00a0\u00bblarge\u00a0\u00bb css=\u00a0\u00bb.vc_custom_1640453342655{padding-top: 30px !important;}\u00a0\u00bb][\/vc_column][vc_column width=\u00a0\u00bb2\/3&Prime; css=\u00a0\u00bb.vc_custom_1571477868281{padding-bottom: 30px !important;}\u00a0\u00bb][vc_column_text]Le Shaolin Gong Fu est originaire du monast\u00e8re de Shaolin, construit vers 495 apr\u00e8s JC, bien que les historiens chinois disent que les arts martiaux avaient d\u00e9j\u00e0 exist\u00e9 en Chine&hellip;\" \/>\n<meta property=\"og:url\" content=\"https:\/\/shaolinwuji.com\/fr\/gong-fu-shaolin\/\" \/>\n<meta property=\"og:site_name\" content=\"Shaolin Wuji\" \/>\n<meta property=\"article:modified_time\" content=\"2025-06-16T16:38:27+00:00\" \/>\n<meta name=\"twitter:card\" content=\"summary_large_image\" \/>\n<meta name=\"twitter:label1\" content=\"Dur\u00e9e de lecture estim\u00e9e\" \/>\n\t<meta name=\"twitter:data1\" content=\"2 minutes\" \/>\n<script type=\"application\/ld+json\" class=\"yoast-schema-graph\">{\"@context\":\"https:\\\/\\\/schema.org\",\"@graph\":[{\"@type\":\"WebPage\",\"@id\":\"https:\\\/\\\/shaolinwuji.com\\\/fr\\\/gong-fu-shaolin\\\/\",\"url\":\"https:\\\/\\\/shaolinwuji.com\\\/fr\\\/gong-fu-shaolin\\\/\",\"name\":\"Shaolin Gong Fu \u5c11\u6797\u529f\u592b - Shaolin Wuji\",\"isPartOf\":{\"@id\":\"https:\\\/\\\/shaolinwuji.com\\\/fr\\\/#website\"},\"datePublished\":\"2021-02-16T14:23:55+00:00\",\"dateModified\":\"2025-06-16T16:38:27+00:00\",\"breadcrumb\":{\"@id\":\"https:\\\/\\\/shaolinwuji.com\\\/fr\\\/gong-fu-shaolin\\\/#breadcrumb\"},\"inLanguage\":\"fr-FR\",\"potentialAction\":[{\"@type\":\"ReadAction\",\"target\":[\"https:\\\/\\\/shaolinwuji.com\\\/fr\\\/gong-fu-shaolin\\\/\"]}]},{\"@type\":\"BreadcrumbList\",\"@id\":\"https:\\\/\\\/shaolinwuji.com\\\/fr\\\/gong-fu-shaolin\\\/#breadcrumb\",\"itemListElement\":[{\"@type\":\"ListItem\",\"position\":1,\"name\":\"Meditation\",\"item\":\"https:\\\/\\\/shaolinwuji.com\\\/fr\\\/\"},{\"@type\":\"ListItem\",\"position\":2,\"name\":\"Shaolin Gong Fu \u5c11\u6797\u529f\u592b\"}]},{\"@type\":\"WebSite\",\"@id\":\"https:\\\/\\\/shaolinwuji.com\\\/fr\\\/#website\",\"url\":\"https:\\\/\\\/shaolinwuji.com\\\/fr\\\/\",\"name\":\"Shaolin Wuji\",\"description\":\"arts martiaux traditionnels - meditation - tai chi - chi kung \",\"publisher\":{\"@id\":\"https:\\\/\\\/shaolinwuji.com\\\/fr\\\/#organization\"},\"potentialAction\":[{\"@type\":\"SearchAction\",\"target\":{\"@type\":\"EntryPoint\",\"urlTemplate\":\"https:\\\/\\\/shaolinwuji.com\\\/fr\\\/?s={search_term_string}\"},\"query-input\":{\"@type\":\"PropertyValueSpecification\",\"valueRequired\":true,\"valueName\":\"search_term_string\"}}],\"inLanguage\":\"fr-FR\"},{\"@type\":\"Organization\",\"@id\":\"https:\\\/\\\/shaolinwuji.com\\\/fr\\\/#organization\",\"name\":\"Shaolin Wuji Center\",\"url\":\"https:\\\/\\\/shaolinwuji.com\\\/fr\\\/\",\"logo\":{\"@type\":\"ImageObject\",\"inLanguage\":\"fr-FR\",\"@id\":\"https:\\\/\\\/shaolinwuji.com\\\/fr\\\/#\\\/schema\\\/logo\\\/image\\\/\",\"url\":\"https:\\\/\\\/shaolinwuji.com\\\/wp-content\\\/uploads\\\/2021\\\/12\\\/C253A8BF-EF93-43C6-BC96-F59A4A8CA2D6-2.jpeg\",\"contentUrl\":\"https:\\\/\\\/shaolinwuji.com\\\/wp-content\\\/uploads\\\/2021\\\/12\\\/C253A8BF-EF93-43C6-BC96-F59A4A8CA2D6-2.jpeg\",\"width\":355,\"height\":210,\"caption\":\"Shaolin Wuji Center\"},\"image\":{\"@id\":\"https:\\\/\\\/shaolinwuji.com\\\/fr\\\/#\\\/schema\\\/logo\\\/image\\\/\"}}]}<\/script>\n<!-- \/ Yoast SEO plugin. -->","yoast_head_json":{"title":"Shaolin Gong Fu \u5c11\u6797\u529f\u592b - Shaolin Wuji","robots":{"index":"index","follow":"follow","max-snippet":"max-snippet:-1","max-image-preview":"max-image-preview:large","max-video-preview":"max-video-preview:-1"},"canonical":"https:\/\/shaolinwuji.com\/fr\/gong-fu-shaolin\/","og_locale":"fr_FR","og_type":"article","og_title":"Shaolin Gong Fu \u5c11\u6797\u529f\u592b - Shaolin Wuji","og_description":"[vc_row equal_height=\u00a0\u00bbyes\u00a0\u00bb content_placement=\u00a0\u00bbtop\u00a0\u00bb css=\u00a0\u00bb.vc_custom_1613586343568{padding-top: 70px !important;padding-bottom: 35px !important;}\u00a0\u00bb][vc_column width=\u00a0\u00bb1\/3&Prime; css=\u00a0\u00bb.vc_custom_1571477821281{padding-bottom: 30px !important;}\u00a0\u00bb][vc_single_image image=\u00a0\u00bb5148&Prime; img_size=\u00a0\u00bblarge\u00a0\u00bb css=\u00a0\u00bb.vc_custom_1750091901634{padding-top: 30px !important;}\u00a0\u00bb][vc_single_image image=\u00a0\u00bb4117&Prime; img_size=\u00a0\u00bblarge\u00a0\u00bb css=\u00a0\u00bb.vc_custom_1640453342655{padding-top: 30px !important;}\u00a0\u00bb][\/vc_column][vc_column width=\u00a0\u00bb2\/3&Prime; css=\u00a0\u00bb.vc_custom_1571477868281{padding-bottom: 30px !important;}\u00a0\u00bb][vc_column_text]Le Shaolin Gong Fu est originaire du monast\u00e8re de Shaolin, construit vers 495 apr\u00e8s JC, bien que les historiens chinois disent que les arts martiaux avaient d\u00e9j\u00e0 exist\u00e9 en Chine&hellip;","og_url":"https:\/\/shaolinwuji.com\/fr\/gong-fu-shaolin\/","og_site_name":"Shaolin Wuji","article_modified_time":"2025-06-16T16:38:27+00:00","twitter_card":"summary_large_image","twitter_misc":{"Dur\u00e9e de lecture estim\u00e9e":"2 minutes"},"schema":{"@context":"https:\/\/schema.org","@graph":[{"@type":"WebPage","@id":"https:\/\/shaolinwuji.com\/fr\/gong-fu-shaolin\/","url":"https:\/\/shaolinwuji.com\/fr\/gong-fu-shaolin\/","name":"Shaolin Gong Fu \u5c11\u6797\u529f\u592b - Shaolin Wuji","isPartOf":{"@id":"https:\/\/shaolinwuji.com\/fr\/#website"},"datePublished":"2021-02-16T14:23:55+00:00","dateModified":"2025-06-16T16:38:27+00:00","breadcrumb":{"@id":"https:\/\/shaolinwuji.com\/fr\/gong-fu-shaolin\/#breadcrumb"},"inLanguage":"fr-FR","potentialAction":[{"@type":"ReadAction","target":["https:\/\/shaolinwuji.com\/fr\/gong-fu-shaolin\/"]}]},{"@type":"BreadcrumbList","@id":"https:\/\/shaolinwuji.com\/fr\/gong-fu-shaolin\/#breadcrumb","itemListElement":[{"@type":"ListItem","position":1,"name":"Meditation","item":"https:\/\/shaolinwuji.com\/fr\/"},{"@type":"ListItem","position":2,"name":"Shaolin Gong Fu \u5c11\u6797\u529f\u592b"}]},{"@type":"WebSite","@id":"https:\/\/shaolinwuji.com\/fr\/#website","url":"https:\/\/shaolinwuji.com\/fr\/","name":"Shaolin Wuji","description":"arts martiaux traditionnels - meditation - tai chi - chi kung ","publisher":{"@id":"https:\/\/shaolinwuji.com\/fr\/#organization"},"potentialAction":[{"@type":"SearchAction","target":{"@type":"EntryPoint","urlTemplate":"https:\/\/shaolinwuji.com\/fr\/?s={search_term_string}"},"query-input":{"@type":"PropertyValueSpecification","valueRequired":true,"valueName":"search_term_string"}}],"inLanguage":"fr-FR"},{"@type":"Organization","@id":"https:\/\/shaolinwuji.com\/fr\/#organization","name":"Shaolin Wuji Center","url":"https:\/\/shaolinwuji.com\/fr\/","logo":{"@type":"ImageObject","inLanguage":"fr-FR","@id":"https:\/\/shaolinwuji.com\/fr\/#\/schema\/logo\/image\/","url":"https:\/\/shaolinwuji.com\/wp-content\/uploads\/2021\/12\/C253A8BF-EF93-43C6-BC96-F59A4A8CA2D6-2.jpeg","contentUrl":"https:\/\/shaolinwuji.com\/wp-content\/uploads\/2021\/12\/C253A8BF-EF93-43C6-BC96-F59A4A8CA2D6-2.jpeg","width":355,"height":210,"caption":"Shaolin Wuji Center"},"image":{"@id":"https:\/\/shaolinwuji.com\/fr\/#\/schema\/logo\/image\/"}}]}},"_links":{"self":[{"href":"https:\/\/shaolinwuji.com\/fr\/wp-json\/wp\/v2\/pages\/3172","targetHints":{"allow":["GET"]}}],"collection":[{"href":"https:\/\/shaolinwuji.com\/fr\/wp-json\/wp\/v2\/pages"}],"about":[{"href":"https:\/\/shaolinwuji.com\/fr\/wp-json\/wp\/v2\/types\/page"}],"author":[{"embeddable":true,"href":"https:\/\/shaolinwuji.com\/fr\/wp-json\/wp\/v2\/users\/1"}],"replies":[{"embeddable":true,"href":"https:\/\/shaolinwuji.com\/fr\/wp-json\/wp\/v2\/comments?post=3172"}],"version-history":[{"count":15,"href":"https:\/\/shaolinwuji.com\/fr\/wp-json\/wp\/v2\/pages\/3172\/revisions"}],"predecessor-version":[{"id":7630,"href":"https:\/\/shaolinwuji.com\/fr\/wp-json\/wp\/v2\/pages\/3172\/revisions\/7630"}],"wp:attachment":[{"href":"https:\/\/shaolinwuji.com\/fr\/wp-json\/wp\/v2\/media?parent=3172"}],"curies":[{"name":"wp","href":"https:\/\/api.w.org\/{rel}","templated":true}]}}