{"id":3163,"date":"2021-02-23T20:48:28","date_gmt":"2021-02-24T01:48:28","guid":{"rendered":"https:\/\/staging.shaolinwuji.com\/qi-gong\/"},"modified":"2022-12-15T12:45:36","modified_gmt":"2022-12-15T17:45:36","slug":"qi-gong-knowlton","status":"publish","type":"page","link":"https:\/\/shaolinwuji.com\/fr\/qi-gong-knowlton\/","title":{"rendered":"Qi Gong \u6c14\u529f"},"content":{"rendered":"<div class=\"wpb-content-wrapper\"><p>[vc_row equal_height=\u00a0\u00bbyes\u00a0\u00bb content_placement=\u00a0\u00bbtop\u00a0\u00bb css=\u00a0\u00bb.vc_custom_1613586343568{padding-top: 70px !important;padding-bottom: 35px !important;}\u00a0\u00bb][vc_column width=\u00a0\u00bb1\/3&Prime; css=\u00a0\u00bb.vc_custom_1571477821281{padding-bottom: 30px !important;}\u00a0\u00bb]<div id=\"ultimate-heading-744069d2668704af1\" class=\"uvc-heading ult-adjust-bottom-margin ultimate-heading-744069d2668704af1 uvc-6425 \" data-hspacer=\"no_spacer\"  data-halign=\"left\" style=\"text-align:left\"><div class=\"uvc-heading-spacer no_spacer\" style=\"top\"><\/div><div class=\"uvc-main-heading ult-responsive\"  data-ultimate-target='.uvc-heading.ultimate-heading-744069d2668704af1 h1'  data-responsive-json-new='{\"font-size\":\"tablet_portrait:34px;\",\"line-height\":\"tablet_portrait:44px;\"}' ><h1 style=\"--font-weight:theme;margin-bottom:20px;\">Qi Gong \u6c14\u529f<\/h1><\/div><\/div><div class=\"hr-thin style-double hr-left\" style=\"width: 120px;border-color: #2e2b36;border-top-width: 6px;\"><\/div>[vc_single_image image=\u00a0\u00bb3824&Prime; img_size=\u00a0\u00bbfull\u00a0\u00bb][vc_single_image image=\u00a0\u00bb4129&Prime; img_size=\u00a0\u00bblarge\u00a0\u00bb][\/vc_column][vc_column width=\u00a0\u00bb2\/3&Prime; css=\u00a0\u00bb.vc_custom_1571477868281{padding-bottom: 30px !important;}\u00a0\u00bb][vc_column_text]Le Qi Gong (souvent orthographi\u00e9 Chi Kung) est un type d&rsquo;exercice puissant, pratiqu\u00e9 depuis des milliers d&rsquo;ann\u00e9es par les ma\u00eetres d&rsquo;arts martiaux et de nos jours ; des millions de personnes \u00e0 travers le monde.<\/p>\n<p>Il est bas\u00e9 sur la sagesse ancienne et la m\u00e9decine traditionnelle chinoise et implique des ensembles tr\u00e8s pr\u00e9cis de mouvements du corps et\/ou de l&rsquo;esprit et de l&rsquo;\u00e9nergie, sp\u00e9cialement con\u00e7us pour am\u00e9liorer la vitalit\u00e9. La pratique r\u00e9guli\u00e8re apporte un effet de renforcement profond pour tout le corps et ses divers syst\u00e8mes affectant l&rsquo;esprit et l&rsquo;\u00e9nergie.<\/p>\n<p>Il existe des centaines de pratiques traditionnelles diff\u00e9rentes, chacune avec ses valeurs, ses fonctionnalit\u00e9s et ses domaines sp\u00e9cifiques. En Chine, ils peuvent \u00eatre divis\u00e9s en 3 groupes principaux et se multiplier en diff\u00e9rents styles, purs ou int\u00e9gr\u00e9s, anciens ou contemporains ;<\/p>\n<ul>\n<li>DAOJIA \u9053\u5bb6 TAOISME<\/li>\n<li>KONGJIA \u5b54\u5bb6 CONFUCIANISME<\/li>\n<li>FOJIA \u4f5b\u5bb6 BOUDDHISME<\/li>\n<\/ul>\n<p>[\/vc_column_text][\/vc_column][\/vc_row][vc_row][vc_column width=\u00a0\u00bb1\/3&Prime;][\/vc_column][vc_column width=\u00a0\u00bb2\/3&Prime;][vc_column_text]<strong>Vous trouverez plus d&rsquo;informations sur la pratique du Qi Gong traditionnelle en suivant les liens ci-dessous.<\/strong><\/p>\n<ul>\n<li><a href=\"https:\/\/shaolinwuji.com\/fr\/qi-gong\/qi-gong-nei-gong\/\">Si Duan Gong<\/a> (Forme Shaolin du Nord 4 Gong Fu)<\/li>\n<li><a href=\"https:\/\/shaolinwuji.com\/fr\/qi-gong\/qi-gong-nei-gong\/#baduanjin\">Ba Duan Jin<\/a> (Forme Shaolin du Nord 8 brocarts)<\/li>\n<li><a href=\"https:\/\/shaolinwuji.com\/fr\/qi-gong\/qi-gong-nei-gong\/#yijinjing\">Yi Jin Jing<\/a> (Transformation des muscles et tendons)<\/li>\n<li><a href=\"https:\/\/shaolinwuji.com\/fr\/qi-gong\/qi-gong-nei-gong\/#zhineng\">Kai Fa Zhihui Zhineng<\/a> (D\u00e9veloppement de la sagesse &amp; Intelligence)<\/li>\n<\/ul>\n<p>[\/vc_column_text][\/vc_column][\/vc_row][vc_row equal_height=\u00a0\u00bbyes\u00a0\u00bb content_placement=\u00a0\u00bbtop\u00a0\u00bb disable_element=\u00a0\u00bbyes\u00a0\u00bb bg_type=\u00a0\u00bbbg_color\u00a0\u00bb bg_override=\u00a0\u00bbex-full\u00a0\u00bb ult_hide_row=\u00a0\u00bbult_hide_row_value\u00a0\u00bb ult_hide_row_mobile=\u00a0\u00bbmobile\u00a0\u00bb ult_hide_row_mobile_large=\u00a0\u00bbxl_mobile\u00a0\u00bb css=\u00a0\u00bb.vc_custom_1644335353253{padding-top: 35px !important;padding-bottom: 50px !important;}\u00a0\u00bb bg_color_value=\u00a0\u00bb#dddddd\u00a0\u00bb][vc_column width=\u00a0\u00bb1\/4&Prime; css=\u00a0\u00bb.vc_custom_1571477821281{padding-bottom: 30px !important;}\u00a0\u00bb][\/vc_column][vc_column width=\u00a0\u00bb1\/2&Prime;][vc_btn title=\u00a0\u00bbDemande d&rsquo;information\u00a0\u00bb shape=\u00a0\u00bbsquare\u00a0\u00bb color=\u00a0\u00bbinverse\u00a0\u00bb size=\u00a0\u00bblg\u00a0\u00bb align=\u00a0\u00bbcenter\u00a0\u00bb link=\u00a0\u00bburl:https%3A%2F%2Fstaging.shaolinwuji.com%2Fcontact%2F%3Flang%3Dfr\u00a0\u00bb][\/vc_column][vc_column width=\u00a0\u00bb1\/4&Prime;][\/vc_column][\/vc_row]<\/p>\n<\/div>","protected":false},"excerpt":{"rendered":"<p>[vc_row equal_height=\u00a0\u00bbyes\u00a0\u00bb content_placement=\u00a0\u00bbtop\u00a0\u00bb css=\u00a0\u00bb.vc_custom_1613586343568{padding-top: 70px !important;padding-bottom: 35px !important;}\u00a0\u00bb][vc_column width=\u00a0\u00bb1\/3&Prime; css=\u00a0\u00bb.vc_custom_1571477821281{padding-bottom: 30px !important;}\u00a0\u00bb][vc_single_image image=\u00a0\u00bb3824&Prime; img_size=\u00a0\u00bbfull\u00a0\u00bb][vc_single_image image=\u00a0\u00bb4129&Prime; img_size=\u00a0\u00bblarge\u00a0\u00bb][\/vc_column][vc_column width=\u00a0\u00bb2\/3&Prime; css=\u00a0\u00bb.vc_custom_1571477868281{padding-bottom: 30px !important;}\u00a0\u00bb][vc_column_text]Le Qi Gong (souvent orthographi\u00e9 Chi Kung) est un type d&rsquo;exercice puissant, pratiqu\u00e9 depuis des milliers d&rsquo;ann\u00e9es par les ma\u00eetres d&rsquo;arts martiaux et de nos jours ; des millions de personnes \u00e0 travers le monde. Il&hellip;<\/p>\n","protected":false},"author":1,"featured_media":0,"parent":0,"menu_order":210,"comment_status":"closed","ping_status":"closed","template":"","meta":{"footnotes":""},"class_list":["post-3163","page","type-page","status-publish","hentry","description-off"],"yoast_head":"<!-- This site is optimized with the Yoast SEO plugin v27.3 - https:\/\/yoast.com\/product\/yoast-seo-wordpress\/ -->\n<title>Qi Gong Knowlton Qi Gong Knowlton Qi Gong Knowlton<\/title>\n<meta name=\"description\" content=\"Qi Gong Knowlton Chi Kung meditation tai ji Tai Chi energy calm spirit body mind balance\" \/>\n<meta name=\"robots\" content=\"index, follow, max-snippet:-1, max-image-preview:large, max-video-preview:-1\" \/>\n<link rel=\"canonical\" href=\"https:\/\/shaolinwuji.com\/fr\/qi-gong-knowlton\/\" \/>\n<meta property=\"og:locale\" content=\"fr_FR\" \/>\n<meta property=\"og:type\" content=\"article\" \/>\n<meta property=\"og:title\" content=\"Qi Gong Knowlton Qi Gong Knowlton Qi Gong Knowlton\" \/>\n<meta property=\"og:description\" content=\"Qi Gong Knowlton Chi Kung meditation tai ji Tai Chi energy calm spirit body mind balance\" \/>\n<meta property=\"og:url\" content=\"https:\/\/shaolinwuji.com\/fr\/qi-gong-knowlton\/\" \/>\n<meta property=\"og:site_name\" content=\"Shaolin Wuji\" \/>\n<meta property=\"article:modified_time\" content=\"2022-12-15T17:45:36+00:00\" \/>\n<meta name=\"twitter:card\" content=\"summary_large_image\" \/>\n<meta name=\"twitter:label1\" content=\"Dur\u00e9e de lecture estim\u00e9e\" \/>\n\t<meta name=\"twitter:data1\" content=\"2 minutes\" \/>\n<script type=\"application\/ld+json\" class=\"yoast-schema-graph\">{\"@context\":\"https:\\\/\\\/schema.org\",\"@graph\":[{\"@type\":\"WebPage\",\"@id\":\"https:\\\/\\\/shaolinwuji.com\\\/fr\\\/qi-gong-knowlton\\\/\",\"url\":\"https:\\\/\\\/shaolinwuji.com\\\/fr\\\/qi-gong-knowlton\\\/\",\"name\":\"Qi Gong Knowlton Qi Gong Knowlton Qi Gong Knowlton\",\"isPartOf\":{\"@id\":\"https:\\\/\\\/shaolinwuji.com\\\/fr\\\/#website\"},\"datePublished\":\"2021-02-24T01:48:28+00:00\",\"dateModified\":\"2022-12-15T17:45:36+00:00\",\"description\":\"Qi Gong Knowlton Chi Kung meditation tai ji Tai Chi energy calm spirit body mind balance\",\"breadcrumb\":{\"@id\":\"https:\\\/\\\/shaolinwuji.com\\\/fr\\\/qi-gong-knowlton\\\/#breadcrumb\"},\"inLanguage\":\"fr-FR\",\"potentialAction\":[{\"@type\":\"ReadAction\",\"target\":[\"https:\\\/\\\/shaolinwuji.com\\\/fr\\\/qi-gong-knowlton\\\/\"]}]},{\"@type\":\"BreadcrumbList\",\"@id\":\"https:\\\/\\\/shaolinwuji.com\\\/fr\\\/qi-gong-knowlton\\\/#breadcrumb\",\"itemListElement\":[{\"@type\":\"ListItem\",\"position\":1,\"name\":\"Meditation\",\"item\":\"https:\\\/\\\/shaolinwuji.com\\\/fr\\\/\"},{\"@type\":\"ListItem\",\"position\":2,\"name\":\"Qi Gong \u6c14\u529f\"}]},{\"@type\":\"WebSite\",\"@id\":\"https:\\\/\\\/shaolinwuji.com\\\/fr\\\/#website\",\"url\":\"https:\\\/\\\/shaolinwuji.com\\\/fr\\\/\",\"name\":\"Shaolin Wuji\",\"description\":\"arts martiaux traditionnels - meditation - tai chi - chi kung \",\"publisher\":{\"@id\":\"https:\\\/\\\/shaolinwuji.com\\\/fr\\\/#organization\"},\"potentialAction\":[{\"@type\":\"SearchAction\",\"target\":{\"@type\":\"EntryPoint\",\"urlTemplate\":\"https:\\\/\\\/shaolinwuji.com\\\/fr\\\/?s={search_term_string}\"},\"query-input\":{\"@type\":\"PropertyValueSpecification\",\"valueRequired\":true,\"valueName\":\"search_term_string\"}}],\"inLanguage\":\"fr-FR\"},{\"@type\":\"Organization\",\"@id\":\"https:\\\/\\\/shaolinwuji.com\\\/fr\\\/#organization\",\"name\":\"Shaolin Wuji Center\",\"url\":\"https:\\\/\\\/shaolinwuji.com\\\/fr\\\/\",\"logo\":{\"@type\":\"ImageObject\",\"inLanguage\":\"fr-FR\",\"@id\":\"https:\\\/\\\/shaolinwuji.com\\\/fr\\\/#\\\/schema\\\/logo\\\/image\\\/\",\"url\":\"https:\\\/\\\/shaolinwuji.com\\\/wp-content\\\/uploads\\\/2021\\\/12\\\/C253A8BF-EF93-43C6-BC96-F59A4A8CA2D6-2.jpeg\",\"contentUrl\":\"https:\\\/\\\/shaolinwuji.com\\\/wp-content\\\/uploads\\\/2021\\\/12\\\/C253A8BF-EF93-43C6-BC96-F59A4A8CA2D6-2.jpeg\",\"width\":355,\"height\":210,\"caption\":\"Shaolin Wuji Center\"},\"image\":{\"@id\":\"https:\\\/\\\/shaolinwuji.com\\\/fr\\\/#\\\/schema\\\/logo\\\/image\\\/\"}}]}<\/script>\n<!-- \/ Yoast SEO plugin. -->","yoast_head_json":{"title":"Qi Gong Knowlton Qi Gong Knowlton Qi Gong Knowlton","description":"Qi Gong Knowlton Chi Kung meditation tai ji Tai Chi energy calm spirit body mind balance","robots":{"index":"index","follow":"follow","max-snippet":"max-snippet:-1","max-image-preview":"max-image-preview:large","max-video-preview":"max-video-preview:-1"},"canonical":"https:\/\/shaolinwuji.com\/fr\/qi-gong-knowlton\/","og_locale":"fr_FR","og_type":"article","og_title":"Qi Gong Knowlton Qi Gong Knowlton Qi Gong Knowlton","og_description":"Qi Gong Knowlton Chi Kung meditation tai ji Tai Chi energy calm spirit body mind balance","og_url":"https:\/\/shaolinwuji.com\/fr\/qi-gong-knowlton\/","og_site_name":"Shaolin Wuji","article_modified_time":"2022-12-15T17:45:36+00:00","twitter_card":"summary_large_image","twitter_misc":{"Dur\u00e9e de lecture estim\u00e9e":"2 minutes"},"schema":{"@context":"https:\/\/schema.org","@graph":[{"@type":"WebPage","@id":"https:\/\/shaolinwuji.com\/fr\/qi-gong-knowlton\/","url":"https:\/\/shaolinwuji.com\/fr\/qi-gong-knowlton\/","name":"Qi Gong Knowlton Qi Gong Knowlton Qi Gong Knowlton","isPartOf":{"@id":"https:\/\/shaolinwuji.com\/fr\/#website"},"datePublished":"2021-02-24T01:48:28+00:00","dateModified":"2022-12-15T17:45:36+00:00","description":"Qi Gong Knowlton Chi Kung meditation tai ji Tai Chi energy calm spirit body mind balance","breadcrumb":{"@id":"https:\/\/shaolinwuji.com\/fr\/qi-gong-knowlton\/#breadcrumb"},"inLanguage":"fr-FR","potentialAction":[{"@type":"ReadAction","target":["https:\/\/shaolinwuji.com\/fr\/qi-gong-knowlton\/"]}]},{"@type":"BreadcrumbList","@id":"https:\/\/shaolinwuji.com\/fr\/qi-gong-knowlton\/#breadcrumb","itemListElement":[{"@type":"ListItem","position":1,"name":"Meditation","item":"https:\/\/shaolinwuji.com\/fr\/"},{"@type":"ListItem","position":2,"name":"Qi Gong \u6c14\u529f"}]},{"@type":"WebSite","@id":"https:\/\/shaolinwuji.com\/fr\/#website","url":"https:\/\/shaolinwuji.com\/fr\/","name":"Shaolin Wuji","description":"arts martiaux traditionnels - meditation - tai chi - chi kung ","publisher":{"@id":"https:\/\/shaolinwuji.com\/fr\/#organization"},"potentialAction":[{"@type":"SearchAction","target":{"@type":"EntryPoint","urlTemplate":"https:\/\/shaolinwuji.com\/fr\/?s={search_term_string}"},"query-input":{"@type":"PropertyValueSpecification","valueRequired":true,"valueName":"search_term_string"}}],"inLanguage":"fr-FR"},{"@type":"Organization","@id":"https:\/\/shaolinwuji.com\/fr\/#organization","name":"Shaolin Wuji Center","url":"https:\/\/shaolinwuji.com\/fr\/","logo":{"@type":"ImageObject","inLanguage":"fr-FR","@id":"https:\/\/shaolinwuji.com\/fr\/#\/schema\/logo\/image\/","url":"https:\/\/shaolinwuji.com\/wp-content\/uploads\/2021\/12\/C253A8BF-EF93-43C6-BC96-F59A4A8CA2D6-2.jpeg","contentUrl":"https:\/\/shaolinwuji.com\/wp-content\/uploads\/2021\/12\/C253A8BF-EF93-43C6-BC96-F59A4A8CA2D6-2.jpeg","width":355,"height":210,"caption":"Shaolin Wuji Center"},"image":{"@id":"https:\/\/shaolinwuji.com\/fr\/#\/schema\/logo\/image\/"}}]}},"_links":{"self":[{"href":"https:\/\/shaolinwuji.com\/fr\/wp-json\/wp\/v2\/pages\/3163","targetHints":{"allow":["GET"]}}],"collection":[{"href":"https:\/\/shaolinwuji.com\/fr\/wp-json\/wp\/v2\/pages"}],"about":[{"href":"https:\/\/shaolinwuji.com\/fr\/wp-json\/wp\/v2\/types\/page"}],"author":[{"embeddable":true,"href":"https:\/\/shaolinwuji.com\/fr\/wp-json\/wp\/v2\/users\/1"}],"replies":[{"embeddable":true,"href":"https:\/\/shaolinwuji.com\/fr\/wp-json\/wp\/v2\/comments?post=3163"}],"version-history":[{"count":14,"href":"https:\/\/shaolinwuji.com\/fr\/wp-json\/wp\/v2\/pages\/3163\/revisions"}],"predecessor-version":[{"id":4709,"href":"https:\/\/shaolinwuji.com\/fr\/wp-json\/wp\/v2\/pages\/3163\/revisions\/4709"}],"wp:attachment":[{"href":"https:\/\/shaolinwuji.com\/fr\/wp-json\/wp\/v2\/media?parent=3163"}],"curies":[{"name":"wp","href":"https:\/\/api.w.org\/{rel}","templated":true}]}}