{"id":3159,"date":"2021-02-24T14:54:14","date_gmt":"2021-02-24T14:54:14","guid":{"rendered":"https:\/\/staging.shaolinwuji.com\/qi-gong-nei-gong\/"},"modified":"2022-02-08T10:50:05","modified_gmt":"2022-02-08T15:50:05","slug":"qi-gong-nei-gong","status":"publish","type":"page","link":"https:\/\/shaolinwuji.com\/fr\/qi-gong-knowlton\/qi-gong-nei-gong\/","title":{"rendered":"Qi Gong \u6c14\u529f"},"content":{"rendered":"<div class=\"wpb-content-wrapper\"><p>[vc_row equal_height=\u00a0\u00bbyes\u00a0\u00bb content_placement=\u00a0\u00bbtop\u00a0\u00bb css=\u00a0\u00bb.vc_custom_1613586343568{padding-top: 70px !important;padding-bottom: 35px !important;}\u00a0\u00bb][vc_column width=\u00a0\u00bb1\/3&Prime; css=\u00a0\u00bb.vc_custom_1571477821281{padding-bottom: 30px !important;}\u00a0\u00bb]<div id=\"ultimate-heading-144969dc491ce6348\" class=\"uvc-heading ult-adjust-bottom-margin ultimate-heading-144969dc491ce6348 uvc-6517 \" data-hspacer=\"no_spacer\"  data-halign=\"left\" style=\"text-align:left\"><div class=\"uvc-heading-spacer no_spacer\" style=\"top\"><\/div><div class=\"uvc-main-heading ult-responsive\"  data-ultimate-target='.uvc-heading.ultimate-heading-144969dc491ce6348 h3'  data-responsive-json-new='{\"font-size\":\"tablet_portrait:34px;\",\"line-height\":\"tablet_portrait:44px;\"}' ><h3 style=\"--font-weight:theme;margin-bottom:20px;\">Qi Gong \u6c14\u529f<\/h3><\/div><\/div><div class=\"hr-thin style-double hr-left\" style=\"width: 120px;border-color: #2e2b36;border-top-width: 6px;\"><\/div>[\/vc_column][vc_column width=\u00a0\u00bb2\/3&Prime; css=\u00a0\u00bb.vc_custom_1571477868281{padding-bottom: 30px !important;}\u00a0\u00bb][vc_column_text]<strong>Si Duan Gong<\/strong> est une forme de Qi Gong qui \u00e9tait pratiqu\u00e9e dans le monast\u00e8re de Shaolin en particulier avant la R\u00e9volution culturelle, int\u00e9grant les principes de base du Ba Duan Jin et du Yi Jin Jing enseign\u00e9s \u00e0 Shaolin, il a sa propre essence unique.<a name=\"baduanjin\"><\/a><\/p>\n<p>Ce Qi Gong peut \u00eatre pratiqu\u00e9 dans un temps relativement court et une pratique r\u00e9guli\u00e8re et correcte g\u00e9n\u00e8re des r\u00e9sultats impressionnants (sant\u00e9, souplesse, r\u00e9gulation du Qi, \u00e9quilibre du Yin \u9634et du Yang \u9633). Cependant, il existe peu de litt\u00e9rature disponible sur le Si Duan Gong et il est rarement enseign\u00e9 aujourd&rsquo;hui.<\/p>\n<p><strong>Ba Duan Jin<\/strong> est un tr\u00e9sor de sagesse et peut \u00eatre d\u00e9crit comme une combinaison de bouddhisme, de tao\u00efsme, de confucianisme et de m\u00e9decine traditionnelle chinoise.<\/p>\n<p>Il r\u00e9gule le Qi, \u00e9quilibre le Yin \u9634 et le Yang \u9633, renforce les tendons et augmente la densit\u00e9 osseuse.<\/p>\n<p>Selon des chercheurs chinois, les sources du traditionnel Ba Duan Jin pr\u00e9c\u00e8dent la dynastie Song. Cette forme a \u00e9t\u00e9 d\u00e9velopp\u00e9e en particulier pendant les dynasties Ming et Qing bien qu&rsquo;il n&rsquo;y ait pas de consensus clair sur les origines du Ba Duan Jin traditionnel ou de son cr\u00e9ateur.<a name=\"yijinjing\"><\/a><\/p>\n<p>La sagesse sugg\u00e8re que Ba Duan Jin est n\u00e9 d&rsquo;une collaboration et d&rsquo;un partage de connaissances entre les ma\u00eetres des arts martiaux, les gu\u00e9risseurs et les praticiens, \u00e0 travers les g\u00e9n\u00e9rations.<\/p>\n<p>Le style du sud \u00ab Liang Shichang \u00bb (\u96be\u6cd5) et le style du nord \u00ab Yue Fei \u00bb (\u5317\u6cd5) partagent les m\u00eames racines.<\/p>\n<p><strong>Yi Jin Jing<\/strong> est un \u00ab Nei Gong \u00bb important qui renforce les muscles, les articulations et les tendons et renforce la sant\u00e9 des 5 organes Yin \u9634 et des 5 organes Yang \u9633 (reins \u9634, poumons \u9634, c\u0153ur \u9634, rate, pancr\u00e9as \u9634, estomac \u9633, foie \u9634, vessie \u9633, v\u00e9sicule biliaire \u9633, intestins \u9633) ainsi que la sant\u00e9 de tous les autres organes.<\/p>\n<p><a name=\"zhineng\"><\/a>Cette m\u00e9thode se concentre sur l&rsquo;\u00e9tirement des m\u00e9ridiens afin de d\u00e9velopper les trois tr\u00e9sors humains : \u8fdb Jin (essence originelle) \/ \u6c14 Qi (force vitale) \/ \u4f38 Shen (esprit).<\/p>\n<p>Certains universitaires chinois pensent que le Yi Jin Jing a \u00e9t\u00e9 d\u00e9velopp\u00e9 bien avant l&rsquo;arriv\u00e9e de Bodhidharma au monast\u00e8re de Shaolin et \u00e9tait connu sous le nom de \u00ab Daoyin \u00bb. La contribution du moine aurait augment\u00e9 les avantages de la forme originale \u00e0 leur niveau maximal.<\/p>\n<p><strong>Kai Fa Zhihui (d\u00e9veloppement de la sagesse) de Zhineng (intelligence) Qi Gong<\/strong><\/p>\n<p>Cette pratique contemporaine de style ouvert est le produit de milliers d&rsquo;ann\u00e9es de sagesse et peut g\u00e9n\u00e9rer des effets spectaculairement rapides et intenses en fonction de la r\u00e9ceptivit\u00e9 de l&rsquo;\u00e9tudiant. Sa th\u00e9orie fondamentale est bas\u00e9e sur le Huyuan Qi.<\/p>\n<p>Six niveaux de pratique, s\u00e9par\u00e9s par diff\u00e9rentes formes, ouvrent la voie \u00e0 une profonde sagesse ; trois de ces niveaux ont \u00e9t\u00e9 rendus publics et chacun est compos\u00e9 de 3 \u00ab niveaux de r\u00e9alisation \u00bb. La plupart des niveaux sont internes, mais la premi\u00e8re forme, \u00ab Peng Qi Guang Ding Fa \u00bb, est externe, contrairement aux types traditionnels de Qi Gong.<\/p>\n<p>Cette pratique favorise le progr\u00e8s unique des artistes martiaux de toutes orientations en changeant leur perception, leur paix int\u00e9rieure et leur connexion avec le Qi.<\/p>\n<p>Il ouvre la porte au d\u00e9veloppement de capacit\u00e9s extra-sensoriels. Kai Fa Zhihui Zhineng Qi Gong est enti\u00e8rement bas\u00e9 sur les enseignements de Pang Ming et d\u00e9coule de son int\u00e9gration des enseignements anciens (bouddhisme, tao\u00efsme et confucianisme).[\/vc_column_text][\/vc_column][\/vc_row][vc_row][vc_column width=\u00a0\u00bb1\/3&Prime;][\/vc_column][vc_column width=\u00a0\u00bb2\/3&Prime;]<div id=\"ultimate-heading-336169dc491ce643f\" class=\"uvc-heading ult-adjust-bottom-margin ultimate-heading-336169dc491ce643f uvc-1160  uvc-heading-default-font-sizes\" data-hspacer=\"no_spacer\"  data-halign=\"left\" style=\"text-align:left\"><div class=\"uvc-heading-spacer no_spacer\" style=\"top\"><\/div><div class=\"uvc-main-heading ult-responsive\"  data-ultimate-target='.uvc-heading.ultimate-heading-336169dc491ce643f h4'  data-responsive-json-new='{\"font-size\":\"\",\"line-height\":\"\"}' ><h4 style=\"--font-weight:theme;\">Introduction de Peng Qi Guan Ding Fa (Zhineng Qi Gong)<\/h4><\/div><\/div>[vc_single_image image=\u00a0\u00bb1675&Prime; img_size=\u00a0\u00bblarge\u00a0\u00bb][\/vc_column][\/vc_row][vc_row][vc_column width=\u00a0\u00bb1\/3&Prime;][\/vc_column][vc_column width=\u00a0\u00bb2\/3&Prime;]<div id=\"ultimate-heading-356169dc491ce648a\" class=\"uvc-heading ult-adjust-bottom-margin ultimate-heading-356169dc491ce648a uvc-8292  uvc-heading-default-font-sizes\" data-hspacer=\"no_spacer\"  data-halign=\"left\" style=\"text-align:left\"><div class=\"uvc-heading-spacer no_spacer\" style=\"top\"><\/div><\/div>[vc_single_image image=\u00a0\u00bb1680&Prime; img_size=\u00a0\u00bblarge\u00a0\u00bb][\/vc_column][\/vc_row][vc_row][vc_column width=\u00a0\u00bb1\/3&Prime;][\/vc_column][vc_column width=\u00a0\u00bb2\/3&Prime;]<div id=\"ultimate-heading-3669dc491ce64ba\" class=\"uvc-heading ult-adjust-bottom-margin ultimate-heading-3669dc491ce64ba uvc-7599  uvc-heading-default-font-sizes\" data-hspacer=\"no_spacer\"  data-halign=\"left\" style=\"text-align:left\"><div class=\"uvc-heading-spacer no_spacer\" style=\"top\"><\/div><div class=\"uvc-main-heading ult-responsive\"  data-ultimate-target='.uvc-heading.ultimate-heading-3669dc491ce64ba h4'  data-responsive-json-new='{\"font-size\":\"\",\"line-height\":\"\"}' ><h4 style=\"--font-weight:theme;\">Points d'acupuncture importants pour le Qi Gong<\/h4><\/div><\/div>[vc_single_image image=\u00a0\u00bb1681&Prime; img_size=\u00a0\u00bblarge\u00a0\u00bb][\/vc_column][\/vc_row][vc_row equal_height=\u00a0\u00bbyes\u00a0\u00bb content_placement=\u00a0\u00bbtop\u00a0\u00bb disable_element=\u00a0\u00bbyes\u00a0\u00bb bg_type=\u00a0\u00bbbg_color\u00a0\u00bb bg_override=\u00a0\u00bbex-full\u00a0\u00bb ult_hide_row=\u00a0\u00bbult_hide_row_value\u00a0\u00bb ult_hide_row_mobile=\u00a0\u00bbmobile\u00a0\u00bb ult_hide_row_mobile_large=\u00a0\u00bbxl_mobile\u00a0\u00bb css=\u00a0\u00bb.vc_custom_1644335397064{padding-top: 35px !important;padding-bottom: 50px !important;}\u00a0\u00bb bg_color_value=\u00a0\u00bb#dddddd\u00a0\u00bb][vc_column width=\u00a0\u00bb1\/4&Prime; css=\u00a0\u00bb.vc_custom_1571477821281{padding-bottom: 30px !important;}\u00a0\u00bb][\/vc_column][vc_column width=\u00a0\u00bb1\/2&Prime;]<div class=\" ubtn-ctn-center modal_btn_wrapper\"><a class=\"ubtn-link ult-adjust-bottom-margin ubtn-center ubtn-large modal_btn_wrapper\" href=\"#modal_popup\" rel=\"modal:open\" ><button type=\"button\" id=\"ubtn-2778\"  class=\"ubtn ult-adjust-bottom-margin ult-responsive ubtn-large ubtn-no-hover-bg  none  ubtn-center   tooltip-69dc491ce64fd\"  data-hover=\"\" data-border-color=\"\" data-bg=\"#dd9933\" data-hover-bg=\"\" data-border-hover=\"\" data-shadow-hover=\"\" data-shadow-click=\"none\" data-shadow=\"\" data-shd-shadow=\"\"  data-ultimate-target='#ubtn-2778'  data-responsive-json-new='{\"font-size\":\"desktop:22px;\",\"line-height\":\"\"}'  style=\"font-weight:bold;border:none;background: #dd9933;color: #ffffff;\"><span class=\"ubtn-hover\" style=\"background-color:\"><\/span><span class=\"ubtn-data ubtn-text \" >Cliquez ici pour vous inscrire<\/span><\/button><\/a><\/div>[\/vc_column][vc_column width=\u00a0\u00bb1\/4&Prime;][\/vc_column][\/vc_row]<\/p>\n<\/div>","protected":false},"excerpt":{"rendered":"<p>[vc_row equal_height=\u00a0\u00bbyes\u00a0\u00bb content_placement=\u00a0\u00bbtop\u00a0\u00bb css=\u00a0\u00bb.vc_custom_1613586343568{padding-top: 70px !important;padding-bottom: 35px !important;}\u00a0\u00bb][vc_column width=\u00a0\u00bb1\/3&Prime; css=\u00a0\u00bb.vc_custom_1571477821281{padding-bottom: 30px !important;}\u00a0\u00bb][\/vc_column][vc_column width=\u00a0\u00bb2\/3&Prime; css=\u00a0\u00bb.vc_custom_1571477868281{padding-bottom: 30px !important;}\u00a0\u00bb][vc_column_text]Si Duan Gong est une forme de Qi Gong qui \u00e9tait pratiqu\u00e9e dans le monast\u00e8re de Shaolin en particulier avant la R\u00e9volution culturelle, int\u00e9grant les principes de base du Ba Duan Jin et du Yi Jin Jing enseign\u00e9s \u00e0 Shaolin,&hellip;<\/p>\n","protected":false},"author":1,"featured_media":0,"parent":3163,"menu_order":211,"comment_status":"closed","ping_status":"closed","template":"","meta":{"footnotes":""},"class_list":["post-3159","page","type-page","status-publish","hentry","description-off"],"yoast_head":"<!-- This site is optimized with the Yoast SEO plugin v27.3 - https:\/\/yoast.com\/product\/yoast-seo-wordpress\/ -->\n<title>Qi Gong \u6c14\u529f - Shaolin Wuji<\/title>\n<meta name=\"robots\" content=\"index, follow, max-snippet:-1, max-image-preview:large, max-video-preview:-1\" \/>\n<link rel=\"canonical\" href=\"https:\/\/shaolinwuji.com\/fr\/qi-gong-knowlton\/qi-gong-nei-gong\/\" \/>\n<meta property=\"og:locale\" content=\"fr_FR\" \/>\n<meta property=\"og:type\" content=\"article\" \/>\n<meta property=\"og:title\" content=\"Qi Gong \u6c14\u529f - Shaolin Wuji\" \/>\n<meta property=\"og:description\" content=\"[vc_row equal_height=\u00a0\u00bbyes\u00a0\u00bb content_placement=\u00a0\u00bbtop\u00a0\u00bb css=\u00a0\u00bb.vc_custom_1613586343568{padding-top: 70px !important;padding-bottom: 35px !important;}\u00a0\u00bb][vc_column width=\u00a0\u00bb1\/3&Prime; css=\u00a0\u00bb.vc_custom_1571477821281{padding-bottom: 30px !important;}\u00a0\u00bb][\/vc_column][vc_column width=\u00a0\u00bb2\/3&Prime; css=\u00a0\u00bb.vc_custom_1571477868281{padding-bottom: 30px !important;}\u00a0\u00bb][vc_column_text]Si Duan Gong est une forme de Qi Gong qui \u00e9tait pratiqu\u00e9e dans le monast\u00e8re de Shaolin en particulier avant la R\u00e9volution culturelle, int\u00e9grant les principes de base du Ba Duan Jin et du Yi Jin Jing enseign\u00e9s \u00e0 Shaolin,&hellip;\" \/>\n<meta property=\"og:url\" content=\"https:\/\/shaolinwuji.com\/fr\/qi-gong-knowlton\/qi-gong-nei-gong\/\" \/>\n<meta property=\"og:site_name\" content=\"Shaolin Wuji\" \/>\n<meta property=\"article:modified_time\" content=\"2022-02-08T15:50:05+00:00\" \/>\n<meta name=\"twitter:card\" content=\"summary_large_image\" \/>\n<meta name=\"twitter:label1\" content=\"Dur\u00e9e de lecture estim\u00e9e\" \/>\n\t<meta name=\"twitter:data1\" content=\"5 minutes\" \/>\n<script type=\"application\/ld+json\" class=\"yoast-schema-graph\">{\"@context\":\"https:\\\/\\\/schema.org\",\"@graph\":[{\"@type\":\"WebPage\",\"@id\":\"https:\\\/\\\/shaolinwuji.com\\\/fr\\\/qi-gong-knowlton\\\/qi-gong-nei-gong\\\/\",\"url\":\"https:\\\/\\\/shaolinwuji.com\\\/fr\\\/qi-gong-knowlton\\\/qi-gong-nei-gong\\\/\",\"name\":\"Qi Gong \u6c14\u529f - Shaolin Wuji\",\"isPartOf\":{\"@id\":\"https:\\\/\\\/shaolinwuji.com\\\/fr\\\/#website\"},\"datePublished\":\"2021-02-24T14:54:14+00:00\",\"dateModified\":\"2022-02-08T15:50:05+00:00\",\"breadcrumb\":{\"@id\":\"https:\\\/\\\/shaolinwuji.com\\\/fr\\\/qi-gong-knowlton\\\/qi-gong-nei-gong\\\/#breadcrumb\"},\"inLanguage\":\"fr-FR\",\"potentialAction\":[{\"@type\":\"ReadAction\",\"target\":[\"https:\\\/\\\/shaolinwuji.com\\\/fr\\\/qi-gong-knowlton\\\/qi-gong-nei-gong\\\/\"]}]},{\"@type\":\"BreadcrumbList\",\"@id\":\"https:\\\/\\\/shaolinwuji.com\\\/fr\\\/qi-gong-knowlton\\\/qi-gong-nei-gong\\\/#breadcrumb\",\"itemListElement\":[{\"@type\":\"ListItem\",\"position\":1,\"name\":\"Meditation\",\"item\":\"https:\\\/\\\/shaolinwuji.com\\\/fr\\\/\"},{\"@type\":\"ListItem\",\"position\":2,\"name\":\"Qi Gong \u6c14\u529f\",\"item\":\"https:\\\/\\\/shaolinwuji.com\\\/fr\\\/qi-gong-knowlton\\\/\"},{\"@type\":\"ListItem\",\"position\":3,\"name\":\"Qi Gong \u6c14\u529f\"}]},{\"@type\":\"WebSite\",\"@id\":\"https:\\\/\\\/shaolinwuji.com\\\/fr\\\/#website\",\"url\":\"https:\\\/\\\/shaolinwuji.com\\\/fr\\\/\",\"name\":\"Shaolin Wuji\",\"description\":\"arts martiaux traditionnels - meditation - tai chi - chi kung \",\"publisher\":{\"@id\":\"https:\\\/\\\/shaolinwuji.com\\\/fr\\\/#organization\"},\"potentialAction\":[{\"@type\":\"SearchAction\",\"target\":{\"@type\":\"EntryPoint\",\"urlTemplate\":\"https:\\\/\\\/shaolinwuji.com\\\/fr\\\/?s={search_term_string}\"},\"query-input\":{\"@type\":\"PropertyValueSpecification\",\"valueRequired\":true,\"valueName\":\"search_term_string\"}}],\"inLanguage\":\"fr-FR\"},{\"@type\":\"Organization\",\"@id\":\"https:\\\/\\\/shaolinwuji.com\\\/fr\\\/#organization\",\"name\":\"Shaolin Wuji Center\",\"url\":\"https:\\\/\\\/shaolinwuji.com\\\/fr\\\/\",\"logo\":{\"@type\":\"ImageObject\",\"inLanguage\":\"fr-FR\",\"@id\":\"https:\\\/\\\/shaolinwuji.com\\\/fr\\\/#\\\/schema\\\/logo\\\/image\\\/\",\"url\":\"https:\\\/\\\/shaolinwuji.com\\\/wp-content\\\/uploads\\\/2021\\\/12\\\/C253A8BF-EF93-43C6-BC96-F59A4A8CA2D6-2.jpeg\",\"contentUrl\":\"https:\\\/\\\/shaolinwuji.com\\\/wp-content\\\/uploads\\\/2021\\\/12\\\/C253A8BF-EF93-43C6-BC96-F59A4A8CA2D6-2.jpeg\",\"width\":355,\"height\":210,\"caption\":\"Shaolin Wuji Center\"},\"image\":{\"@id\":\"https:\\\/\\\/shaolinwuji.com\\\/fr\\\/#\\\/schema\\\/logo\\\/image\\\/\"}}]}<\/script>\n<!-- \/ Yoast SEO plugin. -->","yoast_head_json":{"title":"Qi Gong \u6c14\u529f - Shaolin Wuji","robots":{"index":"index","follow":"follow","max-snippet":"max-snippet:-1","max-image-preview":"max-image-preview:large","max-video-preview":"max-video-preview:-1"},"canonical":"https:\/\/shaolinwuji.com\/fr\/qi-gong-knowlton\/qi-gong-nei-gong\/","og_locale":"fr_FR","og_type":"article","og_title":"Qi Gong \u6c14\u529f - Shaolin Wuji","og_description":"[vc_row equal_height=\u00a0\u00bbyes\u00a0\u00bb content_placement=\u00a0\u00bbtop\u00a0\u00bb css=\u00a0\u00bb.vc_custom_1613586343568{padding-top: 70px !important;padding-bottom: 35px !important;}\u00a0\u00bb][vc_column width=\u00a0\u00bb1\/3&Prime; css=\u00a0\u00bb.vc_custom_1571477821281{padding-bottom: 30px !important;}\u00a0\u00bb][\/vc_column][vc_column width=\u00a0\u00bb2\/3&Prime; css=\u00a0\u00bb.vc_custom_1571477868281{padding-bottom: 30px !important;}\u00a0\u00bb][vc_column_text]Si Duan Gong est une forme de Qi Gong qui \u00e9tait pratiqu\u00e9e dans le monast\u00e8re de Shaolin en particulier avant la R\u00e9volution culturelle, int\u00e9grant les principes de base du Ba Duan Jin et du Yi Jin Jing enseign\u00e9s \u00e0 Shaolin,&hellip;","og_url":"https:\/\/shaolinwuji.com\/fr\/qi-gong-knowlton\/qi-gong-nei-gong\/","og_site_name":"Shaolin Wuji","article_modified_time":"2022-02-08T15:50:05+00:00","twitter_card":"summary_large_image","twitter_misc":{"Dur\u00e9e de lecture estim\u00e9e":"5 minutes"},"schema":{"@context":"https:\/\/schema.org","@graph":[{"@type":"WebPage","@id":"https:\/\/shaolinwuji.com\/fr\/qi-gong-knowlton\/qi-gong-nei-gong\/","url":"https:\/\/shaolinwuji.com\/fr\/qi-gong-knowlton\/qi-gong-nei-gong\/","name":"Qi Gong \u6c14\u529f - Shaolin Wuji","isPartOf":{"@id":"https:\/\/shaolinwuji.com\/fr\/#website"},"datePublished":"2021-02-24T14:54:14+00:00","dateModified":"2022-02-08T15:50:05+00:00","breadcrumb":{"@id":"https:\/\/shaolinwuji.com\/fr\/qi-gong-knowlton\/qi-gong-nei-gong\/#breadcrumb"},"inLanguage":"fr-FR","potentialAction":[{"@type":"ReadAction","target":["https:\/\/shaolinwuji.com\/fr\/qi-gong-knowlton\/qi-gong-nei-gong\/"]}]},{"@type":"BreadcrumbList","@id":"https:\/\/shaolinwuji.com\/fr\/qi-gong-knowlton\/qi-gong-nei-gong\/#breadcrumb","itemListElement":[{"@type":"ListItem","position":1,"name":"Meditation","item":"https:\/\/shaolinwuji.com\/fr\/"},{"@type":"ListItem","position":2,"name":"Qi Gong \u6c14\u529f","item":"https:\/\/shaolinwuji.com\/fr\/qi-gong-knowlton\/"},{"@type":"ListItem","position":3,"name":"Qi Gong \u6c14\u529f"}]},{"@type":"WebSite","@id":"https:\/\/shaolinwuji.com\/fr\/#website","url":"https:\/\/shaolinwuji.com\/fr\/","name":"Shaolin Wuji","description":"arts martiaux traditionnels - meditation - tai chi - chi kung ","publisher":{"@id":"https:\/\/shaolinwuji.com\/fr\/#organization"},"potentialAction":[{"@type":"SearchAction","target":{"@type":"EntryPoint","urlTemplate":"https:\/\/shaolinwuji.com\/fr\/?s={search_term_string}"},"query-input":{"@type":"PropertyValueSpecification","valueRequired":true,"valueName":"search_term_string"}}],"inLanguage":"fr-FR"},{"@type":"Organization","@id":"https:\/\/shaolinwuji.com\/fr\/#organization","name":"Shaolin Wuji Center","url":"https:\/\/shaolinwuji.com\/fr\/","logo":{"@type":"ImageObject","inLanguage":"fr-FR","@id":"https:\/\/shaolinwuji.com\/fr\/#\/schema\/logo\/image\/","url":"https:\/\/shaolinwuji.com\/wp-content\/uploads\/2021\/12\/C253A8BF-EF93-43C6-BC96-F59A4A8CA2D6-2.jpeg","contentUrl":"https:\/\/shaolinwuji.com\/wp-content\/uploads\/2021\/12\/C253A8BF-EF93-43C6-BC96-F59A4A8CA2D6-2.jpeg","width":355,"height":210,"caption":"Shaolin Wuji Center"},"image":{"@id":"https:\/\/shaolinwuji.com\/fr\/#\/schema\/logo\/image\/"}}]}},"_links":{"self":[{"href":"https:\/\/shaolinwuji.com\/fr\/wp-json\/wp\/v2\/pages\/3159","targetHints":{"allow":["GET"]}}],"collection":[{"href":"https:\/\/shaolinwuji.com\/fr\/wp-json\/wp\/v2\/pages"}],"about":[{"href":"https:\/\/shaolinwuji.com\/fr\/wp-json\/wp\/v2\/types\/page"}],"author":[{"embeddable":true,"href":"https:\/\/shaolinwuji.com\/fr\/wp-json\/wp\/v2\/users\/1"}],"replies":[{"embeddable":true,"href":"https:\/\/shaolinwuji.com\/fr\/wp-json\/wp\/v2\/comments?post=3159"}],"version-history":[{"count":9,"href":"https:\/\/shaolinwuji.com\/fr\/wp-json\/wp\/v2\/pages\/3159\/revisions"}],"predecessor-version":[{"id":4295,"href":"https:\/\/shaolinwuji.com\/fr\/wp-json\/wp\/v2\/pages\/3159\/revisions\/4295"}],"up":[{"embeddable":true,"href":"https:\/\/shaolinwuji.com\/fr\/wp-json\/wp\/v2\/pages\/3163"}],"wp:attachment":[{"href":"https:\/\/shaolinwuji.com\/fr\/wp-json\/wp\/v2\/media?parent=3159"}],"curies":[{"name":"wp","href":"https:\/\/api.w.org\/{rel}","templated":true}]}}