{"id":3147,"date":"2021-02-24T16:02:15","date_gmt":"2021-02-24T16:02:15","guid":{"rendered":"https:\/\/staging.shaolinwuji.com\/our-teachers-and-masters\/shigong-shi-de-cheng\/"},"modified":"2024-04-29T12:26:42","modified_gmt":"2024-04-29T16:26:42","slug":"shigong-shi-de-cheng","status":"publish","type":"page","link":"https:\/\/shaolinwuji.com\/fr\/our-school\/our-teachers-and-masters\/shigong-shi-de-cheng\/","title":{"rendered":"Shigong Shi De Cheng"},"content":{"rendered":"<div class=\"wpb-content-wrapper\"><p>[vc_row equal_height=\u00a0\u00bbyes\u00a0\u00bb content_placement=\u00a0\u00bbtop\u00a0\u00bb css=\u00a0\u00bb.vc_custom_1613586343568{padding-top: 70px !important;padding-bottom: 35px !important;}\u00a0\u00bb][vc_column width=\u00a0\u00bb1\/3&Prime; css=\u00a0\u00bb.vc_custom_1571477821281{padding-bottom: 30px !important;}\u00a0\u00bb][vc_single_image image=\u00a0\u00bb1704&Prime; img_size=\u00a0\u00bbmedium\u00a0\u00bb style=\u00a0\u00bbvc_box_shadow_3d\u00a0\u00bb css=\u00a0\u00bb.vc_custom_1644634460871{padding-top: 30px !important;}\u00a0\u00bb]<div class=\"hr-thin style-double hr-left\" style=\"width: 120px;border-color: #2e2b36;border-top-width: 6px;\"><\/div><div id=\"ultimate-heading-410369f38b3aed41d\" class=\"uvc-heading ult-adjust-bottom-margin ultimate-heading-410369f38b3aed41d uvc-3673 \" data-hspacer=\"no_spacer\"  data-halign=\"left\" style=\"text-align:left\"><div class=\"uvc-heading-spacer no_spacer\" style=\"top\"><\/div><div class=\"uvc-main-heading ult-responsive\"  data-ultimate-target='.uvc-heading.ultimate-heading-410369f38b3aed41d h3'  data-responsive-json-new='{\"font-size\":\"tablet_portrait:34px;\",\"line-height\":\"tablet_portrait:44px;\"}' ><h3 style=\"--font-weight:theme;margin-bottom:20px;\">Shi De Cheng<\/h3><\/div><\/div>[\/vc_column][vc_column width=\u00a0\u00bb2\/3&Prime; css=\u00a0\u00bb.vc_custom_1571477868281{padding-bottom: 30px !important;}\u00a0\u00bb][vc_column_text]<\/p>\n<p style=\"font-weight: 400;\">\u5e08\u7956 Sh\u012b Z\u01d4 (Granmaster)\u00a0Chen Qingzhen est mieux connu sous le nom de moine et disciple Shaolin \u00ab Shi De Cheng \u00bb (R\u00e9alisation totale). Il a ouvert son \u00e9cole en 2001, \u00a0apr\u00e8s avoir pass\u00e9 pr\u00e8s de 20 ans au monast\u00e8re.<\/p>\n<p>Son premier Ma\u00eetre \u00e9tait son p\u00e8re qui lui a enseign\u00e9 d\u00e8s son plus jeune \u00e2ge dans sa ville natale de Kaifeng.<\/p>\n<p>L&rsquo;enseignement et la pratique des arts martiaux, du tao\u00efsme et du confucianisme n&rsquo;\u00e9taient pas autoris\u00e9s en Chine pendant l&rsquo;\u00e8re Mao, alors son p\u00e8re lui enseignait la nuit.<\/p>\n<p>Il r\u00eavait d&rsquo;aller au monast\u00e8re de Shaolin mais ce n&rsquo;\u00e9tait tout simplement pas possible \u00e0 l&rsquo;\u00e9poque. Il a \u00e9t\u00e9 engag\u00e9 par Ma\u00eetre Jiao Hong Bo comme \u00e9l\u00e8ve \u00e0 l&rsquo;\u00e9cole de Dengfeng et finalement, avec son soutien, a \u00e9t\u00e9 accept\u00e9 comme disciple de Shaolin.<\/p>\n<p>Apr\u00e8s son arriv\u00e9e au monast\u00e8re au d\u00e9but des ann\u00e9es 80, il a commenc\u00e9 \u00e0 \u00e9tudier le chan et \u00e0 approfondir son \u00e9volution dans la pratique martiale traditionnelle avec le Grand Ma\u00eetre \u00ab Shi Su Yun \u00bb, moine de la 30\u00e8me g\u00e9n\u00e9ration. Au d\u00e9but de la vingtaine, il devient lui-m\u00eame Ma\u00eetre et disciple de la 31e g\u00e9n\u00e9ration du monast\u00e8re Shaolin.<\/p>\n<p>Il faisait partie du premier groupe d&rsquo;ambassadeurs Shaolin \u00e0 parcourir le monde afin de promouvoir l&rsquo;art du Shaolin Gong Fu.<\/p>\n<p>Sa pr\u00e9sence, sa simplicit\u00e9, ses enseignements, sa compassion profonde et son intelligence subtile travaillent tous ensemble pour lui permettre d&rsquo;effectuer une transformation progressive mais profonde chez tous ceux qui ont la chance de partager des moments pr\u00e9cieux avec lui.<\/p>\n<p>\u963f\u5f25\u9640\u4f5b<\/p>\n<p>Amituofo[\/vc_column_text][\/vc_column][\/vc_row][vc_row][vc_column width=\u00a0\u00bb1\/2&Prime;][vc_single_image image=\u00a0\u00bb1697&Prime; img_size=\u00a0\u00bblarge\u00a0\u00bb alignment=\u00a0\u00bbcenter\u00a0\u00bb style=\u00a0\u00bbvc_box_shadow_3d\u00a0\u00bb title=\u00a0\u00bbShi De Cheng\/Shi Su Xi\/Gao Shilin\u00a0\u00bb][\/vc_column][\/vc_row]<\/p>\n<\/div>","protected":false},"excerpt":{"rendered":"<p>[vc_row equal_height=\u00a0\u00bbyes\u00a0\u00bb content_placement=\u00a0\u00bbtop\u00a0\u00bb css=\u00a0\u00bb.vc_custom_1613586343568{padding-top: 70px !important;padding-bottom: 35px !important;}\u00a0\u00bb][vc_column width=\u00a0\u00bb1\/3&Prime; css=\u00a0\u00bb.vc_custom_1571477821281{padding-bottom: 30px !important;}\u00a0\u00bb][vc_single_image image=\u00a0\u00bb1704&Prime; img_size=\u00a0\u00bbmedium\u00a0\u00bb style=\u00a0\u00bbvc_box_shadow_3d\u00a0\u00bb css=\u00a0\u00bb.vc_custom_1644634460871{padding-top: 30px !important;}\u00a0\u00bb][\/vc_column][vc_column width=\u00a0\u00bb2\/3&Prime; css=\u00a0\u00bb.vc_custom_1571477868281{padding-bottom: 30px !important;}\u00a0\u00bb][vc_column_text] \u5e08\u7956 Sh\u012b Z\u01d4 (Granmaster)\u00a0Chen Qingzhen est mieux connu sous le nom de moine et disciple Shaolin \u00ab Shi De Cheng \u00bb (R\u00e9alisation totale). Il a ouvert son \u00e9cole en 2001, \u00a0apr\u00e8s avoir pass\u00e9&hellip;<\/p>\n","protected":false},"author":1,"featured_media":0,"parent":3116,"menu_order":112,"comment_status":"closed","ping_status":"closed","template":"","meta":{"footnotes":""},"class_list":["post-3147","page","type-page","status-publish","hentry","description-off"],"yoast_head":"<!-- This site is optimized with the Yoast SEO plugin v27.5 - https:\/\/yoast.com\/product\/yoast-seo-wordpress\/ -->\n<title>Shigong Shi De Cheng - Shaolin Wuji<\/title>\n<meta name=\"robots\" content=\"index, follow, max-snippet:-1, max-image-preview:large, max-video-preview:-1\" \/>\n<link rel=\"canonical\" href=\"https:\/\/shaolinwuji.com\/fr\/our-school\/our-teachers-and-masters\/shigong-shi-de-cheng\/\" \/>\n<meta property=\"og:locale\" content=\"fr_FR\" \/>\n<meta property=\"og:type\" content=\"article\" \/>\n<meta property=\"og:title\" content=\"Shigong Shi De Cheng - Shaolin Wuji\" \/>\n<meta property=\"og:description\" content=\"[vc_row equal_height=\u00a0\u00bbyes\u00a0\u00bb content_placement=\u00a0\u00bbtop\u00a0\u00bb css=\u00a0\u00bb.vc_custom_1613586343568{padding-top: 70px !important;padding-bottom: 35px !important;}\u00a0\u00bb][vc_column width=\u00a0\u00bb1\/3&Prime; css=\u00a0\u00bb.vc_custom_1571477821281{padding-bottom: 30px !important;}\u00a0\u00bb][vc_single_image image=\u00a0\u00bb1704&Prime; img_size=\u00a0\u00bbmedium\u00a0\u00bb style=\u00a0\u00bbvc_box_shadow_3d\u00a0\u00bb css=\u00a0\u00bb.vc_custom_1644634460871{padding-top: 30px !important;}\u00a0\u00bb][\/vc_column][vc_column width=\u00a0\u00bb2\/3&Prime; css=\u00a0\u00bb.vc_custom_1571477868281{padding-bottom: 30px !important;}\u00a0\u00bb][vc_column_text] \u5e08\u7956 Sh\u012b Z\u01d4 (Granmaster)\u00a0Chen Qingzhen est mieux connu sous le nom de moine et disciple Shaolin \u00ab Shi De Cheng \u00bb (R\u00e9alisation totale). Il a ouvert son \u00e9cole en 2001, \u00a0apr\u00e8s avoir pass\u00e9&hellip;\" \/>\n<meta property=\"og:url\" content=\"https:\/\/shaolinwuji.com\/fr\/our-school\/our-teachers-and-masters\/shigong-shi-de-cheng\/\" \/>\n<meta property=\"og:site_name\" content=\"Shaolin Wuji\" \/>\n<meta property=\"article:modified_time\" content=\"2024-04-29T16:26:42+00:00\" \/>\n<meta name=\"twitter:card\" content=\"summary_large_image\" \/>\n<meta name=\"twitter:label1\" content=\"Dur\u00e9e de lecture estim\u00e9e\" \/>\n\t<meta name=\"twitter:data1\" content=\"2 minutes\" \/>\n<script type=\"application\/ld+json\" class=\"yoast-schema-graph\">{\"@context\":\"https:\\\/\\\/schema.org\",\"@graph\":[{\"@type\":\"WebPage\",\"@id\":\"https:\\\/\\\/shaolinwuji.com\\\/fr\\\/our-school\\\/our-teachers-and-masters\\\/shigong-shi-de-cheng\\\/\",\"url\":\"https:\\\/\\\/shaolinwuji.com\\\/fr\\\/our-school\\\/our-teachers-and-masters\\\/shigong-shi-de-cheng\\\/\",\"name\":\"Shigong Shi De Cheng - Shaolin Wuji\",\"isPartOf\":{\"@id\":\"https:\\\/\\\/shaolinwuji.com\\\/fr\\\/#website\"},\"datePublished\":\"2021-02-24T16:02:15+00:00\",\"dateModified\":\"2024-04-29T16:26:42+00:00\",\"breadcrumb\":{\"@id\":\"https:\\\/\\\/shaolinwuji.com\\\/fr\\\/our-school\\\/our-teachers-and-masters\\\/shigong-shi-de-cheng\\\/#breadcrumb\"},\"inLanguage\":\"fr-FR\",\"potentialAction\":[{\"@type\":\"ReadAction\",\"target\":[\"https:\\\/\\\/shaolinwuji.com\\\/fr\\\/our-school\\\/our-teachers-and-masters\\\/shigong-shi-de-cheng\\\/\"]}]},{\"@type\":\"BreadcrumbList\",\"@id\":\"https:\\\/\\\/shaolinwuji.com\\\/fr\\\/our-school\\\/our-teachers-and-masters\\\/shigong-shi-de-cheng\\\/#breadcrumb\",\"itemListElement\":[{\"@type\":\"ListItem\",\"position\":1,\"name\":\"Meditation\",\"item\":\"https:\\\/\\\/shaolinwuji.com\\\/fr\\\/\"},{\"@type\":\"ListItem\",\"position\":2,\"name\":\"Notre \u00c9cole\",\"item\":\"https:\\\/\\\/shaolinwuji.com\\\/fr\\\/our-school\\\/\"},{\"@type\":\"ListItem\",\"position\":3,\"name\":\"Nos Professeurs et Ma\u00eetres\",\"item\":\"https:\\\/\\\/shaolinwuji.com\\\/fr\\\/our-school\\\/our-teachers-and-masters\\\/\"},{\"@type\":\"ListItem\",\"position\":4,\"name\":\"Shigong Shi De Cheng\"}]},{\"@type\":\"WebSite\",\"@id\":\"https:\\\/\\\/shaolinwuji.com\\\/fr\\\/#website\",\"url\":\"https:\\\/\\\/shaolinwuji.com\\\/fr\\\/\",\"name\":\"Shaolin Wuji\",\"description\":\"arts martiaux traditionnels - meditation - tai chi - chi kung \",\"publisher\":{\"@id\":\"https:\\\/\\\/shaolinwuji.com\\\/fr\\\/#organization\"},\"potentialAction\":[{\"@type\":\"SearchAction\",\"target\":{\"@type\":\"EntryPoint\",\"urlTemplate\":\"https:\\\/\\\/shaolinwuji.com\\\/fr\\\/?s={search_term_string}\"},\"query-input\":{\"@type\":\"PropertyValueSpecification\",\"valueRequired\":true,\"valueName\":\"search_term_string\"}}],\"inLanguage\":\"fr-FR\"},{\"@type\":\"Organization\",\"@id\":\"https:\\\/\\\/shaolinwuji.com\\\/fr\\\/#organization\",\"name\":\"Shaolin Wuji Center\",\"url\":\"https:\\\/\\\/shaolinwuji.com\\\/fr\\\/\",\"logo\":{\"@type\":\"ImageObject\",\"inLanguage\":\"fr-FR\",\"@id\":\"https:\\\/\\\/shaolinwuji.com\\\/fr\\\/#\\\/schema\\\/logo\\\/image\\\/\",\"url\":\"https:\\\/\\\/shaolinwuji.com\\\/wp-content\\\/uploads\\\/2021\\\/12\\\/C253A8BF-EF93-43C6-BC96-F59A4A8CA2D6-2.jpeg\",\"contentUrl\":\"https:\\\/\\\/shaolinwuji.com\\\/wp-content\\\/uploads\\\/2021\\\/12\\\/C253A8BF-EF93-43C6-BC96-F59A4A8CA2D6-2.jpeg\",\"width\":355,\"height\":210,\"caption\":\"Shaolin Wuji Center\"},\"image\":{\"@id\":\"https:\\\/\\\/shaolinwuji.com\\\/fr\\\/#\\\/schema\\\/logo\\\/image\\\/\"}}]}<\/script>\n<!-- \/ Yoast SEO plugin. -->","yoast_head_json":{"title":"Shigong Shi De Cheng - Shaolin Wuji","robots":{"index":"index","follow":"follow","max-snippet":"max-snippet:-1","max-image-preview":"max-image-preview:large","max-video-preview":"max-video-preview:-1"},"canonical":"https:\/\/shaolinwuji.com\/fr\/our-school\/our-teachers-and-masters\/shigong-shi-de-cheng\/","og_locale":"fr_FR","og_type":"article","og_title":"Shigong Shi De Cheng - Shaolin Wuji","og_description":"[vc_row equal_height=\u00a0\u00bbyes\u00a0\u00bb content_placement=\u00a0\u00bbtop\u00a0\u00bb css=\u00a0\u00bb.vc_custom_1613586343568{padding-top: 70px !important;padding-bottom: 35px !important;}\u00a0\u00bb][vc_column width=\u00a0\u00bb1\/3&Prime; css=\u00a0\u00bb.vc_custom_1571477821281{padding-bottom: 30px !important;}\u00a0\u00bb][vc_single_image image=\u00a0\u00bb1704&Prime; img_size=\u00a0\u00bbmedium\u00a0\u00bb style=\u00a0\u00bbvc_box_shadow_3d\u00a0\u00bb css=\u00a0\u00bb.vc_custom_1644634460871{padding-top: 30px !important;}\u00a0\u00bb][\/vc_column][vc_column width=\u00a0\u00bb2\/3&Prime; css=\u00a0\u00bb.vc_custom_1571477868281{padding-bottom: 30px !important;}\u00a0\u00bb][vc_column_text] \u5e08\u7956 Sh\u012b Z\u01d4 (Granmaster)\u00a0Chen Qingzhen est mieux connu sous le nom de moine et disciple Shaolin \u00ab Shi De Cheng \u00bb (R\u00e9alisation totale). Il a ouvert son \u00e9cole en 2001, \u00a0apr\u00e8s avoir pass\u00e9&hellip;","og_url":"https:\/\/shaolinwuji.com\/fr\/our-school\/our-teachers-and-masters\/shigong-shi-de-cheng\/","og_site_name":"Shaolin Wuji","article_modified_time":"2024-04-29T16:26:42+00:00","twitter_card":"summary_large_image","twitter_misc":{"Dur\u00e9e de lecture estim\u00e9e":"2 minutes"},"schema":{"@context":"https:\/\/schema.org","@graph":[{"@type":"WebPage","@id":"https:\/\/shaolinwuji.com\/fr\/our-school\/our-teachers-and-masters\/shigong-shi-de-cheng\/","url":"https:\/\/shaolinwuji.com\/fr\/our-school\/our-teachers-and-masters\/shigong-shi-de-cheng\/","name":"Shigong Shi De Cheng - Shaolin Wuji","isPartOf":{"@id":"https:\/\/shaolinwuji.com\/fr\/#website"},"datePublished":"2021-02-24T16:02:15+00:00","dateModified":"2024-04-29T16:26:42+00:00","breadcrumb":{"@id":"https:\/\/shaolinwuji.com\/fr\/our-school\/our-teachers-and-masters\/shigong-shi-de-cheng\/#breadcrumb"},"inLanguage":"fr-FR","potentialAction":[{"@type":"ReadAction","target":["https:\/\/shaolinwuji.com\/fr\/our-school\/our-teachers-and-masters\/shigong-shi-de-cheng\/"]}]},{"@type":"BreadcrumbList","@id":"https:\/\/shaolinwuji.com\/fr\/our-school\/our-teachers-and-masters\/shigong-shi-de-cheng\/#breadcrumb","itemListElement":[{"@type":"ListItem","position":1,"name":"Meditation","item":"https:\/\/shaolinwuji.com\/fr\/"},{"@type":"ListItem","position":2,"name":"Notre \u00c9cole","item":"https:\/\/shaolinwuji.com\/fr\/our-school\/"},{"@type":"ListItem","position":3,"name":"Nos Professeurs et Ma\u00eetres","item":"https:\/\/shaolinwuji.com\/fr\/our-school\/our-teachers-and-masters\/"},{"@type":"ListItem","position":4,"name":"Shigong Shi De Cheng"}]},{"@type":"WebSite","@id":"https:\/\/shaolinwuji.com\/fr\/#website","url":"https:\/\/shaolinwuji.com\/fr\/","name":"Shaolin Wuji","description":"arts martiaux traditionnels - meditation - tai chi - chi kung ","publisher":{"@id":"https:\/\/shaolinwuji.com\/fr\/#organization"},"potentialAction":[{"@type":"SearchAction","target":{"@type":"EntryPoint","urlTemplate":"https:\/\/shaolinwuji.com\/fr\/?s={search_term_string}"},"query-input":{"@type":"PropertyValueSpecification","valueRequired":true,"valueName":"search_term_string"}}],"inLanguage":"fr-FR"},{"@type":"Organization","@id":"https:\/\/shaolinwuji.com\/fr\/#organization","name":"Shaolin Wuji Center","url":"https:\/\/shaolinwuji.com\/fr\/","logo":{"@type":"ImageObject","inLanguage":"fr-FR","@id":"https:\/\/shaolinwuji.com\/fr\/#\/schema\/logo\/image\/","url":"https:\/\/shaolinwuji.com\/wp-content\/uploads\/2021\/12\/C253A8BF-EF93-43C6-BC96-F59A4A8CA2D6-2.jpeg","contentUrl":"https:\/\/shaolinwuji.com\/wp-content\/uploads\/2021\/12\/C253A8BF-EF93-43C6-BC96-F59A4A8CA2D6-2.jpeg","width":355,"height":210,"caption":"Shaolin Wuji Center"},"image":{"@id":"https:\/\/shaolinwuji.com\/fr\/#\/schema\/logo\/image\/"}}]}},"_links":{"self":[{"href":"https:\/\/shaolinwuji.com\/fr\/wp-json\/wp\/v2\/pages\/3147","targetHints":{"allow":["GET"]}}],"collection":[{"href":"https:\/\/shaolinwuji.com\/fr\/wp-json\/wp\/v2\/pages"}],"about":[{"href":"https:\/\/shaolinwuji.com\/fr\/wp-json\/wp\/v2\/types\/page"}],"author":[{"embeddable":true,"href":"https:\/\/shaolinwuji.com\/fr\/wp-json\/wp\/v2\/users\/1"}],"replies":[{"embeddable":true,"href":"https:\/\/shaolinwuji.com\/fr\/wp-json\/wp\/v2\/comments?post=3147"}],"version-history":[{"count":10,"href":"https:\/\/shaolinwuji.com\/fr\/wp-json\/wp\/v2\/pages\/3147\/revisions"}],"predecessor-version":[{"id":6782,"href":"https:\/\/shaolinwuji.com\/fr\/wp-json\/wp\/v2\/pages\/3147\/revisions\/6782"}],"up":[{"embeddable":true,"href":"https:\/\/shaolinwuji.com\/fr\/wp-json\/wp\/v2\/pages\/3116"}],"wp:attachment":[{"href":"https:\/\/shaolinwuji.com\/fr\/wp-json\/wp\/v2\/media?parent=3147"}],"curies":[{"name":"wp","href":"https:\/\/api.w.org\/{rel}","templated":true}]}}