{"id":3143,"date":"2021-02-24T16:35:03","date_gmt":"2021-02-24T16:35:03","guid":{"rendered":"https:\/\/staging.shaolinwuji.com\/our-teachers-and-masters\/shifu-erik-gosselin\/"},"modified":"2026-03-21T08:43:07","modified_gmt":"2026-03-21T12:43:07","slug":"e5-b8-88-e7-88-b6-e9-ab-98-e4-bb-95-e6-9e-97-shifu-erik-gosselin","status":"publish","type":"page","link":"https:\/\/shaolinwuji.com\/fr\/our-school\/our-teachers-and-masters\/e5-b8-88-e7-88-b6-e9-ab-98-e4-bb-95-e6-9e-97-shifu-erik-gosselin\/","title":{"rendered":"\u5e08\u7236\u9ad8\u4ed5\u6797 Shifu Erik Gosselin"},"content":{"rendered":"<div class=\"wpb-content-wrapper\"><p>[vc_row equal_height=\u00a0\u00bbyes\u00a0\u00bb content_placement=\u00a0\u00bbtop\u00a0\u00bb css=\u00a0\u00bb.vc_custom_1613586343568{padding-top: 70px !important;padding-bottom: 35px !important;}\u00a0\u00bb][vc_column width=\u00a0\u00bb1\/3&Prime; css=\u00a0\u00bb.vc_custom_1571477821281{padding-bottom: 30px !important;}\u00a0\u00bb]<div id=\"ultimate-heading-387469d88123d30e4\" class=\"uvc-heading ult-adjust-bottom-margin ultimate-heading-387469d88123d30e4 uvc-6872 \" data-hspacer=\"no_spacer\"  data-halign=\"left\" style=\"text-align:left\"><div class=\"uvc-heading-spacer no_spacer\" style=\"top\"><\/div><div class=\"uvc-main-heading ult-responsive\"  data-ultimate-target='.uvc-heading.ultimate-heading-387469d88123d30e4 h3'  data-responsive-json-new='{\"font-size\":\"tablet_portrait:34px;\",\"line-height\":\"tablet_portrait:44px;\"}' ><h3 style=\"--font-weight:theme;margin-bottom:20px;\">\u5e08\u7236\u9ad8\u4ed5\u6797 Shifu Erik Gosselin<\/h3><\/div><\/div><div class=\"hr-thin style-double hr-left\" style=\"width: 120px;border-color: #2e2b36;border-top-width: 6px;\"><\/div>[vc_single_image image=\u00a0\u00bb8202&Prime; img_size=\u00a0\u00bblarge\u00a0\u00bb alignment=\u00a0\u00bbcenter\u00a0\u00bb style=\u00a0\u00bbvc_box_shadow_3d\u00a0\u00bb css=\u00a0\u00bb.vc_custom_1774096741197{padding-top: 30px !important;}\u00a0\u00bb title=\u00a0\u00bb2025 \u5e74\u00a0\u00bb][\/vc_column][vc_column width=\u00a0\u00bb2\/3&Prime; css=\u00a0\u00bb.vc_custom_1571477868281{padding-bottom: 30px !important;}\u00a0\u00bb][vc_column_text css=\u00a0\u00bb\u00a0\u00bb]Il d\u00e9bute l&rsquo;apprentissage des arts martiaux avec le Judo en 1978 et la boxe anglaise en 1982. En 1987, il entame avec constance la pratique du Kenpo hawa\u00efen de professeur Nick Cierios sous la guidance de ma\u00eetre Michel Drouin jusqu&rsquo;en 2002.<\/p>\n<p>En 2001, il poursuivra ses \u00e9tudes avec ma\u00eetre Di Guo Bao au monast\u00e8re Shaolin du Henan, et il rencontre ma\u00eetre Shi De Cheng. \u00c0 partir de ce moment, il abandonne une partie de ses occupations au Canada afin de prolonger la dur\u00e9e de ses voyages annuels en Chine, vivant avec son ma\u00eetre pour des p\u00e9riodes allant jusqu&rsquo;\u00e0 9 mois et + par an.<\/p>\n<p>En 2009, il revient au Canada et fonde le \u00ab Centre martial Shaolin Zen de Sutton \u00bb devenu plus tard le \u00ab Centre Shaolin Wuji \u00bb, afin de promouvoir cet h\u00e9ritage authentique.<\/p>\n<p>De 2005 \u00e0 2013, Ma\u00eetre Shi De Cheng lui a rendu visite et l&rsquo;a re\u00e7u en Chine \u00e0 plusieurs occasions \u00e0 chaque ann\u00e9e afin poursuivre son enseignement et \u00e0 partir de 2009 pour valider les progr\u00e8s des artistes martiaux de l&rsquo;\u00e9cole. Ensemble, ils ont visit\u00e9 plusieurs \u00e9coles du Qu\u00e9bec afin de promouvoir et transmettre les arts de Shaolin.<\/p>\n<ul>\n<li>2010 &#8211; 1\u00e8re place au tournois International Dengfeng Shaolin &#8211; Forme arm\u00e9e<\/li>\n<li>2010 &#8211; Officialis\u00e9 disciple de 32 g\u00e9n\u00e9ration &#8211; Song Shan Shaolin de Shi De Cheng.<\/li>\n<li>2013 \u00e0 2017 &#8211; Retour aux \u00e9tudes intensives en Chine,\u00a0 au Nepal, en Inde et Indon\u00e9sie<\/li>\n<li>2015 &#8211; Premier rang &#8211; Tournoi Taiji Quan du Henan &#8211; Forme mains nues<\/li>\n<li>2016 &#8211; Premier rang &#8211; Tournoi Taiji Quan de Wenxian &#8211; Forme mains nues<\/li>\n<li>2016 &#8211; Officialis\u00e9 disciple de 12e g\u00e9n\u00e9ration Chen Taiji Quan de Chen Zhaosen<\/li>\n<li>2017 &#8211; Fondation du Centre Shaolin Wuji<\/li>\n<li>2019 &#8211; Construction du centre Shaolin Wuji aux pieds du Mont Echo<\/li>\n<li>2024 &#8211; Premier rang &#8211; Tournoi Taiji Quan de Lanzhou &#8211; Forme Arme courte<\/li>\n<\/ul>\n<p>Depuis 2019 il enseigne plus sp\u00e9cifiquement en priv\u00e9 mais aussi en groupe lors de s\u00e9ances r\u00e9guli\u00e8res ou de s\u00e9minaires sp\u00e9cialis\u00e9s; \u00e0 des adeptes en g\u00e9n\u00e9ral, des enseignants\/es d&rsquo;arts martiaux,\u00a0 des professionnels\/les, artistes, gens du domaine des affaires et des gens en processus de gu\u00e9rison afin d&rsquo;aider ceux et celles qui s&rsquo;ouvrent \u00e0 d\u00e9velopper une meilleure harmonie et puissance de corps, d&rsquo;\u00e9nergie et d&rsquo;esprit.[\/vc_column_text][\/vc_column][\/vc_row]<\/p>\n<\/div>","protected":false},"excerpt":{"rendered":"<p>[vc_row equal_height=\u00a0\u00bbyes\u00a0\u00bb content_placement=\u00a0\u00bbtop\u00a0\u00bb css=\u00a0\u00bb.vc_custom_1613586343568{padding-top: 70px !important;padding-bottom: 35px !important;}\u00a0\u00bb][vc_column width=\u00a0\u00bb1\/3&Prime; css=\u00a0\u00bb.vc_custom_1571477821281{padding-bottom: 30px !important;}\u00a0\u00bb][vc_single_image image=\u00a0\u00bb8202&Prime; img_size=\u00a0\u00bblarge\u00a0\u00bb alignment=\u00a0\u00bbcenter\u00a0\u00bb style=\u00a0\u00bbvc_box_shadow_3d\u00a0\u00bb css=\u00a0\u00bb.vc_custom_1774096741197{padding-top: 30px !important;}\u00a0\u00bb title=\u00a0\u00bb2025 \u5e74\u00a0\u00bb][\/vc_column][vc_column width=\u00a0\u00bb2\/3&Prime; css=\u00a0\u00bb.vc_custom_1571477868281{padding-bottom: 30px !important;}\u00a0\u00bb][vc_column_text css=\u00a0\u00bb\u00a0\u00bb]Il d\u00e9bute l&rsquo;apprentissage des arts martiaux avec le Judo en 1978 et la boxe anglaise en 1982. En 1987, il entame avec constance la pratique du Kenpo hawa\u00efen de professeur&hellip;<\/p>\n","protected":false},"author":1,"featured_media":0,"parent":3116,"menu_order":113,"comment_status":"closed","ping_status":"closed","template":"","meta":{"footnotes":""},"class_list":["post-3143","page","type-page","status-publish","hentry","description-off"],"yoast_head":"<!-- This site is optimized with the Yoast SEO plugin v27.3 - https:\/\/yoast.com\/product\/yoast-seo-wordpress\/ -->\n<title>\u5e08\u7236\u9ad8\u4ed5\u6797 Shifu Erik Gosselin - Shaolin Wuji<\/title>\n<meta name=\"description\" content=\"\u5e08\u7236\u9ad8\u4ed5\u6797 Shifu Erik Gosselin\" \/>\n<meta name=\"robots\" content=\"index, follow, max-snippet:-1, max-image-preview:large, max-video-preview:-1\" \/>\n<link rel=\"canonical\" href=\"https:\/\/shaolinwuji.com\/fr\/our-school\/our-teachers-and-masters\/e5-b8-88-e7-88-b6-e9-ab-98-e4-bb-95-e6-9e-97-shifu-erik-gosselin\/\" \/>\n<meta property=\"og:locale\" content=\"fr_FR\" \/>\n<meta property=\"og:type\" content=\"article\" \/>\n<meta property=\"og:title\" content=\"\u5e08\u7236\u9ad8\u4ed5\u6797 Shifu Erik Gosselin - Shaolin Wuji\" \/>\n<meta property=\"og:description\" content=\"\u5e08\u7236\u9ad8\u4ed5\u6797 Shifu Erik Gosselin\" \/>\n<meta property=\"og:url\" content=\"https:\/\/shaolinwuji.com\/fr\/our-school\/our-teachers-and-masters\/e5-b8-88-e7-88-b6-e9-ab-98-e4-bb-95-e6-9e-97-shifu-erik-gosselin\/\" \/>\n<meta property=\"og:site_name\" content=\"Shaolin Wuji\" \/>\n<meta property=\"article:modified_time\" content=\"2026-03-21T12:43:07+00:00\" \/>\n<meta property=\"og:image\" content=\"https:\/\/shaolinwuji.com\/wp-content\/uploads\/2023\/02\/4E80D945-457A-4AA1-8A11-01E446C61643_1_105_c-233x300.jpeg\" \/>\n<meta name=\"twitter:card\" content=\"summary_large_image\" \/>\n<meta name=\"twitter:image\" content=\"https:\/\/shaolinwuji.com\/wp-content\/uploads\/2023\/01\/2023-GONG-FU-FOR-LEADERS-12-2-3.jpeg\" \/>\n<meta name=\"twitter:label1\" content=\"Dur\u00e9e de lecture estim\u00e9e\" \/>\n\t<meta name=\"twitter:data1\" content=\"2 minutes\" \/>\n<script type=\"application\/ld+json\" class=\"yoast-schema-graph\">{\"@context\":\"https:\\\/\\\/schema.org\",\"@graph\":[{\"@type\":\"WebPage\",\"@id\":\"https:\\\/\\\/shaolinwuji.com\\\/fr\\\/our-school\\\/our-teachers-and-masters\\\/e5-b8-88-e7-88-b6-e9-ab-98-e4-bb-95-e6-9e-97-shifu-erik-gosselin\\\/\",\"url\":\"https:\\\/\\\/shaolinwuji.com\\\/fr\\\/our-school\\\/our-teachers-and-masters\\\/e5-b8-88-e7-88-b6-e9-ab-98-e4-bb-95-e6-9e-97-shifu-erik-gosselin\\\/\",\"name\":\"\u5e08\u7236\u9ad8\u4ed5\u6797 Shifu Erik Gosselin - Shaolin Wuji\",\"isPartOf\":{\"@id\":\"https:\\\/\\\/shaolinwuji.com\\\/fr\\\/#website\"},\"datePublished\":\"2021-02-24T16:35:03+00:00\",\"dateModified\":\"2026-03-21T12:43:07+00:00\",\"description\":\"\u5e08\u7236\u9ad8\u4ed5\u6797 Shifu Erik Gosselin\",\"breadcrumb\":{\"@id\":\"https:\\\/\\\/shaolinwuji.com\\\/fr\\\/our-school\\\/our-teachers-and-masters\\\/e5-b8-88-e7-88-b6-e9-ab-98-e4-bb-95-e6-9e-97-shifu-erik-gosselin\\\/#breadcrumb\"},\"inLanguage\":\"fr-FR\",\"potentialAction\":[{\"@type\":\"ReadAction\",\"target\":[\"https:\\\/\\\/shaolinwuji.com\\\/fr\\\/our-school\\\/our-teachers-and-masters\\\/e5-b8-88-e7-88-b6-e9-ab-98-e4-bb-95-e6-9e-97-shifu-erik-gosselin\\\/\"]}]},{\"@type\":\"BreadcrumbList\",\"@id\":\"https:\\\/\\\/shaolinwuji.com\\\/fr\\\/our-school\\\/our-teachers-and-masters\\\/e5-b8-88-e7-88-b6-e9-ab-98-e4-bb-95-e6-9e-97-shifu-erik-gosselin\\\/#breadcrumb\",\"itemListElement\":[{\"@type\":\"ListItem\",\"position\":1,\"name\":\"Meditation\",\"item\":\"https:\\\/\\\/shaolinwuji.com\\\/fr\\\/\"},{\"@type\":\"ListItem\",\"position\":2,\"name\":\"Notre \u00c9cole\",\"item\":\"https:\\\/\\\/shaolinwuji.com\\\/fr\\\/our-school\\\/\"},{\"@type\":\"ListItem\",\"position\":3,\"name\":\"Nos Professeurs et Ma\u00eetres\",\"item\":\"https:\\\/\\\/shaolinwuji.com\\\/fr\\\/our-school\\\/our-teachers-and-masters\\\/\"},{\"@type\":\"ListItem\",\"position\":4,\"name\":\"\u5e08\u7236\u9ad8\u4ed5\u6797 Shifu Erik Gosselin\"}]},{\"@type\":\"WebSite\",\"@id\":\"https:\\\/\\\/shaolinwuji.com\\\/fr\\\/#website\",\"url\":\"https:\\\/\\\/shaolinwuji.com\\\/fr\\\/\",\"name\":\"Shaolin Wuji\",\"description\":\"arts martiaux traditionnels - meditation - tai chi - chi kung \",\"publisher\":{\"@id\":\"https:\\\/\\\/shaolinwuji.com\\\/fr\\\/#organization\"},\"potentialAction\":[{\"@type\":\"SearchAction\",\"target\":{\"@type\":\"EntryPoint\",\"urlTemplate\":\"https:\\\/\\\/shaolinwuji.com\\\/fr\\\/?s={search_term_string}\"},\"query-input\":{\"@type\":\"PropertyValueSpecification\",\"valueRequired\":true,\"valueName\":\"search_term_string\"}}],\"inLanguage\":\"fr-FR\"},{\"@type\":\"Organization\",\"@id\":\"https:\\\/\\\/shaolinwuji.com\\\/fr\\\/#organization\",\"name\":\"Shaolin Wuji Center\",\"url\":\"https:\\\/\\\/shaolinwuji.com\\\/fr\\\/\",\"logo\":{\"@type\":\"ImageObject\",\"inLanguage\":\"fr-FR\",\"@id\":\"https:\\\/\\\/shaolinwuji.com\\\/fr\\\/#\\\/schema\\\/logo\\\/image\\\/\",\"url\":\"https:\\\/\\\/shaolinwuji.com\\\/wp-content\\\/uploads\\\/2021\\\/12\\\/C253A8BF-EF93-43C6-BC96-F59A4A8CA2D6-2.jpeg\",\"contentUrl\":\"https:\\\/\\\/shaolinwuji.com\\\/wp-content\\\/uploads\\\/2021\\\/12\\\/C253A8BF-EF93-43C6-BC96-F59A4A8CA2D6-2.jpeg\",\"width\":355,\"height\":210,\"caption\":\"Shaolin Wuji Center\"},\"image\":{\"@id\":\"https:\\\/\\\/shaolinwuji.com\\\/fr\\\/#\\\/schema\\\/logo\\\/image\\\/\"}}]}<\/script>\n<!-- \/ Yoast SEO plugin. -->","yoast_head_json":{"title":"\u5e08\u7236\u9ad8\u4ed5\u6797 Shifu Erik Gosselin - Shaolin Wuji","description":"\u5e08\u7236\u9ad8\u4ed5\u6797 Shifu Erik Gosselin","robots":{"index":"index","follow":"follow","max-snippet":"max-snippet:-1","max-image-preview":"max-image-preview:large","max-video-preview":"max-video-preview:-1"},"canonical":"https:\/\/shaolinwuji.com\/fr\/our-school\/our-teachers-and-masters\/e5-b8-88-e7-88-b6-e9-ab-98-e4-bb-95-e6-9e-97-shifu-erik-gosselin\/","og_locale":"fr_FR","og_type":"article","og_title":"\u5e08\u7236\u9ad8\u4ed5\u6797 Shifu Erik Gosselin - Shaolin Wuji","og_description":"\u5e08\u7236\u9ad8\u4ed5\u6797 Shifu Erik Gosselin","og_url":"https:\/\/shaolinwuji.com\/fr\/our-school\/our-teachers-and-masters\/e5-b8-88-e7-88-b6-e9-ab-98-e4-bb-95-e6-9e-97-shifu-erik-gosselin\/","og_site_name":"Shaolin Wuji","article_modified_time":"2026-03-21T12:43:07+00:00","og_image":[{"url":"https:\/\/shaolinwuji.com\/wp-content\/uploads\/2023\/02\/4E80D945-457A-4AA1-8A11-01E446C61643_1_105_c-233x300.jpeg","type":"","width":"","height":""}],"twitter_card":"summary_large_image","twitter_image":"https:\/\/shaolinwuji.com\/wp-content\/uploads\/2023\/01\/2023-GONG-FU-FOR-LEADERS-12-2-3.jpeg","twitter_misc":{"Dur\u00e9e de lecture estim\u00e9e":"2 minutes"},"schema":{"@context":"https:\/\/schema.org","@graph":[{"@type":"WebPage","@id":"https:\/\/shaolinwuji.com\/fr\/our-school\/our-teachers-and-masters\/e5-b8-88-e7-88-b6-e9-ab-98-e4-bb-95-e6-9e-97-shifu-erik-gosselin\/","url":"https:\/\/shaolinwuji.com\/fr\/our-school\/our-teachers-and-masters\/e5-b8-88-e7-88-b6-e9-ab-98-e4-bb-95-e6-9e-97-shifu-erik-gosselin\/","name":"\u5e08\u7236\u9ad8\u4ed5\u6797 Shifu Erik Gosselin - Shaolin Wuji","isPartOf":{"@id":"https:\/\/shaolinwuji.com\/fr\/#website"},"datePublished":"2021-02-24T16:35:03+00:00","dateModified":"2026-03-21T12:43:07+00:00","description":"\u5e08\u7236\u9ad8\u4ed5\u6797 Shifu Erik Gosselin","breadcrumb":{"@id":"https:\/\/shaolinwuji.com\/fr\/our-school\/our-teachers-and-masters\/e5-b8-88-e7-88-b6-e9-ab-98-e4-bb-95-e6-9e-97-shifu-erik-gosselin\/#breadcrumb"},"inLanguage":"fr-FR","potentialAction":[{"@type":"ReadAction","target":["https:\/\/shaolinwuji.com\/fr\/our-school\/our-teachers-and-masters\/e5-b8-88-e7-88-b6-e9-ab-98-e4-bb-95-e6-9e-97-shifu-erik-gosselin\/"]}]},{"@type":"BreadcrumbList","@id":"https:\/\/shaolinwuji.com\/fr\/our-school\/our-teachers-and-masters\/e5-b8-88-e7-88-b6-e9-ab-98-e4-bb-95-e6-9e-97-shifu-erik-gosselin\/#breadcrumb","itemListElement":[{"@type":"ListItem","position":1,"name":"Meditation","item":"https:\/\/shaolinwuji.com\/fr\/"},{"@type":"ListItem","position":2,"name":"Notre \u00c9cole","item":"https:\/\/shaolinwuji.com\/fr\/our-school\/"},{"@type":"ListItem","position":3,"name":"Nos Professeurs et Ma\u00eetres","item":"https:\/\/shaolinwuji.com\/fr\/our-school\/our-teachers-and-masters\/"},{"@type":"ListItem","position":4,"name":"\u5e08\u7236\u9ad8\u4ed5\u6797 Shifu Erik Gosselin"}]},{"@type":"WebSite","@id":"https:\/\/shaolinwuji.com\/fr\/#website","url":"https:\/\/shaolinwuji.com\/fr\/","name":"Shaolin Wuji","description":"arts martiaux traditionnels - meditation - tai chi - chi kung ","publisher":{"@id":"https:\/\/shaolinwuji.com\/fr\/#organization"},"potentialAction":[{"@type":"SearchAction","target":{"@type":"EntryPoint","urlTemplate":"https:\/\/shaolinwuji.com\/fr\/?s={search_term_string}"},"query-input":{"@type":"PropertyValueSpecification","valueRequired":true,"valueName":"search_term_string"}}],"inLanguage":"fr-FR"},{"@type":"Organization","@id":"https:\/\/shaolinwuji.com\/fr\/#organization","name":"Shaolin Wuji Center","url":"https:\/\/shaolinwuji.com\/fr\/","logo":{"@type":"ImageObject","inLanguage":"fr-FR","@id":"https:\/\/shaolinwuji.com\/fr\/#\/schema\/logo\/image\/","url":"https:\/\/shaolinwuji.com\/wp-content\/uploads\/2021\/12\/C253A8BF-EF93-43C6-BC96-F59A4A8CA2D6-2.jpeg","contentUrl":"https:\/\/shaolinwuji.com\/wp-content\/uploads\/2021\/12\/C253A8BF-EF93-43C6-BC96-F59A4A8CA2D6-2.jpeg","width":355,"height":210,"caption":"Shaolin Wuji Center"},"image":{"@id":"https:\/\/shaolinwuji.com\/fr\/#\/schema\/logo\/image\/"}}]}},"_links":{"self":[{"href":"https:\/\/shaolinwuji.com\/fr\/wp-json\/wp\/v2\/pages\/3143","targetHints":{"allow":["GET"]}}],"collection":[{"href":"https:\/\/shaolinwuji.com\/fr\/wp-json\/wp\/v2\/pages"}],"about":[{"href":"https:\/\/shaolinwuji.com\/fr\/wp-json\/wp\/v2\/types\/page"}],"author":[{"embeddable":true,"href":"https:\/\/shaolinwuji.com\/fr\/wp-json\/wp\/v2\/users\/1"}],"replies":[{"embeddable":true,"href":"https:\/\/shaolinwuji.com\/fr\/wp-json\/wp\/v2\/comments?post=3143"}],"version-history":[{"count":37,"href":"https:\/\/shaolinwuji.com\/fr\/wp-json\/wp\/v2\/pages\/3143\/revisions"}],"predecessor-version":[{"id":8210,"href":"https:\/\/shaolinwuji.com\/fr\/wp-json\/wp\/v2\/pages\/3143\/revisions\/8210"}],"up":[{"embeddable":true,"href":"https:\/\/shaolinwuji.com\/fr\/wp-json\/wp\/v2\/pages\/3116"}],"wp:attachment":[{"href":"https:\/\/shaolinwuji.com\/fr\/wp-json\/wp\/v2\/media?parent=3143"}],"curies":[{"name":"wp","href":"https:\/\/api.w.org\/{rel}","templated":true}]}}