{"id":3139,"date":"2021-02-24T15:58:47","date_gmt":"2021-02-24T15:58:47","guid":{"rendered":"https:\/\/staging.shaolinwuji.com\/our-teachers-and-masters\/shi-joo-shi-su-yun\/"},"modified":"2021-09-28T23:18:20","modified_gmt":"2021-09-28T23:18:20","slug":"shi-joo-shi-su-yun","status":"publish","type":"page","link":"https:\/\/shaolinwuji.com\/fr\/our-school\/our-teachers-and-masters\/shi-joo-shi-su-yun\/","title":{"rendered":"Shi Joo Shi Su Yun"},"content":{"rendered":"<div class=\"wpb-content-wrapper\"><p>[vc_row equal_height=\u00a0\u00bbyes\u00a0\u00bb content_placement=\u00a0\u00bbtop\u00a0\u00bb css=\u00a0\u00bb.vc_custom_1613586343568{padding-top: 70px !important;padding-bottom: 35px !important;}\u00a0\u00bb][vc_column width=\u00a0\u00bb1\/3&Prime; css=\u00a0\u00bb.vc_custom_1571477821281{padding-bottom: 30px !important;}\u00a0\u00bb][vc_single_image image=\u00a0\u00bb1693&Prime; img_size=\u00a0\u00bbmedium\u00a0\u00bb css=\u00a0\u00bb.vc_custom_1614182322307{padding-top: 30px !important;}\u00a0\u00bb]<div class=\"hr-thin style-double hr-left\" style=\"width: 120px;border-color: #2e2b36;border-top-width: 6px;\"><\/div><div id=\"ultimate-heading-94969dc79863f87f\" class=\"uvc-heading ult-adjust-bottom-margin ultimate-heading-94969dc79863f87f uvc-9837 \" data-hspacer=\"no_spacer\"  data-halign=\"left\" style=\"text-align:left\"><div class=\"uvc-heading-spacer no_spacer\" style=\"top\"><\/div><div class=\"uvc-main-heading ult-responsive\"  data-ultimate-target='.uvc-heading.ultimate-heading-94969dc79863f87f h3'  data-responsive-json-new='{\"font-size\":\"tablet_portrait:34px;\",\"line-height\":\"tablet_portrait:44px;\"}' ><h3 style=\"--font-weight:theme;margin-bottom:20px;\">Shi Joo Shi Su Yun<\/h3><\/div><\/div>[\/vc_column][vc_column width=\u00a0\u00bb2\/3&Prime; css=\u00a0\u00bb.vc_custom_1571477868281{padding-bottom: 30px !important;}\u00a0\u00bb][vc_column_text]Shi Joo Shi Su Yun \u00e9tait un moine Shaolin qui ma\u00eetrisait \u00e0 la fois les aspects savants (Wen) et martiaux (Wu) de Shaolin. En tant que bouddhiste, Shi Su Yun \u00e9tait tr\u00e8s humble. Il ne s&rsquo;est jamais battu pour l&rsquo;autorit\u00e9 ni n&rsquo;a \u00e9t\u00e9 attach\u00e9 au gain mat\u00e9riel. M\u00eame dans ses derni\u00e8res ann\u00e9es, apr\u00e8s que Shaolin ait retrouv\u00e9 sa prosp\u00e9rit\u00e9, Shi Su Yun est rest\u00e9 dans une petite pi\u00e8ce du temple qu&rsquo;il a gard\u00e9e tr\u00e8s simple jusqu&rsquo;\u00e0 son d\u00e9c\u00e8s en 1999.<\/p>\n<p>En tant que combattant, Shi Su Yun \u00e9tait r\u00e9put\u00e9 pour son Xiao Hong Quan et son Tongzigong (exercices pour enfants). Shi Su Yun a d\u00e9fendu le temple \u00e0 plusieurs reprises. L&rsquo;un de ses matchs les plus c\u00e9l\u00e8bres impliquait un grand groupe d&rsquo;adversaires japonais. Seul, Shi Su Yun a relev\u00e9 le d\u00e9fi, battu tous les adversaires et d\u00e9fendu la r\u00e9putation de Shaolin. M\u00eame dans ses soixante-dix ans, Shi Su Yun pratiquait le Tongzigong et \u00e9tait tr\u00e8s \u00e0 l&rsquo;aise assis en position du lotus.<\/p>\n<p>Selon Shi De Cheng, Shi Su Yun \u00e9tait un ma\u00eetre strict. \u00ab\u00a0Mabu (Pratique de la position du cheval) n&rsquo;\u00e9tait pas comme aujourd&rsquo;hui\u00a0\u00bb, se souvient Shi De Cheng : \u00abCe n&rsquo;\u00e9tait pas trois minutes, puis cinq minutes, puis dix minutes, en additionnant progressivement. Si on vous demandait de rester debout en Mabu, vous deviez simplement rester debout pendant toute la dur\u00e9e. C&rsquo;\u00e9tait tr\u00e8s dur. \u00bb Malgr\u00e9 sa rigueur, plusieurs \u00e9tudiants d\u00e9vou\u00e9s ont suivi Shi Su Yun. Tout le monde vivait et s&rsquo;entra\u00eenait dans le temple Shaolin ensemble. Les temps \u00e9taient alors plus simples.[\/vc_column_text][\/vc_column][\/vc_row]<\/p>\n<\/div>","protected":false},"excerpt":{"rendered":"<p>[vc_row equal_height=\u00a0\u00bbyes\u00a0\u00bb content_placement=\u00a0\u00bbtop\u00a0\u00bb css=\u00a0\u00bb.vc_custom_1613586343568{padding-top: 70px !important;padding-bottom: 35px !important;}\u00a0\u00bb][vc_column width=\u00a0\u00bb1\/3&Prime; css=\u00a0\u00bb.vc_custom_1571477821281{padding-bottom: 30px !important;}\u00a0\u00bb][vc_single_image image=\u00a0\u00bb1693&Prime; img_size=\u00a0\u00bbmedium\u00a0\u00bb css=\u00a0\u00bb.vc_custom_1614182322307{padding-top: 30px !important;}\u00a0\u00bb][\/vc_column][vc_column width=\u00a0\u00bb2\/3&Prime; css=\u00a0\u00bb.vc_custom_1571477868281{padding-bottom: 30px !important;}\u00a0\u00bb][vc_column_text]Shi Joo Shi Su Yun \u00e9tait un moine Shaolin qui ma\u00eetrisait \u00e0 la fois les aspects savants (Wen) et martiaux (Wu) de Shaolin. En tant que bouddhiste, Shi Su Yun \u00e9tait tr\u00e8s humble. Il ne&hellip;<\/p>\n","protected":false},"author":1,"featured_media":0,"parent":3116,"menu_order":111,"comment_status":"closed","ping_status":"closed","template":"","meta":{"footnotes":""},"class_list":["post-3139","page","type-page","status-publish","hentry","description-off"],"yoast_head":"<!-- This site is optimized with the Yoast SEO plugin v27.3 - https:\/\/yoast.com\/product\/yoast-seo-wordpress\/ -->\n<title>Shi Joo Shi Su Yun - Shaolin Wuji<\/title>\n<meta name=\"robots\" content=\"index, follow, max-snippet:-1, max-image-preview:large, max-video-preview:-1\" \/>\n<link rel=\"canonical\" href=\"https:\/\/shaolinwuji.com\/fr\/our-school\/our-teachers-and-masters\/shi-joo-shi-su-yun\/\" \/>\n<meta property=\"og:locale\" content=\"fr_FR\" \/>\n<meta property=\"og:type\" content=\"article\" \/>\n<meta property=\"og:title\" content=\"Shi Joo Shi Su Yun - Shaolin Wuji\" \/>\n<meta property=\"og:description\" content=\"[vc_row equal_height=\u00a0\u00bbyes\u00a0\u00bb content_placement=\u00a0\u00bbtop\u00a0\u00bb css=\u00a0\u00bb.vc_custom_1613586343568{padding-top: 70px !important;padding-bottom: 35px !important;}\u00a0\u00bb][vc_column width=\u00a0\u00bb1\/3&Prime; css=\u00a0\u00bb.vc_custom_1571477821281{padding-bottom: 30px !important;}\u00a0\u00bb][vc_single_image image=\u00a0\u00bb1693&Prime; img_size=\u00a0\u00bbmedium\u00a0\u00bb css=\u00a0\u00bb.vc_custom_1614182322307{padding-top: 30px !important;}\u00a0\u00bb][\/vc_column][vc_column width=\u00a0\u00bb2\/3&Prime; css=\u00a0\u00bb.vc_custom_1571477868281{padding-bottom: 30px !important;}\u00a0\u00bb][vc_column_text]Shi Joo Shi Su Yun \u00e9tait un moine Shaolin qui ma\u00eetrisait \u00e0 la fois les aspects savants (Wen) et martiaux (Wu) de Shaolin. En tant que bouddhiste, Shi Su Yun \u00e9tait tr\u00e8s humble. Il ne&hellip;\" \/>\n<meta property=\"og:url\" content=\"https:\/\/shaolinwuji.com\/fr\/our-school\/our-teachers-and-masters\/shi-joo-shi-su-yun\/\" \/>\n<meta property=\"og:site_name\" content=\"Shaolin Wuji\" \/>\n<meta property=\"article:modified_time\" content=\"2021-09-28T23:18:20+00:00\" \/>\n<meta name=\"twitter:card\" content=\"summary_large_image\" \/>\n<meta name=\"twitter:label1\" content=\"Dur\u00e9e de lecture estim\u00e9e\" \/>\n\t<meta name=\"twitter:data1\" content=\"2 minutes\" \/>\n<script type=\"application\/ld+json\" class=\"yoast-schema-graph\">{\"@context\":\"https:\\\/\\\/schema.org\",\"@graph\":[{\"@type\":\"WebPage\",\"@id\":\"https:\\\/\\\/shaolinwuji.com\\\/fr\\\/our-school\\\/our-teachers-and-masters\\\/shi-joo-shi-su-yun\\\/\",\"url\":\"https:\\\/\\\/shaolinwuji.com\\\/fr\\\/our-school\\\/our-teachers-and-masters\\\/shi-joo-shi-su-yun\\\/\",\"name\":\"Shi Joo Shi Su Yun - Shaolin Wuji\",\"isPartOf\":{\"@id\":\"https:\\\/\\\/shaolinwuji.com\\\/fr\\\/#website\"},\"datePublished\":\"2021-02-24T15:58:47+00:00\",\"dateModified\":\"2021-09-28T23:18:20+00:00\",\"breadcrumb\":{\"@id\":\"https:\\\/\\\/shaolinwuji.com\\\/fr\\\/our-school\\\/our-teachers-and-masters\\\/shi-joo-shi-su-yun\\\/#breadcrumb\"},\"inLanguage\":\"fr-FR\",\"potentialAction\":[{\"@type\":\"ReadAction\",\"target\":[\"https:\\\/\\\/shaolinwuji.com\\\/fr\\\/our-school\\\/our-teachers-and-masters\\\/shi-joo-shi-su-yun\\\/\"]}]},{\"@type\":\"BreadcrumbList\",\"@id\":\"https:\\\/\\\/shaolinwuji.com\\\/fr\\\/our-school\\\/our-teachers-and-masters\\\/shi-joo-shi-su-yun\\\/#breadcrumb\",\"itemListElement\":[{\"@type\":\"ListItem\",\"position\":1,\"name\":\"Meditation\",\"item\":\"https:\\\/\\\/shaolinwuji.com\\\/fr\\\/\"},{\"@type\":\"ListItem\",\"position\":2,\"name\":\"Notre \u00c9cole\",\"item\":\"https:\\\/\\\/shaolinwuji.com\\\/fr\\\/our-school\\\/\"},{\"@type\":\"ListItem\",\"position\":3,\"name\":\"Nos Professeurs et Ma\u00eetres\",\"item\":\"https:\\\/\\\/shaolinwuji.com\\\/fr\\\/our-school\\\/our-teachers-and-masters\\\/\"},{\"@type\":\"ListItem\",\"position\":4,\"name\":\"Shi Joo Shi Su Yun\"}]},{\"@type\":\"WebSite\",\"@id\":\"https:\\\/\\\/shaolinwuji.com\\\/fr\\\/#website\",\"url\":\"https:\\\/\\\/shaolinwuji.com\\\/fr\\\/\",\"name\":\"Shaolin Wuji\",\"description\":\"arts martiaux traditionnels - meditation - tai chi - chi kung \",\"publisher\":{\"@id\":\"https:\\\/\\\/shaolinwuji.com\\\/fr\\\/#organization\"},\"potentialAction\":[{\"@type\":\"SearchAction\",\"target\":{\"@type\":\"EntryPoint\",\"urlTemplate\":\"https:\\\/\\\/shaolinwuji.com\\\/fr\\\/?s={search_term_string}\"},\"query-input\":{\"@type\":\"PropertyValueSpecification\",\"valueRequired\":true,\"valueName\":\"search_term_string\"}}],\"inLanguage\":\"fr-FR\"},{\"@type\":\"Organization\",\"@id\":\"https:\\\/\\\/shaolinwuji.com\\\/fr\\\/#organization\",\"name\":\"Shaolin Wuji Center\",\"url\":\"https:\\\/\\\/shaolinwuji.com\\\/fr\\\/\",\"logo\":{\"@type\":\"ImageObject\",\"inLanguage\":\"fr-FR\",\"@id\":\"https:\\\/\\\/shaolinwuji.com\\\/fr\\\/#\\\/schema\\\/logo\\\/image\\\/\",\"url\":\"https:\\\/\\\/shaolinwuji.com\\\/wp-content\\\/uploads\\\/2021\\\/12\\\/C253A8BF-EF93-43C6-BC96-F59A4A8CA2D6-2.jpeg\",\"contentUrl\":\"https:\\\/\\\/shaolinwuji.com\\\/wp-content\\\/uploads\\\/2021\\\/12\\\/C253A8BF-EF93-43C6-BC96-F59A4A8CA2D6-2.jpeg\",\"width\":355,\"height\":210,\"caption\":\"Shaolin Wuji Center\"},\"image\":{\"@id\":\"https:\\\/\\\/shaolinwuji.com\\\/fr\\\/#\\\/schema\\\/logo\\\/image\\\/\"}}]}<\/script>\n<!-- \/ Yoast SEO plugin. -->","yoast_head_json":{"title":"Shi Joo Shi Su Yun - Shaolin Wuji","robots":{"index":"index","follow":"follow","max-snippet":"max-snippet:-1","max-image-preview":"max-image-preview:large","max-video-preview":"max-video-preview:-1"},"canonical":"https:\/\/shaolinwuji.com\/fr\/our-school\/our-teachers-and-masters\/shi-joo-shi-su-yun\/","og_locale":"fr_FR","og_type":"article","og_title":"Shi Joo Shi Su Yun - Shaolin Wuji","og_description":"[vc_row equal_height=\u00a0\u00bbyes\u00a0\u00bb content_placement=\u00a0\u00bbtop\u00a0\u00bb css=\u00a0\u00bb.vc_custom_1613586343568{padding-top: 70px !important;padding-bottom: 35px !important;}\u00a0\u00bb][vc_column width=\u00a0\u00bb1\/3&Prime; css=\u00a0\u00bb.vc_custom_1571477821281{padding-bottom: 30px !important;}\u00a0\u00bb][vc_single_image image=\u00a0\u00bb1693&Prime; img_size=\u00a0\u00bbmedium\u00a0\u00bb css=\u00a0\u00bb.vc_custom_1614182322307{padding-top: 30px !important;}\u00a0\u00bb][\/vc_column][vc_column width=\u00a0\u00bb2\/3&Prime; css=\u00a0\u00bb.vc_custom_1571477868281{padding-bottom: 30px !important;}\u00a0\u00bb][vc_column_text]Shi Joo Shi Su Yun \u00e9tait un moine Shaolin qui ma\u00eetrisait \u00e0 la fois les aspects savants (Wen) et martiaux (Wu) de Shaolin. En tant que bouddhiste, Shi Su Yun \u00e9tait tr\u00e8s humble. Il ne&hellip;","og_url":"https:\/\/shaolinwuji.com\/fr\/our-school\/our-teachers-and-masters\/shi-joo-shi-su-yun\/","og_site_name":"Shaolin Wuji","article_modified_time":"2021-09-28T23:18:20+00:00","twitter_card":"summary_large_image","twitter_misc":{"Dur\u00e9e de lecture estim\u00e9e":"2 minutes"},"schema":{"@context":"https:\/\/schema.org","@graph":[{"@type":"WebPage","@id":"https:\/\/shaolinwuji.com\/fr\/our-school\/our-teachers-and-masters\/shi-joo-shi-su-yun\/","url":"https:\/\/shaolinwuji.com\/fr\/our-school\/our-teachers-and-masters\/shi-joo-shi-su-yun\/","name":"Shi Joo Shi Su Yun - Shaolin Wuji","isPartOf":{"@id":"https:\/\/shaolinwuji.com\/fr\/#website"},"datePublished":"2021-02-24T15:58:47+00:00","dateModified":"2021-09-28T23:18:20+00:00","breadcrumb":{"@id":"https:\/\/shaolinwuji.com\/fr\/our-school\/our-teachers-and-masters\/shi-joo-shi-su-yun\/#breadcrumb"},"inLanguage":"fr-FR","potentialAction":[{"@type":"ReadAction","target":["https:\/\/shaolinwuji.com\/fr\/our-school\/our-teachers-and-masters\/shi-joo-shi-su-yun\/"]}]},{"@type":"BreadcrumbList","@id":"https:\/\/shaolinwuji.com\/fr\/our-school\/our-teachers-and-masters\/shi-joo-shi-su-yun\/#breadcrumb","itemListElement":[{"@type":"ListItem","position":1,"name":"Meditation","item":"https:\/\/shaolinwuji.com\/fr\/"},{"@type":"ListItem","position":2,"name":"Notre \u00c9cole","item":"https:\/\/shaolinwuji.com\/fr\/our-school\/"},{"@type":"ListItem","position":3,"name":"Nos Professeurs et Ma\u00eetres","item":"https:\/\/shaolinwuji.com\/fr\/our-school\/our-teachers-and-masters\/"},{"@type":"ListItem","position":4,"name":"Shi Joo Shi Su Yun"}]},{"@type":"WebSite","@id":"https:\/\/shaolinwuji.com\/fr\/#website","url":"https:\/\/shaolinwuji.com\/fr\/","name":"Shaolin Wuji","description":"arts martiaux traditionnels - meditation - tai chi - chi kung ","publisher":{"@id":"https:\/\/shaolinwuji.com\/fr\/#organization"},"potentialAction":[{"@type":"SearchAction","target":{"@type":"EntryPoint","urlTemplate":"https:\/\/shaolinwuji.com\/fr\/?s={search_term_string}"},"query-input":{"@type":"PropertyValueSpecification","valueRequired":true,"valueName":"search_term_string"}}],"inLanguage":"fr-FR"},{"@type":"Organization","@id":"https:\/\/shaolinwuji.com\/fr\/#organization","name":"Shaolin Wuji Center","url":"https:\/\/shaolinwuji.com\/fr\/","logo":{"@type":"ImageObject","inLanguage":"fr-FR","@id":"https:\/\/shaolinwuji.com\/fr\/#\/schema\/logo\/image\/","url":"https:\/\/shaolinwuji.com\/wp-content\/uploads\/2021\/12\/C253A8BF-EF93-43C6-BC96-F59A4A8CA2D6-2.jpeg","contentUrl":"https:\/\/shaolinwuji.com\/wp-content\/uploads\/2021\/12\/C253A8BF-EF93-43C6-BC96-F59A4A8CA2D6-2.jpeg","width":355,"height":210,"caption":"Shaolin Wuji Center"},"image":{"@id":"https:\/\/shaolinwuji.com\/fr\/#\/schema\/logo\/image\/"}}]}},"_links":{"self":[{"href":"https:\/\/shaolinwuji.com\/fr\/wp-json\/wp\/v2\/pages\/3139","targetHints":{"allow":["GET"]}}],"collection":[{"href":"https:\/\/shaolinwuji.com\/fr\/wp-json\/wp\/v2\/pages"}],"about":[{"href":"https:\/\/shaolinwuji.com\/fr\/wp-json\/wp\/v2\/types\/page"}],"author":[{"embeddable":true,"href":"https:\/\/shaolinwuji.com\/fr\/wp-json\/wp\/v2\/users\/1"}],"replies":[{"embeddable":true,"href":"https:\/\/shaolinwuji.com\/fr\/wp-json\/wp\/v2\/comments?post=3139"}],"version-history":[{"count":3,"href":"https:\/\/shaolinwuji.com\/fr\/wp-json\/wp\/v2\/pages\/3139\/revisions"}],"predecessor-version":[{"id":3867,"href":"https:\/\/shaolinwuji.com\/fr\/wp-json\/wp\/v2\/pages\/3139\/revisions\/3867"}],"up":[{"embeddable":true,"href":"https:\/\/shaolinwuji.com\/fr\/wp-json\/wp\/v2\/pages\/3116"}],"wp:attachment":[{"href":"https:\/\/shaolinwuji.com\/fr\/wp-json\/wp\/v2\/media?parent=3139"}],"curies":[{"name":"wp","href":"https:\/\/api.w.org\/{rel}","templated":true}]}}