{"id":3135,"date":"2021-02-24T18:10:30","date_gmt":"2021-02-24T18:10:30","guid":{"rendered":"https:\/\/staging.shaolinwuji.com\/our-teachers-and-masters\/professor-zhang-kai\/"},"modified":"2021-09-28T23:35:28","modified_gmt":"2021-09-28T23:35:28","slug":"professor-zhang-kai","status":"publish","type":"page","link":"https:\/\/shaolinwuji.com\/fr\/our-school\/our-teachers-and-masters\/professor-zhang-kai\/","title":{"rendered":"Professeur Zhang Kai"},"content":{"rendered":"<div class=\"wpb-content-wrapper\"><p>[vc_row equal_height=\u00a0\u00bbyes\u00a0\u00bb content_placement=\u00a0\u00bbtop\u00a0\u00bb css=\u00a0\u00bb.vc_custom_1613586343568{padding-top: 70px !important;padding-bottom: 35px !important;}\u00a0\u00bb][vc_column width=\u00a0\u00bb1\/3&Prime; css=\u00a0\u00bb.vc_custom_1571477821281{padding-bottom: 30px !important;}\u00a0\u00bb][vc_single_image image=\u00a0\u00bb1733&Prime; img_size=\u00a0\u00bbmedium\u00a0\u00bb css=\u00a0\u00bb.vc_custom_1614190224737{padding-top: 30px !important;}\u00a0\u00bb]<div class=\"hr-thin style-double hr-left\" style=\"width: 120px;border-color: #2e2b36;border-top-width: 6px;\"><\/div><div id=\"ultimate-heading-956769dc78ba74eae\" class=\"uvc-heading ult-adjust-bottom-margin ultimate-heading-956769dc78ba74eae uvc-2092 \" data-hspacer=\"no_spacer\"  data-halign=\"left\" style=\"text-align:left\"><div class=\"uvc-heading-spacer no_spacer\" style=\"top\"><\/div><div class=\"uvc-main-heading ult-responsive\"  data-ultimate-target='.uvc-heading.ultimate-heading-956769dc78ba74eae h3'  data-responsive-json-new='{\"font-size\":\"tablet_portrait:34px;\",\"line-height\":\"tablet_portrait:44px;\"}' ><h3 style=\"--font-weight:theme;margin-bottom:20px;\">Professeur Zhang Kai<\/h3><\/div><\/div>[\/vc_column][vc_column width=\u00a0\u00bb2\/3&Prime; css=\u00a0\u00bb.vc_custom_1571477868281{padding-bottom: 30px !important;}\u00a0\u00bb][vc_column_text]Originaire du Henan, le Professeur Zhang Kai \u5f20\u5f00 est dipl\u00f4m\u00e9 de l&rsquo;Universit\u00e9 de m\u00e9decine de P\u00e9kin. Il a pass\u00e9 plusieurs ann\u00e9es \u00e0 travailler avec le Professeur Pang Ming dans les ann\u00e9es 80 et 90.<\/p>\n<p>Son niveau de conscience, sa sagesse, sa compassion et sa connaissance de la m\u00e9decine chinoise et du Zhineng Qi Gong font de lui un enseignant et un \u00eatre humain exceptionnel.[\/vc_column_text][\/vc_column][\/vc_row]<\/p>\n<\/div>","protected":false},"excerpt":{"rendered":"<p>[vc_row equal_height=\u00a0\u00bbyes\u00a0\u00bb content_placement=\u00a0\u00bbtop\u00a0\u00bb css=\u00a0\u00bb.vc_custom_1613586343568{padding-top: 70px !important;padding-bottom: 35px !important;}\u00a0\u00bb][vc_column width=\u00a0\u00bb1\/3&Prime; css=\u00a0\u00bb.vc_custom_1571477821281{padding-bottom: 30px !important;}\u00a0\u00bb][vc_single_image image=\u00a0\u00bb1733&Prime; img_size=\u00a0\u00bbmedium\u00a0\u00bb css=\u00a0\u00bb.vc_custom_1614190224737{padding-top: 30px !important;}\u00a0\u00bb][\/vc_column][vc_column width=\u00a0\u00bb2\/3&Prime; css=\u00a0\u00bb.vc_custom_1571477868281{padding-bottom: 30px !important;}\u00a0\u00bb][vc_column_text]Originaire du Henan, le Professeur Zhang Kai \u5f20\u5f00 est dipl\u00f4m\u00e9 de l&rsquo;Universit\u00e9 de m\u00e9decine de P\u00e9kin. Il a pass\u00e9 plusieurs ann\u00e9es \u00e0 travailler avec le Professeur Pang Ming dans les ann\u00e9es 80 et 90. Son&hellip;<\/p>\n","protected":false},"author":1,"featured_media":0,"parent":3116,"menu_order":118,"comment_status":"closed","ping_status":"closed","template":"","meta":{"footnotes":""},"class_list":["post-3135","page","type-page","status-publish","hentry","description-off"],"yoast_head":"<!-- This site is optimized with the Yoast SEO plugin v27.3 - https:\/\/yoast.com\/product\/yoast-seo-wordpress\/ -->\n<title>Professeur Zhang Kai - Shaolin Wuji<\/title>\n<meta name=\"robots\" content=\"index, follow, max-snippet:-1, max-image-preview:large, max-video-preview:-1\" \/>\n<link rel=\"canonical\" href=\"https:\/\/shaolinwuji.com\/fr\/our-school\/our-teachers-and-masters\/professor-zhang-kai\/\" \/>\n<meta property=\"og:locale\" content=\"fr_FR\" \/>\n<meta property=\"og:type\" content=\"article\" \/>\n<meta property=\"og:title\" content=\"Professeur Zhang Kai - Shaolin Wuji\" \/>\n<meta property=\"og:description\" content=\"[vc_row equal_height=\u00a0\u00bbyes\u00a0\u00bb content_placement=\u00a0\u00bbtop\u00a0\u00bb css=\u00a0\u00bb.vc_custom_1613586343568{padding-top: 70px !important;padding-bottom: 35px !important;}\u00a0\u00bb][vc_column width=\u00a0\u00bb1\/3&Prime; css=\u00a0\u00bb.vc_custom_1571477821281{padding-bottom: 30px !important;}\u00a0\u00bb][vc_single_image image=\u00a0\u00bb1733&Prime; img_size=\u00a0\u00bbmedium\u00a0\u00bb css=\u00a0\u00bb.vc_custom_1614190224737{padding-top: 30px !important;}\u00a0\u00bb][\/vc_column][vc_column width=\u00a0\u00bb2\/3&Prime; css=\u00a0\u00bb.vc_custom_1571477868281{padding-bottom: 30px !important;}\u00a0\u00bb][vc_column_text]Originaire du Henan, le Professeur Zhang Kai \u5f20\u5f00 est dipl\u00f4m\u00e9 de l&rsquo;Universit\u00e9 de m\u00e9decine de P\u00e9kin. Il a pass\u00e9 plusieurs ann\u00e9es \u00e0 travailler avec le Professeur Pang Ming dans les ann\u00e9es 80 et 90. Son&hellip;\" \/>\n<meta property=\"og:url\" content=\"https:\/\/shaolinwuji.com\/fr\/our-school\/our-teachers-and-masters\/professor-zhang-kai\/\" \/>\n<meta property=\"og:site_name\" content=\"Shaolin Wuji\" \/>\n<meta property=\"article:modified_time\" content=\"2021-09-28T23:35:28+00:00\" \/>\n<meta name=\"twitter:card\" content=\"summary_large_image\" \/>\n<meta name=\"twitter:label1\" content=\"Dur\u00e9e de lecture estim\u00e9e\" \/>\n\t<meta name=\"twitter:data1\" content=\"1 minute\" \/>\n<script type=\"application\/ld+json\" class=\"yoast-schema-graph\">{\"@context\":\"https:\\\/\\\/schema.org\",\"@graph\":[{\"@type\":\"WebPage\",\"@id\":\"https:\\\/\\\/shaolinwuji.com\\\/fr\\\/our-school\\\/our-teachers-and-masters\\\/professor-zhang-kai\\\/\",\"url\":\"https:\\\/\\\/shaolinwuji.com\\\/fr\\\/our-school\\\/our-teachers-and-masters\\\/professor-zhang-kai\\\/\",\"name\":\"Professeur Zhang Kai - Shaolin Wuji\",\"isPartOf\":{\"@id\":\"https:\\\/\\\/shaolinwuji.com\\\/fr\\\/#website\"},\"datePublished\":\"2021-02-24T18:10:30+00:00\",\"dateModified\":\"2021-09-28T23:35:28+00:00\",\"breadcrumb\":{\"@id\":\"https:\\\/\\\/shaolinwuji.com\\\/fr\\\/our-school\\\/our-teachers-and-masters\\\/professor-zhang-kai\\\/#breadcrumb\"},\"inLanguage\":\"fr-FR\",\"potentialAction\":[{\"@type\":\"ReadAction\",\"target\":[\"https:\\\/\\\/shaolinwuji.com\\\/fr\\\/our-school\\\/our-teachers-and-masters\\\/professor-zhang-kai\\\/\"]}]},{\"@type\":\"BreadcrumbList\",\"@id\":\"https:\\\/\\\/shaolinwuji.com\\\/fr\\\/our-school\\\/our-teachers-and-masters\\\/professor-zhang-kai\\\/#breadcrumb\",\"itemListElement\":[{\"@type\":\"ListItem\",\"position\":1,\"name\":\"Meditation\",\"item\":\"https:\\\/\\\/shaolinwuji.com\\\/fr\\\/\"},{\"@type\":\"ListItem\",\"position\":2,\"name\":\"Notre \u00c9cole\",\"item\":\"https:\\\/\\\/shaolinwuji.com\\\/fr\\\/our-school\\\/\"},{\"@type\":\"ListItem\",\"position\":3,\"name\":\"Nos Professeurs et Ma\u00eetres\",\"item\":\"https:\\\/\\\/shaolinwuji.com\\\/fr\\\/our-school\\\/our-teachers-and-masters\\\/\"},{\"@type\":\"ListItem\",\"position\":4,\"name\":\"Professeur Zhang Kai\"}]},{\"@type\":\"WebSite\",\"@id\":\"https:\\\/\\\/shaolinwuji.com\\\/fr\\\/#website\",\"url\":\"https:\\\/\\\/shaolinwuji.com\\\/fr\\\/\",\"name\":\"Shaolin Wuji\",\"description\":\"arts martiaux traditionnels - meditation - tai chi - chi kung \",\"publisher\":{\"@id\":\"https:\\\/\\\/shaolinwuji.com\\\/fr\\\/#organization\"},\"potentialAction\":[{\"@type\":\"SearchAction\",\"target\":{\"@type\":\"EntryPoint\",\"urlTemplate\":\"https:\\\/\\\/shaolinwuji.com\\\/fr\\\/?s={search_term_string}\"},\"query-input\":{\"@type\":\"PropertyValueSpecification\",\"valueRequired\":true,\"valueName\":\"search_term_string\"}}],\"inLanguage\":\"fr-FR\"},{\"@type\":\"Organization\",\"@id\":\"https:\\\/\\\/shaolinwuji.com\\\/fr\\\/#organization\",\"name\":\"Shaolin Wuji Center\",\"url\":\"https:\\\/\\\/shaolinwuji.com\\\/fr\\\/\",\"logo\":{\"@type\":\"ImageObject\",\"inLanguage\":\"fr-FR\",\"@id\":\"https:\\\/\\\/shaolinwuji.com\\\/fr\\\/#\\\/schema\\\/logo\\\/image\\\/\",\"url\":\"https:\\\/\\\/shaolinwuji.com\\\/wp-content\\\/uploads\\\/2021\\\/12\\\/C253A8BF-EF93-43C6-BC96-F59A4A8CA2D6-2.jpeg\",\"contentUrl\":\"https:\\\/\\\/shaolinwuji.com\\\/wp-content\\\/uploads\\\/2021\\\/12\\\/C253A8BF-EF93-43C6-BC96-F59A4A8CA2D6-2.jpeg\",\"width\":355,\"height\":210,\"caption\":\"Shaolin Wuji Center\"},\"image\":{\"@id\":\"https:\\\/\\\/shaolinwuji.com\\\/fr\\\/#\\\/schema\\\/logo\\\/image\\\/\"}}]}<\/script>\n<!-- \/ Yoast SEO plugin. -->","yoast_head_json":{"title":"Professeur Zhang Kai - Shaolin Wuji","robots":{"index":"index","follow":"follow","max-snippet":"max-snippet:-1","max-image-preview":"max-image-preview:large","max-video-preview":"max-video-preview:-1"},"canonical":"https:\/\/shaolinwuji.com\/fr\/our-school\/our-teachers-and-masters\/professor-zhang-kai\/","og_locale":"fr_FR","og_type":"article","og_title":"Professeur Zhang Kai - Shaolin Wuji","og_description":"[vc_row equal_height=\u00a0\u00bbyes\u00a0\u00bb content_placement=\u00a0\u00bbtop\u00a0\u00bb css=\u00a0\u00bb.vc_custom_1613586343568{padding-top: 70px !important;padding-bottom: 35px !important;}\u00a0\u00bb][vc_column width=\u00a0\u00bb1\/3&Prime; css=\u00a0\u00bb.vc_custom_1571477821281{padding-bottom: 30px !important;}\u00a0\u00bb][vc_single_image image=\u00a0\u00bb1733&Prime; img_size=\u00a0\u00bbmedium\u00a0\u00bb css=\u00a0\u00bb.vc_custom_1614190224737{padding-top: 30px !important;}\u00a0\u00bb][\/vc_column][vc_column width=\u00a0\u00bb2\/3&Prime; css=\u00a0\u00bb.vc_custom_1571477868281{padding-bottom: 30px !important;}\u00a0\u00bb][vc_column_text]Originaire du Henan, le Professeur Zhang Kai \u5f20\u5f00 est dipl\u00f4m\u00e9 de l&rsquo;Universit\u00e9 de m\u00e9decine de P\u00e9kin. Il a pass\u00e9 plusieurs ann\u00e9es \u00e0 travailler avec le Professeur Pang Ming dans les ann\u00e9es 80 et 90. Son&hellip;","og_url":"https:\/\/shaolinwuji.com\/fr\/our-school\/our-teachers-and-masters\/professor-zhang-kai\/","og_site_name":"Shaolin Wuji","article_modified_time":"2021-09-28T23:35:28+00:00","twitter_card":"summary_large_image","twitter_misc":{"Dur\u00e9e de lecture estim\u00e9e":"1 minute"},"schema":{"@context":"https:\/\/schema.org","@graph":[{"@type":"WebPage","@id":"https:\/\/shaolinwuji.com\/fr\/our-school\/our-teachers-and-masters\/professor-zhang-kai\/","url":"https:\/\/shaolinwuji.com\/fr\/our-school\/our-teachers-and-masters\/professor-zhang-kai\/","name":"Professeur Zhang Kai - Shaolin Wuji","isPartOf":{"@id":"https:\/\/shaolinwuji.com\/fr\/#website"},"datePublished":"2021-02-24T18:10:30+00:00","dateModified":"2021-09-28T23:35:28+00:00","breadcrumb":{"@id":"https:\/\/shaolinwuji.com\/fr\/our-school\/our-teachers-and-masters\/professor-zhang-kai\/#breadcrumb"},"inLanguage":"fr-FR","potentialAction":[{"@type":"ReadAction","target":["https:\/\/shaolinwuji.com\/fr\/our-school\/our-teachers-and-masters\/professor-zhang-kai\/"]}]},{"@type":"BreadcrumbList","@id":"https:\/\/shaolinwuji.com\/fr\/our-school\/our-teachers-and-masters\/professor-zhang-kai\/#breadcrumb","itemListElement":[{"@type":"ListItem","position":1,"name":"Meditation","item":"https:\/\/shaolinwuji.com\/fr\/"},{"@type":"ListItem","position":2,"name":"Notre \u00c9cole","item":"https:\/\/shaolinwuji.com\/fr\/our-school\/"},{"@type":"ListItem","position":3,"name":"Nos Professeurs et Ma\u00eetres","item":"https:\/\/shaolinwuji.com\/fr\/our-school\/our-teachers-and-masters\/"},{"@type":"ListItem","position":4,"name":"Professeur Zhang Kai"}]},{"@type":"WebSite","@id":"https:\/\/shaolinwuji.com\/fr\/#website","url":"https:\/\/shaolinwuji.com\/fr\/","name":"Shaolin Wuji","description":"arts martiaux traditionnels - meditation - tai chi - chi kung ","publisher":{"@id":"https:\/\/shaolinwuji.com\/fr\/#organization"},"potentialAction":[{"@type":"SearchAction","target":{"@type":"EntryPoint","urlTemplate":"https:\/\/shaolinwuji.com\/fr\/?s={search_term_string}"},"query-input":{"@type":"PropertyValueSpecification","valueRequired":true,"valueName":"search_term_string"}}],"inLanguage":"fr-FR"},{"@type":"Organization","@id":"https:\/\/shaolinwuji.com\/fr\/#organization","name":"Shaolin Wuji Center","url":"https:\/\/shaolinwuji.com\/fr\/","logo":{"@type":"ImageObject","inLanguage":"fr-FR","@id":"https:\/\/shaolinwuji.com\/fr\/#\/schema\/logo\/image\/","url":"https:\/\/shaolinwuji.com\/wp-content\/uploads\/2021\/12\/C253A8BF-EF93-43C6-BC96-F59A4A8CA2D6-2.jpeg","contentUrl":"https:\/\/shaolinwuji.com\/wp-content\/uploads\/2021\/12\/C253A8BF-EF93-43C6-BC96-F59A4A8CA2D6-2.jpeg","width":355,"height":210,"caption":"Shaolin Wuji Center"},"image":{"@id":"https:\/\/shaolinwuji.com\/fr\/#\/schema\/logo\/image\/"}}]}},"_links":{"self":[{"href":"https:\/\/shaolinwuji.com\/fr\/wp-json\/wp\/v2\/pages\/3135","targetHints":{"allow":["GET"]}}],"collection":[{"href":"https:\/\/shaolinwuji.com\/fr\/wp-json\/wp\/v2\/pages"}],"about":[{"href":"https:\/\/shaolinwuji.com\/fr\/wp-json\/wp\/v2\/types\/page"}],"author":[{"embeddable":true,"href":"https:\/\/shaolinwuji.com\/fr\/wp-json\/wp\/v2\/users\/1"}],"replies":[{"embeddable":true,"href":"https:\/\/shaolinwuji.com\/fr\/wp-json\/wp\/v2\/comments?post=3135"}],"version-history":[{"count":3,"href":"https:\/\/shaolinwuji.com\/fr\/wp-json\/wp\/v2\/pages\/3135\/revisions"}],"predecessor-version":[{"id":3872,"href":"https:\/\/shaolinwuji.com\/fr\/wp-json\/wp\/v2\/pages\/3135\/revisions\/3872"}],"up":[{"embeddable":true,"href":"https:\/\/shaolinwuji.com\/fr\/wp-json\/wp\/v2\/pages\/3116"}],"wp:attachment":[{"href":"https:\/\/shaolinwuji.com\/fr\/wp-json\/wp\/v2\/media?parent=3135"}],"curies":[{"name":"wp","href":"https:\/\/api.w.org\/{rel}","templated":true}]}}