{"id":3131,"date":"2021-02-24T18:16:05","date_gmt":"2021-02-24T18:16:05","guid":{"rendered":"https:\/\/staging.shaolinwuji.com\/our-teachers-and-masters\/professor-pang\/"},"modified":"2021-09-28T23:46:38","modified_gmt":"2021-09-28T23:46:38","slug":"professor-pang","status":"publish","type":"page","link":"https:\/\/shaolinwuji.com\/fr\/our-school\/our-teachers-and-masters\/professor-pang\/","title":{"rendered":"Professeur Pang"},"content":{"rendered":"<div class=\"wpb-content-wrapper\"><p>[vc_row equal_height=\u00a0\u00bbyes\u00a0\u00bb content_placement=\u00a0\u00bbtop\u00a0\u00bb css=\u00a0\u00bb.vc_custom_1613586343568{padding-top: 70px !important;padding-bottom: 35px !important;}\u00a0\u00bb][vc_column width=\u00a0\u00bb1\/3&Prime; css=\u00a0\u00bb.vc_custom_1571477821281{padding-bottom: 30px !important;}\u00a0\u00bb][vc_single_image image=\u00a0\u00bb1737&Prime; img_size=\u00a0\u00bbmedium\u00a0\u00bb css=\u00a0\u00bb.vc_custom_1614190554965{padding-top: 30px !important;}\u00a0\u00bb]<div class=\"hr-thin style-double hr-left\" style=\"width: 120px;border-color: #2e2b36;border-top-width: 6px;\"><\/div><div id=\"ultimate-heading-574669dc796539d58\" class=\"uvc-heading ult-adjust-bottom-margin ultimate-heading-574669dc796539d58 uvc-1432 \" data-hspacer=\"no_spacer\"  data-halign=\"left\" style=\"text-align:left\"><div class=\"uvc-heading-spacer no_spacer\" style=\"top\"><\/div><div class=\"uvc-main-heading ult-responsive\"  data-ultimate-target='.uvc-heading.ultimate-heading-574669dc796539d58 h3'  data-responsive-json-new='{\"font-size\":\"tablet_portrait:34px;\",\"line-height\":\"tablet_portrait:44px;\"}' ><h3 style=\"--font-weight:theme;margin-bottom:20px;\">Professeur Pang<\/h3><\/div><\/div>[\/vc_column][vc_column width=\u00a0\u00bb2\/3&Prime; css=\u00a0\u00bb.vc_custom_1571477868281{padding-bottom: 30px !important;}\u00a0\u00bb][vc_column_text]Le professeur Pang a \u00e9t\u00e9 influenc\u00e9 par la pratique de la m\u00e9decine traditionnelle chinoise, du Qi Gong et des arts martiaux depuis son plus jeune \u00e2ge. Apr\u00e8s avoir \u00e9t\u00e9 dipl\u00f4m\u00e9 de la facult\u00e9 de m\u00e9decine de P\u00e9kin en 1958, il a pratiqu\u00e9 la m\u00e9decine occidentale. De 1958 \u00e0 1962, Pang Ming a \u00e9tudi\u00e9 la m\u00e9decine chinoise \u00e0 l&rsquo;Association de m\u00e9decine chinoise de P\u00e9kin. Apr\u00e8s sa formation, il a travaill\u00e9 comme docteur en m\u00e9decine chinoise, et c&rsquo;est \u00e0 cette \u00e9poque qu&rsquo;il a commenc\u00e9 \u00e0 \u00e9tudier s\u00e9rieusement le Qi Gong. Au d\u00e9but, il a \u00e9tudi\u00e9 le bouddhisme et a appris un style bouddhiste de Qi Gong. \u00c0 partir de 1964, il a commenc\u00e9 \u00e0 augmenter sa formation en arts martiaux.<\/p>\n<p>Apr\u00e8s 1970, il a suivi les enseignements de divers grands ma\u00eetres du Qi Gong Tao\u00efste et traditionnel, faisant des recherches sur les nombreux textes tao\u00efstes sur le Qi Gong. Sa connaissance de la m\u00e9decine chinoise et occidentale a fourni une base tr\u00e8s solide pour ses recherches sur le Qi Gong. En m\u00eame temps, sa connaissance du Qi Gong a aussi grandement am\u00e9lior\u00e9 sa pratique m\u00e9dicale.<\/p>\n<p>En 1979, Pang Ming a fond\u00e9 la premi\u00e8re organisation de Qi Gong pour le public, la Beijing Qi gong Research Society. Le Dr. Pang a commenc\u00e9 \u00e0 rechercher les formes traditionnelles de Qi Gong et \u00e0 apporter des am\u00e9liorations, cr\u00e9ant le Zhineng Qi gong. Depuis lors, il a voyag\u00e9 dans plus de 20 provinces et villes de Chine pour donner des conf\u00e9rences sur le Qi Gong. Il \u00e9tait largement accept\u00e9 et hautement respect\u00e9 par les pratiquants de Qi Gong. En 1987, il est devenu directeur adjoint de l&rsquo;Eastern Sports Facility de l&rsquo;Universit\u00e9 Nanding Day et a donn\u00e9 des conf\u00e9rences sur le Qi Gong. En 1988, il cr\u00e9e le Hebei Shijiazhuang Zhineng Qi gong College. En novembre 1991, il a d\u00e9plac\u00e9 le Centre \u00e0 Hebei Qinhuandao et a chang\u00e9 le nom en Centre d&rsquo;entra\u00eenement de Hua Xia Zhineng Qi gong. Le centre de gu\u00e9rison et de recherche Hua Xia s&rsquo;y trouve \u00e9galement. En mai 1996, le centre de gu\u00e9rison Hua Xia Zhineng a chang\u00e9 son emplacement \u00e0 Fengrun, Tangshan, Hebe.<\/p>\n<p>Au printemps 1996, il a commenc\u00e9 la construction de la ville de Zhineng Qigong \u00e0 P\u00e9kin, Shunyi. Entre 1992 et 1995, il a cr\u00e9\u00e9 le centre de formation Hebei Hua Xia Zhineng du Hebei, Qihuangdao. Au fil des ans, le Centre a trait\u00e9 plus de 300 000 patients atteints de 180 maladies diff\u00e9rentes et a atteint un taux d&rsquo;efficacit\u00e9 global de 95 %. L&rsquo;utilisation du qi a \u00e9galement \u00e9t\u00e9 scientifiquement prouv\u00e9e et document\u00e9e pour son efficacit\u00e9 dans le traitement des patients atteints de diverses maladies. La recherche a \u00e9galement montr\u00e9 que l&rsquo;utilisation du qi peut am\u00e9liorer le rendement de diverses cultures en agriculture, ainsi qu&rsquo;am\u00e9liorer la production de volaille sans pratiquement aucun co\u00fbt suppl\u00e9mentaire. Plus de 3 000 articles de recherche ont \u00e9t\u00e9 publi\u00e9s sur ces travaux en Chine. Entre 1996 et 2001, le Dr. Pang a mis en place le centre de formation Hua Xia Zhineng Qigong, le centre de gu\u00e9rison et la ville de Zhineng Qigong en un seul endroit.<\/p>\n<ul>\n<li>Zhineng Qigong a un syst\u00e8me de th\u00e9ories sp\u00e9cial Les th\u00e9ories Hun Yuan Qi<\/li>\n<li>Zhineng Qigong a tout un syst\u00e8me de m\u00e9thodes de pratique<\/li>\n<li>Zhineng Qigong a de nombreuses techniques de pratique largement collect\u00e9es<\/li>\n<li>Le Zhineng Qigong combine 3 fa\u00e7ons d&rsquo;enseigner<\/li>\n<li>Le Zhineng Qigong n&rsquo;utilise pas d&rsquo;activit\u00e9s de conscience sp\u00e9ciales<\/li>\n<li>Zhineng Qigong utilise des m\u00e9thodes \u00ab\u00a0induire le qi\u00a0\u00bb pour mobiliser le qi (\u00e0 travers l&rsquo;esprit, les mouvements et le son)<\/li>\n<li>Zhineng Qigong est une m\u00e9thode de syst\u00e8me ouvert<\/li>\n<li>Zhineng Qigong utilise le Qi externe pour gu\u00e9rir la maladie sans perdre ou nuire \u00e0 son propre qi<\/li>\n<li>Les r\u00e9actions de la pratique sont apparentes (principalement v\u00e9cues comme une lib\u00e9ration de la maladie)<\/li>\n<\/ul>\n<p>[\/vc_column_text][\/vc_column][\/vc_row]<\/p>\n<\/div>","protected":false},"excerpt":{"rendered":"<p>[vc_row equal_height=\u00a0\u00bbyes\u00a0\u00bb content_placement=\u00a0\u00bbtop\u00a0\u00bb css=\u00a0\u00bb.vc_custom_1613586343568{padding-top: 70px !important;padding-bottom: 35px !important;}\u00a0\u00bb][vc_column width=\u00a0\u00bb1\/3&Prime; css=\u00a0\u00bb.vc_custom_1571477821281{padding-bottom: 30px !important;}\u00a0\u00bb][vc_single_image image=\u00a0\u00bb1737&Prime; img_size=\u00a0\u00bbmedium\u00a0\u00bb css=\u00a0\u00bb.vc_custom_1614190554965{padding-top: 30px !important;}\u00a0\u00bb][\/vc_column][vc_column width=\u00a0\u00bb2\/3&Prime; css=\u00a0\u00bb.vc_custom_1571477868281{padding-bottom: 30px !important;}\u00a0\u00bb][vc_column_text]Le professeur Pang a \u00e9t\u00e9 influenc\u00e9 par la pratique de la m\u00e9decine traditionnelle chinoise, du Qi Gong et des arts martiaux depuis son plus jeune \u00e2ge. Apr\u00e8s avoir \u00e9t\u00e9 dipl\u00f4m\u00e9 de la facult\u00e9 de m\u00e9decine&hellip;<\/p>\n","protected":false},"author":1,"featured_media":0,"parent":3116,"menu_order":119,"comment_status":"closed","ping_status":"closed","template":"","meta":{"footnotes":""},"class_list":["post-3131","page","type-page","status-publish","hentry","description-off"],"yoast_head":"<!-- This site is optimized with the Yoast SEO plugin v27.3 - https:\/\/yoast.com\/product\/yoast-seo-wordpress\/ -->\n<title>Professeur Pang - Shaolin Wuji<\/title>\n<meta name=\"robots\" content=\"index, follow, max-snippet:-1, max-image-preview:large, max-video-preview:-1\" \/>\n<link rel=\"canonical\" href=\"https:\/\/shaolinwuji.com\/fr\/our-school\/our-teachers-and-masters\/professor-pang\/\" \/>\n<meta property=\"og:locale\" content=\"fr_FR\" \/>\n<meta property=\"og:type\" content=\"article\" \/>\n<meta property=\"og:title\" content=\"Professeur Pang - Shaolin Wuji\" \/>\n<meta property=\"og:description\" content=\"[vc_row equal_height=\u00a0\u00bbyes\u00a0\u00bb content_placement=\u00a0\u00bbtop\u00a0\u00bb css=\u00a0\u00bb.vc_custom_1613586343568{padding-top: 70px !important;padding-bottom: 35px !important;}\u00a0\u00bb][vc_column width=\u00a0\u00bb1\/3&Prime; css=\u00a0\u00bb.vc_custom_1571477821281{padding-bottom: 30px !important;}\u00a0\u00bb][vc_single_image image=\u00a0\u00bb1737&Prime; img_size=\u00a0\u00bbmedium\u00a0\u00bb css=\u00a0\u00bb.vc_custom_1614190554965{padding-top: 30px !important;}\u00a0\u00bb][\/vc_column][vc_column width=\u00a0\u00bb2\/3&Prime; css=\u00a0\u00bb.vc_custom_1571477868281{padding-bottom: 30px !important;}\u00a0\u00bb][vc_column_text]Le professeur Pang a \u00e9t\u00e9 influenc\u00e9 par la pratique de la m\u00e9decine traditionnelle chinoise, du Qi Gong et des arts martiaux depuis son plus jeune \u00e2ge. Apr\u00e8s avoir \u00e9t\u00e9 dipl\u00f4m\u00e9 de la facult\u00e9 de m\u00e9decine&hellip;\" \/>\n<meta property=\"og:url\" content=\"https:\/\/shaolinwuji.com\/fr\/our-school\/our-teachers-and-masters\/professor-pang\/\" \/>\n<meta property=\"og:site_name\" content=\"Shaolin Wuji\" \/>\n<meta property=\"article:modified_time\" content=\"2021-09-28T23:46:38+00:00\" \/>\n<meta name=\"twitter:card\" content=\"summary_large_image\" \/>\n<meta name=\"twitter:label1\" content=\"Dur\u00e9e de lecture estim\u00e9e\" \/>\n\t<meta name=\"twitter:data1\" content=\"4 minutes\" \/>\n<script type=\"application\/ld+json\" class=\"yoast-schema-graph\">{\"@context\":\"https:\\\/\\\/schema.org\",\"@graph\":[{\"@type\":\"WebPage\",\"@id\":\"https:\\\/\\\/shaolinwuji.com\\\/fr\\\/our-school\\\/our-teachers-and-masters\\\/professor-pang\\\/\",\"url\":\"https:\\\/\\\/shaolinwuji.com\\\/fr\\\/our-school\\\/our-teachers-and-masters\\\/professor-pang\\\/\",\"name\":\"Professeur Pang - Shaolin Wuji\",\"isPartOf\":{\"@id\":\"https:\\\/\\\/shaolinwuji.com\\\/fr\\\/#website\"},\"datePublished\":\"2021-02-24T18:16:05+00:00\",\"dateModified\":\"2021-09-28T23:46:38+00:00\",\"breadcrumb\":{\"@id\":\"https:\\\/\\\/shaolinwuji.com\\\/fr\\\/our-school\\\/our-teachers-and-masters\\\/professor-pang\\\/#breadcrumb\"},\"inLanguage\":\"fr-FR\",\"potentialAction\":[{\"@type\":\"ReadAction\",\"target\":[\"https:\\\/\\\/shaolinwuji.com\\\/fr\\\/our-school\\\/our-teachers-and-masters\\\/professor-pang\\\/\"]}]},{\"@type\":\"BreadcrumbList\",\"@id\":\"https:\\\/\\\/shaolinwuji.com\\\/fr\\\/our-school\\\/our-teachers-and-masters\\\/professor-pang\\\/#breadcrumb\",\"itemListElement\":[{\"@type\":\"ListItem\",\"position\":1,\"name\":\"Meditation\",\"item\":\"https:\\\/\\\/shaolinwuji.com\\\/fr\\\/\"},{\"@type\":\"ListItem\",\"position\":2,\"name\":\"Notre \u00c9cole\",\"item\":\"https:\\\/\\\/shaolinwuji.com\\\/fr\\\/our-school\\\/\"},{\"@type\":\"ListItem\",\"position\":3,\"name\":\"Nos Professeurs et Ma\u00eetres\",\"item\":\"https:\\\/\\\/shaolinwuji.com\\\/fr\\\/our-school\\\/our-teachers-and-masters\\\/\"},{\"@type\":\"ListItem\",\"position\":4,\"name\":\"Professeur Pang\"}]},{\"@type\":\"WebSite\",\"@id\":\"https:\\\/\\\/shaolinwuji.com\\\/fr\\\/#website\",\"url\":\"https:\\\/\\\/shaolinwuji.com\\\/fr\\\/\",\"name\":\"Shaolin Wuji\",\"description\":\"arts martiaux traditionnels - meditation - tai chi - chi kung \",\"publisher\":{\"@id\":\"https:\\\/\\\/shaolinwuji.com\\\/fr\\\/#organization\"},\"potentialAction\":[{\"@type\":\"SearchAction\",\"target\":{\"@type\":\"EntryPoint\",\"urlTemplate\":\"https:\\\/\\\/shaolinwuji.com\\\/fr\\\/?s={search_term_string}\"},\"query-input\":{\"@type\":\"PropertyValueSpecification\",\"valueRequired\":true,\"valueName\":\"search_term_string\"}}],\"inLanguage\":\"fr-FR\"},{\"@type\":\"Organization\",\"@id\":\"https:\\\/\\\/shaolinwuji.com\\\/fr\\\/#organization\",\"name\":\"Shaolin Wuji Center\",\"url\":\"https:\\\/\\\/shaolinwuji.com\\\/fr\\\/\",\"logo\":{\"@type\":\"ImageObject\",\"inLanguage\":\"fr-FR\",\"@id\":\"https:\\\/\\\/shaolinwuji.com\\\/fr\\\/#\\\/schema\\\/logo\\\/image\\\/\",\"url\":\"https:\\\/\\\/shaolinwuji.com\\\/wp-content\\\/uploads\\\/2021\\\/12\\\/C253A8BF-EF93-43C6-BC96-F59A4A8CA2D6-2.jpeg\",\"contentUrl\":\"https:\\\/\\\/shaolinwuji.com\\\/wp-content\\\/uploads\\\/2021\\\/12\\\/C253A8BF-EF93-43C6-BC96-F59A4A8CA2D6-2.jpeg\",\"width\":355,\"height\":210,\"caption\":\"Shaolin Wuji Center\"},\"image\":{\"@id\":\"https:\\\/\\\/shaolinwuji.com\\\/fr\\\/#\\\/schema\\\/logo\\\/image\\\/\"}}]}<\/script>\n<!-- \/ Yoast SEO plugin. -->","yoast_head_json":{"title":"Professeur Pang - Shaolin Wuji","robots":{"index":"index","follow":"follow","max-snippet":"max-snippet:-1","max-image-preview":"max-image-preview:large","max-video-preview":"max-video-preview:-1"},"canonical":"https:\/\/shaolinwuji.com\/fr\/our-school\/our-teachers-and-masters\/professor-pang\/","og_locale":"fr_FR","og_type":"article","og_title":"Professeur Pang - Shaolin Wuji","og_description":"[vc_row equal_height=\u00a0\u00bbyes\u00a0\u00bb content_placement=\u00a0\u00bbtop\u00a0\u00bb css=\u00a0\u00bb.vc_custom_1613586343568{padding-top: 70px !important;padding-bottom: 35px !important;}\u00a0\u00bb][vc_column width=\u00a0\u00bb1\/3&Prime; css=\u00a0\u00bb.vc_custom_1571477821281{padding-bottom: 30px !important;}\u00a0\u00bb][vc_single_image image=\u00a0\u00bb1737&Prime; img_size=\u00a0\u00bbmedium\u00a0\u00bb css=\u00a0\u00bb.vc_custom_1614190554965{padding-top: 30px !important;}\u00a0\u00bb][\/vc_column][vc_column width=\u00a0\u00bb2\/3&Prime; css=\u00a0\u00bb.vc_custom_1571477868281{padding-bottom: 30px !important;}\u00a0\u00bb][vc_column_text]Le professeur Pang a \u00e9t\u00e9 influenc\u00e9 par la pratique de la m\u00e9decine traditionnelle chinoise, du Qi Gong et des arts martiaux depuis son plus jeune \u00e2ge. Apr\u00e8s avoir \u00e9t\u00e9 dipl\u00f4m\u00e9 de la facult\u00e9 de m\u00e9decine&hellip;","og_url":"https:\/\/shaolinwuji.com\/fr\/our-school\/our-teachers-and-masters\/professor-pang\/","og_site_name":"Shaolin Wuji","article_modified_time":"2021-09-28T23:46:38+00:00","twitter_card":"summary_large_image","twitter_misc":{"Dur\u00e9e de lecture estim\u00e9e":"4 minutes"},"schema":{"@context":"https:\/\/schema.org","@graph":[{"@type":"WebPage","@id":"https:\/\/shaolinwuji.com\/fr\/our-school\/our-teachers-and-masters\/professor-pang\/","url":"https:\/\/shaolinwuji.com\/fr\/our-school\/our-teachers-and-masters\/professor-pang\/","name":"Professeur Pang - Shaolin Wuji","isPartOf":{"@id":"https:\/\/shaolinwuji.com\/fr\/#website"},"datePublished":"2021-02-24T18:16:05+00:00","dateModified":"2021-09-28T23:46:38+00:00","breadcrumb":{"@id":"https:\/\/shaolinwuji.com\/fr\/our-school\/our-teachers-and-masters\/professor-pang\/#breadcrumb"},"inLanguage":"fr-FR","potentialAction":[{"@type":"ReadAction","target":["https:\/\/shaolinwuji.com\/fr\/our-school\/our-teachers-and-masters\/professor-pang\/"]}]},{"@type":"BreadcrumbList","@id":"https:\/\/shaolinwuji.com\/fr\/our-school\/our-teachers-and-masters\/professor-pang\/#breadcrumb","itemListElement":[{"@type":"ListItem","position":1,"name":"Meditation","item":"https:\/\/shaolinwuji.com\/fr\/"},{"@type":"ListItem","position":2,"name":"Notre \u00c9cole","item":"https:\/\/shaolinwuji.com\/fr\/our-school\/"},{"@type":"ListItem","position":3,"name":"Nos Professeurs et Ma\u00eetres","item":"https:\/\/shaolinwuji.com\/fr\/our-school\/our-teachers-and-masters\/"},{"@type":"ListItem","position":4,"name":"Professeur Pang"}]},{"@type":"WebSite","@id":"https:\/\/shaolinwuji.com\/fr\/#website","url":"https:\/\/shaolinwuji.com\/fr\/","name":"Shaolin Wuji","description":"arts martiaux traditionnels - meditation - tai chi - chi kung ","publisher":{"@id":"https:\/\/shaolinwuji.com\/fr\/#organization"},"potentialAction":[{"@type":"SearchAction","target":{"@type":"EntryPoint","urlTemplate":"https:\/\/shaolinwuji.com\/fr\/?s={search_term_string}"},"query-input":{"@type":"PropertyValueSpecification","valueRequired":true,"valueName":"search_term_string"}}],"inLanguage":"fr-FR"},{"@type":"Organization","@id":"https:\/\/shaolinwuji.com\/fr\/#organization","name":"Shaolin Wuji Center","url":"https:\/\/shaolinwuji.com\/fr\/","logo":{"@type":"ImageObject","inLanguage":"fr-FR","@id":"https:\/\/shaolinwuji.com\/fr\/#\/schema\/logo\/image\/","url":"https:\/\/shaolinwuji.com\/wp-content\/uploads\/2021\/12\/C253A8BF-EF93-43C6-BC96-F59A4A8CA2D6-2.jpeg","contentUrl":"https:\/\/shaolinwuji.com\/wp-content\/uploads\/2021\/12\/C253A8BF-EF93-43C6-BC96-F59A4A8CA2D6-2.jpeg","width":355,"height":210,"caption":"Shaolin Wuji Center"},"image":{"@id":"https:\/\/shaolinwuji.com\/fr\/#\/schema\/logo\/image\/"}}]}},"_links":{"self":[{"href":"https:\/\/shaolinwuji.com\/fr\/wp-json\/wp\/v2\/pages\/3131","targetHints":{"allow":["GET"]}}],"collection":[{"href":"https:\/\/shaolinwuji.com\/fr\/wp-json\/wp\/v2\/pages"}],"about":[{"href":"https:\/\/shaolinwuji.com\/fr\/wp-json\/wp\/v2\/types\/page"}],"author":[{"embeddable":true,"href":"https:\/\/shaolinwuji.com\/fr\/wp-json\/wp\/v2\/users\/1"}],"replies":[{"embeddable":true,"href":"https:\/\/shaolinwuji.com\/fr\/wp-json\/wp\/v2\/comments?post=3131"}],"version-history":[{"count":3,"href":"https:\/\/shaolinwuji.com\/fr\/wp-json\/wp\/v2\/pages\/3131\/revisions"}],"predecessor-version":[{"id":3873,"href":"https:\/\/shaolinwuji.com\/fr\/wp-json\/wp\/v2\/pages\/3131\/revisions\/3873"}],"up":[{"embeddable":true,"href":"https:\/\/shaolinwuji.com\/fr\/wp-json\/wp\/v2\/pages\/3116"}],"wp:attachment":[{"href":"https:\/\/shaolinwuji.com\/fr\/wp-json\/wp\/v2\/media?parent=3131"}],"curies":[{"name":"wp","href":"https:\/\/api.w.org\/{rel}","templated":true}]}}