{"id":3127,"date":"2021-02-24T17:49:22","date_gmt":"2021-02-24T17:49:22","guid":{"rendered":"https:\/\/staging.shaolinwuji.com\/our-teachers-and-masters\/master-michel-drouin\/"},"modified":"2022-05-10T08:24:29","modified_gmt":"2022-05-10T12:24:29","slug":"master-michel-drouin","status":"publish","type":"page","link":"https:\/\/shaolinwuji.com\/fr\/our-school\/our-teachers-and-masters\/master-michel-drouin\/","title":{"rendered":"Ma\u00eetre Michel Drouin"},"content":{"rendered":"<div class=\"wpb-content-wrapper\"><p>[vc_row equal_height=\u00a0\u00bbyes\u00a0\u00bb content_placement=\u00a0\u00bbtop\u00a0\u00bb css=\u00a0\u00bb.vc_custom_1613586343568{padding-top: 70px !important;padding-bottom: 35px !important;}\u00a0\u00bb][vc_column width=\u00a0\u00bb1\/3&Prime; css=\u00a0\u00bb.vc_custom_1571477821281{padding-bottom: 30px !important;}\u00a0\u00bb]<div id=\"ultimate-heading-829469f38d1caac99\" class=\"uvc-heading ult-adjust-bottom-margin ultimate-heading-829469f38d1caac99 uvc-4512 \" data-hspacer=\"no_spacer\"  data-halign=\"left\" style=\"text-align:left\"><div class=\"uvc-heading-spacer no_spacer\" style=\"top\"><\/div><div class=\"uvc-main-heading ult-responsive\"  data-ultimate-target='.uvc-heading.ultimate-heading-829469f38d1caac99 h3'  data-responsive-json-new='{\"font-size\":\"tablet_portrait:34px;\",\"line-height\":\"tablet_portrait:44px;\"}' ><h3 style=\"--font-weight:theme;margin-bottom:20px;\">Ma\u00eetre Michel Drouin<\/h3><\/div><\/div><div class=\"hr-thin style-double hr-left\" style=\"width: 120px;border-color: #2e2b36;border-top-width: 6px;\"><\/div>[vc_single_image image=\u00a0\u00bb4361&Prime; img_size=\u00a0\u00bbmedium\u00a0\u00bb style=\u00a0\u00bbvc_box_shadow_3d\u00a0\u00bb css=\u00a0\u00bb.vc_custom_1652185287675{padding-top: 30px !important;}\u00a0\u00bb][\/vc_column][vc_column width=\u00a0\u00bb2\/3&Prime; css=\u00a0\u00bb.vc_custom_1571477868281{padding-bottom: 30px !important;}\u00a0\u00bb][vc_column_text]Ma\u00eetre Michel Drouin pratique le Nick Cierios Kenpo depuis plus de 40 ans. Il fait d\u00e9couvrir son art \u00e0 Erik Gosselin en 1987. Sa profonde connaissance des arts martiaux, son ouverture d&rsquo;esprit et son humilit\u00e9 t\u00e9moignent de la force d&rsquo;un grand ma\u00eetre.<\/p>\n<p>Ma\u00eetre Michel l&rsquo;a encourag\u00e9 \u00e0 poursuivre ses \u00e9tudes en Chine au d\u00e9but des ann\u00e9es 2000. Malgr\u00e9 l&rsquo;apparente disparit\u00e9 des styles, ils se rejoignent et s&rsquo;enrichissent dans l&rsquo;harmonie et la sagesse.<\/p>\n<p>\u00ab\u00a0Tu as \u00e9veill\u00e9 en moi la passion des arts martiaux et tes enseignements font partie de mes racines. Merci du fonds du coeur avec un profond respect et toute ma gratitude.\u00a0\u00bb[\/vc_column_text][\/vc_column][\/vc_row]<\/p>\n<\/div>","protected":false},"excerpt":{"rendered":"<p>[vc_row equal_height=\u00a0\u00bbyes\u00a0\u00bb content_placement=\u00a0\u00bbtop\u00a0\u00bb css=\u00a0\u00bb.vc_custom_1613586343568{padding-top: 70px !important;padding-bottom: 35px !important;}\u00a0\u00bb][vc_column width=\u00a0\u00bb1\/3&Prime; css=\u00a0\u00bb.vc_custom_1571477821281{padding-bottom: 30px !important;}\u00a0\u00bb][vc_single_image image=\u00a0\u00bb4361&Prime; img_size=\u00a0\u00bbmedium\u00a0\u00bb style=\u00a0\u00bbvc_box_shadow_3d\u00a0\u00bb css=\u00a0\u00bb.vc_custom_1652185287675{padding-top: 30px !important;}\u00a0\u00bb][\/vc_column][vc_column width=\u00a0\u00bb2\/3&Prime; css=\u00a0\u00bb.vc_custom_1571477868281{padding-bottom: 30px !important;}\u00a0\u00bb][vc_column_text]Ma\u00eetre Michel Drouin pratique le Nick Cierios Kenpo depuis plus de 40 ans. Il fait d\u00e9couvrir son art \u00e0 Erik Gosselin en 1987. Sa profonde connaissance des arts martiaux, son ouverture d&rsquo;esprit et son&hellip;<\/p>\n","protected":false},"author":1,"featured_media":0,"parent":3116,"menu_order":115,"comment_status":"closed","ping_status":"closed","template":"","meta":{"footnotes":""},"class_list":["post-3127","page","type-page","status-publish","hentry","description-off"],"yoast_head":"<!-- This site is optimized with the Yoast SEO plugin v27.5 - https:\/\/yoast.com\/product\/yoast-seo-wordpress\/ -->\n<title>Ma\u00eetre Michel Drouin - Shaolin Wuji<\/title>\n<meta name=\"robots\" content=\"index, follow, max-snippet:-1, max-image-preview:large, max-video-preview:-1\" \/>\n<link rel=\"canonical\" href=\"https:\/\/shaolinwuji.com\/fr\/our-school\/our-teachers-and-masters\/master-michel-drouin\/\" \/>\n<meta property=\"og:locale\" content=\"fr_FR\" \/>\n<meta property=\"og:type\" content=\"article\" \/>\n<meta property=\"og:title\" content=\"Ma\u00eetre Michel Drouin - Shaolin Wuji\" \/>\n<meta property=\"og:description\" content=\"[vc_row equal_height=\u00a0\u00bbyes\u00a0\u00bb content_placement=\u00a0\u00bbtop\u00a0\u00bb css=\u00a0\u00bb.vc_custom_1613586343568{padding-top: 70px !important;padding-bottom: 35px !important;}\u00a0\u00bb][vc_column width=\u00a0\u00bb1\/3&Prime; css=\u00a0\u00bb.vc_custom_1571477821281{padding-bottom: 30px !important;}\u00a0\u00bb][vc_single_image image=\u00a0\u00bb4361&Prime; img_size=\u00a0\u00bbmedium\u00a0\u00bb style=\u00a0\u00bbvc_box_shadow_3d\u00a0\u00bb css=\u00a0\u00bb.vc_custom_1652185287675{padding-top: 30px !important;}\u00a0\u00bb][\/vc_column][vc_column width=\u00a0\u00bb2\/3&Prime; css=\u00a0\u00bb.vc_custom_1571477868281{padding-bottom: 30px !important;}\u00a0\u00bb][vc_column_text]Ma\u00eetre Michel Drouin pratique le Nick Cierios Kenpo depuis plus de 40 ans. Il fait d\u00e9couvrir son art \u00e0 Erik Gosselin en 1987. Sa profonde connaissance des arts martiaux, son ouverture d&rsquo;esprit et son&hellip;\" \/>\n<meta property=\"og:url\" content=\"https:\/\/shaolinwuji.com\/fr\/our-school\/our-teachers-and-masters\/master-michel-drouin\/\" \/>\n<meta property=\"og:site_name\" content=\"Shaolin Wuji\" \/>\n<meta property=\"article:modified_time\" content=\"2022-05-10T12:24:29+00:00\" \/>\n<meta name=\"twitter:card\" content=\"summary_large_image\" \/>\n<meta name=\"twitter:label1\" content=\"Dur\u00e9e de lecture estim\u00e9e\" \/>\n\t<meta name=\"twitter:data1\" content=\"1 minute\" \/>\n<script type=\"application\/ld+json\" class=\"yoast-schema-graph\">{\"@context\":\"https:\\\/\\\/schema.org\",\"@graph\":[{\"@type\":\"WebPage\",\"@id\":\"https:\\\/\\\/shaolinwuji.com\\\/fr\\\/our-school\\\/our-teachers-and-masters\\\/master-michel-drouin\\\/\",\"url\":\"https:\\\/\\\/shaolinwuji.com\\\/fr\\\/our-school\\\/our-teachers-and-masters\\\/master-michel-drouin\\\/\",\"name\":\"Ma\u00eetre Michel Drouin - Shaolin Wuji\",\"isPartOf\":{\"@id\":\"https:\\\/\\\/shaolinwuji.com\\\/fr\\\/#website\"},\"datePublished\":\"2021-02-24T17:49:22+00:00\",\"dateModified\":\"2022-05-10T12:24:29+00:00\",\"breadcrumb\":{\"@id\":\"https:\\\/\\\/shaolinwuji.com\\\/fr\\\/our-school\\\/our-teachers-and-masters\\\/master-michel-drouin\\\/#breadcrumb\"},\"inLanguage\":\"fr-FR\",\"potentialAction\":[{\"@type\":\"ReadAction\",\"target\":[\"https:\\\/\\\/shaolinwuji.com\\\/fr\\\/our-school\\\/our-teachers-and-masters\\\/master-michel-drouin\\\/\"]}]},{\"@type\":\"BreadcrumbList\",\"@id\":\"https:\\\/\\\/shaolinwuji.com\\\/fr\\\/our-school\\\/our-teachers-and-masters\\\/master-michel-drouin\\\/#breadcrumb\",\"itemListElement\":[{\"@type\":\"ListItem\",\"position\":1,\"name\":\"Meditation\",\"item\":\"https:\\\/\\\/shaolinwuji.com\\\/fr\\\/\"},{\"@type\":\"ListItem\",\"position\":2,\"name\":\"Notre \u00c9cole\",\"item\":\"https:\\\/\\\/shaolinwuji.com\\\/fr\\\/our-school\\\/\"},{\"@type\":\"ListItem\",\"position\":3,\"name\":\"Nos Professeurs et Ma\u00eetres\",\"item\":\"https:\\\/\\\/shaolinwuji.com\\\/fr\\\/our-school\\\/our-teachers-and-masters\\\/\"},{\"@type\":\"ListItem\",\"position\":4,\"name\":\"Ma\u00eetre Michel Drouin\"}]},{\"@type\":\"WebSite\",\"@id\":\"https:\\\/\\\/shaolinwuji.com\\\/fr\\\/#website\",\"url\":\"https:\\\/\\\/shaolinwuji.com\\\/fr\\\/\",\"name\":\"Shaolin Wuji\",\"description\":\"arts martiaux traditionnels - meditation - tai chi - chi kung \",\"publisher\":{\"@id\":\"https:\\\/\\\/shaolinwuji.com\\\/fr\\\/#organization\"},\"potentialAction\":[{\"@type\":\"SearchAction\",\"target\":{\"@type\":\"EntryPoint\",\"urlTemplate\":\"https:\\\/\\\/shaolinwuji.com\\\/fr\\\/?s={search_term_string}\"},\"query-input\":{\"@type\":\"PropertyValueSpecification\",\"valueRequired\":true,\"valueName\":\"search_term_string\"}}],\"inLanguage\":\"fr-FR\"},{\"@type\":\"Organization\",\"@id\":\"https:\\\/\\\/shaolinwuji.com\\\/fr\\\/#organization\",\"name\":\"Shaolin Wuji Center\",\"url\":\"https:\\\/\\\/shaolinwuji.com\\\/fr\\\/\",\"logo\":{\"@type\":\"ImageObject\",\"inLanguage\":\"fr-FR\",\"@id\":\"https:\\\/\\\/shaolinwuji.com\\\/fr\\\/#\\\/schema\\\/logo\\\/image\\\/\",\"url\":\"https:\\\/\\\/shaolinwuji.com\\\/wp-content\\\/uploads\\\/2021\\\/12\\\/C253A8BF-EF93-43C6-BC96-F59A4A8CA2D6-2.jpeg\",\"contentUrl\":\"https:\\\/\\\/shaolinwuji.com\\\/wp-content\\\/uploads\\\/2021\\\/12\\\/C253A8BF-EF93-43C6-BC96-F59A4A8CA2D6-2.jpeg\",\"width\":355,\"height\":210,\"caption\":\"Shaolin Wuji Center\"},\"image\":{\"@id\":\"https:\\\/\\\/shaolinwuji.com\\\/fr\\\/#\\\/schema\\\/logo\\\/image\\\/\"}}]}<\/script>\n<!-- \/ Yoast SEO plugin. -->","yoast_head_json":{"title":"Ma\u00eetre Michel Drouin - Shaolin Wuji","robots":{"index":"index","follow":"follow","max-snippet":"max-snippet:-1","max-image-preview":"max-image-preview:large","max-video-preview":"max-video-preview:-1"},"canonical":"https:\/\/shaolinwuji.com\/fr\/our-school\/our-teachers-and-masters\/master-michel-drouin\/","og_locale":"fr_FR","og_type":"article","og_title":"Ma\u00eetre Michel Drouin - Shaolin Wuji","og_description":"[vc_row equal_height=\u00a0\u00bbyes\u00a0\u00bb content_placement=\u00a0\u00bbtop\u00a0\u00bb css=\u00a0\u00bb.vc_custom_1613586343568{padding-top: 70px !important;padding-bottom: 35px !important;}\u00a0\u00bb][vc_column width=\u00a0\u00bb1\/3&Prime; css=\u00a0\u00bb.vc_custom_1571477821281{padding-bottom: 30px !important;}\u00a0\u00bb][vc_single_image image=\u00a0\u00bb4361&Prime; img_size=\u00a0\u00bbmedium\u00a0\u00bb style=\u00a0\u00bbvc_box_shadow_3d\u00a0\u00bb css=\u00a0\u00bb.vc_custom_1652185287675{padding-top: 30px !important;}\u00a0\u00bb][\/vc_column][vc_column width=\u00a0\u00bb2\/3&Prime; css=\u00a0\u00bb.vc_custom_1571477868281{padding-bottom: 30px !important;}\u00a0\u00bb][vc_column_text]Ma\u00eetre Michel Drouin pratique le Nick Cierios Kenpo depuis plus de 40 ans. Il fait d\u00e9couvrir son art \u00e0 Erik Gosselin en 1987. Sa profonde connaissance des arts martiaux, son ouverture d&rsquo;esprit et son&hellip;","og_url":"https:\/\/shaolinwuji.com\/fr\/our-school\/our-teachers-and-masters\/master-michel-drouin\/","og_site_name":"Shaolin Wuji","article_modified_time":"2022-05-10T12:24:29+00:00","twitter_card":"summary_large_image","twitter_misc":{"Dur\u00e9e de lecture estim\u00e9e":"1 minute"},"schema":{"@context":"https:\/\/schema.org","@graph":[{"@type":"WebPage","@id":"https:\/\/shaolinwuji.com\/fr\/our-school\/our-teachers-and-masters\/master-michel-drouin\/","url":"https:\/\/shaolinwuji.com\/fr\/our-school\/our-teachers-and-masters\/master-michel-drouin\/","name":"Ma\u00eetre Michel Drouin - Shaolin Wuji","isPartOf":{"@id":"https:\/\/shaolinwuji.com\/fr\/#website"},"datePublished":"2021-02-24T17:49:22+00:00","dateModified":"2022-05-10T12:24:29+00:00","breadcrumb":{"@id":"https:\/\/shaolinwuji.com\/fr\/our-school\/our-teachers-and-masters\/master-michel-drouin\/#breadcrumb"},"inLanguage":"fr-FR","potentialAction":[{"@type":"ReadAction","target":["https:\/\/shaolinwuji.com\/fr\/our-school\/our-teachers-and-masters\/master-michel-drouin\/"]}]},{"@type":"BreadcrumbList","@id":"https:\/\/shaolinwuji.com\/fr\/our-school\/our-teachers-and-masters\/master-michel-drouin\/#breadcrumb","itemListElement":[{"@type":"ListItem","position":1,"name":"Meditation","item":"https:\/\/shaolinwuji.com\/fr\/"},{"@type":"ListItem","position":2,"name":"Notre \u00c9cole","item":"https:\/\/shaolinwuji.com\/fr\/our-school\/"},{"@type":"ListItem","position":3,"name":"Nos Professeurs et Ma\u00eetres","item":"https:\/\/shaolinwuji.com\/fr\/our-school\/our-teachers-and-masters\/"},{"@type":"ListItem","position":4,"name":"Ma\u00eetre Michel Drouin"}]},{"@type":"WebSite","@id":"https:\/\/shaolinwuji.com\/fr\/#website","url":"https:\/\/shaolinwuji.com\/fr\/","name":"Shaolin Wuji","description":"arts martiaux traditionnels - meditation - tai chi - chi kung ","publisher":{"@id":"https:\/\/shaolinwuji.com\/fr\/#organization"},"potentialAction":[{"@type":"SearchAction","target":{"@type":"EntryPoint","urlTemplate":"https:\/\/shaolinwuji.com\/fr\/?s={search_term_string}"},"query-input":{"@type":"PropertyValueSpecification","valueRequired":true,"valueName":"search_term_string"}}],"inLanguage":"fr-FR"},{"@type":"Organization","@id":"https:\/\/shaolinwuji.com\/fr\/#organization","name":"Shaolin Wuji Center","url":"https:\/\/shaolinwuji.com\/fr\/","logo":{"@type":"ImageObject","inLanguage":"fr-FR","@id":"https:\/\/shaolinwuji.com\/fr\/#\/schema\/logo\/image\/","url":"https:\/\/shaolinwuji.com\/wp-content\/uploads\/2021\/12\/C253A8BF-EF93-43C6-BC96-F59A4A8CA2D6-2.jpeg","contentUrl":"https:\/\/shaolinwuji.com\/wp-content\/uploads\/2021\/12\/C253A8BF-EF93-43C6-BC96-F59A4A8CA2D6-2.jpeg","width":355,"height":210,"caption":"Shaolin Wuji Center"},"image":{"@id":"https:\/\/shaolinwuji.com\/fr\/#\/schema\/logo\/image\/"}}]}},"_links":{"self":[{"href":"https:\/\/shaolinwuji.com\/fr\/wp-json\/wp\/v2\/pages\/3127","targetHints":{"allow":["GET"]}}],"collection":[{"href":"https:\/\/shaolinwuji.com\/fr\/wp-json\/wp\/v2\/pages"}],"about":[{"href":"https:\/\/shaolinwuji.com\/fr\/wp-json\/wp\/v2\/types\/page"}],"author":[{"embeddable":true,"href":"https:\/\/shaolinwuji.com\/fr\/wp-json\/wp\/v2\/users\/1"}],"replies":[{"embeddable":true,"href":"https:\/\/shaolinwuji.com\/fr\/wp-json\/wp\/v2\/comments?post=3127"}],"version-history":[{"count":7,"href":"https:\/\/shaolinwuji.com\/fr\/wp-json\/wp\/v2\/pages\/3127\/revisions"}],"predecessor-version":[{"id":4658,"href":"https:\/\/shaolinwuji.com\/fr\/wp-json\/wp\/v2\/pages\/3127\/revisions\/4658"}],"up":[{"embeddable":true,"href":"https:\/\/shaolinwuji.com\/fr\/wp-json\/wp\/v2\/pages\/3116"}],"wp:attachment":[{"href":"https:\/\/shaolinwuji.com\/fr\/wp-json\/wp\/v2\/media?parent=3127"}],"curies":[{"name":"wp","href":"https:\/\/api.w.org\/{rel}","templated":true}]}}