{"id":3123,"date":"2021-02-24T17:09:40","date_gmt":"2021-02-24T17:09:40","guid":{"rendered":"https:\/\/staging.shaolinwuji.com\/our-teachers-and-masters\/grandmaster-chen-zhaosen\/"},"modified":"2023-10-18T08:56:09","modified_gmt":"2023-10-18T12:56:09","slug":"grandmaster-chen-zhaosen","status":"publish","type":"page","link":"https:\/\/shaolinwuji.com\/fr\/our-school\/our-teachers-and-masters\/grandmaster-chen-zhaosen\/","title":{"rendered":"Grand Ma\u00eetre Chen Zhaosen"},"content":{"rendered":"<div class=\"wpb-content-wrapper\"><p>[vc_row equal_height=\u00a0\u00bbyes\u00a0\u00bb content_placement=\u00a0\u00bbtop\u00a0\u00bb css=\u00a0\u00bb.vc_custom_1613586343568{padding-top: 70px !important;padding-bottom: 35px !important;}\u00a0\u00bb][vc_column width=\u00a0\u00bb1\/3&Prime; css=\u00a0\u00bb.vc_custom_1571477821281{padding-bottom: 30px !important;}\u00a0\u00bb][vc_single_image image=\u00a0\u00bb5106&Prime; img_size=\u00a0\u00bbfull\u00a0\u00bb style=\u00a0\u00bbvc_box_shadow_3d\u00a0\u00bb]<div id=\"ultimate-heading-736069dc7a81a3c8b\" class=\"uvc-heading ult-adjust-bottom-margin ultimate-heading-736069dc7a81a3c8b uvc-9928 \" data-hspacer=\"no_spacer\"  data-halign=\"left\" style=\"text-align:left\"><div class=\"uvc-heading-spacer no_spacer\" style=\"top\"><\/div><div class=\"uvc-main-heading ult-responsive\"  data-ultimate-target='.uvc-heading.ultimate-heading-736069dc7a81a3c8b h3'  data-responsive-json-new='{\"font-size\":\"tablet_portrait:34px;\",\"line-height\":\"tablet_portrait:44px;\"}' ><h3 style=\"--font-weight:theme;margin-bottom:20px;\">Grand ma\u00eetre Chen Zhaosen<\/h3><\/div><\/div><div class=\"hr-thin style-double hr-left\" style=\"width: 120px;border-color: #2e2b36;border-top-width: 6px;\"><\/div>[vc_single_image image=\u00a0\u00bb6415&Prime; img_size=\u00a0\u00bbfull\u00a0\u00bb alignment=\u00a0\u00bbcenter\u00a0\u00bb style=\u00a0\u00bbvc_box_shadow_3d\u00a0\u00bb css=\u00a0\u00bb.vc_custom_1697633762588{padding-top: 30px !important;}\u00a0\u00bb][\/vc_column][vc_column width=\u00a0\u00bb2\/3&Prime; css=\u00a0\u00bb.vc_custom_1571477868281{padding-bottom: 30px !important;}\u00a0\u00bb][vc_column_text]\u5e08\u7956 Shizu (Grand Ma\u00eetre) Chen Zhaosen f\u00fbt entra\u00eeneur g\u00e9n\u00e9ral de Chen-village de 1982 \u00e0 2000. Il a entra\u00een\u00e9 d&rsquo;innombrables m\u00e9daill\u00e9s d&rsquo;or et champions nationaux. Chung Hsien-Jung (Directeur du CETA) a remport\u00e9 la m\u00e9daille d&rsquo;or au 4\u00e8me concours international d&rsquo;\u00e9change de Taijiquan de Jiaozuo apr\u00e8s seulement un mois d&rsquo;entra\u00eenement avec lui.*<\/p>\n<p>Grand ma\u00eetre de Taijiquan Chen Zhaosen, est un homme n\u00e9 le 18 octobre 1957 dans une famille bien connue de Taijiquan \u00e0 Chen Jia Gou \u2014 l&rsquo;origine du Taijiquan chinois, province du Henan en Chine, est la 19e g\u00e9n\u00e9ration de la famille Chen et la 11e g\u00e9n\u00e9ration successeur de Chen style Taijiquan.<\/p>\n<p>Le grand ma\u00eetre Chen Zhaosen est bien connu comme un Ma\u00eetre de Tai Ji avec une haute vertu morale.\u00a0Chen Zhaosen a une nature franche, une conduite d\u00e9cente, une noble vertu martiale et un esprit r\u00e9ceptif. Jusqu&rsquo;\u00e0 pr\u00e9sent, il a pratiqu\u00e9 et \u00e9tudi\u00e9 le Taijiquan de style Chen pendant environ 40 ans et avait une ma\u00eetrise particuli\u00e8re des th\u00e9ories du Taijiquan. Il a \u00e9t\u00e9 tr\u00e8s strict avec lui-m\u00eame, a constamment perfectionn\u00e9 ses comp\u00e9tences et a gagn\u00e9 un grand prestige au pays et \u00e0 l&rsquo;\u00e9tranger pour ses excellentes comp\u00e9tences et sa noble morale martiale.<\/p>\n<p>Sous l&rsquo;influence de la famille Taiji dans son enfance, il a appris les comp\u00e9tences familiales du Taijiquan, les armes, le pouvoir interne, la pouss\u00e9e et l&rsquo;attaque-d\u00e9fense de son p\u00e8re Chen Shang Quan et de son oncle Chen Sheng Xiao.<\/p>\n<p>Depuis lors, il a continu\u00e9 \u00e0 apprendre et \u00e0 pratiquer le Taijiquan tous les jours, peu importe l&rsquo;hiver ou l&rsquo;\u00e9t\u00e9, consacrant tout son c\u0153ur \u00e0 l&rsquo;\u00e9tude des secrets du Taijiquan, ce qui l&rsquo;a aid\u00e9 \u00e0 ma\u00eetriser la moelle du Taijiquan ainsi que les techniques, en particulier le sabre Chunqiu connu sous le nom de une comp\u00e9tence unique et \u00ab le roi de l&rsquo;\u00e9p\u00e9e large \u00bb.<\/p>\n<p>Depuis 1981, il a commenc\u00e9 \u00e0 enseigner le Taijiquan dans le Henan, le Hebei, le Shanxi, l&rsquo;Anhui, le Shandong, le Fujian, le Jiangxi et le Hainan, etc. Les \u00e9tudiants a qui il a enseign\u00e9s sont maintenant plus de dix mille. Depuis 1983, en tant qu&rsquo;instructeur et directeur, il a dirig\u00e9 de nombreuses \u00e9quipes de Wushu pour participer \u00e0 de nombreux types de comp\u00e9titions nationales et internationales de Taijiquan et a remport\u00e9 des centaines de m\u00e9dailles d&rsquo;or et d&rsquo;argent.<\/p>\n<p><strong>Reconnaissance:<\/strong><\/p>\n<ul>\n<li>De 1983 \u00e0 2000, il a travaill\u00e9 comme instructeur, instructeur en chef et directeur de l&rsquo;\u00e9cole Chen Jia Gou Taijiquan.<\/li>\n<li>1987, il a remport\u00e9 le prix de premi\u00e8re classe de la pouss\u00e9e des mains de Taiji dans la comp\u00e9tition internationale d&rsquo;\u00e9lite de Taijiquan et d&rsquo;\u00e9p\u00e9e en Chine.<\/li>\n<li>En 1988, il a remport\u00e9 un excellent prix lors de la premi\u00e8re r\u00e9union sportive nationale des agriculteurs et a \u00e9t\u00e9 interview\u00e9 par les dirigeants chinois Tian Jiyun et LI Lanqing et a \u00e9t\u00e9 \u00e9lu l&rsquo;un des dix bons athl\u00e8tes, ce qui a \u00e9galement \u00e9t\u00e9 rapport\u00e9 dans le quotidien populaire et de nombreux autres journaux.<\/li>\n<li>1993, il a re\u00e7u un instructeur de Taijiquan de premi\u00e8re classe du Henan.<\/li>\n<li>1995, il a obtenu le Henan comme excellent conseiller en wushu.<\/li>\n<li>1998, il a remport\u00e9 le prix d&rsquo;excellente performance dans la comp\u00e9tition internationale de vulgarisation et d&rsquo;\u00e9change de taijiquan.<\/li>\n<li>2000 il a \u00e9t\u00e9 \u00e9lu et d\u00e9cern\u00e9 l&rsquo;un des dix meilleurs ma\u00eetres de Taiji de style Chen Taijiquan (Ensemble avec Chen Xiaowang, Wang Xian, Zhu Tien Cai, Chen Zenlei..Etc.)<\/li>\n<li>2000 il participe au tournage vcd de Chen Jia Gou Gongfu,<\/li>\n<li>2003 il a \u00e9dit\u00e9 et publi\u00e9 le cours audiovisuel de style Chen Taijiquan.<\/li>\n<li>Ses principales r\u00e9alisations ont \u00e9t\u00e9 enregistr\u00e9es dans les annales du Taijiquan de style Chen et dans le dictionnaire des ma\u00eetres Wushu contemporains.<\/li>\n<\/ul>\n<p><strong>Le ma\u00eetre de Taiji Chen Zhaosen occupe d\u00e9sormais les postes de :<\/strong><\/p>\n<ul>\n<li>Le principal et instructeur g\u00e9n\u00e9ral de l&rsquo;\u00e9cole Chen Jia Gou Taijiquan Gongfu,<\/li>\n<li>Le secr\u00e9taire permanent de la soci\u00e9t\u00e9 de recherche Taijiquan de style Chen du comt\u00e9 de Wen,<\/li>\n<li>Le vice-pr\u00e9sident de l&rsquo;association g\u00e9n\u00e9rale Chen Jia Gou Taijiquan,<\/li>\n<li>Le consultant sp\u00e9cial Wushu du site China Taiji (WWW.Taiji.Net.CN),<\/li>\n<li>L&rsquo;instructeur g\u00e9n\u00e9ral de l&rsquo;\u00e9cole Wushu des jeunes de Mengzhou,<\/li>\n<li>Le pr\u00e9sident d&rsquo;honneur de l&rsquo;association de Taijiquan de style Xining Chen,<\/li>\n<li>Association de recherche Yicang Taijiquan et<\/li>\n<li>Association de recherche sur le Taijiquan de style Daqing Chen, etc.<\/li>\n<\/ul>\n<p>[\/vc_column_text][\/vc_column][\/vc_row]<\/p>\n<\/div>","protected":false},"excerpt":{"rendered":"<p>[vc_row equal_height=\u00a0\u00bbyes\u00a0\u00bb content_placement=\u00a0\u00bbtop\u00a0\u00bb css=\u00a0\u00bb.vc_custom_1613586343568{padding-top: 70px !important;padding-bottom: 35px !important;}\u00a0\u00bb][vc_column width=\u00a0\u00bb1\/3&Prime; css=\u00a0\u00bb.vc_custom_1571477821281{padding-bottom: 30px !important;}\u00a0\u00bb][vc_single_image image=\u00a0\u00bb5106&Prime; img_size=\u00a0\u00bbfull\u00a0\u00bb style=\u00a0\u00bbvc_box_shadow_3d\u00a0\u00bb][vc_single_image image=\u00a0\u00bb6415&Prime; img_size=\u00a0\u00bbfull\u00a0\u00bb alignment=\u00a0\u00bbcenter\u00a0\u00bb style=\u00a0\u00bbvc_box_shadow_3d\u00a0\u00bb css=\u00a0\u00bb.vc_custom_1697633762588{padding-top: 30px !important;}\u00a0\u00bb][\/vc_column][vc_column width=\u00a0\u00bb2\/3&Prime; css=\u00a0\u00bb.vc_custom_1571477868281{padding-bottom: 30px !important;}\u00a0\u00bb][vc_column_text]\u5e08\u7956 Shizu (Grand Ma\u00eetre) Chen Zhaosen f\u00fbt entra\u00eeneur g\u00e9n\u00e9ral de Chen-village de 1982 \u00e0 2000. Il a entra\u00een\u00e9 d&rsquo;innombrables m\u00e9daill\u00e9s d&rsquo;or et champions nationaux. Chung Hsien-Jung (Directeur du CETA) a&hellip;<\/p>\n","protected":false},"author":1,"featured_media":0,"parent":3116,"menu_order":114,"comment_status":"closed","ping_status":"closed","template":"","meta":{"footnotes":""},"class_list":["post-3123","page","type-page","status-publish","hentry","description-off"],"yoast_head":"<!-- This site is optimized with the Yoast SEO plugin v27.3 - https:\/\/yoast.com\/product\/yoast-seo-wordpress\/ -->\n<title>Grand Ma\u00eetre Chen Zhaosen - Shaolin Wuji<\/title>\n<meta name=\"robots\" content=\"index, follow, max-snippet:-1, max-image-preview:large, max-video-preview:-1\" \/>\n<link rel=\"canonical\" href=\"https:\/\/shaolinwuji.com\/fr\/our-school\/our-teachers-and-masters\/grandmaster-chen-zhaosen\/\" \/>\n<meta property=\"og:locale\" content=\"fr_FR\" \/>\n<meta property=\"og:type\" content=\"article\" \/>\n<meta property=\"og:title\" content=\"Grand Ma\u00eetre Chen Zhaosen - Shaolin Wuji\" \/>\n<meta property=\"og:description\" content=\"[vc_row equal_height=\u00a0\u00bbyes\u00a0\u00bb content_placement=\u00a0\u00bbtop\u00a0\u00bb css=\u00a0\u00bb.vc_custom_1613586343568{padding-top: 70px !important;padding-bottom: 35px !important;}\u00a0\u00bb][vc_column width=\u00a0\u00bb1\/3&Prime; css=\u00a0\u00bb.vc_custom_1571477821281{padding-bottom: 30px !important;}\u00a0\u00bb][vc_single_image image=\u00a0\u00bb5106&Prime; img_size=\u00a0\u00bbfull\u00a0\u00bb style=\u00a0\u00bbvc_box_shadow_3d\u00a0\u00bb][vc_single_image image=\u00a0\u00bb6415&Prime; img_size=\u00a0\u00bbfull\u00a0\u00bb alignment=\u00a0\u00bbcenter\u00a0\u00bb style=\u00a0\u00bbvc_box_shadow_3d\u00a0\u00bb css=\u00a0\u00bb.vc_custom_1697633762588{padding-top: 30px !important;}\u00a0\u00bb][\/vc_column][vc_column width=\u00a0\u00bb2\/3&Prime; css=\u00a0\u00bb.vc_custom_1571477868281{padding-bottom: 30px !important;}\u00a0\u00bb][vc_column_text]\u5e08\u7956 Shizu (Grand Ma\u00eetre) Chen Zhaosen f\u00fbt entra\u00eeneur g\u00e9n\u00e9ral de Chen-village de 1982 \u00e0 2000. Il a entra\u00een\u00e9 d&rsquo;innombrables m\u00e9daill\u00e9s d&rsquo;or et champions nationaux. Chung Hsien-Jung (Directeur du CETA) a&hellip;\" \/>\n<meta property=\"og:url\" content=\"https:\/\/shaolinwuji.com\/fr\/our-school\/our-teachers-and-masters\/grandmaster-chen-zhaosen\/\" \/>\n<meta property=\"og:site_name\" content=\"Shaolin Wuji\" \/>\n<meta property=\"article:modified_time\" content=\"2023-10-18T12:56:09+00:00\" \/>\n<meta name=\"twitter:card\" content=\"summary_large_image\" \/>\n<meta name=\"twitter:label1\" content=\"Dur\u00e9e de lecture estim\u00e9e\" \/>\n\t<meta name=\"twitter:data1\" content=\"4 minutes\" \/>\n<script type=\"application\/ld+json\" class=\"yoast-schema-graph\">{\"@context\":\"https:\\\/\\\/schema.org\",\"@graph\":[{\"@type\":\"WebPage\",\"@id\":\"https:\\\/\\\/shaolinwuji.com\\\/fr\\\/our-school\\\/our-teachers-and-masters\\\/grandmaster-chen-zhaosen\\\/\",\"url\":\"https:\\\/\\\/shaolinwuji.com\\\/fr\\\/our-school\\\/our-teachers-and-masters\\\/grandmaster-chen-zhaosen\\\/\",\"name\":\"Grand Ma\u00eetre Chen Zhaosen - Shaolin Wuji\",\"isPartOf\":{\"@id\":\"https:\\\/\\\/shaolinwuji.com\\\/fr\\\/#website\"},\"datePublished\":\"2021-02-24T17:09:40+00:00\",\"dateModified\":\"2023-10-18T12:56:09+00:00\",\"breadcrumb\":{\"@id\":\"https:\\\/\\\/shaolinwuji.com\\\/fr\\\/our-school\\\/our-teachers-and-masters\\\/grandmaster-chen-zhaosen\\\/#breadcrumb\"},\"inLanguage\":\"fr-FR\",\"potentialAction\":[{\"@type\":\"ReadAction\",\"target\":[\"https:\\\/\\\/shaolinwuji.com\\\/fr\\\/our-school\\\/our-teachers-and-masters\\\/grandmaster-chen-zhaosen\\\/\"]}]},{\"@type\":\"BreadcrumbList\",\"@id\":\"https:\\\/\\\/shaolinwuji.com\\\/fr\\\/our-school\\\/our-teachers-and-masters\\\/grandmaster-chen-zhaosen\\\/#breadcrumb\",\"itemListElement\":[{\"@type\":\"ListItem\",\"position\":1,\"name\":\"Meditation\",\"item\":\"https:\\\/\\\/shaolinwuji.com\\\/fr\\\/\"},{\"@type\":\"ListItem\",\"position\":2,\"name\":\"Notre \u00c9cole\",\"item\":\"https:\\\/\\\/shaolinwuji.com\\\/fr\\\/our-school\\\/\"},{\"@type\":\"ListItem\",\"position\":3,\"name\":\"Nos Professeurs et Ma\u00eetres\",\"item\":\"https:\\\/\\\/shaolinwuji.com\\\/fr\\\/our-school\\\/our-teachers-and-masters\\\/\"},{\"@type\":\"ListItem\",\"position\":4,\"name\":\"Grand Ma\u00eetre Chen Zhaosen\"}]},{\"@type\":\"WebSite\",\"@id\":\"https:\\\/\\\/shaolinwuji.com\\\/fr\\\/#website\",\"url\":\"https:\\\/\\\/shaolinwuji.com\\\/fr\\\/\",\"name\":\"Shaolin Wuji\",\"description\":\"arts martiaux traditionnels - meditation - tai chi - chi kung \",\"publisher\":{\"@id\":\"https:\\\/\\\/shaolinwuji.com\\\/fr\\\/#organization\"},\"potentialAction\":[{\"@type\":\"SearchAction\",\"target\":{\"@type\":\"EntryPoint\",\"urlTemplate\":\"https:\\\/\\\/shaolinwuji.com\\\/fr\\\/?s={search_term_string}\"},\"query-input\":{\"@type\":\"PropertyValueSpecification\",\"valueRequired\":true,\"valueName\":\"search_term_string\"}}],\"inLanguage\":\"fr-FR\"},{\"@type\":\"Organization\",\"@id\":\"https:\\\/\\\/shaolinwuji.com\\\/fr\\\/#organization\",\"name\":\"Shaolin Wuji Center\",\"url\":\"https:\\\/\\\/shaolinwuji.com\\\/fr\\\/\",\"logo\":{\"@type\":\"ImageObject\",\"inLanguage\":\"fr-FR\",\"@id\":\"https:\\\/\\\/shaolinwuji.com\\\/fr\\\/#\\\/schema\\\/logo\\\/image\\\/\",\"url\":\"https:\\\/\\\/shaolinwuji.com\\\/wp-content\\\/uploads\\\/2021\\\/12\\\/C253A8BF-EF93-43C6-BC96-F59A4A8CA2D6-2.jpeg\",\"contentUrl\":\"https:\\\/\\\/shaolinwuji.com\\\/wp-content\\\/uploads\\\/2021\\\/12\\\/C253A8BF-EF93-43C6-BC96-F59A4A8CA2D6-2.jpeg\",\"width\":355,\"height\":210,\"caption\":\"Shaolin Wuji Center\"},\"image\":{\"@id\":\"https:\\\/\\\/shaolinwuji.com\\\/fr\\\/#\\\/schema\\\/logo\\\/image\\\/\"}}]}<\/script>\n<!-- \/ Yoast SEO plugin. -->","yoast_head_json":{"title":"Grand Ma\u00eetre Chen Zhaosen - Shaolin Wuji","robots":{"index":"index","follow":"follow","max-snippet":"max-snippet:-1","max-image-preview":"max-image-preview:large","max-video-preview":"max-video-preview:-1"},"canonical":"https:\/\/shaolinwuji.com\/fr\/our-school\/our-teachers-and-masters\/grandmaster-chen-zhaosen\/","og_locale":"fr_FR","og_type":"article","og_title":"Grand Ma\u00eetre Chen Zhaosen - Shaolin Wuji","og_description":"[vc_row equal_height=\u00a0\u00bbyes\u00a0\u00bb content_placement=\u00a0\u00bbtop\u00a0\u00bb css=\u00a0\u00bb.vc_custom_1613586343568{padding-top: 70px !important;padding-bottom: 35px !important;}\u00a0\u00bb][vc_column width=\u00a0\u00bb1\/3&Prime; css=\u00a0\u00bb.vc_custom_1571477821281{padding-bottom: 30px !important;}\u00a0\u00bb][vc_single_image image=\u00a0\u00bb5106&Prime; img_size=\u00a0\u00bbfull\u00a0\u00bb style=\u00a0\u00bbvc_box_shadow_3d\u00a0\u00bb][vc_single_image image=\u00a0\u00bb6415&Prime; img_size=\u00a0\u00bbfull\u00a0\u00bb alignment=\u00a0\u00bbcenter\u00a0\u00bb style=\u00a0\u00bbvc_box_shadow_3d\u00a0\u00bb css=\u00a0\u00bb.vc_custom_1697633762588{padding-top: 30px !important;}\u00a0\u00bb][\/vc_column][vc_column width=\u00a0\u00bb2\/3&Prime; css=\u00a0\u00bb.vc_custom_1571477868281{padding-bottom: 30px !important;}\u00a0\u00bb][vc_column_text]\u5e08\u7956 Shizu (Grand Ma\u00eetre) Chen Zhaosen f\u00fbt entra\u00eeneur g\u00e9n\u00e9ral de Chen-village de 1982 \u00e0 2000. Il a entra\u00een\u00e9 d&rsquo;innombrables m\u00e9daill\u00e9s d&rsquo;or et champions nationaux. Chung Hsien-Jung (Directeur du CETA) a&hellip;","og_url":"https:\/\/shaolinwuji.com\/fr\/our-school\/our-teachers-and-masters\/grandmaster-chen-zhaosen\/","og_site_name":"Shaolin Wuji","article_modified_time":"2023-10-18T12:56:09+00:00","twitter_card":"summary_large_image","twitter_misc":{"Dur\u00e9e de lecture estim\u00e9e":"4 minutes"},"schema":{"@context":"https:\/\/schema.org","@graph":[{"@type":"WebPage","@id":"https:\/\/shaolinwuji.com\/fr\/our-school\/our-teachers-and-masters\/grandmaster-chen-zhaosen\/","url":"https:\/\/shaolinwuji.com\/fr\/our-school\/our-teachers-and-masters\/grandmaster-chen-zhaosen\/","name":"Grand Ma\u00eetre Chen Zhaosen - Shaolin Wuji","isPartOf":{"@id":"https:\/\/shaolinwuji.com\/fr\/#website"},"datePublished":"2021-02-24T17:09:40+00:00","dateModified":"2023-10-18T12:56:09+00:00","breadcrumb":{"@id":"https:\/\/shaolinwuji.com\/fr\/our-school\/our-teachers-and-masters\/grandmaster-chen-zhaosen\/#breadcrumb"},"inLanguage":"fr-FR","potentialAction":[{"@type":"ReadAction","target":["https:\/\/shaolinwuji.com\/fr\/our-school\/our-teachers-and-masters\/grandmaster-chen-zhaosen\/"]}]},{"@type":"BreadcrumbList","@id":"https:\/\/shaolinwuji.com\/fr\/our-school\/our-teachers-and-masters\/grandmaster-chen-zhaosen\/#breadcrumb","itemListElement":[{"@type":"ListItem","position":1,"name":"Meditation","item":"https:\/\/shaolinwuji.com\/fr\/"},{"@type":"ListItem","position":2,"name":"Notre \u00c9cole","item":"https:\/\/shaolinwuji.com\/fr\/our-school\/"},{"@type":"ListItem","position":3,"name":"Nos Professeurs et Ma\u00eetres","item":"https:\/\/shaolinwuji.com\/fr\/our-school\/our-teachers-and-masters\/"},{"@type":"ListItem","position":4,"name":"Grand Ma\u00eetre Chen Zhaosen"}]},{"@type":"WebSite","@id":"https:\/\/shaolinwuji.com\/fr\/#website","url":"https:\/\/shaolinwuji.com\/fr\/","name":"Shaolin Wuji","description":"arts martiaux traditionnels - meditation - tai chi - chi kung ","publisher":{"@id":"https:\/\/shaolinwuji.com\/fr\/#organization"},"potentialAction":[{"@type":"SearchAction","target":{"@type":"EntryPoint","urlTemplate":"https:\/\/shaolinwuji.com\/fr\/?s={search_term_string}"},"query-input":{"@type":"PropertyValueSpecification","valueRequired":true,"valueName":"search_term_string"}}],"inLanguage":"fr-FR"},{"@type":"Organization","@id":"https:\/\/shaolinwuji.com\/fr\/#organization","name":"Shaolin Wuji Center","url":"https:\/\/shaolinwuji.com\/fr\/","logo":{"@type":"ImageObject","inLanguage":"fr-FR","@id":"https:\/\/shaolinwuji.com\/fr\/#\/schema\/logo\/image\/","url":"https:\/\/shaolinwuji.com\/wp-content\/uploads\/2021\/12\/C253A8BF-EF93-43C6-BC96-F59A4A8CA2D6-2.jpeg","contentUrl":"https:\/\/shaolinwuji.com\/wp-content\/uploads\/2021\/12\/C253A8BF-EF93-43C6-BC96-F59A4A8CA2D6-2.jpeg","width":355,"height":210,"caption":"Shaolin Wuji Center"},"image":{"@id":"https:\/\/shaolinwuji.com\/fr\/#\/schema\/logo\/image\/"}}]}},"_links":{"self":[{"href":"https:\/\/shaolinwuji.com\/fr\/wp-json\/wp\/v2\/pages\/3123","targetHints":{"allow":["GET"]}}],"collection":[{"href":"https:\/\/shaolinwuji.com\/fr\/wp-json\/wp\/v2\/pages"}],"about":[{"href":"https:\/\/shaolinwuji.com\/fr\/wp-json\/wp\/v2\/types\/page"}],"author":[{"embeddable":true,"href":"https:\/\/shaolinwuji.com\/fr\/wp-json\/wp\/v2\/users\/1"}],"replies":[{"embeddable":true,"href":"https:\/\/shaolinwuji.com\/fr\/wp-json\/wp\/v2\/comments?post=3123"}],"version-history":[{"count":8,"href":"https:\/\/shaolinwuji.com\/fr\/wp-json\/wp\/v2\/pages\/3123\/revisions"}],"predecessor-version":[{"id":6418,"href":"https:\/\/shaolinwuji.com\/fr\/wp-json\/wp\/v2\/pages\/3123\/revisions\/6418"}],"up":[{"embeddable":true,"href":"https:\/\/shaolinwuji.com\/fr\/wp-json\/wp\/v2\/pages\/3116"}],"wp:attachment":[{"href":"https:\/\/shaolinwuji.com\/fr\/wp-json\/wp\/v2\/media?parent=3123"}],"curies":[{"name":"wp","href":"https:\/\/api.w.org\/{rel}","templated":true}]}}