{"id":3112,"date":"2021-02-24T19:35:36","date_gmt":"2021-02-24T19:35:36","guid":{"rendered":"https:\/\/staging.shaolinwuji.com\/our-school\/workshops\/"},"modified":"2026-03-26T08:20:26","modified_gmt":"2026-03-26T12:20:26","slug":"sante-qi-gong-tai-chi-meditation","status":"publish","type":"page","link":"https:\/\/shaolinwuji.com\/fr\/les-cours\/sante-qi-gong-tai-chi-meditation\/","title":{"rendered":"Programmes sp\u00e9ciaux"},"content":{"rendered":"<div class=\"wpb-content-wrapper\"><p>[vc_row equal_height=\u00a0\u00bbyes\u00a0\u00bb content_placement=\u00a0\u00bbtop\u00a0\u00bb css=\u00a0\u00bb.vc_custom_1613586343568{padding-top: 70px !important;padding-bottom: 35px !important;}\u00a0\u00bb][vc_column width=\u00a0\u00bb1\/3&Prime; css=\u00a0\u00bb.vc_custom_1736966117351{padding-bottom: 30px !important;background-position: center !important;background-repeat: no-repeat !important;background-size: contain !important;border-radius: 30px !important;}\u00a0\u00bb]<div id=\"ultimate-heading-948169e04d89c817f\" class=\"uvc-heading ult-adjust-bottom-margin ultimate-heading-948169e04d89c817f uvc-7493 \" data-hspacer=\"no_spacer\"  data-halign=\"left\" style=\"text-align:left\"><div class=\"uvc-heading-spacer no_spacer\" style=\"top\"><\/div><div class=\"uvc-main-heading ult-responsive\"  data-ultimate-target='.uvc-heading.ultimate-heading-948169e04d89c817f h3'  data-responsive-json-new='{\"font-size\":\"tablet_portrait:34px;\",\"line-height\":\"tablet_portrait:44px;\"}' ><h3 style=\"--font-weight:theme;margin-bottom:20px;\">PROGRAMMES SP\u00c9CIAUX<\/h3><\/div><div class=\"uvc-sub-heading ult-responsive\"  data-ultimate-target='.uvc-heading.ultimate-heading-948169e04d89c817f .uvc-sub-heading '  data-responsive-json-new='{\"font-size\":\"\",\"line-height\":\"\"}'  style=\"font-weight:normal;\"><\/p>\n<h3><img loading=\"lazy\" decoding=\"async\" class=\"aligncenter size-full wp-image-4000\" src=\"https:\/\/shaolinwuji.com\/wp-content\/uploads\/2021\/12\/photo-site-web-02-2021.jpeg\" alt=\"\" width=\"1018\" height=\"1020\" srcset=\"https:\/\/shaolinwuji.com\/wp-content\/uploads\/2021\/12\/photo-site-web-02-2021.jpeg 1018w, https:\/\/shaolinwuji.com\/wp-content\/uploads\/2021\/12\/photo-site-web-02-2021-300x300.jpeg 300w, https:\/\/shaolinwuji.com\/wp-content\/uploads\/2021\/12\/photo-site-web-02-2021-150x150.jpeg 150w, https:\/\/shaolinwuji.com\/wp-content\/uploads\/2021\/12\/photo-site-web-02-2021-768x770.jpeg 768w, https:\/\/shaolinwuji.com\/wp-content\/uploads\/2021\/12\/photo-site-web-02-2021-600x601.jpeg 600w, https:\/\/shaolinwuji.com\/wp-content\/uploads\/2021\/12\/photo-site-web-02-2021-200x200.jpeg 200w\" sizes=\"auto, (max-width: 1018px) 100vw, 1018px\" \/><\/h3>\n<h3><\/h3>\n<h3><\/h3>\n<h3 style=\"text-align: center;\"><\/h3>\n<p><\/div><\/div><div class=\"hr-thin style-double hr-left\" style=\"width: 120px;border-color: #2e2b36;border-top-width: 6px;\"><\/div>[\/vc_column][vc_column width=\u00a0\u00bb2\/3&Prime; css=\u00a0\u00bb.vc_custom_1571477868281{padding-bottom: 30px !important;}\u00a0\u00bb][vc_column_text css=\u00a0\u00bb\u00a0\u00bb]Ponctuellement au cours de l&rsquo;ann\u00e9e, des programmes sp\u00e9ciaux sont organis\u00e9s. Ces programmes se concentrent sur des aspects variables des disciplines ci-dessous:<\/p>\n<ul>\n<li>M\u00e9ditation<\/li>\n<li>Chen Tai Ji<\/li>\n<li>Shaolin Qi Gong<\/li>\n<li>Zhineng Qi Gong<\/li>\n<li>Shaolin Gong Fu<\/li>\n<li>Maniement d&rsquo;armes traditionnelles<\/li>\n<\/ul>\n<p>[\/vc_column_text][\/vc_column][\/vc_row][vc_row][vc_column][vc_column_text css=\u00a0\u00bb.vc_custom_1768411260474{background-color: #C9CA2E !important;border-radius: 30px !important;}\u00a0\u00bb]<\/p>\n<h1 style=\"text-align: center;\"><strong>PROGRAMMES SPECIAUX<\/strong><\/h1>\n<h3 style=\"text-align: center;\"><span style=\"color: #000000;\">PROGRAMMES DE 18 HEURES EN 9 OU 12 SEANCES<\/span><\/h3>\n<h3 style=\"text-align: center;\"><span style=\"color: #000000;\">Contribution sans passeport trimestriel : 380 + taxes<\/span><\/h3>\n<h3 style=\"text-align: center;\"><span style=\"color: #000000;\">Contribution avec passeport trimestriel : -50 %<\/span><\/h3>\n<p>[\/vc_column_text][\/vc_column][\/vc_row][vc_row][vc_column][vc_separator color=\u00a0\u00bbblack\u00a0\u00bb style=\u00a0\u00bbshadow\u00a0\u00bb border_width=\u00a0\u00bb9&Prime; css=\u00a0\u00bb\u00a0\u00bb][\/vc_column][\/vc_row][vc_row][vc_column][vc_single_image image=\u00a0\u00bb7708&Prime; img_size=\u00a0\u00bbfull\u00a0\u00bb alignment=\u00a0\u00bbcenter\u00a0\u00bb style=\u00a0\u00bbvc_box_shadow_3d\u00a0\u00bb css=\u00a0\u00bb\u00a0\u00bb title=\u00a0\u00bbProgramme Actif &#8211; Inscriptions ouvertes\u00a0\u00bb][\/vc_column][\/vc_row][vc_row][vc_column][vc_column_text css=\u00a0\u00bb.vc_custom_1768411371478{background-color: #A3991C !important;border-radius: 30px !important;border-color: #D9C614 !important;}\u00a0\u00bb]<\/p>\n<h3 style=\"text-align: center;\"><strong><span style=\"color: #000000;\">POUR INSCRIPTION, COMPLETEZ LES INFORMATIONS CI-DESSOUS.&nbsp;<\/span><\/strong><\/h3>\n<h3 style=\"text-align: center;\"><strong><span style=\"color: #000000;\">FOR REGISTRATION , COMPLETE THE FORM BELOW.&nbsp;<\/span><\/strong><\/h3>\n<p>[\/vc_column_text][\/vc_column][\/vc_row][vc_row][vc_column][vc_separator color=\u00a0\u00bbblack\u00a0\u00bb style=\u00a0\u00bbshadow\u00a0\u00bb border_width=\u00a0\u00bb9&Prime; css=\u00a0\u00bb\u00a0\u00bb][\/vc_column][\/vc_row][vc_row][vc_column][vc_column_text css=\u00a0\u00bb\u00a0\u00bb]<\/p>\n<h2 style=\"text-align: center;\"><strong>ZHINENG QI GONG&nbsp;<\/strong><\/h2>\n<p>[\/vc_column_text][\/vc_column][\/vc_row][vc_row][vc_column][vc_single_image image=\u00a0\u00bb8224&Prime; img_size=\u00a0\u00bbfull\u00a0\u00bb alignment=\u00a0\u00bbcenter\u00a0\u00bb style=\u00a0\u00bbvc_box_shadow_3d\u00a0\u00bb css=\u00a0\u00bb\u00a0\u00bb][\/vc_column][\/vc_row][vc_row][vc_column][vc_column_text css=\u00a0\u00bb.vc_custom_1774527610175{background-color: #000000 !important;border-radius: 5px !important;border-color: #C6B511 !important;}\u00a0\u00bb]<\/p>\n<h3 style=\"text-align: center;\"><strong><span style=\"color: #ffffff;\">NOUVEAU PROGRAMME COMMENCANT LE 21 AVRIL <\/span><\/strong><\/h3>\n<h3 style=\"text-align: center;\"><strong><span style=\"color: #ffffff;\">NEW PROGRAM STARTING APRIL 21<\/span><\/strong><\/h3>\n<p>[\/vc_column_text][\/vc_column][\/vc_row][vc_row][vc_column][vc_column_text css=\u00a0\u00bb.vc_custom_1767747750193{background-color: #FFFFFF !important;}\u00a0\u00bb]<\/p>\n<h3 style=\"text-align: center;\"><span style=\"color: #000000;\">Les Mardis &amp; Jeudis<\/span><\/h3>\n<h3 style=\"text-align: center;\"><span style=\"color: #000000;\">18:00 \/ 20:00<\/span><\/h3>\n<h3 style=\"text-align: center;\"><span style=\"color: #000000;\">2 cours: 1 semaine sur 2<\/span><\/h3>\n<h3 style=\"text-align: center;\"><span style=\"color: #000000;\">Programme de 18 heures en 9 semaines<\/span><\/h3>\n<hr>\n<h3 style=\"text-align: center;\"><span style=\"color: #000000;\">Tuesdays and Thursdays<\/span><\/h3>\n<h3 style=\"text-align: center;\"><span style=\"color: #000000;\">18:00 \/ 20:00<\/span><\/h3>\n<h3 style=\"text-align: center;\"><span style=\"color: #000000;\">2 classes: 1 week on 2<\/span><\/h3>\n<h3 style=\"text-align: center;\"><span style=\"color: #000000;\">18 hours on 9 weeks Program<\/span><\/h3>\n<p>[\/vc_column_text][\/vc_column][\/vc_row][vc_row][vc_column][vc_column_text css=\u00a0\u00bb.vc_custom_1768411371478{background-color: #A3991C !important;border-radius: 30px !important;border-color: #D9C614 !important;}\u00a0\u00bb]<\/p>\n<h3 style=\"text-align: center;\"><strong><span style=\"color: #000000;\">POUR INSCRIPTION, COMPLETEZ LES INFORMATIONS CI-DESSOUS.&nbsp;<\/span><\/strong><\/h3>\n<h3 style=\"text-align: center;\"><strong><span style=\"color: #000000;\">FOR REGISTRATION , COMPLETE THE FORM BELOW.&nbsp;<\/span><\/strong><\/h3>\n<p>[\/vc_column_text][vc_separator color=\u00a0\u00bbblack\u00a0\u00bb style=\u00a0\u00bbshadow\u00a0\u00bb border_width=\u00a0\u00bb9&Prime; css=\u00a0\u00bb\u00a0\u00bb][\/vc_column][\/vc_row][vc_row][vc_column][vc_single_image image=\u00a0\u00bb7925&Prime; img_size=\u00a0\u00bbfull\u00a0\u00bb alignment=\u00a0\u00bbcenter\u00a0\u00bb css=\u00a0\u00bb\u00a0\u00bb title=\u00a0\u00bbMERCREDIS \/ WEDNESDAYS 13:15 \/ 14:45&Prime;][vc_column_text css=\u00a0\u00bb.vc_custom_1768411415582{background-color: #A3991C !important;border-radius: 30px !important;border-color: #D9C614 !important;}\u00a0\u00bb]<\/p>\n<h3 style=\"text-align: center;\"><strong><span style=\"color: #000000;\">POUR INSCRIPTION, COMPLETEZ LES INFORMATIONS CI-DESSOUS.&nbsp;<\/span><\/strong><\/h3>\n<h3 style=\"text-align: center;\"><strong><span style=\"color: #000000;\">FOR REGISTRATION , COMPLETE THE FORM BELOW.&nbsp;<\/span><\/strong><\/h3>\n<p>[\/vc_column_text][vc_separator color=\u00a0\u00bbblack\u00a0\u00bb style=\u00a0\u00bbshadow\u00a0\u00bb border_width=\u00a0\u00bb9&Prime; css=\u00a0\u00bb\u00a0\u00bb][\/vc_column][\/vc_row]<\/p>\n<\/div>","protected":false},"excerpt":{"rendered":"<p>[vc_row equal_height=\u00a0\u00bbyes\u00a0\u00bb content_placement=\u00a0\u00bbtop\u00a0\u00bb css=\u00a0\u00bb.vc_custom_1613586343568{padding-top: 70px !important;padding-bottom: 35px !important;}\u00a0\u00bb][vc_column width=\u00a0\u00bb1\/3&Prime; css=\u00a0\u00bb.vc_custom_1736966117351{padding-bottom: 30px !important;background-position: center !important;background-repeat: no-repeat !important;background-size: contain !important;border-radius: 30px !important;}\u00a0\u00bb][\/vc_column][vc_column width=\u00a0\u00bb2\/3&Prime; css=\u00a0\u00bb.vc_custom_1571477868281{padding-bottom: 30px !important;}\u00a0\u00bb][vc_column_text css=\u00a0\u00bb\u00a0\u00bb]Ponctuellement au cours de l&rsquo;ann\u00e9e, des programmes sp\u00e9ciaux sont organis\u00e9s. Ces programmes se concentrent sur des aspects variables des disciplines ci-dessous: M\u00e9ditation Chen Tai Ji Shaolin Qi Gong Zhineng Qi Gong&hellip;<\/p>\n","protected":false},"author":1,"featured_media":0,"parent":3083,"menu_order":320,"comment_status":"closed","ping_status":"closed","template":"","meta":{"footnotes":""},"class_list":["post-3112","page","type-page","status-publish","hentry","description-off"],"yoast_head":"<!-- This site is optimized with the Yoast SEO plugin v27.4 - https:\/\/yoast.com\/product\/yoast-seo-wordpress\/ -->\n<title>Programmes sp\u00e9ciaux - Shaolin Wuji<\/title>\n<meta name=\"description\" content=\"Sant\u00e9-Qi gong-Tai chi - Meditation\" \/>\n<meta name=\"robots\" content=\"index, follow, max-snippet:-1, max-image-preview:large, max-video-preview:-1\" \/>\n<link rel=\"canonical\" href=\"https:\/\/shaolinwuji.com\/fr\/les-cours\/sante-qi-gong-tai-chi-meditation\/\" \/>\n<meta property=\"og:locale\" content=\"fr_FR\" \/>\n<meta property=\"og:type\" content=\"article\" \/>\n<meta property=\"og:title\" content=\"Programmes sp\u00e9ciaux - Shaolin Wuji\" \/>\n<meta property=\"og:description\" content=\"Sant\u00e9-Qi gong-Tai chi - Meditation\" \/>\n<meta property=\"og:url\" content=\"https:\/\/shaolinwuji.com\/fr\/les-cours\/sante-qi-gong-tai-chi-meditation\/\" \/>\n<meta property=\"og:site_name\" content=\"Shaolin Wuji\" \/>\n<meta property=\"article:modified_time\" content=\"2026-03-26T12:20:26+00:00\" \/>\n<meta property=\"og:image\" content=\"https:\/\/shaolinwuji.com\/wp-content\/uploads\/2023\/03\/IMG_1934.jpeg\" \/>\n<meta name=\"twitter:card\" content=\"summary_large_image\" \/>\n<meta name=\"twitter:image\" content=\"https:\/\/shaolinwuji.com\/wp-content\/uploads\/2023\/03\/IMG_1934.jpeg\" \/>\n<meta name=\"twitter:label1\" content=\"Dur\u00e9e de lecture estim\u00e9e\" \/>\n\t<meta name=\"twitter:data1\" content=\"1 minute\" \/>\n<script type=\"application\/ld+json\" class=\"yoast-schema-graph\">{\"@context\":\"https:\\\/\\\/schema.org\",\"@graph\":[{\"@type\":\"WebPage\",\"@id\":\"https:\\\/\\\/shaolinwuji.com\\\/fr\\\/les-cours\\\/sante-qi-gong-tai-chi-meditation\\\/\",\"url\":\"https:\\\/\\\/shaolinwuji.com\\\/fr\\\/les-cours\\\/sante-qi-gong-tai-chi-meditation\\\/\",\"name\":\"Programmes sp\u00e9ciaux - Shaolin Wuji\",\"isPartOf\":{\"@id\":\"https:\\\/\\\/shaolinwuji.com\\\/fr\\\/#website\"},\"primaryImageOfPage\":{\"@id\":\"https:\\\/\\\/shaolinwuji.com\\\/fr\\\/les-cours\\\/sante-qi-gong-tai-chi-meditation\\\/#primaryimage\"},\"image\":{\"@id\":\"https:\\\/\\\/shaolinwuji.com\\\/fr\\\/les-cours\\\/sante-qi-gong-tai-chi-meditation\\\/#primaryimage\"},\"thumbnailUrl\":\"https:\\\/\\\/shaolinwuji.com\\\/wp-content\\\/uploads\\\/2021\\\/12\\\/photo-site-web-02-2021.jpeg\",\"datePublished\":\"2021-02-24T19:35:36+00:00\",\"dateModified\":\"2026-03-26T12:20:26+00:00\",\"description\":\"Sant\u00e9-Qi gong-Tai chi - Meditation\",\"breadcrumb\":{\"@id\":\"https:\\\/\\\/shaolinwuji.com\\\/fr\\\/les-cours\\\/sante-qi-gong-tai-chi-meditation\\\/#breadcrumb\"},\"inLanguage\":\"fr-FR\",\"potentialAction\":[{\"@type\":\"ReadAction\",\"target\":[\"https:\\\/\\\/shaolinwuji.com\\\/fr\\\/les-cours\\\/sante-qi-gong-tai-chi-meditation\\\/\"]}]},{\"@type\":\"ImageObject\",\"inLanguage\":\"fr-FR\",\"@id\":\"https:\\\/\\\/shaolinwuji.com\\\/fr\\\/les-cours\\\/sante-qi-gong-tai-chi-meditation\\\/#primaryimage\",\"url\":\"https:\\\/\\\/shaolinwuji.com\\\/wp-content\\\/uploads\\\/2021\\\/12\\\/photo-site-web-02-2021.jpeg\",\"contentUrl\":\"https:\\\/\\\/shaolinwuji.com\\\/wp-content\\\/uploads\\\/2021\\\/12\\\/photo-site-web-02-2021.jpeg\"},{\"@type\":\"BreadcrumbList\",\"@id\":\"https:\\\/\\\/shaolinwuji.com\\\/fr\\\/les-cours\\\/sante-qi-gong-tai-chi-meditation\\\/#breadcrumb\",\"itemListElement\":[{\"@type\":\"ListItem\",\"position\":1,\"name\":\"Meditation\",\"item\":\"https:\\\/\\\/shaolinwuji.com\\\/fr\\\/\"},{\"@type\":\"ListItem\",\"position\":2,\"name\":\"Les Cours\",\"item\":\"https:\\\/\\\/shaolinwuji.com\\\/fr\\\/les-cours\\\/\"},{\"@type\":\"ListItem\",\"position\":3,\"name\":\"Programmes sp\u00e9ciaux\"}]},{\"@type\":\"WebSite\",\"@id\":\"https:\\\/\\\/shaolinwuji.com\\\/fr\\\/#website\",\"url\":\"https:\\\/\\\/shaolinwuji.com\\\/fr\\\/\",\"name\":\"Shaolin Wuji\",\"description\":\"arts martiaux traditionnels - meditation - tai chi - chi kung \",\"publisher\":{\"@id\":\"https:\\\/\\\/shaolinwuji.com\\\/fr\\\/#organization\"},\"potentialAction\":[{\"@type\":\"SearchAction\",\"target\":{\"@type\":\"EntryPoint\",\"urlTemplate\":\"https:\\\/\\\/shaolinwuji.com\\\/fr\\\/?s={search_term_string}\"},\"query-input\":{\"@type\":\"PropertyValueSpecification\",\"valueRequired\":true,\"valueName\":\"search_term_string\"}}],\"inLanguage\":\"fr-FR\"},{\"@type\":\"Organization\",\"@id\":\"https:\\\/\\\/shaolinwuji.com\\\/fr\\\/#organization\",\"name\":\"Shaolin Wuji Center\",\"url\":\"https:\\\/\\\/shaolinwuji.com\\\/fr\\\/\",\"logo\":{\"@type\":\"ImageObject\",\"inLanguage\":\"fr-FR\",\"@id\":\"https:\\\/\\\/shaolinwuji.com\\\/fr\\\/#\\\/schema\\\/logo\\\/image\\\/\",\"url\":\"https:\\\/\\\/shaolinwuji.com\\\/wp-content\\\/uploads\\\/2021\\\/12\\\/C253A8BF-EF93-43C6-BC96-F59A4A8CA2D6-2.jpeg\",\"contentUrl\":\"https:\\\/\\\/shaolinwuji.com\\\/wp-content\\\/uploads\\\/2021\\\/12\\\/C253A8BF-EF93-43C6-BC96-F59A4A8CA2D6-2.jpeg\",\"width\":355,\"height\":210,\"caption\":\"Shaolin Wuji Center\"},\"image\":{\"@id\":\"https:\\\/\\\/shaolinwuji.com\\\/fr\\\/#\\\/schema\\\/logo\\\/image\\\/\"}}]}<\/script>\n<!-- \/ Yoast SEO plugin. -->","yoast_head_json":{"title":"Programmes sp\u00e9ciaux - Shaolin Wuji","description":"Sant\u00e9-Qi gong-Tai chi - Meditation","robots":{"index":"index","follow":"follow","max-snippet":"max-snippet:-1","max-image-preview":"max-image-preview:large","max-video-preview":"max-video-preview:-1"},"canonical":"https:\/\/shaolinwuji.com\/fr\/les-cours\/sante-qi-gong-tai-chi-meditation\/","og_locale":"fr_FR","og_type":"article","og_title":"Programmes sp\u00e9ciaux - Shaolin Wuji","og_description":"Sant\u00e9-Qi gong-Tai chi - Meditation","og_url":"https:\/\/shaolinwuji.com\/fr\/les-cours\/sante-qi-gong-tai-chi-meditation\/","og_site_name":"Shaolin Wuji","article_modified_time":"2026-03-26T12:20:26+00:00","og_image":[{"url":"https:\/\/shaolinwuji.com\/wp-content\/uploads\/2023\/03\/IMG_1934.jpeg","type":"","width":"","height":""}],"twitter_card":"summary_large_image","twitter_image":"https:\/\/shaolinwuji.com\/wp-content\/uploads\/2023\/03\/IMG_1934.jpeg","twitter_misc":{"Dur\u00e9e de lecture estim\u00e9e":"1 minute"},"schema":{"@context":"https:\/\/schema.org","@graph":[{"@type":"WebPage","@id":"https:\/\/shaolinwuji.com\/fr\/les-cours\/sante-qi-gong-tai-chi-meditation\/","url":"https:\/\/shaolinwuji.com\/fr\/les-cours\/sante-qi-gong-tai-chi-meditation\/","name":"Programmes sp\u00e9ciaux - Shaolin Wuji","isPartOf":{"@id":"https:\/\/shaolinwuji.com\/fr\/#website"},"primaryImageOfPage":{"@id":"https:\/\/shaolinwuji.com\/fr\/les-cours\/sante-qi-gong-tai-chi-meditation\/#primaryimage"},"image":{"@id":"https:\/\/shaolinwuji.com\/fr\/les-cours\/sante-qi-gong-tai-chi-meditation\/#primaryimage"},"thumbnailUrl":"https:\/\/shaolinwuji.com\/wp-content\/uploads\/2021\/12\/photo-site-web-02-2021.jpeg","datePublished":"2021-02-24T19:35:36+00:00","dateModified":"2026-03-26T12:20:26+00:00","description":"Sant\u00e9-Qi gong-Tai chi - Meditation","breadcrumb":{"@id":"https:\/\/shaolinwuji.com\/fr\/les-cours\/sante-qi-gong-tai-chi-meditation\/#breadcrumb"},"inLanguage":"fr-FR","potentialAction":[{"@type":"ReadAction","target":["https:\/\/shaolinwuji.com\/fr\/les-cours\/sante-qi-gong-tai-chi-meditation\/"]}]},{"@type":"ImageObject","inLanguage":"fr-FR","@id":"https:\/\/shaolinwuji.com\/fr\/les-cours\/sante-qi-gong-tai-chi-meditation\/#primaryimage","url":"https:\/\/shaolinwuji.com\/wp-content\/uploads\/2021\/12\/photo-site-web-02-2021.jpeg","contentUrl":"https:\/\/shaolinwuji.com\/wp-content\/uploads\/2021\/12\/photo-site-web-02-2021.jpeg"},{"@type":"BreadcrumbList","@id":"https:\/\/shaolinwuji.com\/fr\/les-cours\/sante-qi-gong-tai-chi-meditation\/#breadcrumb","itemListElement":[{"@type":"ListItem","position":1,"name":"Meditation","item":"https:\/\/shaolinwuji.com\/fr\/"},{"@type":"ListItem","position":2,"name":"Les Cours","item":"https:\/\/shaolinwuji.com\/fr\/les-cours\/"},{"@type":"ListItem","position":3,"name":"Programmes sp\u00e9ciaux"}]},{"@type":"WebSite","@id":"https:\/\/shaolinwuji.com\/fr\/#website","url":"https:\/\/shaolinwuji.com\/fr\/","name":"Shaolin Wuji","description":"arts martiaux traditionnels - meditation - tai chi - chi kung ","publisher":{"@id":"https:\/\/shaolinwuji.com\/fr\/#organization"},"potentialAction":[{"@type":"SearchAction","target":{"@type":"EntryPoint","urlTemplate":"https:\/\/shaolinwuji.com\/fr\/?s={search_term_string}"},"query-input":{"@type":"PropertyValueSpecification","valueRequired":true,"valueName":"search_term_string"}}],"inLanguage":"fr-FR"},{"@type":"Organization","@id":"https:\/\/shaolinwuji.com\/fr\/#organization","name":"Shaolin Wuji Center","url":"https:\/\/shaolinwuji.com\/fr\/","logo":{"@type":"ImageObject","inLanguage":"fr-FR","@id":"https:\/\/shaolinwuji.com\/fr\/#\/schema\/logo\/image\/","url":"https:\/\/shaolinwuji.com\/wp-content\/uploads\/2021\/12\/C253A8BF-EF93-43C6-BC96-F59A4A8CA2D6-2.jpeg","contentUrl":"https:\/\/shaolinwuji.com\/wp-content\/uploads\/2021\/12\/C253A8BF-EF93-43C6-BC96-F59A4A8CA2D6-2.jpeg","width":355,"height":210,"caption":"Shaolin Wuji Center"},"image":{"@id":"https:\/\/shaolinwuji.com\/fr\/#\/schema\/logo\/image\/"}}]}},"_links":{"self":[{"href":"https:\/\/shaolinwuji.com\/fr\/wp-json\/wp\/v2\/pages\/3112","targetHints":{"allow":["GET"]}}],"collection":[{"href":"https:\/\/shaolinwuji.com\/fr\/wp-json\/wp\/v2\/pages"}],"about":[{"href":"https:\/\/shaolinwuji.com\/fr\/wp-json\/wp\/v2\/types\/page"}],"author":[{"embeddable":true,"href":"https:\/\/shaolinwuji.com\/fr\/wp-json\/wp\/v2\/users\/1"}],"replies":[{"embeddable":true,"href":"https:\/\/shaolinwuji.com\/fr\/wp-json\/wp\/v2\/comments?post=3112"}],"version-history":[{"count":220,"href":"https:\/\/shaolinwuji.com\/fr\/wp-json\/wp\/v2\/pages\/3112\/revisions"}],"predecessor-version":[{"id":8232,"href":"https:\/\/shaolinwuji.com\/fr\/wp-json\/wp\/v2\/pages\/3112\/revisions\/8232"}],"up":[{"embeddable":true,"href":"https:\/\/shaolinwuji.com\/fr\/wp-json\/wp\/v2\/pages\/3083"}],"wp:attachment":[{"href":"https:\/\/shaolinwuji.com\/fr\/wp-json\/wp\/v2\/media?parent=3112"}],"curies":[{"name":"wp","href":"https:\/\/api.w.org\/{rel}","templated":true}]}}