{"id":3103,"date":"2021-02-15T19:51:54","date_gmt":"2021-02-15T19:51:54","guid":{"rendered":"https:\/\/staging.shaolinwuji.com\/our-philosophy\/"},"modified":"2024-02-14T12:06:46","modified_gmt":"2024-02-14T17:06:46","slug":"ainees-tai-ji-qi-gong","status":"publish","type":"page","link":"https:\/\/shaolinwuji.com\/fr\/ainees-tai-ji-qi-gong\/","title":{"rendered":"A\u00een\u00e9(e)s Tai Ji \/ Qi Gong"},"content":{"rendered":"<div class=\"wpb-content-wrapper\"><p>[vc_row equal_height=\u00a0\u00bbyes\u00a0\u00bb content_placement=\u00a0\u00bbtop\u00a0\u00bb css=\u00a0\u00bb.vc_custom_1571477891398{padding-top: 70px !important;padding-bottom: 50px !important;}\u00a0\u00bb][vc_column width=\u00a0\u00bb1\/3&Prime; css=\u00a0\u00bb.vc_custom_1571477821281{padding-bottom: 30px !important;}\u00a0\u00bb]<div id=\"ultimate-heading-979769d89bfd9021c\" class=\"uvc-heading ult-adjust-bottom-margin ultimate-heading-979769d89bfd9021c uvc-475 \" data-hspacer=\"no_spacer\"  data-halign=\"left\" style=\"text-align:left\"><div class=\"uvc-heading-spacer no_spacer\" style=\"top\"><\/div><div class=\"uvc-main-heading ult-responsive\"  data-ultimate-target='.uvc-heading.ultimate-heading-979769d89bfd9021c h1'  data-responsive-json-new='{\"font-size\":\"tablet_portrait:34px;\",\"line-height\":\"tablet_portrait:44px;\"}' ><h1 style=\"--font-weight:theme;margin-bottom:20px;\">Jamais Trop Tard<\/h1><\/div><\/div><div class=\"hr-thin style-double hr-left\" style=\"width: 70px;border-color: #2e2b36;border-top-width: 6px;\"><\/div>[vc_single_image image=\u00a0\u00bb6488&Prime; img_size=\u00a0\u00bbfull\u00a0\u00bb alignment=\u00a0\u00bbcenter\u00a0\u00bb style=\u00a0\u00bbvc_box_shadow_3d\u00a0\u00bb css=\u00a0\u00bb.vc_custom_1699968335538{padding-top: 30px !important;}\u00a0\u00bb][vc_single_image image=\u00a0\u00bb6455&Prime; img_size=\u00a0\u00bblarge\u00a0\u00bb alignment=\u00a0\u00bbcenter\u00a0\u00bb style=\u00a0\u00bbvc_box_shadow_3d\u00a0\u00bb css=\u00a0\u00bb.vc_custom_1699012536981{padding-top: 30px !important;}\u00a0\u00bb][vc_single_image image=\u00a0\u00bb6463&Prime; img_size=\u00a0\u00bblarge\u00a0\u00bb alignment=\u00a0\u00bbcenter\u00a0\u00bb style=\u00a0\u00bbvc_box_shadow_3d\u00a0\u00bb css=\u00a0\u00bb.vc_custom_1699012562064{padding-top: 30px !important;}\u00a0\u00bb][\/vc_column][vc_column width=\u00a0\u00bb2\/3&Prime; css=\u00a0\u00bb.vc_custom_1571477868281{padding-bottom: 30px !important;}\u00a0\u00bb][vc_column_text]<\/p>\n<h3>Le <strong>Tai Ji<\/strong> est une ancienne tradition chinoise (Pratique des arts martiaux).<\/h3>\n<h3>C&rsquo;est un syst\u00e8me complet d&rsquo;exercices et d&rsquo;\u00e9tirements. Cela implique des mouvements pr\u00e9cis, lents et concentr\u00e9s qui implique une respiration attentive et la recherche d&rsquo;un \u00e9tat m\u00e9ditatif. Le <strong>Tai Ji<\/strong> est devenu un exercice aidant \u00e0 la fois les gens \u00e2g\u00e9s et celles et ceux qui recherche un retour \u00e0 un niveau \u00e9tat de sant\u00e9 agr\u00e9able.<\/h3>\n<h3>\u00ab\u00a0Le Tai Ji est devenu un exercice aidant les personnes de tous \u00e2ges et peut \u00eatre particuli\u00e8rement b\u00e9n\u00e9fique pour ceux d&rsquo;entre nous qui entrent dans leurs ann\u00e9es d&rsquo;or, en particulier pour ceux qui rencontrent des difficult\u00e9s physiques ou une mauvaise sant\u00e9.\u00a0\u00bb<\/h3>\n<h3>Si vous avez un probl\u00e8me de sant\u00e9 particulier, un probl\u00e8me musculaire ou squelettique, vous devez \u00e9videmment consulter votre m\u00e9decin pour vous assurer que vous pouvez pratiquer de telles activit\u00e9s.<\/h3>\n<h3>La bonne nouvelle est que le Tai ji a fait ses preuves et vous devriez \u00eatre encourag\u00e9 \u00e0 l\u2019adopter. Le seul obstacle n&rsquo;est peut \u00eatre que vous !:)<\/h3>\n<p>&nbsp;<\/p>\n<h3><strong>R\u00e9duction du stress<\/strong><\/h3>\n<h3>La respiration profonde ressentie au cours de cet exercice est connue pour favoriser le calme et vous aider \u00e0 vous distraire des pens\u00e9es stressantes.<\/h3>\n<h3><\/h3>\n<p>&nbsp;<\/p>\n<h3><strong>\u00c9quilibre<\/strong><\/h3>\n<h3>Les mouvements \u00e0 faible impact, lents et r\u00e9guliers du Tai ji aident les individus \u00e0 retrouver leur \u00e9quilibre et \u00e0 r\u00e9duire le risque de chute.<\/h3>\n<h3><\/h3>\n<p>&nbsp;<\/p>\n<h3><strong>Force et agilit\u00e9<\/strong><\/h3>\n<h3>Des recherches ont montr\u00e9 que le Tai Ji procure \u00e0 ceux qui le pratiquent une force et des performances accrues. Bien entendu, cela s\u2019adresse aux personnes qui pratiquent cela de mani\u00e8re constante et r\u00e9guli\u00e8re, au moins trois fois par semaine.<\/h3>\n<h3><\/h3>\n<p>&nbsp;<\/p>\n<h3><strong>Flexibilit\u00e9 et posture<\/strong><\/h3>\n<h3>Une bonne posture et une bonne flexibilit\u00e9 peuvent \u00eatre maintenues gr\u00e2ce \u00e0 la pratique constante du Tai ji.<\/h3>\n<h3>Le <strong>Tai Ji<\/strong> est \u00e9galement connu pour am\u00e9liorer la qualit\u00e9 du sommeil et renforcer le syst\u00e8me immunitaire. Cela peut \u00e9galement \u00eatre une excellente aide pour la pr\u00e9vention des maladies chroniques \u2013 maladie de Parkinson, insuffisance cardiaque chronique, fibromyalgie et bien d\u2019autres. Il r\u00e9gule \u00e9galement le syst\u00e8me respiratoire et am\u00e9liore la coordination corporelle.<\/h3>\n<h3 style=\"text-align: center;\"><\/h3>\n<h3 style=\"text-align: center;\"><strong>Tout ce que vous avez \u00e0 faire est de vous inscrire \u00e0 un cours d&rsquo;essai gratuit ci-dessous ou de nous appeler au 450-242-4411.<\/strong><\/h3>\n<h3 style=\"text-align: center;\"><strong>Les cours ont lieu tous les jeudis \u00e0 10h30.<\/strong><\/h3>\n<h3 style=\"text-align: center;\"><\/h3>\n<p>[\/vc_column_text][\/vc_column][\/vc_row]<\/p>\n<\/div>","protected":false},"excerpt":{"rendered":"<p>[vc_row equal_height=\u00a0\u00bbyes\u00a0\u00bb content_placement=\u00a0\u00bbtop\u00a0\u00bb css=\u00a0\u00bb.vc_custom_1571477891398{padding-top: 70px !important;padding-bottom: 50px !important;}\u00a0\u00bb][vc_column width=\u00a0\u00bb1\/3&Prime; css=\u00a0\u00bb.vc_custom_1571477821281{padding-bottom: 30px !important;}\u00a0\u00bb][vc_single_image image=\u00a0\u00bb6488&Prime; img_size=\u00a0\u00bbfull\u00a0\u00bb alignment=\u00a0\u00bbcenter\u00a0\u00bb style=\u00a0\u00bbvc_box_shadow_3d\u00a0\u00bb css=\u00a0\u00bb.vc_custom_1699968335538{padding-top: 30px !important;}\u00a0\u00bb][vc_single_image image=\u00a0\u00bb6455&Prime; img_size=\u00a0\u00bblarge\u00a0\u00bb alignment=\u00a0\u00bbcenter\u00a0\u00bb style=\u00a0\u00bbvc_box_shadow_3d\u00a0\u00bb css=\u00a0\u00bb.vc_custom_1699012536981{padding-top: 30px !important;}\u00a0\u00bb][vc_single_image image=\u00a0\u00bb6463&Prime; img_size=\u00a0\u00bblarge\u00a0\u00bb alignment=\u00a0\u00bbcenter\u00a0\u00bb style=\u00a0\u00bbvc_box_shadow_3d\u00a0\u00bb css=\u00a0\u00bb.vc_custom_1699012562064{padding-top: 30px !important;}\u00a0\u00bb][\/vc_column][vc_column width=\u00a0\u00bb2\/3&Prime; css=\u00a0\u00bb.vc_custom_1571477868281{padding-bottom: 30px !important;}\u00a0\u00bb][vc_column_text] Le Tai Ji est une ancienne tradition chinoise (Pratique des arts martiaux). C&rsquo;est un syst\u00e8me complet d&rsquo;exercices et&hellip;<\/p>\n","protected":false},"author":1,"featured_media":0,"parent":0,"menu_order":999,"comment_status":"closed","ping_status":"closed","template":"","meta":{"footnotes":""},"class_list":["post-3103","page","type-page","status-publish","hentry","description-off"],"yoast_head":"<!-- This site is optimized with the Yoast SEO plugin v27.3 - https:\/\/yoast.com\/product\/yoast-seo-wordpress\/ -->\n<title>A\u00een\u00e9(e)s Tai Ji \/ Qi Gong - Shaolin Wuji<\/title>\n<meta name=\"description\" content=\"A\u00een\u00e9(e)s Tai Ji \/ Qi Gong\" \/>\n<meta name=\"robots\" content=\"index, follow, max-snippet:-1, max-image-preview:large, max-video-preview:-1\" \/>\n<link rel=\"canonical\" href=\"https:\/\/shaolinwuji.com\/fr\/ainees-tai-ji-qi-gong\/\" \/>\n<meta property=\"og:locale\" content=\"fr_FR\" \/>\n<meta property=\"og:type\" content=\"article\" \/>\n<meta property=\"og:title\" content=\"A\u00een\u00e9(e)s Tai Ji \/ Qi Gong - Shaolin Wuji\" \/>\n<meta property=\"og:description\" content=\"A\u00een\u00e9(e)s Tai Ji \/ Qi Gong\" \/>\n<meta property=\"og:url\" content=\"https:\/\/shaolinwuji.com\/fr\/ainees-tai-ji-qi-gong\/\" \/>\n<meta property=\"og:site_name\" content=\"Shaolin Wuji\" \/>\n<meta property=\"article:modified_time\" content=\"2024-02-14T17:06:46+00:00\" \/>\n<meta name=\"twitter:card\" content=\"summary_large_image\" \/>\n<meta name=\"twitter:label1\" content=\"Dur\u00e9e de lecture estim\u00e9e\" \/>\n\t<meta name=\"twitter:data1\" content=\"2 minutes\" \/>\n<script type=\"application\/ld+json\" class=\"yoast-schema-graph\">{\"@context\":\"https:\\\/\\\/schema.org\",\"@graph\":[{\"@type\":\"WebPage\",\"@id\":\"https:\\\/\\\/shaolinwuji.com\\\/fr\\\/ainees-tai-ji-qi-gong\\\/\",\"url\":\"https:\\\/\\\/shaolinwuji.com\\\/fr\\\/ainees-tai-ji-qi-gong\\\/\",\"name\":\"A\u00een\u00e9(e)s Tai Ji \\\/ Qi Gong - Shaolin Wuji\",\"isPartOf\":{\"@id\":\"https:\\\/\\\/shaolinwuji.com\\\/fr\\\/#website\"},\"datePublished\":\"2021-02-15T19:51:54+00:00\",\"dateModified\":\"2024-02-14T17:06:46+00:00\",\"description\":\"A\u00een\u00e9(e)s Tai Ji \\\/ Qi Gong\",\"breadcrumb\":{\"@id\":\"https:\\\/\\\/shaolinwuji.com\\\/fr\\\/ainees-tai-ji-qi-gong\\\/#breadcrumb\"},\"inLanguage\":\"fr-FR\",\"potentialAction\":[{\"@type\":\"ReadAction\",\"target\":[\"https:\\\/\\\/shaolinwuji.com\\\/fr\\\/ainees-tai-ji-qi-gong\\\/\"]}]},{\"@type\":\"BreadcrumbList\",\"@id\":\"https:\\\/\\\/shaolinwuji.com\\\/fr\\\/ainees-tai-ji-qi-gong\\\/#breadcrumb\",\"itemListElement\":[{\"@type\":\"ListItem\",\"position\":1,\"name\":\"Meditation\",\"item\":\"https:\\\/\\\/shaolinwuji.com\\\/fr\\\/\"},{\"@type\":\"ListItem\",\"position\":2,\"name\":\"A\u00een\u00e9(e)s Tai Ji \\\/ Qi Gong\"}]},{\"@type\":\"WebSite\",\"@id\":\"https:\\\/\\\/shaolinwuji.com\\\/fr\\\/#website\",\"url\":\"https:\\\/\\\/shaolinwuji.com\\\/fr\\\/\",\"name\":\"Shaolin Wuji\",\"description\":\"arts martiaux traditionnels - meditation - tai chi - chi kung \",\"publisher\":{\"@id\":\"https:\\\/\\\/shaolinwuji.com\\\/fr\\\/#organization\"},\"potentialAction\":[{\"@type\":\"SearchAction\",\"target\":{\"@type\":\"EntryPoint\",\"urlTemplate\":\"https:\\\/\\\/shaolinwuji.com\\\/fr\\\/?s={search_term_string}\"},\"query-input\":{\"@type\":\"PropertyValueSpecification\",\"valueRequired\":true,\"valueName\":\"search_term_string\"}}],\"inLanguage\":\"fr-FR\"},{\"@type\":\"Organization\",\"@id\":\"https:\\\/\\\/shaolinwuji.com\\\/fr\\\/#organization\",\"name\":\"Shaolin Wuji Center\",\"url\":\"https:\\\/\\\/shaolinwuji.com\\\/fr\\\/\",\"logo\":{\"@type\":\"ImageObject\",\"inLanguage\":\"fr-FR\",\"@id\":\"https:\\\/\\\/shaolinwuji.com\\\/fr\\\/#\\\/schema\\\/logo\\\/image\\\/\",\"url\":\"https:\\\/\\\/shaolinwuji.com\\\/wp-content\\\/uploads\\\/2021\\\/12\\\/C253A8BF-EF93-43C6-BC96-F59A4A8CA2D6-2.jpeg\",\"contentUrl\":\"https:\\\/\\\/shaolinwuji.com\\\/wp-content\\\/uploads\\\/2021\\\/12\\\/C253A8BF-EF93-43C6-BC96-F59A4A8CA2D6-2.jpeg\",\"width\":355,\"height\":210,\"caption\":\"Shaolin Wuji Center\"},\"image\":{\"@id\":\"https:\\\/\\\/shaolinwuji.com\\\/fr\\\/#\\\/schema\\\/logo\\\/image\\\/\"}}]}<\/script>\n<!-- \/ Yoast SEO plugin. -->","yoast_head_json":{"title":"A\u00een\u00e9(e)s Tai Ji \/ Qi Gong - Shaolin Wuji","description":"A\u00een\u00e9(e)s Tai Ji \/ Qi Gong","robots":{"index":"index","follow":"follow","max-snippet":"max-snippet:-1","max-image-preview":"max-image-preview:large","max-video-preview":"max-video-preview:-1"},"canonical":"https:\/\/shaolinwuji.com\/fr\/ainees-tai-ji-qi-gong\/","og_locale":"fr_FR","og_type":"article","og_title":"A\u00een\u00e9(e)s Tai Ji \/ Qi Gong - Shaolin Wuji","og_description":"A\u00een\u00e9(e)s Tai Ji \/ Qi Gong","og_url":"https:\/\/shaolinwuji.com\/fr\/ainees-tai-ji-qi-gong\/","og_site_name":"Shaolin Wuji","article_modified_time":"2024-02-14T17:06:46+00:00","twitter_card":"summary_large_image","twitter_misc":{"Dur\u00e9e de lecture estim\u00e9e":"2 minutes"},"schema":{"@context":"https:\/\/schema.org","@graph":[{"@type":"WebPage","@id":"https:\/\/shaolinwuji.com\/fr\/ainees-tai-ji-qi-gong\/","url":"https:\/\/shaolinwuji.com\/fr\/ainees-tai-ji-qi-gong\/","name":"A\u00een\u00e9(e)s Tai Ji \/ Qi Gong - Shaolin Wuji","isPartOf":{"@id":"https:\/\/shaolinwuji.com\/fr\/#website"},"datePublished":"2021-02-15T19:51:54+00:00","dateModified":"2024-02-14T17:06:46+00:00","description":"A\u00een\u00e9(e)s Tai Ji \/ Qi Gong","breadcrumb":{"@id":"https:\/\/shaolinwuji.com\/fr\/ainees-tai-ji-qi-gong\/#breadcrumb"},"inLanguage":"fr-FR","potentialAction":[{"@type":"ReadAction","target":["https:\/\/shaolinwuji.com\/fr\/ainees-tai-ji-qi-gong\/"]}]},{"@type":"BreadcrumbList","@id":"https:\/\/shaolinwuji.com\/fr\/ainees-tai-ji-qi-gong\/#breadcrumb","itemListElement":[{"@type":"ListItem","position":1,"name":"Meditation","item":"https:\/\/shaolinwuji.com\/fr\/"},{"@type":"ListItem","position":2,"name":"A\u00een\u00e9(e)s Tai Ji \/ Qi Gong"}]},{"@type":"WebSite","@id":"https:\/\/shaolinwuji.com\/fr\/#website","url":"https:\/\/shaolinwuji.com\/fr\/","name":"Shaolin Wuji","description":"arts martiaux traditionnels - meditation - tai chi - chi kung ","publisher":{"@id":"https:\/\/shaolinwuji.com\/fr\/#organization"},"potentialAction":[{"@type":"SearchAction","target":{"@type":"EntryPoint","urlTemplate":"https:\/\/shaolinwuji.com\/fr\/?s={search_term_string}"},"query-input":{"@type":"PropertyValueSpecification","valueRequired":true,"valueName":"search_term_string"}}],"inLanguage":"fr-FR"},{"@type":"Organization","@id":"https:\/\/shaolinwuji.com\/fr\/#organization","name":"Shaolin Wuji Center","url":"https:\/\/shaolinwuji.com\/fr\/","logo":{"@type":"ImageObject","inLanguage":"fr-FR","@id":"https:\/\/shaolinwuji.com\/fr\/#\/schema\/logo\/image\/","url":"https:\/\/shaolinwuji.com\/wp-content\/uploads\/2021\/12\/C253A8BF-EF93-43C6-BC96-F59A4A8CA2D6-2.jpeg","contentUrl":"https:\/\/shaolinwuji.com\/wp-content\/uploads\/2021\/12\/C253A8BF-EF93-43C6-BC96-F59A4A8CA2D6-2.jpeg","width":355,"height":210,"caption":"Shaolin Wuji Center"},"image":{"@id":"https:\/\/shaolinwuji.com\/fr\/#\/schema\/logo\/image\/"}}]}},"_links":{"self":[{"href":"https:\/\/shaolinwuji.com\/fr\/wp-json\/wp\/v2\/pages\/3103","targetHints":{"allow":["GET"]}}],"collection":[{"href":"https:\/\/shaolinwuji.com\/fr\/wp-json\/wp\/v2\/pages"}],"about":[{"href":"https:\/\/shaolinwuji.com\/fr\/wp-json\/wp\/v2\/types\/page"}],"author":[{"embeddable":true,"href":"https:\/\/shaolinwuji.com\/fr\/wp-json\/wp\/v2\/users\/1"}],"replies":[{"embeddable":true,"href":"https:\/\/shaolinwuji.com\/fr\/wp-json\/wp\/v2\/comments?post=3103"}],"version-history":[{"count":20,"href":"https:\/\/shaolinwuji.com\/fr\/wp-json\/wp\/v2\/pages\/3103\/revisions"}],"predecessor-version":[{"id":6692,"href":"https:\/\/shaolinwuji.com\/fr\/wp-json\/wp\/v2\/pages\/3103\/revisions\/6692"}],"wp:attachment":[{"href":"https:\/\/shaolinwuji.com\/fr\/wp-json\/wp\/v2\/media?parent=3103"}],"curies":[{"name":"wp","href":"https:\/\/api.w.org\/{rel}","templated":true}]}}