{"id":3097,"date":"2021-02-23T21:16:57","date_gmt":"2021-02-23T21:16:57","guid":{"rendered":"https:\/\/staging.shaolinwuji.com\/meditation\/"},"modified":"2024-02-15T09:32:25","modified_gmt":"2024-02-15T14:32:25","slug":"meditation-zuo-chan-%e5%9d%90%e7%a6%85-pleine-conscience","status":"publish","type":"page","link":"https:\/\/shaolinwuji.com\/fr\/meditation-zuo-chan-%e5%9d%90%e7%a6%85-pleine-conscience\/","title":{"rendered":"M\u00e9ditation \/ Zuo Chan \u5750\u7985 \/ Pleine Conscience"},"content":{"rendered":"<div class=\"wpb-content-wrapper\"><p>[vc_row equal_height=\u00a0\u00bbyes\u00a0\u00bb content_placement=\u00a0\u00bbtop\u00a0\u00bb css=\u00a0\u00bb.vc_custom_1613586343568{padding-top: 70px !important;padding-bottom: 35px !important;}\u00a0\u00bb][vc_column width=\u00a0\u00bb1\/3&Prime; css=\u00a0\u00bb.vc_custom_1571477821281{padding-bottom: 30px !important;}\u00a0\u00bb]<div id=\"ultimate-heading-5869dc6413a4e71\" class=\"uvc-heading ult-adjust-bottom-margin ultimate-heading-5869dc6413a4e71 uvc-386 \" data-hspacer=\"no_spacer\"  data-halign=\"left\" style=\"text-align:left\"><div class=\"uvc-heading-spacer no_spacer\" style=\"top\"><\/div><div class=\"uvc-main-heading ult-responsive\"  data-ultimate-target='.uvc-heading.ultimate-heading-5869dc6413a4e71 h3'  data-responsive-json-new='{\"font-size\":\"tablet_portrait:34px;\",\"line-height\":\"tablet_portrait:44px;\"}' ><h3 style=\"--font-weight:theme;margin-bottom:20px;\">M\u00e9ditation \/ Zuo Chan \u5750\u7985 \/ Pleine Conscience<\/h3><\/div><\/div><div class=\"hr-thin style-double hr-left\" style=\"width: 120px;border-color: #2e2b36;border-top-width: 6px;\"><\/div>[vc_single_image image=\u00a0\u00bb5462&Prime; img_size=\u00a0\u00bbfull\u00a0\u00bb alignment=\u00a0\u00bbcenter\u00a0\u00bb css=\u00a0\u00bb.vc_custom_1680532091388{padding-top: 30px !important;}\u00a0\u00bb][\/vc_column][vc_column width=\u00a0\u00bb2\/3&Prime; css=\u00a0\u00bb.vc_custom_1571477868281{padding-bottom: 30px !important;}\u00a0\u00bb][vc_column_text]La m\u00e9ditation n&rsquo;est pas une action, mais un \u00e9tat de pure conscience qui se cultive dans l&rsquo;immobilit\u00e9 du corps et de la pens\u00e9e au del\u00e0 de l&rsquo;intellect .<\/p>\n<p>L&rsquo;\u00e9tablissement graduel d&rsquo;un calme int\u00e9rieur profond est fondamental et se manifeste graduellement et progressivement avec la pratique.<\/p>\n<p>Il existe diff\u00e9rentes m\u00e9thodes avec leurs techniques et orientations sp\u00e9cifiques vers\u00a0une progression et une union sup\u00e9rieure.<\/p>\n<p>Notre pratique issue de l&rsquo;h\u00e9ritage de l&rsquo;Inde et ensuite des Ma\u00eetres Shaolin est Dhyana (Chan en Chine, Zen au Japon). Dhyana est un \u00e9tat qui se manifeste, on ne peut le conqu\u00e9rir.<\/p>\n<p>Nous pratiquons \u00e9galement les Jing Gong (Culture de l&rsquo;\u00e9nergie dans l&rsquo;immobilit\u00e9) qui ont leurs essences et racines dans le tao\u00efsme de la Chine ancienne.<\/p>\n<p>Au fur et \u00e0 mesure avec l&rsquo;intensit\u00e9 et la r\u00e9gularit\u00e9 de la pratique, cette discipline induit une paix profonde ainsi qu&rsquo;une nouvelle perspective de nos 5 sens et de la libert\u00e9 que nous pouvons prendre de ceux-ci.[\/vc_column_text][\/vc_column][\/vc_row][vc_row equal_height=\u00a0\u00bbyes\u00a0\u00bb content_placement=\u00a0\u00bbtop\u00a0\u00bb disable_element=\u00a0\u00bbyes\u00a0\u00bb bg_type=\u00a0\u00bbbg_color\u00a0\u00bb bg_override=\u00a0\u00bbex-full\u00a0\u00bb ult_hide_row=\u00a0\u00bbult_hide_row_value\u00a0\u00bb ult_hide_row_mobile=\u00a0\u00bbmobile\u00a0\u00bb ult_hide_row_mobile_large=\u00a0\u00bbxl_mobile\u00a0\u00bb css=\u00a0\u00bb.vc_custom_1644335549643{padding-top: 35px !important;padding-bottom: 50px !important;}\u00a0\u00bb bg_color_value=\u00a0\u00bb#dddddd\u00a0\u00bb][vc_column width=\u00a0\u00bb1\/4&Prime; css=\u00a0\u00bb.vc_custom_1571477821281{padding-bottom: 30px !important;}\u00a0\u00bb][\/vc_column][vc_column width=\u00a0\u00bb1\/2&Prime;][vc_btn title=\u00a0\u00bbDemande d&rsquo;information\u00a0\u00bb shape=\u00a0\u00bbsquare\u00a0\u00bb color=\u00a0\u00bbinverse\u00a0\u00bb size=\u00a0\u00bblg\u00a0\u00bb align=\u00a0\u00bbcenter\u00a0\u00bb link=\u00a0\u00bburl:https%3A%2F%2Fstaging.shaolinwuji.com%2Fcontact%2F%3Flang%3Dfr|title:Contact\u00a0\u00bb][\/vc_column][vc_column width=\u00a0\u00bb1\/4&Prime;][\/vc_column][\/vc_row]<\/p>\n<\/div>","protected":false},"excerpt":{"rendered":"<p>[vc_row equal_height=\u00a0\u00bbyes\u00a0\u00bb content_placement=\u00a0\u00bbtop\u00a0\u00bb css=\u00a0\u00bb.vc_custom_1613586343568{padding-top: 70px !important;padding-bottom: 35px !important;}\u00a0\u00bb][vc_column width=\u00a0\u00bb1\/3&Prime; css=\u00a0\u00bb.vc_custom_1571477821281{padding-bottom: 30px !important;}\u00a0\u00bb][vc_single_image image=\u00a0\u00bb5462&Prime; img_size=\u00a0\u00bbfull\u00a0\u00bb alignment=\u00a0\u00bbcenter\u00a0\u00bb css=\u00a0\u00bb.vc_custom_1680532091388{padding-top: 30px !important;}\u00a0\u00bb][\/vc_column][vc_column width=\u00a0\u00bb2\/3&Prime; css=\u00a0\u00bb.vc_custom_1571477868281{padding-bottom: 30px !important;}\u00a0\u00bb][vc_column_text]La m\u00e9ditation n&rsquo;est pas une action, mais un \u00e9tat de pure conscience qui se cultive dans l&rsquo;immobilit\u00e9 du corps et de la pens\u00e9e au del\u00e0 de l&rsquo;intellect . L&rsquo;\u00e9tablissement graduel d&rsquo;un calme int\u00e9rieur profond&hellip;<\/p>\n","protected":false},"author":1,"featured_media":0,"parent":0,"menu_order":240,"comment_status":"closed","ping_status":"closed","template":"","meta":{"footnotes":""},"class_list":["post-3097","page","type-page","status-publish","hentry","description-off"],"yoast_head":"<!-- This site is optimized with the Yoast SEO plugin v27.3 - https:\/\/yoast.com\/product\/yoast-seo-wordpress\/ -->\n<title>M\u00e9ditation \/ Zuo Chan \u5750\u7985 \/ Pleine Conscience - Shaolin Wuji<\/title>\n<meta name=\"description\" content=\"M\u00e9ditation \/ Zuo Chan \u5750\u7985 \/ Pleine Conscience\" \/>\n<meta name=\"robots\" content=\"index, follow, max-snippet:-1, max-image-preview:large, max-video-preview:-1\" \/>\n<link rel=\"canonical\" href=\"https:\/\/shaolinwuji.com\/fr\/meditation-zuo-chan-%e5%9d%90%e7%a6%85-pleine-conscience\/\" \/>\n<meta property=\"og:locale\" content=\"fr_FR\" \/>\n<meta property=\"og:type\" content=\"article\" \/>\n<meta property=\"og:title\" content=\"M\u00e9ditation \/ Zuo Chan \u5750\u7985 \/ Pleine Conscience - Shaolin Wuji\" \/>\n<meta property=\"og:description\" content=\"M\u00e9ditation \/ Zuo Chan \u5750\u7985 \/ Pleine Conscience\" \/>\n<meta property=\"og:url\" content=\"https:\/\/shaolinwuji.com\/fr\/meditation-zuo-chan-%e5%9d%90%e7%a6%85-pleine-conscience\/\" \/>\n<meta property=\"og:site_name\" content=\"Shaolin Wuji\" \/>\n<meta property=\"article:modified_time\" content=\"2024-02-15T14:32:25+00:00\" \/>\n<meta property=\"og:image\" content=\"https:\/\/shaolinwuji.com\/wp-content\/uploads\/2021\/12\/C253A8BF-EF93-43C6-BC96-F59A4A8CA2D6-2-300x177.jpeg\" \/>\n<meta name=\"twitter:card\" content=\"summary_large_image\" \/>\n<meta name=\"twitter:label1\" content=\"Dur\u00e9e de lecture estim\u00e9e\" \/>\n\t<meta name=\"twitter:data1\" content=\"1 minute\" \/>\n<script type=\"application\/ld+json\" class=\"yoast-schema-graph\">{\"@context\":\"https:\\\/\\\/schema.org\",\"@graph\":[{\"@type\":\"WebPage\",\"@id\":\"https:\\\/\\\/shaolinwuji.com\\\/fr\\\/meditation-zuo-chan-%e5%9d%90%e7%a6%85-pleine-conscience\\\/\",\"url\":\"https:\\\/\\\/shaolinwuji.com\\\/fr\\\/meditation-zuo-chan-%e5%9d%90%e7%a6%85-pleine-conscience\\\/\",\"name\":\"M\u00e9ditation \\\/ Zuo Chan \u5750\u7985 \\\/ Pleine Conscience - Shaolin Wuji\",\"isPartOf\":{\"@id\":\"https:\\\/\\\/shaolinwuji.com\\\/fr\\\/#website\"},\"datePublished\":\"2021-02-23T21:16:57+00:00\",\"dateModified\":\"2024-02-15T14:32:25+00:00\",\"description\":\"M\u00e9ditation \\\/ Zuo Chan \u5750\u7985 \\\/ Pleine Conscience\",\"breadcrumb\":{\"@id\":\"https:\\\/\\\/shaolinwuji.com\\\/fr\\\/meditation-zuo-chan-%e5%9d%90%e7%a6%85-pleine-conscience\\\/#breadcrumb\"},\"inLanguage\":\"fr-FR\",\"potentialAction\":[{\"@type\":\"ReadAction\",\"target\":[\"https:\\\/\\\/shaolinwuji.com\\\/fr\\\/meditation-zuo-chan-%e5%9d%90%e7%a6%85-pleine-conscience\\\/\"]}]},{\"@type\":\"BreadcrumbList\",\"@id\":\"https:\\\/\\\/shaolinwuji.com\\\/fr\\\/meditation-zuo-chan-%e5%9d%90%e7%a6%85-pleine-conscience\\\/#breadcrumb\",\"itemListElement\":[{\"@type\":\"ListItem\",\"position\":1,\"name\":\"Meditation\",\"item\":\"https:\\\/\\\/shaolinwuji.com\\\/fr\\\/\"},{\"@type\":\"ListItem\",\"position\":2,\"name\":\"M\u00e9ditation \\\/ Zuo Chan \u5750\u7985 \\\/ Pleine Conscience\"}]},{\"@type\":\"WebSite\",\"@id\":\"https:\\\/\\\/shaolinwuji.com\\\/fr\\\/#website\",\"url\":\"https:\\\/\\\/shaolinwuji.com\\\/fr\\\/\",\"name\":\"Shaolin Wuji\",\"description\":\"arts martiaux traditionnels - meditation - tai chi - chi kung \",\"publisher\":{\"@id\":\"https:\\\/\\\/shaolinwuji.com\\\/fr\\\/#organization\"},\"potentialAction\":[{\"@type\":\"SearchAction\",\"target\":{\"@type\":\"EntryPoint\",\"urlTemplate\":\"https:\\\/\\\/shaolinwuji.com\\\/fr\\\/?s={search_term_string}\"},\"query-input\":{\"@type\":\"PropertyValueSpecification\",\"valueRequired\":true,\"valueName\":\"search_term_string\"}}],\"inLanguage\":\"fr-FR\"},{\"@type\":\"Organization\",\"@id\":\"https:\\\/\\\/shaolinwuji.com\\\/fr\\\/#organization\",\"name\":\"Shaolin Wuji Center\",\"url\":\"https:\\\/\\\/shaolinwuji.com\\\/fr\\\/\",\"logo\":{\"@type\":\"ImageObject\",\"inLanguage\":\"fr-FR\",\"@id\":\"https:\\\/\\\/shaolinwuji.com\\\/fr\\\/#\\\/schema\\\/logo\\\/image\\\/\",\"url\":\"https:\\\/\\\/shaolinwuji.com\\\/wp-content\\\/uploads\\\/2021\\\/12\\\/C253A8BF-EF93-43C6-BC96-F59A4A8CA2D6-2.jpeg\",\"contentUrl\":\"https:\\\/\\\/shaolinwuji.com\\\/wp-content\\\/uploads\\\/2021\\\/12\\\/C253A8BF-EF93-43C6-BC96-F59A4A8CA2D6-2.jpeg\",\"width\":355,\"height\":210,\"caption\":\"Shaolin Wuji Center\"},\"image\":{\"@id\":\"https:\\\/\\\/shaolinwuji.com\\\/fr\\\/#\\\/schema\\\/logo\\\/image\\\/\"}}]}<\/script>\n<!-- \/ Yoast SEO plugin. -->","yoast_head_json":{"title":"M\u00e9ditation \/ Zuo Chan \u5750\u7985 \/ Pleine Conscience - Shaolin Wuji","description":"M\u00e9ditation \/ Zuo Chan \u5750\u7985 \/ Pleine Conscience","robots":{"index":"index","follow":"follow","max-snippet":"max-snippet:-1","max-image-preview":"max-image-preview:large","max-video-preview":"max-video-preview:-1"},"canonical":"https:\/\/shaolinwuji.com\/fr\/meditation-zuo-chan-%e5%9d%90%e7%a6%85-pleine-conscience\/","og_locale":"fr_FR","og_type":"article","og_title":"M\u00e9ditation \/ Zuo Chan \u5750\u7985 \/ Pleine Conscience - Shaolin Wuji","og_description":"M\u00e9ditation \/ Zuo Chan \u5750\u7985 \/ Pleine Conscience","og_url":"https:\/\/shaolinwuji.com\/fr\/meditation-zuo-chan-%e5%9d%90%e7%a6%85-pleine-conscience\/","og_site_name":"Shaolin Wuji","article_modified_time":"2024-02-15T14:32:25+00:00","og_image":[{"url":"https:\/\/shaolinwuji.com\/wp-content\/uploads\/2021\/12\/C253A8BF-EF93-43C6-BC96-F59A4A8CA2D6-2-300x177.jpeg","type":"","width":"","height":""}],"twitter_card":"summary_large_image","twitter_misc":{"Dur\u00e9e de lecture estim\u00e9e":"1 minute"},"schema":{"@context":"https:\/\/schema.org","@graph":[{"@type":"WebPage","@id":"https:\/\/shaolinwuji.com\/fr\/meditation-zuo-chan-%e5%9d%90%e7%a6%85-pleine-conscience\/","url":"https:\/\/shaolinwuji.com\/fr\/meditation-zuo-chan-%e5%9d%90%e7%a6%85-pleine-conscience\/","name":"M\u00e9ditation \/ Zuo Chan \u5750\u7985 \/ Pleine Conscience - Shaolin Wuji","isPartOf":{"@id":"https:\/\/shaolinwuji.com\/fr\/#website"},"datePublished":"2021-02-23T21:16:57+00:00","dateModified":"2024-02-15T14:32:25+00:00","description":"M\u00e9ditation \/ Zuo Chan \u5750\u7985 \/ Pleine Conscience","breadcrumb":{"@id":"https:\/\/shaolinwuji.com\/fr\/meditation-zuo-chan-%e5%9d%90%e7%a6%85-pleine-conscience\/#breadcrumb"},"inLanguage":"fr-FR","potentialAction":[{"@type":"ReadAction","target":["https:\/\/shaolinwuji.com\/fr\/meditation-zuo-chan-%e5%9d%90%e7%a6%85-pleine-conscience\/"]}]},{"@type":"BreadcrumbList","@id":"https:\/\/shaolinwuji.com\/fr\/meditation-zuo-chan-%e5%9d%90%e7%a6%85-pleine-conscience\/#breadcrumb","itemListElement":[{"@type":"ListItem","position":1,"name":"Meditation","item":"https:\/\/shaolinwuji.com\/fr\/"},{"@type":"ListItem","position":2,"name":"M\u00e9ditation \/ Zuo Chan \u5750\u7985 \/ Pleine Conscience"}]},{"@type":"WebSite","@id":"https:\/\/shaolinwuji.com\/fr\/#website","url":"https:\/\/shaolinwuji.com\/fr\/","name":"Shaolin Wuji","description":"arts martiaux traditionnels - meditation - tai chi - chi kung ","publisher":{"@id":"https:\/\/shaolinwuji.com\/fr\/#organization"},"potentialAction":[{"@type":"SearchAction","target":{"@type":"EntryPoint","urlTemplate":"https:\/\/shaolinwuji.com\/fr\/?s={search_term_string}"},"query-input":{"@type":"PropertyValueSpecification","valueRequired":true,"valueName":"search_term_string"}}],"inLanguage":"fr-FR"},{"@type":"Organization","@id":"https:\/\/shaolinwuji.com\/fr\/#organization","name":"Shaolin Wuji Center","url":"https:\/\/shaolinwuji.com\/fr\/","logo":{"@type":"ImageObject","inLanguage":"fr-FR","@id":"https:\/\/shaolinwuji.com\/fr\/#\/schema\/logo\/image\/","url":"https:\/\/shaolinwuji.com\/wp-content\/uploads\/2021\/12\/C253A8BF-EF93-43C6-BC96-F59A4A8CA2D6-2.jpeg","contentUrl":"https:\/\/shaolinwuji.com\/wp-content\/uploads\/2021\/12\/C253A8BF-EF93-43C6-BC96-F59A4A8CA2D6-2.jpeg","width":355,"height":210,"caption":"Shaolin Wuji Center"},"image":{"@id":"https:\/\/shaolinwuji.com\/fr\/#\/schema\/logo\/image\/"}}]}},"_links":{"self":[{"href":"https:\/\/shaolinwuji.com\/fr\/wp-json\/wp\/v2\/pages\/3097","targetHints":{"allow":["GET"]}}],"collection":[{"href":"https:\/\/shaolinwuji.com\/fr\/wp-json\/wp\/v2\/pages"}],"about":[{"href":"https:\/\/shaolinwuji.com\/fr\/wp-json\/wp\/v2\/types\/page"}],"author":[{"embeddable":true,"href":"https:\/\/shaolinwuji.com\/fr\/wp-json\/wp\/v2\/users\/1"}],"replies":[{"embeddable":true,"href":"https:\/\/shaolinwuji.com\/fr\/wp-json\/wp\/v2\/comments?post=3097"}],"version-history":[{"count":18,"href":"https:\/\/shaolinwuji.com\/fr\/wp-json\/wp\/v2\/pages\/3097\/revisions"}],"predecessor-version":[{"id":6747,"href":"https:\/\/shaolinwuji.com\/fr\/wp-json\/wp\/v2\/pages\/3097\/revisions\/6747"}],"wp:attachment":[{"href":"https:\/\/shaolinwuji.com\/fr\/wp-json\/wp\/v2\/media?parent=3097"}],"curies":[{"name":"wp","href":"https:\/\/api.w.org\/{rel}","templated":true}]}}