{"id":3083,"date":"2021-02-24T19:17:22","date_gmt":"2021-02-24T19:17:22","guid":{"rendered":"https:\/\/staging.shaolinwuji.com\/classes\/"},"modified":"2026-03-26T07:44:53","modified_gmt":"2026-03-26T11:44:53","slug":"les-cours","status":"publish","type":"page","link":"https:\/\/shaolinwuji.com\/fr\/les-cours\/","title":{"rendered":"Les Cours"},"content":{"rendered":"<div class=\"wpb-content-wrapper\"><p>[vc_row equal_height=\u00a0\u00bbyes\u00a0\u00bb content_placement=\u00a0\u00bbtop\u00a0\u00bb css=\u00a0\u00bb.vc_custom_1667230250408{padding-top: 70px !important;padding-bottom: 35px !important;}\u00a0\u00bb][vc_column width=\u00a0\u00bb1\/3&Prime; css=\u00a0\u00bb.vc_custom_1667230333563{padding-bottom: 30px !important;}\u00a0\u00bb]<div id=\"ultimate-heading-201369e04e0d7a69c\" class=\"uvc-heading ult-adjust-bottom-margin ultimate-heading-201369e04e0d7a69c uvc-9804 \" data-hspacer=\"no_spacer\"  data-halign=\"left\" style=\"text-align:left\"><div class=\"uvc-heading-spacer no_spacer\" style=\"top\"><\/div><div class=\"uvc-main-heading ult-responsive\"  data-ultimate-target='.uvc-heading.ultimate-heading-201369e04e0d7a69c h3'  data-responsive-json-new='{\"font-size\":\"tablet_portrait:34px;\",\"line-height\":\"tablet_portrait:44px;\"}' ><h3 style=\"--font-weight:theme;margin-bottom:20px;\">Cultiver le coeur, \u00c9lever le caract\u00e8re xiuxin-yangxing<\/h3><\/div><div class=\"uvc-sub-heading ult-responsive\"  data-ultimate-target='.uvc-heading.ultimate-heading-201369e04e0d7a69c .uvc-sub-heading '  data-responsive-json-new='{\"font-size\":\"\",\"line-height\":\"\"}'  style=\"font-weight:normal;\"><\/p>\n<div class=\"page\" title=\"Page 1\">\n<p><img loading=\"lazy\" decoding=\"async\" class=\"aligncenter size-medium wp-image-4117\" src=\"https:\/\/shaolinwuji.com\/wp-content\/uploads\/2021\/12\/IMG_2004-2-300x240.jpeg\" alt=\"\" width=\"300\" height=\"240\" srcset=\"https:\/\/shaolinwuji.com\/wp-content\/uploads\/2021\/12\/IMG_2004-2-300x240.jpeg 300w, https:\/\/shaolinwuji.com\/wp-content\/uploads\/2021\/12\/IMG_2004-2-1024x820.jpeg 1024w, https:\/\/shaolinwuji.com\/wp-content\/uploads\/2021\/12\/IMG_2004-2-768x615.jpeg 768w, https:\/\/shaolinwuji.com\/wp-content\/uploads\/2021\/12\/IMG_2004-2-1536x1230.jpeg 1536w, https:\/\/shaolinwuji.com\/wp-content\/uploads\/2021\/12\/IMG_2004-2-2048x1640.jpeg 2048w, https:\/\/shaolinwuji.com\/wp-content\/uploads\/2021\/12\/IMG_2004-2-600x481.jpeg 600w\" sizes=\"auto, (max-width: 300px) 100vw, 300px\" \/><\/p>\n<p style=\"text-align: center;\">\n<\/div>\n<h1 style=\"text-align: left;\"><\/h1>\n<p><\/div><\/div><div class=\"hr-thin style-double hr-left\" style=\"width: 120px;border-color: #2e2b36;border-top-width: 6px;\"><\/div>[\/vc_column][vc_column width=\u00a0\u00bb2\/3&Prime; css=\u00a0\u00bb.vc_custom_1667230345402{padding-bottom: 30px !important;}\u00a0\u00bb][vc_column_text css=\u00a0\u00bb\u00a0\u00bb]<\/p>\n<p style=\"text-align: center;\">La M\u00e9ditation, le Qi Gong (Chi Kung), le Taiji Quan (Tai Chi) &amp; le Shaolin Gong Fu (Kung Fu) font partie int\u00e9grante de l&rsquo;enseignement transmis.<\/p>\n<p style=\"text-align: center;\">L&rsquo;apprentissage et la pratique de ces disciplines sont accessibles \u00e0 toutes et \u00e0 tous, quel que soit l&rsquo;\u00e2ge et la condition physique car l&rsquo;enseignement est adapt\u00e9 \u00e0 l&rsquo;\u00e9tudiant(e); \u00ab\u00a0cours de groupe, priv\u00e9, semi-priv\u00e9 ou groupes sp\u00e9ciaux\u00a0\u00bb<\/p>\n<p style=\"text-align: center;\">L&rsquo;\u00e9tudiant peut choisir son orientation de pratique en fonction de ses propres aspirations. Les cours sont ax\u00e9s sur la cultivation du corps, de l&rsquo;\u00e9nergie et l&rsquo;esprit.<\/p>\n<p style=\"text-align: center;\">Pour plus de d\u00e9tails sur chacune de ces disciplines, cliquez sur les liens ci-dessous :<\/p>\n<p style=\"text-align: center;\"><a href=\"https:\/\/shaolinwuji.com\/fr\/gong-fu-shaolin\/\">Shaolin Gong Fu<\/a><\/p>\n<p style=\"text-align: center;\"><a href=\"https:\/\/shaolinwuji.com\/fr\/qi-gong-knowlton\/\">Qi Gong<\/a><\/p>\n<p style=\"text-align: center;\"><a href=\"https:\/\/shaolinwuji.com\/fr\/tai-ji\/\">Chen Tai Ji<\/a><\/p>\n<p style=\"text-align: center;\"><a href=\"https:\/\/shaolinwuji.com\/fr\/meditation-zuo-chan-%e5%9d%90%e7%a6%85-pleine-conscience\/\">M\u00e9ditation<\/a><\/p>\n<p style=\"text-align: left;\">Pour l&rsquo;horaire actuel, <a href=\"https:\/\/shaolinwuji.com\/fr\/schedule-tuition\/\">cliquez ici<\/a>.<\/p>\n<p>[\/vc_column_text][\/vc_column][\/vc_row][vc_row disable_element=\u00a0\u00bbyes\u00a0\u00bb][vc_column]<div class=\" ubtn-ctn-center modal_btn_wrapper\"><a class=\"ubtn-link ult-adjust-bottom-margin ubtn-center ubtn-large modal_btn_wrapper\" href=\"#modal_popup\" rel=\"modal:open\" ><button type=\"button\" id=\"ubtn-5272\"  class=\"ubtn ult-adjust-bottom-margin ult-responsive ubtn-large ubtn-no-hover-bg  none  ubtn-center   tooltip-69e04e0d7a75e\"  data-hover=\"\" data-border-color=\"\" data-bg=\"#dd9933\" data-hover-bg=\"\" data-border-hover=\"\" data-shadow-hover=\"\" data-shadow-click=\"none\" data-shadow=\"\" data-shd-shadow=\"\"  data-ultimate-target='#ubtn-5272'  data-responsive-json-new='{\"font-size\":\"desktop:22px;\",\"line-height\":\"\"}'  style=\"font-weight:bold;border:none;background: #dd9933;color: #ffffff;\"><span class=\"ubtn-hover\" style=\"background-color:\"><\/span><span class=\"ubtn-data ubtn-text \" >Cliquez ici pour vous inscrire<\/span><\/button><\/a><\/div>[\/vc_column][\/vc_row]<\/p>\n<\/div>","protected":false},"excerpt":{"rendered":"<p>[vc_row equal_height=\u00a0\u00bbyes\u00a0\u00bb content_placement=\u00a0\u00bbtop\u00a0\u00bb css=\u00a0\u00bb.vc_custom_1667230250408{padding-top: 70px !important;padding-bottom: 35px !important;}\u00a0\u00bb][vc_column width=\u00a0\u00bb1\/3&Prime; css=\u00a0\u00bb.vc_custom_1667230333563{padding-bottom: 30px !important;}\u00a0\u00bb][\/vc_column][vc_column width=\u00a0\u00bb2\/3&Prime; css=\u00a0\u00bb.vc_custom_1667230345402{padding-bottom: 30px !important;}\u00a0\u00bb][vc_column_text css=\u00a0\u00bb\u00a0\u00bb] La M\u00e9ditation, le Qi Gong (Chi Kung), le Taiji Quan (Tai Chi) &amp; le Shaolin Gong Fu (Kung Fu) font partie int\u00e9grante de l&rsquo;enseignement transmis. L&rsquo;apprentissage et la pratique de ces disciplines sont accessibles \u00e0 toutes et \u00e0&hellip;<\/p>\n","protected":false},"author":1,"featured_media":0,"parent":0,"menu_order":300,"comment_status":"closed","ping_status":"closed","template":"","meta":{"footnotes":""},"class_list":["post-3083","page","type-page","status-publish","hentry","description-off"],"yoast_head":"<!-- This site is optimized with the Yoast SEO plugin v27.4 - https:\/\/yoast.com\/product\/yoast-seo-wordpress\/ -->\n<title>Les Cours - Shaolin Wuji<\/title>\n<meta name=\"description\" content=\"Les Cours\" \/>\n<meta name=\"robots\" content=\"index, follow, max-snippet:-1, max-image-preview:large, max-video-preview:-1\" \/>\n<link rel=\"canonical\" href=\"https:\/\/shaolinwuji.com\/fr\/les-cours\/\" \/>\n<meta property=\"og:locale\" content=\"fr_FR\" \/>\n<meta property=\"og:type\" content=\"article\" \/>\n<meta property=\"og:title\" content=\"Les Cours - Shaolin Wuji\" \/>\n<meta property=\"og:description\" content=\"Les Cours\" \/>\n<meta property=\"og:url\" content=\"https:\/\/shaolinwuji.com\/fr\/les-cours\/\" \/>\n<meta property=\"og:site_name\" content=\"Shaolin Wuji\" \/>\n<meta property=\"article:modified_time\" content=\"2026-03-26T11:44:53+00:00\" \/>\n<meta property=\"og:image\" content=\"https:\/\/shaolinwuji.com\/wp-content\/uploads\/2021\/12\/IMG_2004-2-scaled.jpeg\" \/>\n\t<meta property=\"og:image:width\" content=\"2560\" \/>\n\t<meta property=\"og:image:height\" content=\"2050\" \/>\n\t<meta property=\"og:image:type\" content=\"image\/jpeg\" \/>\n<meta name=\"twitter:card\" content=\"summary_large_image\" \/>\n<meta name=\"twitter:label1\" content=\"Dur\u00e9e de lecture estim\u00e9e\" \/>\n\t<meta name=\"twitter:data1\" content=\"1 minute\" \/>\n<script type=\"application\/ld+json\" class=\"yoast-schema-graph\">{\"@context\":\"https:\\\/\\\/schema.org\",\"@graph\":[{\"@type\":\"WebPage\",\"@id\":\"https:\\\/\\\/shaolinwuji.com\\\/fr\\\/les-cours\\\/\",\"url\":\"https:\\\/\\\/shaolinwuji.com\\\/fr\\\/les-cours\\\/\",\"name\":\"Les Cours - Shaolin Wuji\",\"isPartOf\":{\"@id\":\"https:\\\/\\\/shaolinwuji.com\\\/fr\\\/#website\"},\"primaryImageOfPage\":{\"@id\":\"https:\\\/\\\/shaolinwuji.com\\\/fr\\\/les-cours\\\/#primaryimage\"},\"image\":{\"@id\":\"https:\\\/\\\/shaolinwuji.com\\\/fr\\\/les-cours\\\/#primaryimage\"},\"thumbnailUrl\":\"https:\\\/\\\/shaolinwuji.com\\\/wp-content\\\/uploads\\\/2021\\\/12\\\/IMG_2004-2-300x240.jpeg\",\"datePublished\":\"2021-02-24T19:17:22+00:00\",\"dateModified\":\"2026-03-26T11:44:53+00:00\",\"description\":\"Les Cours\",\"breadcrumb\":{\"@id\":\"https:\\\/\\\/shaolinwuji.com\\\/fr\\\/les-cours\\\/#breadcrumb\"},\"inLanguage\":\"fr-FR\",\"potentialAction\":[{\"@type\":\"ReadAction\",\"target\":[\"https:\\\/\\\/shaolinwuji.com\\\/fr\\\/les-cours\\\/\"]}]},{\"@type\":\"ImageObject\",\"inLanguage\":\"fr-FR\",\"@id\":\"https:\\\/\\\/shaolinwuji.com\\\/fr\\\/les-cours\\\/#primaryimage\",\"url\":\"https:\\\/\\\/shaolinwuji.com\\\/wp-content\\\/uploads\\\/2021\\\/12\\\/IMG_2004-2-300x240.jpeg\",\"contentUrl\":\"https:\\\/\\\/shaolinwuji.com\\\/wp-content\\\/uploads\\\/2021\\\/12\\\/IMG_2004-2-300x240.jpeg\"},{\"@type\":\"BreadcrumbList\",\"@id\":\"https:\\\/\\\/shaolinwuji.com\\\/fr\\\/les-cours\\\/#breadcrumb\",\"itemListElement\":[{\"@type\":\"ListItem\",\"position\":1,\"name\":\"Meditation\",\"item\":\"https:\\\/\\\/shaolinwuji.com\\\/fr\\\/\"},{\"@type\":\"ListItem\",\"position\":2,\"name\":\"Les Cours\"}]},{\"@type\":\"WebSite\",\"@id\":\"https:\\\/\\\/shaolinwuji.com\\\/fr\\\/#website\",\"url\":\"https:\\\/\\\/shaolinwuji.com\\\/fr\\\/\",\"name\":\"Shaolin Wuji\",\"description\":\"arts martiaux traditionnels - meditation - tai chi - chi kung \",\"publisher\":{\"@id\":\"https:\\\/\\\/shaolinwuji.com\\\/fr\\\/#organization\"},\"potentialAction\":[{\"@type\":\"SearchAction\",\"target\":{\"@type\":\"EntryPoint\",\"urlTemplate\":\"https:\\\/\\\/shaolinwuji.com\\\/fr\\\/?s={search_term_string}\"},\"query-input\":{\"@type\":\"PropertyValueSpecification\",\"valueRequired\":true,\"valueName\":\"search_term_string\"}}],\"inLanguage\":\"fr-FR\"},{\"@type\":\"Organization\",\"@id\":\"https:\\\/\\\/shaolinwuji.com\\\/fr\\\/#organization\",\"name\":\"Shaolin Wuji Center\",\"url\":\"https:\\\/\\\/shaolinwuji.com\\\/fr\\\/\",\"logo\":{\"@type\":\"ImageObject\",\"inLanguage\":\"fr-FR\",\"@id\":\"https:\\\/\\\/shaolinwuji.com\\\/fr\\\/#\\\/schema\\\/logo\\\/image\\\/\",\"url\":\"https:\\\/\\\/shaolinwuji.com\\\/wp-content\\\/uploads\\\/2021\\\/12\\\/C253A8BF-EF93-43C6-BC96-F59A4A8CA2D6-2.jpeg\",\"contentUrl\":\"https:\\\/\\\/shaolinwuji.com\\\/wp-content\\\/uploads\\\/2021\\\/12\\\/C253A8BF-EF93-43C6-BC96-F59A4A8CA2D6-2.jpeg\",\"width\":355,\"height\":210,\"caption\":\"Shaolin Wuji Center\"},\"image\":{\"@id\":\"https:\\\/\\\/shaolinwuji.com\\\/fr\\\/#\\\/schema\\\/logo\\\/image\\\/\"}}]}<\/script>\n<!-- \/ Yoast SEO plugin. -->","yoast_head_json":{"title":"Les Cours - Shaolin Wuji","description":"Les Cours","robots":{"index":"index","follow":"follow","max-snippet":"max-snippet:-1","max-image-preview":"max-image-preview:large","max-video-preview":"max-video-preview:-1"},"canonical":"https:\/\/shaolinwuji.com\/fr\/les-cours\/","og_locale":"fr_FR","og_type":"article","og_title":"Les Cours - Shaolin Wuji","og_description":"Les Cours","og_url":"https:\/\/shaolinwuji.com\/fr\/les-cours\/","og_site_name":"Shaolin Wuji","article_modified_time":"2026-03-26T11:44:53+00:00","og_image":[{"width":2560,"height":2050,"url":"https:\/\/shaolinwuji.com\/wp-content\/uploads\/2021\/12\/IMG_2004-2-scaled.jpeg","type":"image\/jpeg"}],"twitter_card":"summary_large_image","twitter_misc":{"Dur\u00e9e de lecture estim\u00e9e":"1 minute"},"schema":{"@context":"https:\/\/schema.org","@graph":[{"@type":"WebPage","@id":"https:\/\/shaolinwuji.com\/fr\/les-cours\/","url":"https:\/\/shaolinwuji.com\/fr\/les-cours\/","name":"Les Cours - Shaolin Wuji","isPartOf":{"@id":"https:\/\/shaolinwuji.com\/fr\/#website"},"primaryImageOfPage":{"@id":"https:\/\/shaolinwuji.com\/fr\/les-cours\/#primaryimage"},"image":{"@id":"https:\/\/shaolinwuji.com\/fr\/les-cours\/#primaryimage"},"thumbnailUrl":"https:\/\/shaolinwuji.com\/wp-content\/uploads\/2021\/12\/IMG_2004-2-300x240.jpeg","datePublished":"2021-02-24T19:17:22+00:00","dateModified":"2026-03-26T11:44:53+00:00","description":"Les Cours","breadcrumb":{"@id":"https:\/\/shaolinwuji.com\/fr\/les-cours\/#breadcrumb"},"inLanguage":"fr-FR","potentialAction":[{"@type":"ReadAction","target":["https:\/\/shaolinwuji.com\/fr\/les-cours\/"]}]},{"@type":"ImageObject","inLanguage":"fr-FR","@id":"https:\/\/shaolinwuji.com\/fr\/les-cours\/#primaryimage","url":"https:\/\/shaolinwuji.com\/wp-content\/uploads\/2021\/12\/IMG_2004-2-300x240.jpeg","contentUrl":"https:\/\/shaolinwuji.com\/wp-content\/uploads\/2021\/12\/IMG_2004-2-300x240.jpeg"},{"@type":"BreadcrumbList","@id":"https:\/\/shaolinwuji.com\/fr\/les-cours\/#breadcrumb","itemListElement":[{"@type":"ListItem","position":1,"name":"Meditation","item":"https:\/\/shaolinwuji.com\/fr\/"},{"@type":"ListItem","position":2,"name":"Les Cours"}]},{"@type":"WebSite","@id":"https:\/\/shaolinwuji.com\/fr\/#website","url":"https:\/\/shaolinwuji.com\/fr\/","name":"Shaolin Wuji","description":"arts martiaux traditionnels - meditation - tai chi - chi kung ","publisher":{"@id":"https:\/\/shaolinwuji.com\/fr\/#organization"},"potentialAction":[{"@type":"SearchAction","target":{"@type":"EntryPoint","urlTemplate":"https:\/\/shaolinwuji.com\/fr\/?s={search_term_string}"},"query-input":{"@type":"PropertyValueSpecification","valueRequired":true,"valueName":"search_term_string"}}],"inLanguage":"fr-FR"},{"@type":"Organization","@id":"https:\/\/shaolinwuji.com\/fr\/#organization","name":"Shaolin Wuji Center","url":"https:\/\/shaolinwuji.com\/fr\/","logo":{"@type":"ImageObject","inLanguage":"fr-FR","@id":"https:\/\/shaolinwuji.com\/fr\/#\/schema\/logo\/image\/","url":"https:\/\/shaolinwuji.com\/wp-content\/uploads\/2021\/12\/C253A8BF-EF93-43C6-BC96-F59A4A8CA2D6-2.jpeg","contentUrl":"https:\/\/shaolinwuji.com\/wp-content\/uploads\/2021\/12\/C253A8BF-EF93-43C6-BC96-F59A4A8CA2D6-2.jpeg","width":355,"height":210,"caption":"Shaolin Wuji Center"},"image":{"@id":"https:\/\/shaolinwuji.com\/fr\/#\/schema\/logo\/image\/"}}]}},"_links":{"self":[{"href":"https:\/\/shaolinwuji.com\/fr\/wp-json\/wp\/v2\/pages\/3083","targetHints":{"allow":["GET"]}}],"collection":[{"href":"https:\/\/shaolinwuji.com\/fr\/wp-json\/wp\/v2\/pages"}],"about":[{"href":"https:\/\/shaolinwuji.com\/fr\/wp-json\/wp\/v2\/types\/page"}],"author":[{"embeddable":true,"href":"https:\/\/shaolinwuji.com\/fr\/wp-json\/wp\/v2\/users\/1"}],"replies":[{"embeddable":true,"href":"https:\/\/shaolinwuji.com\/fr\/wp-json\/wp\/v2\/comments?post=3083"}],"version-history":[{"count":44,"href":"https:\/\/shaolinwuji.com\/fr\/wp-json\/wp\/v2\/pages\/3083\/revisions"}],"predecessor-version":[{"id":8213,"href":"https:\/\/shaolinwuji.com\/fr\/wp-json\/wp\/v2\/pages\/3083\/revisions\/8213"}],"wp:attachment":[{"href":"https:\/\/shaolinwuji.com\/fr\/wp-json\/wp\/v2\/media?parent=3083"}],"curies":[{"name":"wp","href":"https:\/\/api.w.org\/{rel}","templated":true}]}}