{"id":6129,"date":"2021-09-16T20:00:05","date_gmt":"2021-09-17T00:00:05","guid":{"rendered":"https:\/\/shaolinwuji.com\/tai-chi-chi-kung-meditation-cuba-2023-magog-sherbrooke-orford\/"},"modified":"2026-02-16T12:03:19","modified_gmt":"2026-02-16T17:03:19","slug":"seminario-en-la-playa-de-tai-chi-qigong-meditation","status":"publish","type":"page","link":"https:\/\/shaolinwuji.com\/es\/seminario-en-la-playa-de-tai-chi-qigong-meditation\/","title":{"rendered":"Tai Chi Qigong Meditation en la playa"},"content":{"rendered":"<div class=\"wpb-content-wrapper\"><p>[vc_row][vc_column][vc_column_text css=\u00bb\u00bb]<\/p>\n<h1 style=\"text-align: center;\"><span style=\"color: #00ccff;\"><strong><img loading=\"lazy\" decoding=\"async\" class=\"aligncenter size-large wp-image-8002\" src=\"https:\/\/shaolinwuji.com\/wp-content\/uploads\/2026\/02\/ANGLAIS-1-SAN-SALVADOR-884x1024.jpg\" alt=\"\" width=\"884\" height=\"1024\" srcset=\"https:\/\/shaolinwuji.com\/wp-content\/uploads\/2026\/02\/ANGLAIS-1-SAN-SALVADOR-884x1024.jpg 884w, https:\/\/shaolinwuji.com\/wp-content\/uploads\/2026\/02\/ANGLAIS-1-SAN-SALVADOR-259x300.jpg 259w, https:\/\/shaolinwuji.com\/wp-content\/uploads\/2026\/02\/ANGLAIS-1-SAN-SALVADOR-768x890.jpg 768w, https:\/\/shaolinwuji.com\/wp-content\/uploads\/2026\/02\/ANGLAIS-1-SAN-SALVADOR-1325x1536.jpg 1325w, https:\/\/shaolinwuji.com\/wp-content\/uploads\/2026\/02\/ANGLAIS-1-SAN-SALVADOR.jpg 1467w\" sizes=\"auto, (max-width: 884px) 100vw, 884px\" \/>Seminario de Tai Chi Qigong<\/strong><\/span><\/h1>\n<h2 style=\"text-align: center;\"><strong><span style=\"color: #33cccc;\">DE 6 Abril 13 DE 2026<\/span><\/strong><\/h2>\n<h3 style=\"text-align: center;\"><\/h3>\n<blockquote>\n<div dir=\"ltr\">\n<div dir=\"ltr\">\n<div class=\"gmail_quote\">\n<div>\n<div>\n<table width=\"100%\">\n<tbody>\n<tr>\n<td align=\"center\">\n<div>\n<table width=\"100%\" align=\"center\">\n<tbody>\n<tr>\n<td>\n<table width=\"100%\">\n<tbody>\n<tr>\n<td width=\"67%\">\n<h1 style=\"text-align: center;\">Royal Decameron Salinitas<\/h1>\n<h3 style=\"text-align: center;\"><img decoding=\"async\" class=\"CToWUd\" src=\"https:\/\/ci3.googleusercontent.com\/meips\/ADKq_NZjJJrOM-2rl7Kb5UY_Zq8FnqdPjCDiseAo05WTMU-N-4hY6k4kyBoCKg23vSts8zHHuVyCZf-1GEVpL4rpSfRs2Srr2pqFf7kCvX51UyREVf13PMf9sI-dq-0MRQzE0sK3tQPxPoyOH6xL0XJF=s0-d-e1-ft#https:\/\/staticcontent.transat.com\/wcm\/media\/TSCA\/skin\/img\/quoteEmail\/icons\/stars-4.0.png\" alt=\"4 \u00e9toiles\" height=\"15\" data-bit=\"iit\"><\/h3>\n<h3 style=\"text-align: center;\">L\u2019h\u00f4tel tout inclus Royal Decameron Salinitas est situ\u00e9 sur la <strong>c\u00f4te Pacifique du Salvador, dans la r\u00e9gion de Sonsonate.<\/strong> Nich\u00e9 dans de spectaculaires jardins tropicaux, ce magnifique complexe inspir\u00e9 par l\u2019architecture maya.<\/h3>\n<\/td>\n<\/tr>\n<\/tbody>\n<\/table>\n<\/td>\n<\/tr>\n<\/tbody>\n<\/table>\n<\/div>\n<\/td>\n<\/tr>\n<\/tbody>\n<\/table>\n<\/div>\n<\/div>\n<\/div>\n<\/div>\n<\/div>\n<\/blockquote>\n<h1 style=\"text-align: center;\"><span style=\"color: #00ccff;\"><strong><img loading=\"lazy\" decoding=\"async\" class=\"aligncenter size-large wp-image-8007\" src=\"https:\/\/shaolinwuji.com\/wp-content\/uploads\/2026\/02\/ANGLAIS-2-SANS-SALVADOR-884x1024.jpg\" alt=\"\" width=\"884\" height=\"1024\" srcset=\"https:\/\/shaolinwuji.com\/wp-content\/uploads\/2026\/02\/ANGLAIS-2-SANS-SALVADOR-884x1024.jpg 884w, https:\/\/shaolinwuji.com\/wp-content\/uploads\/2026\/02\/ANGLAIS-2-SANS-SALVADOR-259x300.jpg 259w, https:\/\/shaolinwuji.com\/wp-content\/uploads\/2026\/02\/ANGLAIS-2-SANS-SALVADOR-768x890.jpg 768w, https:\/\/shaolinwuji.com\/wp-content\/uploads\/2026\/02\/ANGLAIS-2-SANS-SALVADOR-1325x1536.jpg 1325w, https:\/\/shaolinwuji.com\/wp-content\/uploads\/2026\/02\/ANGLAIS-2-SANS-SALVADOR.jpg 1467w\" sizes=\"auto, (max-width: 884px) 100vw, 884px\" \/>&nbsp;<\/strong><\/span><\/h1>\n<p>[\/vc_column_text][vc_message message_box_style=\u00bb3d\u00bb message_box_color=\u00bbsuccess\u00bb css=\u00bb.vc_custom_1688486741030{background-color: #ffffff !important;background-position: center !important;background-repeat: no-repeat !important;background-size: contain !important;}\u00bb]<\/p>\n<h2 style=\"text-align: center;\">Los beneficios curativos divinos del aire salado, el oc\u00e9ano y el sol.<\/h2>\n<h2 style=\"text-align: center;\">En un contexto de introspecci\u00f3n, superaci\u00f3n y encuentro con uno mismo.<\/h2>\n<h2 style=\"text-align: center;\">Fuera de los paradigmas habituales, para elevarse por encima<\/h2>\n<h2 style=\"text-align: center;\">nuestros patrones, limitaciones.<\/h2>\n<h2 style=\"text-align: center;\">Transformarnos en una versi\u00f3n renovada y mejor de nosotros mismos a trav\u00e9s de la pr\u00e1ctica del arte marcial tradicional.<\/h2>\n<h2 style=\"text-align: center;\">El arte marcial tradicional parece estar asociado con mejoras en el bienestar psicol\u00f3gico, incluida la reducci\u00f3n del estr\u00e9s, la ansiedad, la depresi\u00f3n y los trastornos del estado de \u00e1nimo, y una mayor autoestima.<\/h2>\n<h2 style=\"text-align: center;\">Ense\u00f1anza basada y adaptada al nivel de salud del practicante.<\/h2>\n<p>[\/vc_message][\/vc_column][\/vc_row]<\/p>\n<\/div>","protected":false},"excerpt":{"rendered":"<p>[vc_row][vc_column][vc_column_text css=\u00bb\u00bb] Seminario de Tai Chi Qigong DE 6 Abril 13 DE 2026 Royal Decameron Salinitas L\u2019h\u00f4tel tout inclus Royal Decameron Salinitas est situ\u00e9 sur la c\u00f4te Pacifique du Salvador, dans la r\u00e9gion de Sonsonate. Nich\u00e9 dans de spectaculaires jardins tropicaux, ce magnifique complexe inspir\u00e9 par l\u2019architecture maya. &nbsp; [\/vc_column_text][vc_message message_box_style=\u00bb3d\u00bb message_box_color=\u00bbsuccess\u00bb css=\u00bb.vc_custom_1688486741030{background-color: #ffffff !important;background-position:&hellip;<\/p>\n","protected":false},"author":3,"featured_media":0,"parent":0,"menu_order":400,"comment_status":"closed","ping_status":"closed","template":"","meta":{"footnotes":""},"class_list":["post-6129","page","type-page","status-publish","hentry","description-off"],"yoast_head":"<!-- This site is optimized with the Yoast SEO plugin v27.5 - https:\/\/yoast.com\/product\/yoast-seo-wordpress\/ -->\n<title>Tai Chi Qigong Meditation en la playa - Shaolin Wuji<\/title>\n<meta name=\"description\" content=\"Seminario en la playa de Tai Chi Qigong Meditation\" \/>\n<meta name=\"robots\" content=\"index, follow, max-snippet:-1, max-image-preview:large, max-video-preview:-1\" \/>\n<link rel=\"canonical\" href=\"https:\/\/shaolinwuji.com\/es\/seminario-en-la-playa-de-tai-chi-qigong-meditation\/\" \/>\n<meta property=\"og:locale\" content=\"es_ES\" \/>\n<meta property=\"og:type\" content=\"article\" \/>\n<meta property=\"og:title\" content=\"Tai Chi Qigong Meditation en la playa - Shaolin Wuji\" \/>\n<meta property=\"og:description\" content=\"Seminario en la playa de Tai Chi Qigong Meditation\" \/>\n<meta property=\"og:url\" content=\"https:\/\/shaolinwuji.com\/es\/seminario-en-la-playa-de-tai-chi-qigong-meditation\/\" \/>\n<meta property=\"og:site_name\" content=\"Shaolin Wuji\" \/>\n<meta property=\"article:modified_time\" content=\"2026-02-16T17:03:19+00:00\" \/>\n<meta property=\"og:image\" content=\"https:\/\/shaolinwuji.com\/wp-content\/uploads\/2026\/02\/ANGLAIS-1-SAN-SALVADOR.jpg\" \/>\n\t<meta property=\"og:image:width\" content=\"1467\" \/>\n\t<meta property=\"og:image:height\" content=\"1700\" \/>\n\t<meta property=\"og:image:type\" content=\"image\/jpeg\" \/>\n<meta name=\"twitter:card\" content=\"summary_large_image\" \/>\n<meta name=\"twitter:label1\" content=\"Tiempo de lectura\" \/>\n\t<meta name=\"twitter:data1\" content=\"3 minutos\" \/>\n<script type=\"application\/ld+json\" class=\"yoast-schema-graph\">{\"@context\":\"https:\\\/\\\/schema.org\",\"@graph\":[{\"@type\":\"WebPage\",\"@id\":\"https:\\\/\\\/shaolinwuji.com\\\/es\\\/seminario-en-la-playa-de-tai-chi-qigong-meditation\\\/\",\"url\":\"https:\\\/\\\/shaolinwuji.com\\\/es\\\/seminario-en-la-playa-de-tai-chi-qigong-meditation\\\/\",\"name\":\"Tai Chi Qigong Meditation en la playa - Shaolin Wuji\",\"isPartOf\":{\"@id\":\"https:\\\/\\\/shaolinwuji.com\\\/es\\\/#website\"},\"primaryImageOfPage\":{\"@id\":\"https:\\\/\\\/shaolinwuji.com\\\/es\\\/seminario-en-la-playa-de-tai-chi-qigong-meditation\\\/#primaryimage\"},\"image\":{\"@id\":\"https:\\\/\\\/shaolinwuji.com\\\/es\\\/seminario-en-la-playa-de-tai-chi-qigong-meditation\\\/#primaryimage\"},\"thumbnailUrl\":\"https:\\\/\\\/shaolinwuji.com\\\/wp-content\\\/uploads\\\/2026\\\/02\\\/ANGLAIS-1-SAN-SALVADOR-884x1024.jpg\",\"datePublished\":\"2021-09-17T00:00:05+00:00\",\"dateModified\":\"2026-02-16T17:03:19+00:00\",\"description\":\"Seminario en la playa de Tai Chi Qigong Meditation\",\"breadcrumb\":{\"@id\":\"https:\\\/\\\/shaolinwuji.com\\\/es\\\/seminario-en-la-playa-de-tai-chi-qigong-meditation\\\/#breadcrumb\"},\"inLanguage\":\"es\",\"potentialAction\":[{\"@type\":\"ReadAction\",\"target\":[\"https:\\\/\\\/shaolinwuji.com\\\/es\\\/seminario-en-la-playa-de-tai-chi-qigong-meditation\\\/\"]}]},{\"@type\":\"ImageObject\",\"inLanguage\":\"es\",\"@id\":\"https:\\\/\\\/shaolinwuji.com\\\/es\\\/seminario-en-la-playa-de-tai-chi-qigong-meditation\\\/#primaryimage\",\"url\":\"https:\\\/\\\/shaolinwuji.com\\\/wp-content\\\/uploads\\\/2026\\\/02\\\/ANGLAIS-1-SAN-SALVADOR-884x1024.jpg\",\"contentUrl\":\"https:\\\/\\\/shaolinwuji.com\\\/wp-content\\\/uploads\\\/2026\\\/02\\\/ANGLAIS-1-SAN-SALVADOR-884x1024.jpg\"},{\"@type\":\"BreadcrumbList\",\"@id\":\"https:\\\/\\\/shaolinwuji.com\\\/es\\\/seminario-en-la-playa-de-tai-chi-qigong-meditation\\\/#breadcrumb\",\"itemListElement\":[{\"@type\":\"ListItem\",\"position\":1,\"name\":\"Meditation\",\"item\":\"https:\\\/\\\/shaolinwuji.com\\\/es\\\/\"},{\"@type\":\"ListItem\",\"position\":2,\"name\":\"Tai Chi Qigong Meditation en la playa\"}]},{\"@type\":\"WebSite\",\"@id\":\"https:\\\/\\\/shaolinwuji.com\\\/es\\\/#website\",\"url\":\"https:\\\/\\\/shaolinwuji.com\\\/es\\\/\",\"name\":\"Shaolin Wuji\",\"description\":\"Staging Site\",\"publisher\":{\"@id\":\"https:\\\/\\\/shaolinwuji.com\\\/es\\\/#organization\"},\"potentialAction\":[{\"@type\":\"SearchAction\",\"target\":{\"@type\":\"EntryPoint\",\"urlTemplate\":\"https:\\\/\\\/shaolinwuji.com\\\/es\\\/?s={search_term_string}\"},\"query-input\":{\"@type\":\"PropertyValueSpecification\",\"valueRequired\":true,\"valueName\":\"search_term_string\"}}],\"inLanguage\":\"es\"},{\"@type\":\"Organization\",\"@id\":\"https:\\\/\\\/shaolinwuji.com\\\/es\\\/#organization\",\"name\":\"Shaolin Wuji Center\",\"url\":\"https:\\\/\\\/shaolinwuji.com\\\/es\\\/\",\"logo\":{\"@type\":\"ImageObject\",\"inLanguage\":\"es\",\"@id\":\"https:\\\/\\\/shaolinwuji.com\\\/es\\\/#\\\/schema\\\/logo\\\/image\\\/\",\"url\":\"https:\\\/\\\/shaolinwuji.com\\\/wp-content\\\/uploads\\\/2021\\\/12\\\/C253A8BF-EF93-43C6-BC96-F59A4A8CA2D6-2.jpeg\",\"contentUrl\":\"https:\\\/\\\/shaolinwuji.com\\\/wp-content\\\/uploads\\\/2021\\\/12\\\/C253A8BF-EF93-43C6-BC96-F59A4A8CA2D6-2.jpeg\",\"width\":355,\"height\":210,\"caption\":\"Shaolin Wuji Center\"},\"image\":{\"@id\":\"https:\\\/\\\/shaolinwuji.com\\\/es\\\/#\\\/schema\\\/logo\\\/image\\\/\"}}]}<\/script>\n<!-- \/ Yoast SEO plugin. -->","yoast_head_json":{"title":"Tai Chi Qigong Meditation en la playa - Shaolin Wuji","description":"Seminario en la playa de Tai Chi Qigong Meditation","robots":{"index":"index","follow":"follow","max-snippet":"max-snippet:-1","max-image-preview":"max-image-preview:large","max-video-preview":"max-video-preview:-1"},"canonical":"https:\/\/shaolinwuji.com\/es\/seminario-en-la-playa-de-tai-chi-qigong-meditation\/","og_locale":"es_ES","og_type":"article","og_title":"Tai Chi Qigong Meditation en la playa - Shaolin Wuji","og_description":"Seminario en la playa de Tai Chi Qigong Meditation","og_url":"https:\/\/shaolinwuji.com\/es\/seminario-en-la-playa-de-tai-chi-qigong-meditation\/","og_site_name":"Shaolin Wuji","article_modified_time":"2026-02-16T17:03:19+00:00","og_image":[{"width":1467,"height":1700,"url":"https:\/\/shaolinwuji.com\/wp-content\/uploads\/2026\/02\/ANGLAIS-1-SAN-SALVADOR.jpg","type":"image\/jpeg"}],"twitter_card":"summary_large_image","twitter_misc":{"Tiempo de lectura":"3 minutos"},"schema":{"@context":"https:\/\/schema.org","@graph":[{"@type":"WebPage","@id":"https:\/\/shaolinwuji.com\/es\/seminario-en-la-playa-de-tai-chi-qigong-meditation\/","url":"https:\/\/shaolinwuji.com\/es\/seminario-en-la-playa-de-tai-chi-qigong-meditation\/","name":"Tai Chi Qigong Meditation en la playa - Shaolin Wuji","isPartOf":{"@id":"https:\/\/shaolinwuji.com\/es\/#website"},"primaryImageOfPage":{"@id":"https:\/\/shaolinwuji.com\/es\/seminario-en-la-playa-de-tai-chi-qigong-meditation\/#primaryimage"},"image":{"@id":"https:\/\/shaolinwuji.com\/es\/seminario-en-la-playa-de-tai-chi-qigong-meditation\/#primaryimage"},"thumbnailUrl":"https:\/\/shaolinwuji.com\/wp-content\/uploads\/2026\/02\/ANGLAIS-1-SAN-SALVADOR-884x1024.jpg","datePublished":"2021-09-17T00:00:05+00:00","dateModified":"2026-02-16T17:03:19+00:00","description":"Seminario en la playa de Tai Chi Qigong Meditation","breadcrumb":{"@id":"https:\/\/shaolinwuji.com\/es\/seminario-en-la-playa-de-tai-chi-qigong-meditation\/#breadcrumb"},"inLanguage":"es","potentialAction":[{"@type":"ReadAction","target":["https:\/\/shaolinwuji.com\/es\/seminario-en-la-playa-de-tai-chi-qigong-meditation\/"]}]},{"@type":"ImageObject","inLanguage":"es","@id":"https:\/\/shaolinwuji.com\/es\/seminario-en-la-playa-de-tai-chi-qigong-meditation\/#primaryimage","url":"https:\/\/shaolinwuji.com\/wp-content\/uploads\/2026\/02\/ANGLAIS-1-SAN-SALVADOR-884x1024.jpg","contentUrl":"https:\/\/shaolinwuji.com\/wp-content\/uploads\/2026\/02\/ANGLAIS-1-SAN-SALVADOR-884x1024.jpg"},{"@type":"BreadcrumbList","@id":"https:\/\/shaolinwuji.com\/es\/seminario-en-la-playa-de-tai-chi-qigong-meditation\/#breadcrumb","itemListElement":[{"@type":"ListItem","position":1,"name":"Meditation","item":"https:\/\/shaolinwuji.com\/es\/"},{"@type":"ListItem","position":2,"name":"Tai Chi Qigong Meditation en la playa"}]},{"@type":"WebSite","@id":"https:\/\/shaolinwuji.com\/es\/#website","url":"https:\/\/shaolinwuji.com\/es\/","name":"Shaolin Wuji","description":"Staging Site","publisher":{"@id":"https:\/\/shaolinwuji.com\/es\/#organization"},"potentialAction":[{"@type":"SearchAction","target":{"@type":"EntryPoint","urlTemplate":"https:\/\/shaolinwuji.com\/es\/?s={search_term_string}"},"query-input":{"@type":"PropertyValueSpecification","valueRequired":true,"valueName":"search_term_string"}}],"inLanguage":"es"},{"@type":"Organization","@id":"https:\/\/shaolinwuji.com\/es\/#organization","name":"Shaolin Wuji Center","url":"https:\/\/shaolinwuji.com\/es\/","logo":{"@type":"ImageObject","inLanguage":"es","@id":"https:\/\/shaolinwuji.com\/es\/#\/schema\/logo\/image\/","url":"https:\/\/shaolinwuji.com\/wp-content\/uploads\/2021\/12\/C253A8BF-EF93-43C6-BC96-F59A4A8CA2D6-2.jpeg","contentUrl":"https:\/\/shaolinwuji.com\/wp-content\/uploads\/2021\/12\/C253A8BF-EF93-43C6-BC96-F59A4A8CA2D6-2.jpeg","width":355,"height":210,"caption":"Shaolin Wuji Center"},"image":{"@id":"https:\/\/shaolinwuji.com\/es\/#\/schema\/logo\/image\/"}}]}},"_links":{"self":[{"href":"https:\/\/shaolinwuji.com\/es\/wp-json\/wp\/v2\/pages\/6129","targetHints":{"allow":["GET"]}}],"collection":[{"href":"https:\/\/shaolinwuji.com\/es\/wp-json\/wp\/v2\/pages"}],"about":[{"href":"https:\/\/shaolinwuji.com\/es\/wp-json\/wp\/v2\/types\/page"}],"author":[{"embeddable":true,"href":"https:\/\/shaolinwuji.com\/es\/wp-json\/wp\/v2\/users\/3"}],"replies":[{"embeddable":true,"href":"https:\/\/shaolinwuji.com\/es\/wp-json\/wp\/v2\/comments?post=6129"}],"version-history":[{"count":39,"href":"https:\/\/shaolinwuji.com\/es\/wp-json\/wp\/v2\/pages\/6129\/revisions"}],"predecessor-version":[{"id":8010,"href":"https:\/\/shaolinwuji.com\/es\/wp-json\/wp\/v2\/pages\/6129\/revisions\/8010"}],"wp:attachment":[{"href":"https:\/\/shaolinwuji.com\/es\/wp-json\/wp\/v2\/media?parent=6129"}],"curies":[{"name":"wp","href":"https:\/\/api.w.org\/{rel}","templated":true}]}}